{"id":711,"date":"2024-05-27T06:31:48","date_gmt":"2024-05-27T06:31:48","guid":{"rendered":"https:\/\/onemd.ro\/?page_id=711"},"modified":"2025-09-09T11:53:44","modified_gmt":"2025-09-09T11:53:44","slug":"mediheal-beauty-science","status":"publish","type":"page","link":"https:\/\/onemd.ro\/ja\/mediheal-beauty-science\/","title":{"rendered":"\u30e1\u30c7\u30a3\u30d2\u30fc\u30eb\u30fb\u30d3\u30e5\u30fc\u30c6\u30a3\u30fc\u30b5\u30a4\u30a8\u30f3\u30b9"},"content":{"rendered":"<div class=\"wp-block-image\">\n<figure class=\"aligncenter size-medium\"><img decoding=\"async\" width=\"300\" height=\"150\" src=\"https:\/\/onemd.ro\/wp-content\/uploads\/2021\/07\/mediheal-300x150.jpg\" alt=\"\u30e1\u30c7\u30a3\u30d2\u30fc\u30eb\u30fb\u30d3\u30e5\u30fc\u30c6\u30a3\u30fc\u30b5\u30a4\u30a8\u30f3\u30b9\" class=\"wp-image-314\" title=\"\u30e1\u30c7\u30a3\u30d2\u30fc\u30eb\u30fb\u30d3\u30e5\u30fc\u30c6\u30a3\u30fc\u30b5\u30a4\u30a8\u30f3\u30b9\" srcset=\"https:\/\/onemd.ro\/wp-content\/uploads\/2021\/07\/mediheal-300x150.jpg 300w, https:\/\/onemd.ro\/wp-content\/uploads\/2021\/07\/mediheal-1024x512.jpg 1024w, https:\/\/onemd.ro\/wp-content\/uploads\/2021\/07\/mediheal-768x384.jpg 768w, https:\/\/onemd.ro\/wp-content\/uploads\/2021\/07\/mediheal-16x8.jpg 16w, https:\/\/onemd.ro\/wp-content\/uploads\/2021\/07\/mediheal.jpg 1058w\" sizes=\"(max-width: 300px) 100vw, 300px\" \/><\/figure><\/div>\n\n\n<p><strong>\u30e1\u30c7\u30a3\u30d2\u30fc\u30eb\u30fb\u30d3\u30e5\u30fc\u30c6\u30a3\u30fc\u30b5\u30a4\u30a8\u30f3\u30b9\u306f\u3001\u9769\u65b0\u7684\u306a\u30d5\u30a7\u30a4\u30b7\u30e3\u30eb\u30de\u30b9\u30af\u3068\u9ad8\u54c1\u8cea\u306e\u88fd\u54c1\u3067\u77e5\u3089\u308c\u308b\u97d3\u56fd\u3092\u4ee3\u8868\u3059\u308b\u30b9\u30ad\u30f3\u30b1\u30a2\u30d6\u30e9\u30f3\u30c9\u3067\u3042\u308b\u3002<\/strong>.\u30e1\u30c7\u30a3\u30d2\u30fc\u30eb\u30fb\u30d3\u30e5\u30fc\u30c6\u30a3\u30fc\u30b5\u30a4\u30a8\u30f3\u30b9\u306f\u3001\u5065\u5168\u306a\u79d1\u5b66\u7684\u539f\u5247\u306b\u57fa\u3065\u304d\u3001\u3055\u307e\u3056\u307e\u306a\u808c\u30bf\u30a4\u30d7\u3084\u7279\u5b9a\u306e\u30cb\u30fc\u30ba\u306b\u5bfe\u5fdc\u3057\u305f\u52b9\u679c\u7684\u3067\u5b89\u5168\u306a\u30bd\u30ea\u30e5\u30fc\u30b7\u30e7\u30f3\u3092\u958b\u767a\u3057\u3001\u76ee\u306b\u898b\u3048\u308b\u52b9\u679c\u3092\u9577\u6642\u9593\u6301\u7d9a\u3055\u305b\u308b\u3053\u3068\u306b\u91cd\u70b9\u3092\u7f6e\u3044\u3066\u3044\u307e\u3059\u3002<\/p>\n\n\n\n<p class=\"has-primary-color has-text-color\"><strong>\u4e3b\u8981\u88fd\u54c1 \u30e1\u30c7\u30a3\u30d2\u30fc\u30eb\u30fb\u30d3\u30e5\u30fc\u30c6\u30a3\u30b5\u30a4\u30a8\u30f3\u30b9<\/strong><\/p>\n\n\n\n<p>\u2013 <strong>N.M.F \u30a2\u30af\u30a2\u30ea\u30f3\u30b0\u30fb\u30a2\u30f3\u30d7\u30eb\u30fb\u30de\u30b9\u30af EX<\/strong>\u30ca\u30c1\u30e5\u30e9\u30eb\u30fb\u30e2\u30a4\u30b9\u30c1\u30e3\u30e9\u30a4\u30b8\u30f3\u30b0\u30fb\u30d5\u30a1\u30af\u30bf\u30fc\uff08NMF\uff09\u3068\u30d2\u30a2\u30eb\u30ed\u30f3\u9178\u914d\u5408\u3067\u3001\u808c\u306b\u6df1\u3044\u3046\u308b\u304a\u3044\u3092\u4e0e\u3048\u3001\u3057\u306a\u3084\u304b\u3067\u3044\u304d\u3044\u304d\u3068\u3057\u305f\u808c\u3078\u3068\u5c0e\u304d\u307e\u3059\u3002<\/p>\n\n\n\n<p>\u2013 <strong>\u30c6\u30a3\u30fc\u30c4\u30ea\u30fc \u30b1\u30a2 \u30bd\u30ea\u30e5\u30fc\u30b7\u30e7\u30f3 \u30a8\u30c3\u30bb\u30f3\u30b7\u30e3\u30eb \u30de\u30b9\u30af EX<\/strong>\u30cb\u30ad\u30d3\u808c\u3084\u30b7\u30df\u306e\u3067\u304d\u3084\u3059\u3044\u808c\u306b\u6700\u9069\u306a\u3001\u30c6\u30a3\u30fc\u30c4\u30ea\u30fc\u30a8\u30ad\u30b9\u914d\u5408\u306e\u30d5\u30a7\u30a4\u30b7\u30e3\u30eb\u30de\u30b9\u30af\u3002<\/p>\n\n\n\n<p>\u2013 <strong>V.T.R\u30b9\u30c8\u30ec\u30c3\u30c1\u30fb\u30d1\u30c3\u30c1<\/strong>\u808c\u306e\u8f2a\u90ed\u3092\u6574\u3048\u3001\u30cf\u30ea\u3092\u4e0e\u3048\u3001\u30b7\u30ef\u3092\u76ee\u7acb\u305f\u306a\u304f\u3057\u3001\u5f15\u304d\u7de0\u307e\u3063\u305f\u82e5\u3005\u3057\u3044\u808c\u306b\u3057\u307e\u3059\u3002<\/p>\n\n\n\n<p>\u2013 <strong>W.H.P\u30db\u30ef\u30a4\u30c8\u30cf\u30a4\u30c9\u30ec\u30fc\u30c6\u30a3\u30f3\u30b0\u30d6\u30e9\u30c3\u30af\u30de\u30b9\u30afEX<\/strong>\u30ca\u30a4\u30a2\u30b7\u30f3\u30a2\u30df\u30c9\u3068\u690d\u7269\u30a8\u30ad\u30b9\u3092\u914d\u5408\u3057\u3001\u808c\u306e\u30c8\u30fc\u30f3\u3092\u5747\u4e00\u306b\u6574\u3048\u3001\u3046\u308b\u304a\u3044\u3092\u4e0e\u3048\u307e\u3059\u3002<\/p>\n\n\n\n<p>\u2013 <strong>\u30b3\u30e9\u30fc\u30b2\u30f3 \u30a4\u30f3\u30d1\u30af\u30c8 \u30a8\u30c3\u30bb\u30f3\u30b7\u30e3\u30eb \u30de\u30b9\u30af EX<\/strong>\u30b3\u30e9\u30fc\u30b2\u30f3\u305f\u3063\u3077\u308a\u306e\u30d5\u30a7\u30a4\u30b7\u30e3\u30eb\u30de\u30b9\u30af\u3002\u808c\u306e\u5f3e\u529b\u6027\u3092\u9ad8\u3081\u3001\u30a8\u30a4\u30b8\u30f3\u30b0\u30b5\u30a4\u30f3\u3092\u8efd\u6e1b\u3057\u3001\u30cf\u30ea\u3068\u8f1d\u304d\u306e\u3042\u308b\u808c\u3078\u3068\u5c0e\u304d\u307e\u3059\u3002<\/p>\n\n\n\n<p><strong>\u30e1\u30c7\u30a3\u30d2\u30fc\u30eb\u30fb\u30d3\u30e5\u30fc\u30c6\u30a3\u30fc\u30b5\u30a4\u30a8\u30f3\u30b9\u306e\u88fd\u54c1\u306f\u3001\u305d\u306e\u54c1\u8cea\u3068\u52b9\u679c\u7684\u3067\u5b89\u5168\u306a\u6210\u5206\u306e\u4f7f\u7528\u3067\u8a8d\u3081\u3089\u308c\u3066\u3044\u307e\u3059\u3002<\/strong>.\u3053\u306e\u30d6\u30e9\u30f3\u30c9\u306f\u3001\u9769\u65b0\u3068\u5353\u8d8a\u6027\u3078\u306e\u30b3\u30df\u30c3\u30c8\u30e1\u30f3\u30c8\u3067\u8a8d\u3081\u3089\u308c\u3066\u304a\u308a\u3001\u73fe\u4ee3\u306e\u6d88\u8cbb\u8005\u306e\u30cb\u30fc\u30ba\u306b\u5fdc\u3048\u308b\u5148\u9032\u7684\u306a\u30b9\u30ad\u30f3\u30b1\u30a2\u30bd\u30ea\u30e5\u30fc\u30b7\u30e7\u30f3\u3092\u63d0\u4f9b\u3057\u3066\u3044\u308b\u3002<\/p>\n\n\n\n<hr class=\"wp-block-separator aligncenter has-alpha-channel-opacity\"\/>\n\n\n\n<p class=\"has-text-align-center\"><strong>\u30aa\u30f3\u30e9\u30a4\u30f3\u3067\u5546\u54c1\u3092\u6ce8\u6587\u3059\u308b <strong>\u30e1\u30c7\u30a3\u30d2\u30fc\u30eb<\/strong> \u30aa\u30d5\u30a3\u30b7\u30e3\u30eb\u30fb\u30d1\u30fc\u30c8\u30ca\u30fc\u30fb\u30b7\u30e7\u30c3\u30d7\u304b\u3089\uff1a<\/strong><\/p>\n\n\n\n<div class=\"wp-block-group has-large-font-size is-layout-grid wp-container-core-group-is-layout-6be84c55 wp-block-group-is-layout-grid\">\n<figure class=\"wp-block-image size-medium\"><a href=\"https:\/\/sole.ro\/brand\/mediheal\" target=\"_blank\" rel=\" noreferrer noopener\"><img decoding=\"async\" width=\"300\" height=\"150\" src=\"https:\/\/onemd.ro\/wp-content\/uploads\/2021\/07\/f6-2-300x150.jpg\" alt=\"\u30bd\u30fc\u30eb\u30ed\" class=\"wp-image-297\" srcset=\"https:\/\/onemd.ro\/wp-content\/uploads\/2021\/07\/f6-2-300x150.jpg 300w, https:\/\/onemd.ro\/wp-content\/uploads\/2021\/07\/f6-2-16x8.jpg 16w, https:\/\/onemd.ro\/wp-content\/uploads\/2021\/07\/f6-2.jpg 600w\" sizes=\"(max-width: 300px) 100vw, 300px\" \/><\/a><\/figure>\n<\/div>","protected":false},"excerpt":{"rendered":"<p>Mediheal Beauty Science este un brand coreean de top \u00een domeniul \u00eengrijirii pielii, cunoscut pentru m\u0103\u0219tile sale faciale inovatoare \u0219i produsele de \u00eenalt\u0103 calitate. Fondat pe principii \u0219tiin\u021bifice solide, Mediheal Beauty Science dezvolt\u0103 solu\u021bii eficiente \u0219i sigure pentru diverse tipuri de piele \u0219i nevoi specifice, pun\u00e2nd accent pe rezultate vizibile \u0219i durabile. Produsele cheie Mediheal Beauty Science &#8211; N.M.F Aquaring Ampoule Mask EX: O masc\u0103 facial\u0103 intens hidratant\u0103, formulat\u0103 cu factor natural de hidratare (NMF) \u0219i acid hialuronic, care ofer\u0103 hidratare profund\u0103 \u0219i imediat\u0103, l\u0103s\u00e2nd pielea supl\u0103 \u0219i revitalizat\u0103. &#8211; Tea Tree Care Solution Essential Mask EX: O masc\u0103 facial\u0103 cu extract de arbore de ceai, ideal\u0103 pentru pielea predispus\u0103 [&hellip;]<\/p>\n","protected":false},"author":1,"featured_media":0,"parent":0,"menu_order":0,"comment_status":"closed","ping_status":"closed","template":"","meta":{"footnotes":""},"class_list":["post-711","page","type-page","status-publish","hentry"],"aioseo_notices":[],"_links":{"self":[{"href":"https:\/\/onemd.ro\/ja\/wp-json\/wp\/v2\/pages\/711","targetHints":{"allow":["GET"]}}],"collection":[{"href":"https:\/\/onemd.ro\/ja\/wp-json\/wp\/v2\/pages"}],"about":[{"href":"https:\/\/onemd.ro\/ja\/wp-json\/wp\/v2\/types\/page"}],"author":[{"embeddable":true,"href":"https:\/\/onemd.ro\/ja\/wp-json\/wp\/v2\/users\/1"}],"replies":[{"embeddable":true,"href":"https:\/\/onemd.ro\/ja\/wp-json\/wp\/v2\/comments?post=711"}],"version-history":[{"count":3,"href":"https:\/\/onemd.ro\/ja\/wp-json\/wp\/v2\/pages\/711\/revisions"}],"predecessor-version":[{"id":1797,"href":"https:\/\/onemd.ro\/ja\/wp-json\/wp\/v2\/pages\/711\/revisions\/1797"}],"wp:attachment":[{"href":"https:\/\/onemd.ro\/ja\/wp-json\/wp\/v2\/media?parent=711"}],"curies":[{"name":"wp","href":"https:\/\/api.w.org\/{rel}","templated":true}]}}