{"id":713,"date":"2024-05-27T06:33:32","date_gmt":"2024-05-27T06:33:32","guid":{"rendered":"https:\/\/onemd.ro\/?page_id=713"},"modified":"2025-09-01T11:49:16","modified_gmt":"2025-09-01T11:49:16","slug":"brand-iunik","status":"publish","type":"page","link":"https:\/\/onemd.ro\/ja\/brand-iunik\/","title":{"rendered":"\u30a4\u30a6\u30cb\u30c3\u30af"},"content":{"rendered":"<div class=\"wp-block-image\">\n<figure class=\"aligncenter size-medium\"><img decoding=\"async\" width=\"300\" height=\"150\" src=\"https:\/\/onemd.ro\/wp-content\/uploads\/2021\/07\/iunik-300x150.jpg\" alt=\"\u30a4\u30a6\u30cb\u30c3\u30af\" class=\"wp-image-311\" title=\"\u30a4\u30a6\u30cb\u30c3\u30af\" srcset=\"https:\/\/onemd.ro\/wp-content\/uploads\/2021\/07\/iunik-300x150.jpg 300w, https:\/\/onemd.ro\/wp-content\/uploads\/2021\/07\/iunik-1024x512.jpg 1024w, https:\/\/onemd.ro\/wp-content\/uploads\/2021\/07\/iunik-768x384.jpg 768w, https:\/\/onemd.ro\/wp-content\/uploads\/2021\/07\/iunik-16x8.jpg 16w, https:\/\/onemd.ro\/wp-content\/uploads\/2021\/07\/iunik.jpg 1058w\" sizes=\"(max-width: 300px) 100vw, 300px\" \/><\/figure><\/div>\n\n\n<p><strong>\u30a4\u30a6\u30cb\u30c3\u30af\u306f\u9769\u65b0\u7684\u306a\u30b9\u30ad\u30f3\u30b1\u30a2\u30fb\u30d6\u30e9\u30f3\u30c9\u3067\u3001\u88fd\u54c1\u306e\u51e6\u65b9\u306b\u81ea\u7136\u3067\u30df\u30cb\u30de\u30eb\u306a\u6210\u5206\u3092\u4f7f\u7528\u3057\u3066\u3044\u308b\u3053\u3068\u3067\u77e5\u3089\u308c\u3066\u3044\u308b\u3002<\/strong>.\u30a4\u30a6\u30cb\u30c3\u30af\u306f\u3001\u30b7\u30f3\u30d7\u30eb\u3055\u3068\u900f\u660e\u6027\u3092\u91cd\u8996\u3057\u3001\u3055\u307e\u3056\u307e\u306a\u808c\u30bf\u30a4\u30d7\u306b\u52b9\u679c\u7684\u3067\u5b89\u5168\u306a\u30bd\u30ea\u30e5\u30fc\u30b7\u30e7\u30f3\u3092\u63d0\u4f9b\u3057\u3066\u3044\u308b\u3002\u3053\u306e\u30d6\u30e9\u30f3\u30c9\u306f\u3001\u808c\u306b\u76ee\u306b\u898b\u3048\u308b\u52b9\u679c\u3092\u3082\u305f\u3089\u3059\u30af\u30ea\u30fc\u30f3\u3067\u624b\u9803\u306a\u4fa1\u683c\u306e\u88fd\u54c1\u3067\u8a8d\u3081\u3089\u308c\u3066\u3044\u308b\u3002<\/p>\n\n\n\n<p class=\"has-primary-color has-text-color\"><strong>\u30a4\u30a6\u30cb\u30c3\u30af\u306e\u4e3b\u8981\u88fd\u54c1<\/strong><\/p>\n\n\n\n<p>\u2013 <strong>\u30d7\u30ed\u30dd\u30ea\u30b9\u30fb\u30d3\u30bf\u30df\u30f3\u30fb\u30b7\u30ca\u30b8\u30fc\u30fb\u30bb\u30e9\u30e0<\/strong>\u30d7\u30ed\u30dd\u30ea\u30b9\u3068\u30d3\u30bf\u30df\u30f3C\u3092\u914d\u5408\u3057\u305f\u591a\u6a5f\u80fd\u7f8e\u5bb9\u6db2\u3067\u3001\u808c\u306b\u3046\u308b\u304a\u3044\u3092\u4e0e\u3048\u3001\u660e\u308b\u304f\u843d\u3061\u7740\u304b\u305b\u307e\u3059\u3002<\/p>\n\n\n\n<p>\u2013 <strong>\u30bb\u30f3\u30c6\u30e9\u93ae\u9759\u30b8\u30a7\u30eb\u30af\u30ea\u30fc\u30e0<\/strong>\u30bb\u30f3\u30c6\u30e9\u30a2\u30b8\u30a2\u30c1\u30ab\u30a8\u30ad\u30b9\u914d\u5408\u306e\u8efd\u3044\u30b8\u30a7\u30eb\u30af\u30ea\u30fc\u30e0\u3002<\/p>\n\n\n\n<p>\u2013 <strong>\u30c6\u30a3\u30fc\u30c4\u30ea\u30fc\u30fb\u30ea\u30ea\u30fc\u30d5\u30fb\u30bb\u30e9\u30e0<\/strong>\u30cb\u30ad\u30d3\u3084\u30b7\u30df\u306e\u3067\u304d\u3084\u3059\u3044\u808c\u3092\u30b1\u30a2\u3057\u3001\u8d64\u307f\u3084\u708e\u75c7\u3092\u6291\u3048\u308b\u30c6\u30a3\u30fc\u30c4\u30ea\u30fc\u30a8\u30ad\u30b9\u914d\u5408\u306e\u96c6\u4e2d\u7f8e\u5bb9\u6db2\u3002<\/p>\n\n\n\n<p>\u2013 <strong>\u30ed\u30fc\u30ba\u30fb\u30ac\u30e9\u30af\u30c8\u30df\u30bb\u30b9\u30fb\u30b7\u30ca\u30b8\u30fc\u30fb\u30bb\u30e9\u30e0\uff1a<\/strong> \u30ed\u30fc\u30ba\u6c34\u3068\u30ac\u30e9\u30af\u30c8\u30df\u30bb\u30b9\u6ffe\u904e\u6db2\u3092\u914d\u5408\u3057\u3001\u808c\u306e\u30ad\u30e1\u3092\u6574\u3048\u3001\u8f1d\u304d\u3092\u4e0e\u3048\u308b\u4fdd\u6e7f\u30fb\u6d3b\u6027\u7f8e\u5bb9\u6db2\u3002<\/p>\n\n\n\n<p>\u2013 <strong>\u30d6\u30e9\u30c3\u30af\u30fb\u30b9\u30cd\u30a4\u30eb\u30fb\u30ea\u30b9\u30c8\u30a2\u30fb\u30af\u30ea\u30fc\u30e0<\/strong>\u9ed2\u30ab\u30bf\u30c4\u30e0\u30ea\u30a8\u30ad\u30b9\u3092\u914d\u5408\u3057\u3001\u808c\u306e\u518d\u751f\u3068\u30a8\u30a4\u30b8\u30f3\u30b0\u30b5\u30a4\u30f3\u306e\u8efd\u6e1b\u3092\u52a9\u3051\u307e\u3059\u3002<\/p>\n\n\n\n<p><strong>\u30a4\u30a6\u30cb\u30c3\u30af\u306e\u88fd\u54c1\u306f\u3001\u6709\u5bb3\u7269\u8cea\u3092\u542b\u307e\u306a\u3044\u51e6\u65b9\u3067\u3001\u30ca\u30c1\u30e5\u30e9\u30eb\u3067\u52b9\u679c\u7684\u306a\u30b9\u30ad\u30f3\u30b1\u30a2\u3092\u304a\u63a2\u3057\u306e\u65b9\u306b\u6700\u9069\u3067\u3059\u3002<\/strong>.\u3053\u306e\u30d6\u30e9\u30f3\u30c9\u306f\u3001\u54c1\u8cea\u3068\u900f\u660e\u6027\u3078\u306e\u30b3\u30df\u30c3\u30c8\u30e1\u30f3\u30c8\u3092\u63b2\u3052\u3001\u624b\u9803\u306a\u4fa1\u683c\u3067\u52b9\u679c\u7684\u306a\u30b9\u30ad\u30f3\u30b1\u30a2\u30bd\u30ea\u30e5\u30fc\u30b7\u30e7\u30f3\u3092\u63d0\u4f9b\u3057\u3066\u3044\u308b\u3002<\/p>\n\n\n\n<hr class=\"wp-block-separator aligncenter has-alpha-channel-opacity\"\/>\n\n\n\n<p class=\"has-text-align-center\"><strong>\u30aa\u30f3\u30e9\u30a4\u30f3\u3067\u5546\u54c1\u3092\u6ce8\u6587\u3059\u308b <strong>\u30a4\u30a6\u30cb\u30c3\u30af<\/strong> \u30aa\u30d5\u30a3\u30b7\u30e3\u30eb\u30fb\u30d1\u30fc\u30c8\u30ca\u30fc\u30fb\u30b7\u30e7\u30c3\u30d7\u304b\u3089\uff1a<\/strong><\/p>\n\n\n\n<div class=\"wp-block-group has-large-font-size is-layout-grid wp-container-core-group-is-layout-6be84c55 wp-block-group-is-layout-grid\">\n<figure class=\"wp-block-image size-medium\"><a href=\"https:\/\/sole.ro\/brand\/iunik\" target=\"_blank\" rel=\" noreferrer noopener\"><img decoding=\"async\" width=\"300\" height=\"150\" src=\"https:\/\/onemd.ro\/wp-content\/uploads\/2021\/07\/f6-2-300x150.jpg\" alt=\"\u30bd\u30fc\u30eb\u30ed\" class=\"wp-image-297\" srcset=\"https:\/\/onemd.ro\/wp-content\/uploads\/2021\/07\/f6-2-300x150.jpg 300w, https:\/\/onemd.ro\/wp-content\/uploads\/2021\/07\/f6-2-16x8.jpg 16w, https:\/\/onemd.ro\/wp-content\/uploads\/2021\/07\/f6-2.jpg 600w\" sizes=\"(max-width: 300px) 100vw, 300px\" \/><\/a><\/figure>\n\n\n\n<figure class=\"wp-block-image size-medium\"><a href=\"https:\/\/comenzi.farmaciatei.ro\/brand\/iunik\" target=\"_blank\" rel=\" noreferrer noopener\"><img decoding=\"async\" width=\"300\" height=\"150\" src=\"https:\/\/onemd.ro\/wp-content\/uploads\/2021\/07\/f1-1-300x150.jpg\" alt=\"\u30c6\u30a4\u85ac\u5c40\u30aa\u30d5\u30a3\u30b7\u30e3\u30eb\u30d1\u30fc\u30c8\u30ca\u30fc\u30b7\u30e7\u30c3\u30d7\" class=\"wp-image-301\" srcset=\"https:\/\/onemd.ro\/wp-content\/uploads\/2021\/07\/f1-1-300x150.jpg 300w, https:\/\/onemd.ro\/wp-content\/uploads\/2021\/07\/f1-1-16x8.jpg 16w, https:\/\/onemd.ro\/wp-content\/uploads\/2021\/07\/f1-1.jpg 600w\" sizes=\"(max-width: 300px) 100vw, 300px\" \/><\/a><\/figure>\n\n\n\n<figure class=\"wp-block-image size-medium\"><a href=\"https:\/\/comenzi.bebetei.ro\/brand\/iunik\" target=\"_blank\" rel=\" noreferrer noopener\"><img loading=\"lazy\" decoding=\"async\" width=\"300\" height=\"150\" src=\"https:\/\/onemd.ro\/wp-content\/uploads\/2021\/07\/f4-300x150.jpg\" alt=\"\u3079\u3079\u4ead\u30aa\u30d5\u30a3\u30b7\u30e3\u30eb\u30d1\u30fc\u30c8\u30ca\u30fc\u30b7\u30e7\u30c3\u30d7\" class=\"wp-image-292\" srcset=\"https:\/\/onemd.ro\/wp-content\/uploads\/2021\/07\/f4-300x150.jpg 300w, https:\/\/onemd.ro\/wp-content\/uploads\/2021\/07\/f4-16x8.jpg 16w, https:\/\/onemd.ro\/wp-content\/uploads\/2021\/07\/f4.jpg 600w\" sizes=\"(max-width: 300px) 100vw, 300px\" \/><\/a><\/figure>\n<\/div>\n\n\n\n<p><\/p>","protected":false},"excerpt":{"rendered":"<p>Iunik este un brand inovator de \u00eengrijire a pielii, cunoscut pentru utilizarea ingredientelor naturale \u0219i minimaliste \u00een formularea produselor sale. Iunik ofer\u0103 solu\u021bii eficiente \u0219i sigure pentru diverse tipuri de piele, pun\u00e2nd accent pe simplitate \u0219i transparen\u021b\u0103. Brandul este apreciat pentru produsele sale curate \u0219i accesibile, care aduc beneficii vizibile pielii. Produsele cheie Iunik &#8211; Propolis Vitamin Synergy Serum: Un ser multifunc\u021bional care combin\u0103 propolisul \u0219i vitamina C pentru a hidrata, ilumina \u0219i calma pielea, ideal pentru toate tipurile de ten. &#8211; Centella Calming Gel Cream: O crem\u0103 gel u\u0219oar\u0103, formulat\u0103 cu extract de Centella Asiatica, care calmeaz\u0103 \u0219i hidrateaz\u0103 pielea sensibil\u0103 \u0219i iritat\u0103. &#8211; Tea Tree Relief Serum: Un [&hellip;]<\/p>\n","protected":false},"author":1,"featured_media":0,"parent":0,"menu_order":0,"comment_status":"closed","ping_status":"closed","template":"","meta":{"footnotes":""},"class_list":["post-713","page","type-page","status-publish","hentry"],"aioseo_notices":[],"_links":{"self":[{"href":"https:\/\/onemd.ro\/ja\/wp-json\/wp\/v2\/pages\/713","targetHints":{"allow":["GET"]}}],"collection":[{"href":"https:\/\/onemd.ro\/ja\/wp-json\/wp\/v2\/pages"}],"about":[{"href":"https:\/\/onemd.ro\/ja\/wp-json\/wp\/v2\/types\/page"}],"author":[{"embeddable":true,"href":"https:\/\/onemd.ro\/ja\/wp-json\/wp\/v2\/users\/1"}],"replies":[{"embeddable":true,"href":"https:\/\/onemd.ro\/ja\/wp-json\/wp\/v2\/comments?post=713"}],"version-history":[{"count":3,"href":"https:\/\/onemd.ro\/ja\/wp-json\/wp\/v2\/pages\/713\/revisions"}],"predecessor-version":[{"id":1702,"href":"https:\/\/onemd.ro\/ja\/wp-json\/wp\/v2\/pages\/713\/revisions\/1702"}],"wp:attachment":[{"href":"https:\/\/onemd.ro\/ja\/wp-json\/wp\/v2\/media?parent=713"}],"curies":[{"name":"wp","href":"https:\/\/api.w.org\/{rel}","templated":true}]}}