{"id":715,"date":"2024-05-27T06:35:25","date_gmt":"2024-05-27T06:35:25","guid":{"rendered":"https:\/\/onemd.ro\/?page_id=715"},"modified":"2025-04-29T11:21:12","modified_gmt":"2025-04-29T11:21:12","slug":"brand-vegreen","status":"publish","type":"page","link":"https:\/\/onemd.ro\/ja\/brand-vegreen\/","title":{"rendered":"\u30d9\u30b0\u30ea\u30fc\u30f3"},"content":{"rendered":"<div class=\"wp-block-image\"><figure class=\"aligncenter size-medium\"><img decoding=\"async\" width=\"300\" height=\"150\" src=\"https:\/\/onemd.ro\/wp-content\/uploads\/2021\/07\/vegreen-300x150.jpg\" alt=\"\u30d9\u30b0\u30ea\u30fc\u30f3\" class=\"wp-image-320\" title=\"\u30d9\u30b0\u30ea\u30fc\u30f3\" srcset=\"https:\/\/onemd.ro\/wp-content\/uploads\/2021\/07\/vegreen-300x150.jpg 300w, https:\/\/onemd.ro\/wp-content\/uploads\/2021\/07\/vegreen-1024x512.jpg 1024w, https:\/\/onemd.ro\/wp-content\/uploads\/2021\/07\/vegreen-768x384.jpg 768w, https:\/\/onemd.ro\/wp-content\/uploads\/2021\/07\/vegreen-16x8.jpg 16w, https:\/\/onemd.ro\/wp-content\/uploads\/2021\/07\/vegreen.jpg 1058w\" sizes=\"(max-width: 300px) 100vw, 300px\" \/><\/figure><\/div>\n\n\n\n<p><strong>Vegreen\u306f\u3001\u30f4\u30a3\u30fc\u30ac\u30f3\u3067\u6301\u7d9a\u53ef\u80fd\u306a\u539f\u6599\u3092\u4f7f\u7528\u3059\u308b\u3053\u3068\u306b\u3053\u3060\u308f\u3063\u305f\u97d3\u56fd\u306e\u30b9\u30ad\u30f3\u30b1\u30a2\u30d6\u30e9\u30f3\u30c9\u3067\u3042\u308b\u3002 <\/strong>Vegreen\u306e\u5404\u88fd\u54c1\u306f\u3001\u54c1\u8cea\u3084\u52b9\u80fd\u306b\u59a5\u5354\u3059\u308b\u3053\u3068\u306a\u304f\u3001\u69d8\u3005\u306a\u808c\u30c8\u30e9\u30d6\u30eb\u306b\u5bfe\u5fdc\u3057\u3001\u52b9\u679c\u7684\u3067\u74b0\u5883\u306b\u512a\u3057\u3044\u30bd\u30ea\u30e5\u30fc\u30b7\u30e7\u30f3\u3092\u63d0\u4f9b\u3059\u308b\u305f\u3081\u306b\u614e\u91cd\u306b\u51e6\u65b9\u3055\u308c\u3066\u3044\u307e\u3059\u3002<\/p>\n\n\n\n<p class=\"has-primary-color has-text-color\"><strong><a href=\"https:\/\/www.sole.ro\/brand\/vegreen\" target=\"_blank\" rel=\"noopener\" title=\"Vegreen\u306e\u4e3b\u8981\u88fd\u54c1\">Vegreen\u306e\u4e3b\u8981\u88fd\u54c1<\/a><\/strong><\/p>\n\n\n\n<p>&#8211; <strong>\u30cd\u30a4\u30c1\u30e3\u30fc\u30fb\u30e0\u30c1\u30f3\u30fb\u30bb\u30e9\u30e0<\/strong>\u30ef\u30a4\u30eb\u30c9\u30e4\u30e0\u30a8\u30ad\u30b9\u7531\u6765\u306e\u690d\u7269\u6027\u30e0\u30c1\u30f3\u304c\u914d\u5408\u3055\u308c\u305f\u4fdd\u6e7f\u30fb\u88dc\u4fee\u7f8e\u5bb9\u6db2\u3002<\/p>\n\n\n\n<p>&#8211; <strong>\u7121\u9999\u6599\u30b7\u30ab\u30fb\u30bb\u30e9\u30e0<\/strong>\u30bb\u30f3\u30c6\u30e9\u30a2\u30b8\u30a2\u30c6\u30a3\u30ab\u30a8\u30ad\u30b9\u3092\u914d\u5408\u3057\u3001\u7121\u9999\u6599\u3002\u654f\u611f\u808c\u3084\u708e\u75c7\u3092\u8d77\u3053\u3057\u3084\u3059\u3044\u808c\u306b\u6700\u9069\u3067\u3001\u8d64\u307f\u3084\u708e\u75c7\u3092\u6291\u3048\u307e\u3059\u3002<\/p>\n\n\n\n<p>&#8211; <strong>\u30a2\u30eb\u30b3\u30fc\u30eb\u30d5\u30ea\u30fc\u306e\u5316\u7ca7\u6c34<\/strong>\u7dd1\u8336\u30a8\u30ad\u30b9\u306a\u3069\u306e\u5929\u7136\u6210\u5206\u3092\u914d\u5408\u3057\u3001\u808c\u306epH\u30d0\u30e9\u30f3\u30b9\u3092\u6574\u3048\u3001\u30a2\u30d5\u30bf\u30fc\u30b1\u30a2\u306b\u5099\u3048\u308b\u3002<\/p>\n\n\n\n<p>&#8211; <strong>\u30c7\u30a4\u30ea\u30fc\u30e2\u30a4\u30b9\u30c1\u30e3\u30fc\u30af\u30ea\u30fc\u30e0<\/strong>\u690d\u7269\u30a8\u30ad\u30b9\u3068\u5929\u7136\u30aa\u30a4\u30eb\u3092\u8c4a\u5bcc\u306b\u542b\u3080\u30c7\u30a4\u30ea\u30fc\u30e2\u30a4\u30b9\u30c1\u30e3\u30e9\u30a4\u30b8\u30f3\u30b0\u30af\u30ea\u30fc\u30e0\u3002<\/p>\n\n\n\n<p>&#8211; <strong>\u30de\u30a4\u30eb\u30c9\u30fb\u30a2\u30b7\u30c3\u30c9\u30fb\u30b8\u30a7\u30eb\u30fb\u30af\u30ec\u30f3\u30b6\u30fc<\/strong>\u808c\u3092\u4e7e\u71e5\u3055\u305b\u308b\u3053\u3068\u306a\u304f\u3001\u52b9\u679c\u7684\u306b\u30af\u30ec\u30f3\u30b8\u30f3\u30b0\u3059\u308b\u3088\u3046\u51e6\u65b9\u3055\u308c\u305f\u3001\u7a4f\u3084\u304b\u3067pH\u306e\u4f4e\u3044\u30af\u30ec\u30f3\u30b8\u30f3\u30b0\u30fb\u30b8\u30a7\u30eb\u3002<\/p>\n\n\n\n<p><strong>Vegreen\u306e\u88fd\u54c1\u306f\u3001\u3059\u3079\u3066\u306e\u808c\u30bf\u30a4\u30d7\u306b\u512a\u3057\u304f\u52b9\u679c\u7684\u306a\u30b1\u30a2\u3092\u63d0\u4f9b\u3059\u308b\u305f\u3081\u306b\u958b\u767a\u3055\u308c\u305f\u3001\u30d3\u30fc\u30ac\u30f3\u3067\u74b0\u5883\u306b\u512a\u3057\u3044\u51e6\u65b9\u3067\u77e5\u3089\u308c\u3066\u3044\u307e\u3059\u3002<\/strong>.\u3053\u306e\u30d6\u30e9\u30f3\u30c9\u306f\u3001\u74b0\u5883\u3068\u6d88\u8cbb\u8005\u306e\u5065\u5eb7\u3092\u5c0a\u91cd\u3057\u305f\u30b9\u30ad\u30f3\u30b1\u30a2\u30bd\u30ea\u30e5\u30fc\u30b7\u30e7\u30f3\u3092\u63d0\u4f9b\u3057\u3001\u6301\u7d9a\u53ef\u80fd\u6027\u3068\u54c1\u8cea\u3078\u306e\u30b3\u30df\u30c3\u30c8\u30e1\u30f3\u30c8\u3067\u8a8d\u3081\u3089\u308c\u3066\u3044\u308b\u3002<\/p>\n\n\n\n<p class=\"has-text-align-center\"><strong>\u30aa\u30d5\u30a3\u30b7\u30e3\u30eb\u30d1\u30fc\u30c8\u30ca\u30fc\u306eSOLE\u304b\u3089\u30aa\u30f3\u30e9\u30a4\u30f3\u3067\u6ce8\u6587<\/strong><\/p>\n\n\n\n<div class=\"wp-block-buttons is-content-justification-center is-layout-flex wp-block-buttons-is-layout-flex\">\n<div class=\"wp-block-button is-style-outline is-style-outline--1\"><a class=\"wp-block-button__link has-background-color has-text-color has-background\" href=\"https:\/\/www.sole.ro\/brand\/vegreen\" style=\"border-radius:17px;background-color:#1474b8\" target=\"_blank\" rel=\"noreferrer noopener\">\u30aa\u30fc\u30c0\u30fc<\/a><\/div>\n<\/div>","protected":false},"excerpt":{"rendered":"<p>Vegreen este un brand coreean de \u00eengrijire a pielii dedicat utiliz\u0103rii ingredientelor vegane \u0219i sustenabile. Fiecare produs Vegreen este formulat cu grij\u0103 pentru a oferi solu\u021bii eficiente \u0219i prietenoase cu mediul, adres\u00e2nd diverse probleme ale pielii f\u0103r\u0103 a compromite calitatea sau eficien\u021ba. Produsele cheie Vegreen &#8211; Nature Mucin Serum: Un ser hidratant \u0219i reparativ, formulat cu mucin\u0103 vegetal\u0103 din extract de ignam\u0103 s\u0103lbatic\u0103, care ajut\u0103 la regenerarea pielii, oferind hidratare profund\u0103 \u0219i \u00eembun\u0103t\u0103\u021bind textura pielii. &#8211; Fragrance-Free Cica Serum: Un ser calmant \u0219i reparativ, formulat cu extract de Centella Asiatica \u0219i f\u0103r\u0103 parfum, ideal pentru pielea sensibil\u0103 \u0219i iritat\u0103, reduc\u00e2nd ro\u0219ea\u021ba \u0219i inflama\u021bia. &#8211; Alcohol-Free Toner: Un toner delicat \u0219i [&hellip;]<\/p>","protected":false},"author":1,"featured_media":0,"parent":0,"menu_order":0,"comment_status":"closed","ping_status":"closed","template":"","meta":{"footnotes":""},"class_list":["post-715","page","type-page","status-publish","hentry"],"aioseo_notices":[],"_links":{"self":[{"href":"https:\/\/onemd.ro\/ja\/wp-json\/wp\/v2\/pages\/715","targetHints":{"allow":["GET"]}}],"collection":[{"href":"https:\/\/onemd.ro\/ja\/wp-json\/wp\/v2\/pages"}],"about":[{"href":"https:\/\/onemd.ro\/ja\/wp-json\/wp\/v2\/types\/page"}],"author":[{"embeddable":true,"href":"https:\/\/onemd.ro\/ja\/wp-json\/wp\/v2\/users\/1"}],"replies":[{"embeddable":true,"href":"https:\/\/onemd.ro\/ja\/wp-json\/wp\/v2\/comments?post=715"}],"version-history":[{"count":3,"href":"https:\/\/onemd.ro\/ja\/wp-json\/wp\/v2\/pages\/715\/revisions"}],"predecessor-version":[{"id":900,"href":"https:\/\/onemd.ro\/ja\/wp-json\/wp\/v2\/pages\/715\/revisions\/900"}],"wp:attachment":[{"href":"https:\/\/onemd.ro\/ja\/wp-json\/wp\/v2\/media?parent=715"}],"curies":[{"name":"wp","href":"https:\/\/api.w.org\/{rel}","templated":true}]}}