{"id":717,"date":"2024-05-27T06:37:13","date_gmt":"2024-05-27T06:37:13","guid":{"rendered":"https:\/\/onemd.ro\/?page_id=717"},"modified":"2025-08-29T10:09:47","modified_gmt":"2025-08-29T10:09:47","slug":"real-barrier","status":"publish","type":"page","link":"https:\/\/onemd.ro\/ja\/real-barrier\/","title":{"rendered":"\u30ea\u30a2\u30eb\u30fb\u30d0\u30ea\u30a2"},"content":{"rendered":"<div class=\"wp-block-image\">\n<figure class=\"aligncenter size-medium\"><img decoding=\"async\" width=\"300\" height=\"150\" src=\"https:\/\/onemd.ro\/wp-content\/uploads\/2021\/07\/realbarrier-300x150.jpg\" alt=\"\u30ea\u30a2\u30eb\u30fb\u30d0\u30ea\u30a2\" class=\"wp-image-317\" title=\"\u30ea\u30a2\u30eb\u30fb\u30d0\u30ea\u30a2\" srcset=\"https:\/\/onemd.ro\/wp-content\/uploads\/2021\/07\/realbarrier-300x150.jpg 300w, https:\/\/onemd.ro\/wp-content\/uploads\/2021\/07\/realbarrier-1024x512.jpg 1024w, https:\/\/onemd.ro\/wp-content\/uploads\/2021\/07\/realbarrier-768x384.jpg 768w, https:\/\/onemd.ro\/wp-content\/uploads\/2021\/07\/realbarrier-16x8.jpg 16w, https:\/\/onemd.ro\/wp-content\/uploads\/2021\/07\/realbarrier.jpg 1058w\" sizes=\"(max-width: 300px) 100vw, 300px\" \/><\/figure><\/div>\n\n\n<p><strong>\u30ea\u30a2\u30eb\u30d0\u30ea\u30a2\u306f\u3001\u9ad8\u5ea6\u306a\u30d0\u30ea\u30a2\u4fee\u5fa9\u6280\u8853\u3067\u77e5\u3089\u308c\u308b\u6709\u540d\u306a\u30b9\u30ad\u30f3\u30b1\u30a2\u30d6\u30e9\u30f3\u30c9\u3067\u3042\u308b\u3002<\/strong>.\u30ea\u30a2\u30eb\u30d0\u30ea\u30a2\u88fd\u54c1\u306f\u3001\u808c\u672c\u6765\u306e\u30d0\u30ea\u30a2\u6a5f\u80fd\u3092\u56de\u5fa9\u30fb\u4fdd\u8b77\u3059\u308b\u3088\u3046\u51e6\u65b9\u3055\u308c\u3066\u304a\u308a\u3001\u4e7e\u71e5\u808c\u3001\u654f\u611f\u808c\u3001\u30c0\u30e1\u30fc\u30b8\u808c\u306b\u52b9\u679c\u7684\u306a\u30bd\u30ea\u30e5\u30fc\u30b7\u30e7\u30f3\u3092\u63d0\u4f9b\u3059\u308b\u3002<\/p>\n\n\n\n<p class=\"has-primary-color has-text-color\"><strong>\u30ea\u30a2\u30eb\u30d0\u30ea\u30a2\u4e3b\u8981\u88fd\u54c1<\/strong><\/p>\n\n\n\n<p>&#8211; <strong>\u30a8\u30af\u30b9\u30c8\u30ea\u30fc\u30e0\u30fb\u30af\u30ea\u30fc\u30e0<\/strong>\u4e7e\u71e5\u808c\u3084\u654f\u611f\u808c\u306e\u305f\u3081\u306e\u96c6\u4e2d\u30af\u30ea\u30fc\u30e0\u3002<\/p>\n\n\n\n<p>&#8211; <strong>\u30a4\u30f3\u30c6\u30f3\u30b9 \u30e2\u30a4\u30b9\u30c1\u30e3\u30fc \u30af\u30ea\u30fc\u30e0<\/strong>\u5916\u7684\u8981\u56e0\u304b\u3089\u808c\u3092\u5b88\u308a\u3001\u6f64\u3044\u3092\u4fdd\u3064\u3001\u6bce\u65e5\u306e\u4f7f\u7528\u306b\u6700\u9069\u306a\u30ea\u30c3\u30c1\u306a\u30e2\u30a4\u30b9\u30c1\u30e3\u30e9\u30a4\u30b6\u30fc\u3002<\/p>\n\n\n\n<p>&#8211; <strong>\u30a2\u30af\u30a2\u30fb\u30b9\u30fc\u30b8\u30f3\u30b0\u30fb\u30a2\u30f3\u30d7\u30eb<\/strong>\u8efd\u3044\u30c6\u30af\u30b9\u30c1\u30e3\u30fc\u306e\u30e2\u30a4\u30b9\u30c1\u30e3\u30e9\u30a4\u30b8\u30f3\u30b0\u7f8e\u5bb9\u6db2\u3067\u3001\u808c\u8352\u308c\u3084\u6c34\u5206\u4e0d\u8db3\u306e\u808c\u3092\u77ac\u6642\u306b\u843d\u3061\u7740\u304b\u305b\u3001\u6f64\u3044\u3092\u88dc\u7d66\u3057\u307e\u3059\u3002<\/p>\n\n\n\n<p>&#8211; <strong>\u30ea\u30a2\u30eb\u30fb\u30d0\u30ea\u30a2\u30fb\u30af\u30ec\u30f3\u30b8\u30f3\u30b0\u30fb\u30d5\u30a9\u30fc\u30e0<\/strong>\u808c\u306e\u4fdd\u8b77\u30d0\u30ea\u30a2\u3092\u50b7\u3064\u3051\u308b\u3053\u3068\u306a\u304f\u4e0d\u7d14\u7269\u3092\u53d6\u308a\u9664\u304d\u3001\u6e05\u6f54\u3067\u30d0\u30e9\u30f3\u30b9\u306e\u3068\u308c\u305f\u808c\u3092\u4fdd\u3064\u3002<\/p>\n\n\n\n<p>&#8211; <strong>\u30a2\u30a4\u30fb\u30b3\u30f3\u30c8\u30a2\u30fb\u30af\u30ea\u30fc\u30e0<\/strong>\u76ee\u306e\u5468\u308a\u306e\u30c7\u30ea\u30b1\u30fc\u30c8\u306a\u90e8\u5206\u306b\u3046\u308b\u304a\u3044\u3092\u4e0e\u3048\u3001\u75b2\u308c\u3084\u8001\u5316\u306e\u30b5\u30a4\u30f3\u3092\u8efd\u6e1b\u3057\u307e\u3059\u3002<\/p>\n\n\n\n<p><strong>\u30ea\u30a2\u30eb\u30d0\u30ea\u30a2\u88fd\u54c1\u306f\u3001\u808c\u306e\u5065\u5eb7\u3092\u56de\u5fa9\u3057\u3001\u6700\u9069\u306a\u4fdd\u6e7f\u3092\u7dad\u6301\u3059\u308b\u52b9\u679c\u3067\u8a8d\u3081\u3089\u308c\u3066\u3044\u307e\u3059\u3002<\/strong>.MLE\uff08\u30de\u30eb\u30c1\u30fb\u30e9\u30e1\u30e9\u30fb\u30a8\u30de\u30eb\u30b8\u30e7\u30f3\uff09\u6280\u8853\u3092\u99c6\u4f7f\u3057\u305f\u30ea\u30a2\u30eb\u30fb\u30d0\u30ea\u30a2\u306f\u3001\u808c\u672c\u6765\u306e\u69cb\u9020\u306b\u5b8c\u74a7\u306b\u9069\u5408\u3057\u3001\u654f\u611f\u808c\u3084\u4e7e\u71e5\u808c\u306e\u30b1\u30a2\u306b\u9769\u65b0\u7684\u306a\u30bd\u30ea\u30e5\u30fc\u30b7\u30e7\u30f3\u3092\u63d0\u4f9b\u3057\u307e\u3059\u3002<\/p>\n\n\n\n<hr class=\"wp-block-separator aligncenter has-alpha-channel-opacity\"\/>\n\n\n\n<p class=\"has-text-align-center\"><strong>\u30aa\u30f3\u30e9\u30a4\u30f3\u3067\u5546\u54c1\u3092\u6ce8\u6587\u3059\u308b <strong>\u30ea\u30a2\u30eb\u30fb\u30d0\u30ea\u30a2<\/strong> \u30aa\u30d5\u30a3\u30b7\u30e3\u30eb\u30fb\u30d1\u30fc\u30c8\u30ca\u30fc\u30fb\u30b7\u30e7\u30c3\u30d7\u304b\u3089\uff1a<\/strong><\/p>\n\n\n\n<div class=\"wp-block-group has-large-font-size is-layout-grid wp-container-core-group-is-layout-6be84c55 wp-block-group-is-layout-grid\">\n<figure class=\"wp-block-image size-medium\"><a href=\"https:\/\/sole.ro\/brand\/real-barrier\" target=\"_blank\" rel=\" noreferrer noopener\"><img decoding=\"async\" width=\"300\" height=\"150\" src=\"https:\/\/onemd.ro\/wp-content\/uploads\/2021\/07\/f6-2-300x150.jpg\" alt=\"\u30bd\u30fc\u30eb\u30ed\" class=\"wp-image-297\" srcset=\"https:\/\/onemd.ro\/wp-content\/uploads\/2021\/07\/f6-2-300x150.jpg 300w, https:\/\/onemd.ro\/wp-content\/uploads\/2021\/07\/f6-2-16x8.jpg 16w, https:\/\/onemd.ro\/wp-content\/uploads\/2021\/07\/f6-2.jpg 600w\" sizes=\"(max-width: 300px) 100vw, 300px\" \/><\/a><\/figure>\n<\/div>","protected":false},"excerpt":{"rendered":"<p>Real Barrier este un brand de renume specializat \u00een \u00eengrijirea pielii, cunoscut pentru tehnologia sa avansat\u0103 de reparare a barierei cutanate. Produsele Real Barrier sunt formulate pentru a restabili \u0219i proteja bariera natural\u0103 a pielii, oferind solu\u021bii eficiente pentru pielea uscat\u0103, sensibil\u0103 \u0219i deteriorat\u0103. Produsele cheie Real Barrier &#8211; Extreme Cream: O crem\u0103 intensiv\u0103, destinat\u0103 pielii foarte uscate \u0219i sensibile, care ofer\u0103 hidratare profund\u0103 \u0219i repara\u021bii de lung\u0103 durat\u0103. &#8211; Intense Moisture Cream: O crem\u0103 hidratant\u0103 bogat\u0103, ideal\u0103 pentru utilizarea zilnic\u0103, care men\u021bine pielea hidratat\u0103 \u0219i protejat\u0103 \u00eempotriva factorilor externi. &#8211; Aqua Soothing Ampoule: Un ser hidratant cu textur\u0103 u\u0219oar\u0103, care calmeaz\u0103 \u0219i reface instantaneu pielea iritat\u0103 \u0219i deshidratat\u0103. &#8211; [&hellip;]<\/p>","protected":false},"author":1,"featured_media":0,"parent":0,"menu_order":0,"comment_status":"closed","ping_status":"closed","template":"","meta":{"footnotes":""},"class_list":["post-717","page","type-page","status-publish","hentry"],"aioseo_notices":[],"_links":{"self":[{"href":"https:\/\/onemd.ro\/ja\/wp-json\/wp\/v2\/pages\/717","targetHints":{"allow":["GET"]}}],"collection":[{"href":"https:\/\/onemd.ro\/ja\/wp-json\/wp\/v2\/pages"}],"about":[{"href":"https:\/\/onemd.ro\/ja\/wp-json\/wp\/v2\/types\/page"}],"author":[{"embeddable":true,"href":"https:\/\/onemd.ro\/ja\/wp-json\/wp\/v2\/users\/1"}],"replies":[{"embeddable":true,"href":"https:\/\/onemd.ro\/ja\/wp-json\/wp\/v2\/comments?post=717"}],"version-history":[{"count":4,"href":"https:\/\/onemd.ro\/ja\/wp-json\/wp\/v2\/pages\/717\/revisions"}],"predecessor-version":[{"id":1655,"href":"https:\/\/onemd.ro\/ja\/wp-json\/wp\/v2\/pages\/717\/revisions\/1655"}],"wp:attachment":[{"href":"https:\/\/onemd.ro\/ja\/wp-json\/wp\/v2\/media?parent=717"}],"curies":[{"name":"wp","href":"https:\/\/api.w.org\/{rel}","templated":true}]}}