{"id":721,"date":"2024-05-27T06:40:54","date_gmt":"2024-05-27T06:40:54","guid":{"rendered":"https:\/\/onemd.ro\/?page_id=721"},"modified":"2025-08-29T09:01:27","modified_gmt":"2025-08-29T09:01:27","slug":"beauty-of-joseon","status":"publish","type":"page","link":"https:\/\/onemd.ro\/ja\/beauty-of-joseon\/","title":{"rendered":"\u671d\u9bae\u306e\u7f8e"},"content":{"rendered":"<div class=\"wp-block-image\">\n<figure class=\"aligncenter size-medium\"><img decoding=\"async\" width=\"300\" height=\"150\" src=\"https:\/\/onemd.ro\/wp-content\/uploads\/2023\/06\/Beauty-Of-Joseon-1-300x150.jpg\" alt=\"\u671d\u9bae\u306e\u7f8e\" class=\"wp-image-591\" title=\"\u671d\u9bae\u306e\u7f8e\" srcset=\"https:\/\/onemd.ro\/wp-content\/uploads\/2023\/06\/Beauty-Of-Joseon-1-300x150.jpg 300w, https:\/\/onemd.ro\/wp-content\/uploads\/2023\/06\/Beauty-Of-Joseon-1-1024x512.jpg 1024w, https:\/\/onemd.ro\/wp-content\/uploads\/2023\/06\/Beauty-Of-Joseon-1-768x384.jpg 768w, https:\/\/onemd.ro\/wp-content\/uploads\/2023\/06\/Beauty-Of-Joseon-1-18x9.jpg 18w, https:\/\/onemd.ro\/wp-content\/uploads\/2023\/06\/Beauty-Of-Joseon-1.jpg 1058w\" sizes=\"(max-width: 300px) 100vw, 300px\" \/><\/figure><\/div>\n\n\n<p><strong>Beauty of Joseon\u306f\u3001\u671d\u9bae\u738b\u671d\u306e\u4f1d\u7d71\u7684\u306a\u7f8e\u5bb9\u30ec\u30b7\u30d4\u306b\u30a4\u30f3\u30b9\u30d1\u30a4\u30a2\u3055\u308c\u305f\u97d3\u56fd\u306e\u30b9\u30ad\u30f3\u30b1\u30a2\u30d6\u30e9\u30f3\u30c9\u3067\u3059\u3002<\/strong>.\u30d3\u30e5\u30fc\u30c6\u30a3\u30fc\u30fb\u30aa\u30d6\u30fb\u30b8\u30e7\u30bd\u30f3\u306f\u3001\u5929\u7136\u6210\u5206\u3068\u73fe\u4ee3\u7684\u306a\u51e6\u65b9\u6cd5\u3092\u99c6\u4f7f\u3057\u3066\u3001\u808c\u306e\u5065\u5eb7\u3068\u898b\u305f\u76ee\u3092\u6539\u5584\u3059\u308b\u88fd\u54c1\u3092\u4f5c\u308a\u51fa\u3057\u3001\u3055\u307e\u3056\u307e\u306a\u808c\u306e\u30cb\u30fc\u30ba\u306b\u512a\u3057\u304f\u52b9\u679c\u7684\u306a\u30bd\u30ea\u30e5\u30fc\u30b7\u30e7\u30f3\u3092\u63d0\u4f9b\u3057\u3066\u3044\u308b\u3002<\/p>\n\n\n\n<p class=\"has-primary-color has-text-color\"><strong><a href=\"https:\/\/www.sole.ro\/brand\/beauty-of-joseon\" target=\"_blank\" rel=\"noopener\" title=\"\u671d\u9bae\u306e\u7f8e\">\u671d\u9bae\u306e\u7f8e<\/a><\/strong><\/p>\n\n\n\n<p>&#8211; <strong>\u30c0\u30a4\u30ca\u30b9\u30c6\u30a3\u30fb\u30af\u30ea\u30fc\u30e0<\/strong>\u9ad8\u9e97\u4eba\u53c2\u3084\u862d\u306e\u82b1\u306a\u3069\u306e\u4f1d\u7d71\u7684\u306a\u6210\u5206\u304c\u914d\u5408\u3055\u308c\u305f\u30ea\u30c3\u30c1\u306a\u30e2\u30a4\u30b9\u30c1\u30e3\u30e9\u30a4\u30b8\u30f3\u30b0\u30af\u30ea\u30fc\u30e0\u3002<\/p>\n\n\n\n<p>&#8211; <strong>\u30e9\u30c7\u30a3\u30a2\u30f3\u30b9 \u30af\u30ec\u30f3\u30b8\u30f3\u30b0 \u30d0\u30fc\u30e0<\/strong>\u30aa\u30a4\u30eb\u306b\u6eb6\u3051\u8fbc\u3080\u30af\u30ec\u30f3\u30b8\u30f3\u30b0\u30d0\u30fc\u30e0\u3002\u808c\u3092\u4e7e\u71e5\u3055\u305b\u308b\u3053\u3068\u306a\u304f\u3001\u30e1\u30a4\u30af\u3084\u4e0d\u7d14\u7269\u3092\u52b9\u679c\u7684\u306b\u53d6\u308a\u9664\u304d\u3001\u6e05\u6f54\u3067\u30d0\u30e9\u30f3\u30b9\u306e\u3068\u308c\u305f\u808c\u3078\u3068\u5c0e\u304d\u307e\u3059\u3002<\/p>\n\n\n\n<p>&#8211; <strong>\u30b0\u30ed\u30a6\u30fb\u30bb\u30e9\u30e0<\/strong>\u30d7\u30ed\u30dd\u30ea\u30b9\uff0b\u30ca\u30a4\u30a2\u30b7\u30f3\u30a2\u30df\u30c9\uff1a\u30d7\u30ed\u30dd\u30ea\u30b9\u3068\u30ca\u30a4\u30a2\u30b7\u30f3\u30a2\u30df\u30c9\u914d\u5408\u306e\u30d6\u30e9\u30a4\u30c8\u30cb\u30f3\u30b0\u7f8e\u5bb9\u6db2\u3002<\/p>\n\n\n\n<p>&#8211; <strong>\u30ab\u30fc\u30df\u30f3\u30b0\u30fb\u30bb\u30e9\u30e0<\/strong>\u7dd1\u8336\uff0b\u30d1\u30f3\u30c6\u30ce\u30fc\u30eb\uff1a\u7dd1\u8336\u30a8\u30ad\u30b9\u3068\u30d1\u30f3\u30c6\u30ce\u30fc\u30eb\u914d\u5408\u306e\u93ae\u9759\u30fb\u4fdd\u6e7f\u7f8e\u5bb9\u6db2\u3067\u3001\u654f\u611f\u808c\u3084\u708e\u75c7\u3092\u8d77\u3053\u3057\u3084\u3059\u3044\u808c\u306b\u6700\u9069\u3002<\/p>\n\n\n\n<p>&#8211; <strong>\u30ea\u30da\u30a2\u30fb\u30bb\u30e9\u30e0<\/strong>\u30b8\u30f3\u30bb\u30f3\uff0b\u30ab\u30bf\u30c4\u30e0\u30ea\u30e0\u30c1\u30f3\uff1a\u30b8\u30f3\u30bb\u30f3\u3068\u30ab\u30bf\u30c4\u30e0\u30ea\u30e0\u30c1\u30f3\u304c\u914d\u5408\u3055\u308c\u305f\u30ea\u30da\u30a2\u30ea\u30f3\u30b0\u7f8e\u5bb9\u6db2\u3002<\/p>\n\n\n\n<p><strong>Beauty of Joseon\u306e\u88fd\u54c1\u306f\u3001\u97d3\u56fd\u98a8\u306e\u51e6\u65b9\u3068\u78ba\u304b\u306a\u52b9\u679c\u3067\u8a8d\u3081\u3089\u308c\u3066\u3044\u307e\u3059\u3002<\/strong>.\u3053\u306e\u30d6\u30e9\u30f3\u30c9\u306f\u3001\u53e4\u4ee3\u306e\u77e5\u6075\u3068\u73fe\u4ee3\u306e\u79d1\u5b66\u3092\u878d\u5408\u3055\u305b\u305f\u30b9\u30ad\u30f3\u30b1\u30a2 \u30bd\u30ea\u30e5\u30fc\u30b7\u30e7\u30f3\u3092\u63d0\u4f9b\u3057\u3001\u76ee\u306b\u898b\u3048\u308b\u52b9\u679c\u3092\u9577\u671f\u9593\u6301\u7d9a\u3055\u305b\u308b\u3053\u3068\u306b\u529b\u3092\u6ce8\u3044\u3067\u3044\u308b\u3002<\/p>\n\n\n\n<hr class=\"wp-block-separator aligncenter has-alpha-channel-opacity\"\/>\n\n\n\n<p class=\"has-text-align-center\"><strong>\u30d3\u30e5\u30fc\u30c6\u30a3\u30fc\u30fb\u30aa\u30d6\u30fb\u30b8\u30e7\u30bb\u30f3\u306e\u5546\u54c1\u3092\u516c\u5f0f\u30d1\u30fc\u30c8\u30ca\u30fc\u30b7\u30e7\u30c3\u30d7\u304b\u3089\u30aa\u30f3\u30e9\u30a4\u30f3\u3067\u3054\u6ce8\u6587\u3044\u305f\u3060\u3051\u307e\u3059\uff1a<\/strong><\/p>\n\n\n\n<div class=\"wp-block-group has-large-font-size is-layout-grid wp-container-core-group-is-layout-4d858cb8 wp-block-group-is-layout-grid\">\n<figure class=\"wp-block-image size-medium\"><a href=\"https:\/\/sole.ro\/brand\/beauty-of-joseon\" target=\"_blank\" rel=\" noreferrer noopener\"><img decoding=\"async\" width=\"300\" height=\"150\" src=\"https:\/\/onemd.ro\/wp-content\/uploads\/2021\/07\/f6-2-300x150.jpg\" alt=\"\u30bd\u30fc\u30eb\u30ed\" class=\"wp-image-297\" srcset=\"https:\/\/onemd.ro\/wp-content\/uploads\/2021\/07\/f6-2-300x150.jpg 300w, https:\/\/onemd.ro\/wp-content\/uploads\/2021\/07\/f6-2-16x8.jpg 16w, https:\/\/onemd.ro\/wp-content\/uploads\/2021\/07\/f6-2.jpg 600w\" sizes=\"(max-width: 300px) 100vw, 300px\" \/><\/a><\/figure>\n\n\n\n<figure class=\"wp-block-image size-medium\"><a href=\"https:\/\/comenzi.farmaciatei.ro\/brand\/beauty-of-joseon\" target=\"_blank\" rel=\" noreferrer noopener\"><img decoding=\"async\" width=\"300\" height=\"150\" src=\"https:\/\/onemd.ro\/wp-content\/uploads\/2021\/07\/f1-1-300x150.jpg\" alt=\"\u30c6\u30a4\u85ac\u5c40\u30aa\u30d5\u30a3\u30b7\u30e3\u30eb\u30d1\u30fc\u30c8\u30ca\u30fc\u30b7\u30e7\u30c3\u30d7\" class=\"wp-image-301\" srcset=\"https:\/\/onemd.ro\/wp-content\/uploads\/2021\/07\/f1-1-300x150.jpg 300w, https:\/\/onemd.ro\/wp-content\/uploads\/2021\/07\/f1-1-16x8.jpg 16w, https:\/\/onemd.ro\/wp-content\/uploads\/2021\/07\/f1-1.jpg 600w\" sizes=\"(max-width: 300px) 100vw, 300px\" \/><\/a><\/figure>\n\n\n\n<figure class=\"wp-block-image size-medium\"><a href=\"https:\/\/comenzi.bebetei.ro\/brand\/beauty-of-joseon\" target=\"_blank\" rel=\" noreferrer noopener\"><img loading=\"lazy\" decoding=\"async\" width=\"300\" height=\"150\" src=\"https:\/\/onemd.ro\/wp-content\/uploads\/2021\/07\/f4-300x150.jpg\" alt=\"\u3079\u3079\u4ead\u30aa\u30d5\u30a3\u30b7\u30e3\u30eb\u30d1\u30fc\u30c8\u30ca\u30fc\u30b7\u30e7\u30c3\u30d7\" class=\"wp-image-292\" srcset=\"https:\/\/onemd.ro\/wp-content\/uploads\/2021\/07\/f4-300x150.jpg 300w, https:\/\/onemd.ro\/wp-content\/uploads\/2021\/07\/f4-16x8.jpg 16w, https:\/\/onemd.ro\/wp-content\/uploads\/2021\/07\/f4.jpg 600w\" sizes=\"(max-width: 300px) 100vw, 300px\" \/><\/a><\/figure>\n\n\n\n<figure class=\"wp-block-image size-full\"><a href=\"https:\/\/www.dm.ro\/\" target=\"_blank\" rel=\" noreferrer noopener\"><img loading=\"lazy\" decoding=\"async\" width=\"600\" height=\"300\" src=\"https:\/\/onemd.ro\/wp-content\/uploads\/2021\/07\/f3-1.jpg\" alt=\"DM\u30b0\u30ed\u30fc\u30b5\u30ea\u30fc\" class=\"wp-image-291\" srcset=\"https:\/\/onemd.ro\/wp-content\/uploads\/2021\/07\/f3-1.jpg 600w, https:\/\/onemd.ro\/wp-content\/uploads\/2021\/07\/f3-1-300x150.jpg 300w, https:\/\/onemd.ro\/wp-content\/uploads\/2021\/07\/f3-1-16x8.jpg 16w\" sizes=\"(max-width: 600px) 100vw, 600px\" \/><\/a><\/figure>\n\n\n\n<figure class=\"wp-block-image size-full\"><a href=\"https:\/\/www.helpnet.ro\/beauty-of-joseon\" target=\"_blank\" rel=\" noreferrer noopener\"><img loading=\"lazy\" decoding=\"async\" width=\"600\" height=\"300\" src=\"https:\/\/onemd.ro\/wp-content\/uploads\/2025\/08\/helpnet.jpg\" alt=\"\u30d8\u30eb\u30d7\u30cd\u30c3\u30c8\" class=\"wp-image-1427\" srcset=\"https:\/\/onemd.ro\/wp-content\/uploads\/2025\/08\/helpnet.jpg 600w, https:\/\/onemd.ro\/wp-content\/uploads\/2025\/08\/helpnet-300x150.jpg 300w, https:\/\/onemd.ro\/wp-content\/uploads\/2025\/08\/helpnet-18x9.jpg 18w\" sizes=\"(max-width: 600px) 100vw, 600px\" \/><\/a><\/figure>\n\n\n\n<figure class=\"wp-block-image size-full\"><a href=\"https:\/\/www.remediumfarm.ro\/catalog\/brand\/beauty-of-joseon-11002225\" target=\"_blank\" rel=\" noreferrer noopener\"><img loading=\"lazy\" decoding=\"async\" width=\"600\" height=\"300\" src=\"https:\/\/onemd.ro\/wp-content\/uploads\/2021\/07\/f5-1.jpg\" alt=\"\u30ec\u30e1\u30c7\u30a3\u30a6\u30e0\u8fb2\u5834\" class=\"wp-image-299\" srcset=\"https:\/\/onemd.ro\/wp-content\/uploads\/2021\/07\/f5-1.jpg 600w, https:\/\/onemd.ro\/wp-content\/uploads\/2021\/07\/f5-1-300x150.jpg 300w, https:\/\/onemd.ro\/wp-content\/uploads\/2021\/07\/f5-1-16x8.jpg 16w\" sizes=\"(max-width: 600px) 100vw, 600px\" \/><\/a><\/figure>\n<\/div>","protected":false},"excerpt":{"rendered":"<p>Beauty of Joseon este un brand coreean de \u00eengrijire a pielii inspirat de re\u021betele tradi\u021bionale de frumuse\u021be ale dinastiei Joseon. Utiliz\u00e2nd ingrediente naturale \u0219i metode moderne de formulare, Beauty of Joseon creeaz\u0103 produse care \u00eembun\u0103t\u0103\u021besc s\u0103n\u0103tatea \u0219i aspectul pielii, oferind solu\u021bii bl\u00e2nde \u0219i eficiente pentru diverse nevoi ale pielii. Produsele cheie Beauty of Joseon &#8211; Dynasty Cream: O crem\u0103 hidratant\u0103 bogat\u0103, formulat\u0103 cu ingrediente tradi\u021bionale precum ginseng \u0219i orhidee, care ofer\u0103 hidratare intens\u0103 \u0219i \u00eembun\u0103t\u0103\u021be\u0219te elasticitatea pielii, l\u0103s\u00e2nd-o moale \u0219i radiant\u0103. &#8211; Radiance Cleansing Balm: Un balsam de cur\u0103\u021bare care se tope\u0219te \u00een ulei, elimin\u00e2nd eficient machiajul \u0219i impurit\u0103\u021bile, f\u0103r\u0103 a usca pielea, l\u0103s\u00e2nd-o curat\u0103 \u0219i echilibrat\u0103. &#8211; Glow Serum: [&hellip;]<\/p>","protected":false},"author":1,"featured_media":0,"parent":0,"menu_order":0,"comment_status":"closed","ping_status":"closed","template":"","meta":{"footnotes":""},"class_list":["post-721","page","type-page","status-publish","hentry"],"aioseo_notices":[],"_links":{"self":[{"href":"https:\/\/onemd.ro\/ja\/wp-json\/wp\/v2\/pages\/721","targetHints":{"allow":["GET"]}}],"collection":[{"href":"https:\/\/onemd.ro\/ja\/wp-json\/wp\/v2\/pages"}],"about":[{"href":"https:\/\/onemd.ro\/ja\/wp-json\/wp\/v2\/types\/page"}],"author":[{"embeddable":true,"href":"https:\/\/onemd.ro\/ja\/wp-json\/wp\/v2\/users\/1"}],"replies":[{"embeddable":true,"href":"https:\/\/onemd.ro\/ja\/wp-json\/wp\/v2\/comments?post=721"}],"version-history":[{"count":6,"href":"https:\/\/onemd.ro\/ja\/wp-json\/wp\/v2\/pages\/721\/revisions"}],"predecessor-version":[{"id":1623,"href":"https:\/\/onemd.ro\/ja\/wp-json\/wp\/v2\/pages\/721\/revisions\/1623"}],"wp:attachment":[{"href":"https:\/\/onemd.ro\/ja\/wp-json\/wp\/v2\/media?parent=721"}],"curies":[{"name":"wp","href":"https:\/\/api.w.org\/{rel}","templated":true}]}}