{"id":723,"date":"2024-05-27T06:42:25","date_gmt":"2024-05-27T06:42:25","guid":{"rendered":"https:\/\/onemd.ro\/?page_id=723"},"modified":"2025-08-29T09:59:04","modified_gmt":"2025-08-29T09:59:04","slug":"bodyography","status":"publish","type":"page","link":"https:\/\/onemd.ro\/ja\/bodyography\/","title":{"rendered":"\u30dc\u30c7\u30a3\u30b0\u30e9\u30d5\u30a3\u30fc"},"content":{"rendered":"<div class=\"wp-block-image\">\n<figure class=\"aligncenter size-medium\"><img decoding=\"async\" width=\"300\" height=\"150\" src=\"https:\/\/onemd.ro\/wp-content\/uploads\/2023\/06\/Bodyography-1-300x150.jpg\" alt=\"\u30dc\u30c7\u30a3\u30b0\u30e9\u30d5\u30a3\u30fc\" class=\"wp-image-592\" title=\"\u30dc\u30c7\u30a3\u30b0\u30e9\u30d5\u30a3\u30fc\" srcset=\"https:\/\/onemd.ro\/wp-content\/uploads\/2023\/06\/Bodyography-1-300x150.jpg 300w, https:\/\/onemd.ro\/wp-content\/uploads\/2023\/06\/Bodyography-1-1024x512.jpg 1024w, https:\/\/onemd.ro\/wp-content\/uploads\/2023\/06\/Bodyography-1-768x384.jpg 768w, https:\/\/onemd.ro\/wp-content\/uploads\/2023\/06\/Bodyography-1-18x9.jpg 18w, https:\/\/onemd.ro\/wp-content\/uploads\/2023\/06\/Bodyography-1.jpg 1058w\" sizes=\"(max-width: 300px) 100vw, 300px\" \/><\/figure><\/div>\n\n\n<p><strong>\u30dc\u30c7\u30a3\u30b0\u30e9\u30d5\u30a3\u30fc\u306f\u3001\u9ad8\u54c1\u8cea\u306e\u539f\u6599\u3092\u4f7f\u7528\u3057\u3001\u9769\u65b0\u3068\u6301\u7d9a\u53ef\u80fd\u6027\u3078\u306e\u30b3\u30df\u30c3\u30c8\u30e1\u30f3\u30c8\u3067\u77e5\u3089\u308c\u308b\u30a2\u30e1\u30ea\u30ab\u306e\u30d7\u30ed\u30d5\u30a7\u30c3\u30b7\u30e7\u30ca\u30eb\u5316\u7ca7\u54c1\u30d6\u30e9\u30f3\u30c9\u3067\u3042\u308b\u3002<\/strong> \u30dc\u30c7\u30a3\u30b0\u30e9\u30d5\u30a3\u30fc\u306f\u3001\u7f8e\u5bb9\u306e\u30d7\u30ed\u3084\u30e1\u30a4\u30af\u30a2\u30c3\u30d7\u611b\u597d\u5bb6\u306e\u30cb\u30fc\u30ba\u306b\u5fdc\u3048\u308b\u3079\u304f\u958b\u767a\u3055\u308c\u305f\u3001\u5e45\u5e83\u3044\u30e1\u30a4\u30af\u30a2\u30c3\u30d7\uff06\u30b9\u30ad\u30f3\u30b1\u30a2\u88fd\u54c1\u3092\u63d0\u4f9b\u3057\u3066\u3044\u308b\u3002<\/p>\n\n\n\n<p class=\"has-primary-color has-text-color\"><strong>\u30dc\u30c7\u30a3\u30b0\u30e9\u30d5\u30a3\u30fc\u4e3b\u8981\u88fd\u54c1<\/strong><\/p>\n\n\n\n<p>&#8211; <strong>\u30b9\u30ad\u30f3\u30fb\u30d1\u30fc\u30d5\u30a7\u30af\u30c6\u30a3\u30f3\u30b0\u30fb\u30d7\u30e9\u30a4\u30de\u30fc<\/strong>\u808c\u3092\u306a\u3081\u3089\u304b\u306b\u6574\u3048\u3001\u5316\u7ca7\u306e\u308a\u3092\u3088\u304f\u3059\u308b\u591a\u6a5f\u80fd\u4e0b\u5730\u3002<\/p>\n\n\n\n<p>&#8211; <strong>\u30b7\u30eb\u30af\u30fb\u30af\u30ea\u30fc\u30e0\u30fb\u30b3\u30f3\u30d1\u30af\u30c8\u30fb\u30d5\u30a1\u30f3\u30c7\u30fc\u30b7\u30e7\u30f3<\/strong>\u3042\u3089\u3086\u308b\u808c\u30bf\u30a4\u30d7\u306e\u65b9\u306b\u304a\u4f7f\u3044\u3044\u305f\u3060\u3051\u308b\u3001\u30d5\u30eb\u30ab\u30d0\u30ec\u30c3\u30b8\u3067\u30ca\u30c1\u30e5\u30e9\u30eb\u3001\u30de\u30c3\u30c8\u306a\u4ed5\u4e0a\u304c\u308a\u306e\u30b3\u30f3\u30d1\u30af\u30c8\u30d5\u30a1\u30f3\u30c7\u30fc\u30b7\u30e7\u30f3\u3067\u3059\u3002<\/p>\n\n\n\n<p>&#8211;<strong> \u30a8\u30d6\u30ea\u30fb\u30d5\u30a3\u30cb\u30c3\u30b7\u30e5\u30fb\u30d1\u30a6\u30c0\u30fc<\/strong>\u30c9\u30e9\u30a4\u3067\u3082\u30a6\u30a7\u30c3\u30c8\u3067\u3082\u4f7f\u3048\u308b\u4e07\u80fd\u30d1\u30a6\u30c0\u30fc\u3067\u3001\u30e1\u30a4\u30af\u3092\u6574\u3048\u3001\u30c6\u30ab\u30ea\u3092\u6291\u3048\u3001\u306a\u3081\u3089\u304b\u3067\u30de\u30c3\u30c8\u306a\u4ed5\u4e0a\u304c\u308a\u306b\u3002<\/p>\n\n\n\n<p>&#8211; <strong>\u96fb\u52d5\u30ea\u30c3\u30d7\u30b9\u30e9\u30a4\u30c9<\/strong>\u30d0\u30fc\u30e0\u306e\u6f64\u3044\u3001\u30b0\u30ed\u30b9\u306e\u8f1d\u304d\u3001\u30ea\u30c3\u30d7\u30b9\u30c6\u30a3\u30c3\u30af\u306e\u6fc3\u5bc6\u306a\u767a\u8272\u3092\u517c\u306d\u5099\u3048\u305f\u9769\u65b0\u7684\u306a\u30ea\u30c3\u30d7\u88fd\u54c1\u3002<\/p>\n\n\n\n<p>&#8211; <strong>\u30a2\u30a4\u30fb\u30af\u30c1\u30e5\u30fc\u30eb\u30fb\u30d1\u30ec\u30c3\u30c8<\/strong>\u30ca\u30c1\u30e5\u30e9\u30eb\u304b\u3089\u30c9\u30e9\u30de\u30c6\u30a3\u30c3\u30af\u307e\u3067\u3001\u3069\u3093\u306a\u30eb\u30c3\u30af\u306b\u3082\u5bfe\u5fdc\u3059\u308b\u3001\u591a\u5f69\u306a\u30b7\u30a7\u30fc\u30c9\u304c\u5165\u3063\u305f\u30a2\u30a4\u30b7\u30e3\u30c9\u30a6\u30d1\u30ec\u30c3\u30c8\u3002<\/p>\n\n\n\n<p>&#8211; <strong>\u30e2\u30a4\u30b9\u30c1\u30e3\u30e9\u30a4\u30b8\u30f3\u30b0\u30fb\u30de\u30b9\u30af<\/strong>\u6804\u990a\u3068\u6297\u9178\u5316\u6210\u5206\u3092\u914d\u5408\u3057\u305f\u4fdd\u6e7f\u52b9\u679c\u306e\u9ad8\u3044\u30d5\u30a7\u30a4\u30b9\u30de\u30b9\u30af\u3002<\/p>\n\n\n\n<p><strong>\u30dc\u30c7\u30a3\u30fc\u30b0\u30e9\u30d5\u30a3\u30fc\u306e\u88fd\u54c1\u306f\u3001\u30d7\u30ed\u30d5\u30a7\u30c3\u30b7\u30e7\u30ca\u30eb\u3067\u52b9\u679c\u7684\u306a\u51e6\u65b9\u3067\u8a8d\u77e5\u3055\u308c\u3066\u304a\u308a\u3001\u9577\u671f\u9593\u306e\u30d1\u30d5\u30a9\u30fc\u30de\u30f3\u30b9\u3068\u5353\u8d8a\u3057\u305f\u7d50\u679c\u3092\u63d0\u4f9b\u3059\u308b\u305f\u3081\u306b\u958b\u767a\u3055\u308c\u3066\u3044\u307e\u3059\u3002<\/strong>.\u3053\u306e\u30d6\u30e9\u30f3\u30c9\u306f\u3001\u30b5\u30b9\u30c6\u30ca\u30d3\u30ea\u30c6\u30a3\u3068\u54c1\u8cea\u3078\u306e\u30b3\u30df\u30c3\u30c8\u30e1\u30f3\u30c8\u3067\u969b\u7acb\u3063\u3066\u304a\u308a\u3001\u74b0\u5883\u3068\u4f7f\u7528\u8005\u306e\u5065\u5eb7\u3092\u5c0a\u91cd\u3057\u305f\u30e1\u30a4\u30af\u30a2\u30c3\u30d7\u3068\u30b9\u30ad\u30f3\u30b1\u30a2\u306e\u30bd\u30ea\u30e5\u30fc\u30b7\u30e7\u30f3\u3092\u63d0\u4f9b\u3057\u3066\u3044\u308b\u3002<\/p>\n\n\n\n<hr class=\"wp-block-separator aligncenter has-alpha-channel-opacity\"\/>\n\n\n\n<p class=\"has-text-align-center\"><strong>\u30dc\u30c7\u30a3\u30fc\u30b0\u30e9\u30d5\u30a3\u30fc\u306e\u5546\u54c1\u306f\u3001\u30aa\u30d5\u30a3\u30b7\u30e3\u30eb\u30d1\u30fc\u30c8\u30ca\u30fc\u30b7\u30e7\u30c3\u30d7\u304b\u3089\u30aa\u30f3\u30e9\u30a4\u30f3\u3067\u3054\u6ce8\u6587\u3044\u305f\u3060\u3051\u307e\u3059\uff1a<\/strong><\/p>\n\n\n\n<div class=\"wp-block-group has-large-font-size is-layout-grid wp-container-core-group-is-layout-6be84c55 wp-block-group-is-layout-grid\">\n<figure class=\"wp-block-image size-medium\"><a href=\"https:\/\/sole.ro\/brand\/bodyography\" target=\"_blank\" rel=\" noreferrer noopener\"><img decoding=\"async\" width=\"300\" height=\"150\" src=\"https:\/\/onemd.ro\/wp-content\/uploads\/2021\/07\/f6-2-300x150.jpg\" alt=\"\u30bd\u30fc\u30eb\u30ed\" class=\"wp-image-297\" srcset=\"https:\/\/onemd.ro\/wp-content\/uploads\/2021\/07\/f6-2-300x150.jpg 300w, https:\/\/onemd.ro\/wp-content\/uploads\/2021\/07\/f6-2-16x8.jpg 16w, https:\/\/onemd.ro\/wp-content\/uploads\/2021\/07\/f6-2.jpg 600w\" sizes=\"(max-width: 300px) 100vw, 300px\" \/><\/a><\/figure>\n<\/div>\n\n\n\n<p><\/p>","protected":false},"excerpt":{"rendered":"<p>Bodyography este un brand american de cosmetice profesionale, cunoscut pentru utilizarea ingredientelor de \u00eenalt\u0103 calitate \u0219i pentru angajamentul s\u0103u fa\u021b\u0103 de inova\u021bie \u0219i sustenabilitate. Bodyography ofer\u0103 o gam\u0103 larg\u0103 de produse de machiaj \u0219i \u00eengrijire a pielii, dezvoltate pentru a satisface nevoile profesioni\u0219tilor din domeniul frumuse\u021bii \u0219i pasiona\u021bilor de machiaj. Produsele cheie Bodyography &#8211; Skin Perfecting Primer: Un primer multifunc\u021bional, formulat pentru a netezi pielea \u0219i a preg\u0103ti tenul pentru aplicarea machiajului, asigur\u00e2nd o rezisten\u021b\u0103 de lung\u0103 durat\u0103 \u0219i un aspect impecabil. &#8211; Silk Cream Compact Foundation: Un fond de ten compact, care ofer\u0103 acoperire complet\u0103 \u0219i un finisaj mat, natural, fiind potrivit pentru toate tipurile de piele. &#8211; Every [&hellip;]<\/p>","protected":false},"author":1,"featured_media":0,"parent":0,"menu_order":0,"comment_status":"closed","ping_status":"closed","template":"","meta":{"footnotes":""},"class_list":["post-723","page","type-page","status-publish","hentry"],"aioseo_notices":[],"_links":{"self":[{"href":"https:\/\/onemd.ro\/ja\/wp-json\/wp\/v2\/pages\/723","targetHints":{"allow":["GET"]}}],"collection":[{"href":"https:\/\/onemd.ro\/ja\/wp-json\/wp\/v2\/pages"}],"about":[{"href":"https:\/\/onemd.ro\/ja\/wp-json\/wp\/v2\/types\/page"}],"author":[{"embeddable":true,"href":"https:\/\/onemd.ro\/ja\/wp-json\/wp\/v2\/users\/1"}],"replies":[{"embeddable":true,"href":"https:\/\/onemd.ro\/ja\/wp-json\/wp\/v2\/comments?post=723"}],"version-history":[{"count":3,"href":"https:\/\/onemd.ro\/ja\/wp-json\/wp\/v2\/pages\/723\/revisions"}],"predecessor-version":[{"id":1646,"href":"https:\/\/onemd.ro\/ja\/wp-json\/wp\/v2\/pages\/723\/revisions\/1646"}],"wp:attachment":[{"href":"https:\/\/onemd.ro\/ja\/wp-json\/wp\/v2\/media?parent=723"}],"curies":[{"name":"wp","href":"https:\/\/api.w.org\/{rel}","templated":true}]}}