{"id":727,"date":"2024-05-27T07:10:28","date_gmt":"2024-05-27T07:10:28","guid":{"rendered":"https:\/\/onemd.ro\/?page_id=727"},"modified":"2025-04-29T11:22:29","modified_gmt":"2025-04-29T11:22:29","slug":"chasin-rabbits","status":"publish","type":"page","link":"https:\/\/onemd.ro\/ja\/chasin-rabbits\/","title":{"rendered":"\u30a6\u30b5\u30ae\u3092\u8ffd\u3046"},"content":{"rendered":"<div class=\"wp-block-image\"><figure class=\"aligncenter size-medium\"><img decoding=\"async\" width=\"300\" height=\"150\" src=\"https:\/\/onemd.ro\/wp-content\/uploads\/2023\/06\/Chasin-Rabbits-1-300x150.jpg\" alt=\"\u30a6\u30b5\u30ae\u3092\u8ffd\u3046\" class=\"wp-image-594\" title=\"\u30a6\u30b5\u30ae\u3092\u8ffd\u3046\" srcset=\"https:\/\/onemd.ro\/wp-content\/uploads\/2023\/06\/Chasin-Rabbits-1-300x150.jpg 300w, https:\/\/onemd.ro\/wp-content\/uploads\/2023\/06\/Chasin-Rabbits-1-1024x512.jpg 1024w, https:\/\/onemd.ro\/wp-content\/uploads\/2023\/06\/Chasin-Rabbits-1-768x384.jpg 768w, https:\/\/onemd.ro\/wp-content\/uploads\/2023\/06\/Chasin-Rabbits-1-18x9.jpg 18w, https:\/\/onemd.ro\/wp-content\/uploads\/2023\/06\/Chasin-Rabbits-1.jpg 1058w\" sizes=\"(max-width: 300px) 100vw, 300px\" \/><\/figure><\/div>\n\n\n\n<p><strong>Chasin' Rabbits\u306f\u97d3\u56fd\u306e\u30b9\u30ad\u30f3\u30b1\u30a2\u30fb\u30d6\u30e9\u30f3\u30c9\u3067\u3001\u81ea\u7136\u3067\u6301\u7d9a\u53ef\u80fd\u306a\u539f\u6599\u3092\u4f7f\u7528\u3057\u3001\u5065\u5eb7\u3067\u8f1d\u304f\u808c\u306e\u305f\u3081\u306e\u9ad8\u54c1\u8cea\u306a\u88fd\u54c1\u3092\u63d0\u4f9b\u3057\u3066\u3044\u308b\u3053\u3068\u3067\u77e5\u3089\u308c\u3066\u3044\u308b\u3002<\/strong> \u3053\u306e\u30d6\u30e9\u30f3\u30c9\u306f\u3001\u52b9\u679c\u7684\u3067\u74b0\u5883\u306b\u512a\u3057\u3044\u30b9\u30ad\u30f3\u30b1\u30a2\u30bd\u30ea\u30e5\u30fc\u30b7\u30e7\u30f3\u3092\u5275\u9020\u3059\u308b\u3053\u3068\u306b\u91cd\u70b9\u3092\u7f6e\u3044\u3066\u3044\u308b\u3002<\/p>\n\n\n\n<p class=\"has-primary-color has-text-color\"><strong>P<a href=\"https:\/\/www.sole.ro\/brand\/chasin-rabbits\" target=\"_blank\" rel=\"noopener\" title=\"\">\u30a6\u30b5\u30ae\u3092\u8ffd\u3046<\/a><\/strong><\/p>\n\n\n\n<p>&#8211; <strong>\u30de\u30a4\u30f3\u30c9\u30d5\u30eb\u30d0\u30d6\u30eb\u30af\u30ec\u30f3\u30b6\u30fc<\/strong> \u5929\u7136\u6210\u5206\u914d\u5408\u306e\u6ce1\u7acb\u3064\u6d17\u9854\u6599\u3067\u3001\u4e0d\u7d14\u7269\u3084\u30e1\u30fc\u30af\u30a2\u30c3\u30d7\u3092\u52b9\u679c\u7684\u306b\u53d6\u308a\u9664\u304d\u3001\u6e05\u6f54\u3067\u30d0\u30e9\u30f3\u30b9\u306e\u3068\u308c\u305f\u808c\u306b\u6574\u3048\u308b\u3002<\/p>\n\n\n\n<p>&#8211; <strong>\u30de\u30b8\u30c3\u30af\u30d3\u30e5\u30fc\u30c6\u30a3\u30fc \u30b7\u30e5\u30eb\u30fc\u30e0\u30a8\u30c3\u30bb\u30f3\u30b9<\/strong>\u808c\u306e\u30ad\u30e1\u3092\u6574\u3048\u3001\u8f1d\u304d\u3092\u4e0e\u3048\u307e\u3059\u3002<\/p>\n\n\n\n<p>&#8211; <strong>\u30b0\u30ea\u30fc\u30f3\u30fb\u30b4\u30fc\u30eb\u30c7\u30f3\u30fb\u30eb\u30fc\u30e9\u30fc\u30fb\u30b7\u30ab\u30fb\u30bb\u30e9\u30e0<\/strong>\u30bb\u30f3\u30c6\u30e9\u30a2\u30b8\u30a2\u30c6\u30a3\u30ab\uff08Cica\uff09\u30a8\u30ad\u30b9\u3068\u6297\u9178\u5316\u6210\u5206\u304c\u914d\u5408\u3055\u308c\u3001\u708e\u75c7\u3092\u8d77\u3053\u3057\u305f\u808c\u3092\u843d\u3061\u7740\u304b\u305b\u3001\u4fee\u5fa9\u3057\u307e\u3059\u3002<\/p>\n\n\n\n<p>&#8211; <strong>\u30ec\u30c3\u30c4\u30fb\u30ad\u30e3\u30ed\u30c3\u30c8\u30fb\u30de\u30eb\u30c1\u30fb\u30aa\u30a4\u30eb<\/strong>\u30cb\u30f3\u30b8\u30f3\u30a8\u30ad\u30b9\u3068\u305d\u306e\u4ed6\u306e\u690d\u7269\u30aa\u30a4\u30eb\u3092\u914d\u5408\u3057\u305f\u591a\u6a5f\u80fd\u30aa\u30a4\u30eb\u3067\u3001\u808c\u3068\u9aea\u306b\u5f37\u3044\u4fdd\u6e7f\u3068\u6804\u990a\u3092\u4e0e\u3048\u308b\u3002<\/p>\n\n\n\n<p>&#8211; <strong>\u30d3\u30bf\u30df\u30f3C\u30a2\u30f3\u30d7\u30eb<\/strong>\u30d3\u30bf\u30df\u30f3C\u914d\u5408\u306e\u6fc3\u7e2e\u7f8e\u5bb9\u6db2\u3002\u9854\u8272\u3092\u660e\u308b\u304f\u3057\u3001\u30b7\u30df\u3092\u76ee\u7acb\u305f\u306a\u304f\u3057\u3001\u808c\u5168\u4f53\u306e\u898b\u305f\u76ee\u3092\u6539\u5584\u3057\u3001\u8f1d\u304d\u3068\u6d3b\u529b\u3092\u4e0e\u3048\u307e\u3059\u3002<strong>Chasin' Rabbits\u306e\u88fd\u54c1\u306f\u3001\u30ca\u30c1\u30e5\u30e9\u30eb\u3067\u52b9\u679c\u7684\u306a\u51e6\u65b9\u3067\u8a8d\u3081\u3089\u308c\u3066\u304a\u308a\u3001\u3042\u3089\u3086\u308b\u808c\u30bf\u30a4\u30d7\u306b\u512a\u3057\u304f\u52b9\u679c\u7684\u306a\u30b1\u30a2\u3092\u63d0\u4f9b\u3059\u308b\u305f\u3081\u306b\u958b\u767a\u3055\u308c\u305f\u3002<\/strong>.\u3053\u306e\u30d6\u30e9\u30f3\u30c9\u306f\u3001\u6301\u7d9a\u53ef\u80fd\u6027\u3068\u54c1\u8cea\u3078\u306e\u30b3\u30df\u30c3\u30c8\u30e1\u30f3\u30c8\u3067\u8a8d\u3081\u3089\u308c\u3066\u304a\u308a\u3001\u808c\u3068\u74b0\u5883\u306e\u4e21\u65b9\u306b\u914d\u616e\u3057\u305f\u30b9\u30ad\u30f3\u30b1\u30a2\u30bd\u30ea\u30e5\u30fc\u30b7\u30e7\u30f3\u3092\u63d0\u4f9b\u3057\u3066\u3044\u308b\u3002<\/p>\n\n\n\n<p class=\"has-text-align-center\"><strong>\u30aa\u30d5\u30a3\u30b7\u30e3\u30eb\u30d1\u30fc\u30c8\u30ca\u30fc\u306eSOLE\u304b\u3089\u30aa\u30f3\u30e9\u30a4\u30f3\u3067\u6ce8\u6587<\/strong><\/p>\n\n\n\n<div class=\"wp-block-buttons is-content-justification-center is-layout-flex wp-block-buttons-is-layout-flex\">\n<div class=\"wp-block-button is-style-outline is-style-outline--1\"><a class=\"wp-block-button__link has-background-color has-text-color has-background\" href=\"https:\/\/www.sole.ro\/brand\/chasin-rabbits\" style=\"border-radius:17px;background-color:#1474b8\" target=\"_blank\" rel=\"noreferrer noopener\">\u30aa\u30fc\u30c0\u30fc<\/a><\/div>\n<\/div>","protected":false},"excerpt":{"rendered":"<p>Chasin&#8217; Rabbits este un brand coreean de \u00eengrijire a pielii, cunoscut pentru utilizarea ingredientelor naturale \u0219i sustenabile, oferind produse de \u00eenalt\u0103 calitate pentru o piele s\u0103n\u0103toas\u0103 \u0219i radiant\u0103. Brandul se concentreaz\u0103 pe crearea de solu\u021bii de \u00eengrijire a pielii care sunt at\u00e2t eficiente, c\u00e2t \u0219i prietenoase cu mediul. Produsele cheie Chasin&#8217; Rabbits &#8211; Mindful Bubble Cleanser: Un produs de cur\u0103\u021bare a fe\u021bei sub form\u0103 de spum\u0103, formulat cu ingrediente naturale care elimin\u0103 eficient impurit\u0103\u021bile \u0219i machiajul, l\u0103s\u00e2nd pielea curat\u0103 \u0219i echilibrat\u0103. &#8211; Magic Beauty Shroom Essence: O esen\u021b\u0103 hidratant\u0103 \u0219i revitalizant\u0103, \u00eembog\u0103\u021bit\u0103 cu extract de ciuperci \u0219i alte ingrediente botanice, care \u00eembun\u0103t\u0103\u021be\u0219te textura \u0219i luminozitatea pielii. &#8211; Green Golden Ruler [&hellip;]<\/p>","protected":false},"author":1,"featured_media":0,"parent":0,"menu_order":0,"comment_status":"closed","ping_status":"closed","template":"","meta":{"footnotes":""},"class_list":["post-727","page","type-page","status-publish","hentry"],"aioseo_notices":[],"_links":{"self":[{"href":"https:\/\/onemd.ro\/ja\/wp-json\/wp\/v2\/pages\/727","targetHints":{"allow":["GET"]}}],"collection":[{"href":"https:\/\/onemd.ro\/ja\/wp-json\/wp\/v2\/pages"}],"about":[{"href":"https:\/\/onemd.ro\/ja\/wp-json\/wp\/v2\/types\/page"}],"author":[{"embeddable":true,"href":"https:\/\/onemd.ro\/ja\/wp-json\/wp\/v2\/users\/1"}],"replies":[{"embeddable":true,"href":"https:\/\/onemd.ro\/ja\/wp-json\/wp\/v2\/comments?post=727"}],"version-history":[{"count":2,"href":"https:\/\/onemd.ro\/ja\/wp-json\/wp\/v2\/pages\/727\/revisions"}],"predecessor-version":[{"id":867,"href":"https:\/\/onemd.ro\/ja\/wp-json\/wp\/v2\/pages\/727\/revisions\/867"}],"wp:attachment":[{"href":"https:\/\/onemd.ro\/ja\/wp-json\/wp\/v2\/media?parent=727"}],"curies":[{"name":"wp","href":"https:\/\/api.w.org\/{rel}","templated":true}]}}