{"id":729,"date":"2024-05-27T07:12:16","date_gmt":"2024-05-27T07:12:16","guid":{"rendered":"https:\/\/onemd.ro\/?page_id=729"},"modified":"2025-08-29T10:05:23","modified_gmt":"2025-08-29T10:05:23","slug":"curly-shyll","status":"publish","type":"page","link":"https:\/\/onemd.ro\/ja\/curly-shyll\/","title":{"rendered":"\u30ab\u30fc\u30ea\u30fc\u30fb\u30b7\u30fc\u30eb"},"content":{"rendered":"<div class=\"wp-block-image\">\n<figure class=\"aligncenter size-medium\"><img decoding=\"async\" width=\"300\" height=\"150\" src=\"https:\/\/onemd.ro\/wp-content\/uploads\/2023\/06\/Curly-Shyll-1-300x150.jpg\" alt=\"\u30ab\u30fc\u30ea\u30fc\u30fb\u30b7\u30fc\u30eb\" class=\"wp-image-595\" title=\"\u30ab\u30fc\u30ea\u30fc\u30fb\u30b7\u30fc\u30eb\" srcset=\"https:\/\/onemd.ro\/wp-content\/uploads\/2023\/06\/Curly-Shyll-1-300x150.jpg 300w, https:\/\/onemd.ro\/wp-content\/uploads\/2023\/06\/Curly-Shyll-1-1024x512.jpg 1024w, https:\/\/onemd.ro\/wp-content\/uploads\/2023\/06\/Curly-Shyll-1-768x384.jpg 768w, https:\/\/onemd.ro\/wp-content\/uploads\/2023\/06\/Curly-Shyll-1-18x9.jpg 18w, https:\/\/onemd.ro\/wp-content\/uploads\/2023\/06\/Curly-Shyll-1.jpg 1058w\" sizes=\"(max-width: 300px) 100vw, 300px\" \/><\/figure><\/div>\n\n\n<p><strong>\u30ab\u30fc\u30ea\u30fc\u30b7\u30eb\u306f\u3001\u9769\u65b0\u7684\u306a\u51e6\u65b9\u3068\u5929\u7136\u6210\u5206\u3092\u7528\u3044\u3066\u3001\u3042\u3089\u3086\u308b\u30bf\u30a4\u30d7\u306e\u9aea\u306b\u52b9\u679c\u7684\u306a\u30bd\u30ea\u30e5\u30fc\u30b7\u30e7\u30f3\u3092\u63d0\u4f9b\u3059\u308b\u3053\u3068\u3067\u77e5\u3089\u308c\u308b\u30d8\u30a2\u30b1\u30a2\u30d6\u30e9\u30f3\u30c9\u3067\u3059\u3002\u30ab\u30fc\u30ea\u30fc\u30b7\u30e3\u30a4\u30e6\u306f\u3001\u30ab\u30fc\u30ea\u30fc\u30d8\u30a2\u3068\u30a6\u30a7\u30fc\u30d6\u30d8\u30a2\u306e\u305f\u3081\u306e\u88fd\u54c1\u3092\u5c02\u9580\u3068\u3057\u3066\u3044\u307e\u3059\u304c\u3001\u9aea\u306e\u5065\u5eb7\u3068\u898b\u305f\u76ee\u3092\u6539\u5584\u3057\u3001\u3046\u308b\u304a\u3044\u3001\u8f1d\u304d\u3001\u30b3\u30b7\u3092\u4e0e\u3048\u308b\u5e45\u5e83\u3044\u88fd\u54c1\u3092\u63d0\u4f9b\u3057\u3066\u3044\u307e\u3059\u3002<\/strong><\/p>\n\n\n\n<p class=\"has-primary-color has-text-color\"><strong>\u30ab\u30fc\u30ea\u30fc\u30fb\u30b7\u30eb\u306e\u4e3b\u8981\u88fd\u54c1<\/strong><\/p>\n\n\n\n<p>&#8211; <strong>\u30e2\u30a4\u30b9\u30c1\u30e3\u30fc\uff06\u30b7\u30e3\u30a4\u30f3\u30fb\u30b7\u30e3\u30f3\u30d7\u30fc<\/strong>\u30a2\u30eb\u30ac\u30f3\u30aa\u30a4\u30eb\u3084\u690d\u7269\u30a8\u30ad\u30b9\u306a\u3069\u306e\u5929\u7136\u6210\u5206\u3092\u914d\u5408\u3057\u3001\u9aea\u3068\u982d\u76ae\u3092\u3084\u3055\u3057\u304f\u6d17\u3044\u4e0a\u3052\u3001\u6f64\u3044\u3068\u30c4\u30e4\u3092\u4e0e\u3048\u307e\u3059\u3002\u3059\u3079\u3066\u306e\u9aea\u8cea\u306b\u9069\u3057\u3066\u3044\u307e\u3059\u3002<\/p>\n\n\n\n<p>&#8211; <strong>\u30ab\u30fc\u30eb\u30fb\u30c7\u30a3\u30d5\u30a1\u30a4\u30cb\u30f3\u30b0\u30fb\u30b3\u30f3\u30c7\u30a3\u30b7\u30e7\u30ca\u30fc<\/strong>\u30b7\u30eb\u30af\u30d7\u30ed\u30c6\u30a4\u30f3\u3068\u30db\u30db\u30d0\u30aa\u30a4\u30eb\u3092\u914d\u5408\u3057\u3001\u30ab\u30fc\u30eb\u3068\u30a6\u30a7\u30fc\u30d6\u30d8\u30a2\u306b\u6804\u990a\u3068\u30b3\u30f3\u30c8\u30ed\u30fc\u30eb\u3092\u4e0e\u3048\u307e\u3059\u3002<\/p>\n\n\n\n<p>&#8211; <strong>\u30dc\u30ea\u30e5\u30fc\u30e0\u30fb\u30d6\u30fc\u30b9\u30c8\u30fb\u30b3\u30f3\u30c7\u30a3\u30b7\u30e7\u30ca\u30fc<\/strong>\u690d\u7269\u30a8\u30ad\u30b9\u3068\u30b7\u30eb\u30af\u30d7\u30ed\u30c6\u30a4\u30f3\u914d\u5408\u3067\u3001\u7d30\u304f\u30dc\u30ea\u30e5\u30fc\u30e0\u306e\u3042\u308b\u9aea\u306b\u6700\u9069\u3002<\/p>\n\n\n\n<p>&#8211; <strong>\u30ea\u30fc\u30d6\u30a4\u30f3\u30fb\u30ab\u30fc\u30eb\u30af\u30ea\u30fc\u30e0<\/strong>\u9aea\u306b\u3046\u308b\u304a\u3044\u3092\u4e0e\u3048\u3001\u30ab\u30fc\u30eb\u3092\u6574\u3048\u3001\u7e2e\u308c\u3092\u9632\u304e\u3001\u4e00\u65e5\u4e2d\u30bd\u30d5\u30c8\u3067\u3057\u306a\u3084\u304b\u306a\u9aea\u3092\u4fdd\u3061\u307e\u3059\u3002<\/p>\n\n\n\n<p>&#8211; <strong>\u30c7\u30a3\u30fc\u30d7\u30fb\u30ea\u30da\u30a2\u30fb\u30d8\u30a2\u30de\u30b9\u30af<\/strong>\u30b3\u30b3\u30ca\u30c3\u30c4\u30aa\u30a4\u30eb\u3068\u30a2\u30ed\u30a8\u30d9\u30e9\u30a8\u30ad\u30b9\u3092\u914d\u5408\u3057\u3001\u9aea\u306e\u6df1\u90e8\u307e\u3067\u6d78\u900f\u3057\u3066\u50b7\u3093\u3060\u9aea\u3092\u88dc\u4fee\u3057\u307e\u3059\u3002\u3059\u3079\u3066\u306e\u9aea\u8cea\u306b\u9069\u3057\u3066\u3044\u307e\u3059\u3002<\/p>\n\n\n\n<p>&#8211; <strong>\u30ab\u30fc\u30eb\u5f37\u5316\u30b9\u30d7\u30ec\u30fc<\/strong>\u9aea\u3092\u91cd\u304f\u3059\u308b\u3053\u3068\u306a\u304f\u3001\u77ac\u6642\u306b\u6f64\u3044\u3068\u8f1d\u304d\u3092\u4e0e\u3048\u307e\u3059\u3002<\/p>\n\n\n\n<p>&#8211; <strong>\u30b9\u30e0\u30fc\u30b8\u30f3\u30b0\u30fb\u30bb\u30e9\u30e0<\/strong>\u30a2\u30eb\u30ac\u30f3\u30aa\u30a4\u30eb\u3068\u690d\u7269\u30a8\u30ad\u30b9\u3092\u914d\u5408\u3057\u305f\u3001\u30b9\u30c8\u30ec\u30fc\u30c8\u3067\u306a\u3081\u3089\u304b\u306a\u9aea\u306b\u7406\u60f3\u7684\u306a\u3001\u304f\u305b\u6bdb\u3092\u6291\u3048\u3001\u30c4\u30e4\u3092\u4e0e\u3048\u308b\u7f8e\u5bb9\u6db2\u3002<\/p>\n\n\n\n<p><strong>\u30ab\u30fc\u30ea\u30fc\u30b7\u30eb\u306e\u88fd\u54c1\u306f\u3001\u3042\u3089\u3086\u308b\u9aea\u8cea\u306e\u591a\u69d8\u306a\u30cb\u30fc\u30ba\u306b\u5fdc\u3048\u308b\u305f\u3081\u306b\u958b\u767a\u3055\u308c\u305f\u3001\u81ea\u7136\u3067\u52b9\u679c\u7684\u306a\u51e6\u65b9\u3067\u8a8d\u3081\u3089\u308c\u3066\u3044\u308b\u3002<\/strong> \u3053\u306e\u30d6\u30e9\u30f3\u30c9\u306f\u3001\u9aea\u306e\u81ea\u7136\u306a\u69cb\u9020\u3092\u5c0a\u91cd\u3057\u3001\u305d\u306e\u5065\u5eb7\u3068\u7f8e\u3057\u3055\u3092\u4fdd\u8a3c\u3059\u308b\u30b1\u30a2\u30bd\u30ea\u30e5\u30fc\u30b7\u30e7\u30f3\u3092\u63d0\u4f9b\u3059\u308b\u3053\u3068\u306b\u5168\u529b\u3092\u6ce8\u3044\u3067\u3044\u308b\u3002<\/p>\n\n\n\n<hr class=\"wp-block-separator aligncenter has-alpha-channel-opacity\"\/>\n\n\n\n<p class=\"has-text-align-center\"><strong>\u30aa\u30f3\u30e9\u30a4\u30f3\u3067\u5546\u54c1\u3092\u6ce8\u6587\u3059\u308b <strong>\u30ab\u30fc\u30ea\u30fc\u30fb\u30b7\u30fc\u30eb<\/strong> \u30aa\u30d5\u30a3\u30b7\u30e3\u30eb\u30fb\u30d1\u30fc\u30c8\u30ca\u30fc\u30fb\u30b7\u30e7\u30c3\u30d7\u304b\u3089\uff1a<\/strong><\/p>\n\n\n\n<div class=\"wp-block-group has-large-font-size is-layout-grid wp-container-core-group-is-layout-6be84c55 wp-block-group-is-layout-grid\">\n<figure class=\"wp-block-image size-medium\"><a href=\"https:\/\/sole.ro\/brand\/curly-shyll\" target=\"_blank\" rel=\" noreferrer noopener\"><img decoding=\"async\" width=\"300\" height=\"150\" src=\"https:\/\/onemd.ro\/wp-content\/uploads\/2021\/07\/f6-2-300x150.jpg\" alt=\"\u30bd\u30fc\u30eb\u30ed\" class=\"wp-image-297\" srcset=\"https:\/\/onemd.ro\/wp-content\/uploads\/2021\/07\/f6-2-300x150.jpg 300w, https:\/\/onemd.ro\/wp-content\/uploads\/2021\/07\/f6-2-16x8.jpg 16w, https:\/\/onemd.ro\/wp-content\/uploads\/2021\/07\/f6-2.jpg 600w\" sizes=\"(max-width: 300px) 100vw, 300px\" \/><\/a><\/figure>\n\n\n\n<figure class=\"wp-block-image size-medium\"><a href=\"https:\/\/comenzi.farmaciatei.ro\/brand\/curly-shyll\" target=\"_blank\" rel=\" noreferrer noopener\"><img decoding=\"async\" width=\"300\" height=\"150\" src=\"https:\/\/onemd.ro\/wp-content\/uploads\/2021\/07\/f1-1-300x150.jpg\" alt=\"\u30c6\u30a4\u85ac\u5c40\u30aa\u30d5\u30a3\u30b7\u30e3\u30eb\u30d1\u30fc\u30c8\u30ca\u30fc\u30b7\u30e7\u30c3\u30d7\" class=\"wp-image-301\" srcset=\"https:\/\/onemd.ro\/wp-content\/uploads\/2021\/07\/f1-1-300x150.jpg 300w, https:\/\/onemd.ro\/wp-content\/uploads\/2021\/07\/f1-1-16x8.jpg 16w, https:\/\/onemd.ro\/wp-content\/uploads\/2021\/07\/f1-1.jpg 600w\" sizes=\"(max-width: 300px) 100vw, 300px\" \/><\/a><\/figure>\n<\/div>","protected":false},"excerpt":{"rendered":"<p>Curly Shyll este un brand de \u00eengrijire a p\u0103rului, cunoscut pentru utilizarea formul\u0103rilor inovatoare \u0219i ingredientelor naturale pentru a oferi solu\u021bii eficiente pentru toate tipurile de p\u0103r. De\u0219i este specializat \u00een produse pentru p\u0103rul cre\u021b \u0219i ondulat, Curly Shyll ofer\u0103 o gam\u0103 variat\u0103 de produse care \u00eembun\u0103t\u0103\u021besc s\u0103n\u0103tatea \u0219i aspectul p\u0103rului, asigur\u00e2nd hidratare, str\u0103lucire \u0219i definire. Produsele cheie Curly Shyll &#8211; Moisture &amp; Shine Shampoo: Un \u0219ampon hidratant \u0219i revitalizant, formulat cu ingrediente naturale precum uleiul de argan \u0219i extractele de plante, care cur\u0103\u021b\u0103 delicat p\u0103rul \u0219i scalpul, oferindu-le hidratare \u0219i str\u0103lucire. Potrivit pentru toate tipurile de p\u0103r. &#8211; Curl Defining Conditioner: Un balsam special creat pentru a defini \u0219i [&hellip;]<\/p>","protected":false},"author":1,"featured_media":0,"parent":0,"menu_order":0,"comment_status":"closed","ping_status":"closed","template":"","meta":{"footnotes":""},"class_list":["post-729","page","type-page","status-publish","hentry"],"aioseo_notices":[],"_links":{"self":[{"href":"https:\/\/onemd.ro\/ja\/wp-json\/wp\/v2\/pages\/729","targetHints":{"allow":["GET"]}}],"collection":[{"href":"https:\/\/onemd.ro\/ja\/wp-json\/wp\/v2\/pages"}],"about":[{"href":"https:\/\/onemd.ro\/ja\/wp-json\/wp\/v2\/types\/page"}],"author":[{"embeddable":true,"href":"https:\/\/onemd.ro\/ja\/wp-json\/wp\/v2\/users\/1"}],"replies":[{"embeddable":true,"href":"https:\/\/onemd.ro\/ja\/wp-json\/wp\/v2\/comments?post=729"}],"version-history":[{"count":3,"href":"https:\/\/onemd.ro\/ja\/wp-json\/wp\/v2\/pages\/729\/revisions"}],"predecessor-version":[{"id":1652,"href":"https:\/\/onemd.ro\/ja\/wp-json\/wp\/v2\/pages\/729\/revisions\/1652"}],"wp:attachment":[{"href":"https:\/\/onemd.ro\/ja\/wp-json\/wp\/v2\/media?parent=729"}],"curies":[{"name":"wp","href":"https:\/\/api.w.org\/{rel}","templated":true}]}}