{"id":731,"date":"2024-05-27T07:13:51","date_gmt":"2024-05-27T07:13:51","guid":{"rendered":"https:\/\/onemd.ro\/?page_id=731"},"modified":"2025-09-01T10:26:39","modified_gmt":"2025-09-01T10:26:39","slug":"dear-klairs","status":"publish","type":"page","link":"https:\/\/onemd.ro\/ja\/dear-klairs\/","title":{"rendered":"\u30af\u30ec\u30a2\u30fc\u30ba"},"content":{"rendered":"<div class=\"wp-block-image\">\n<figure class=\"aligncenter size-medium\"><img decoding=\"async\" width=\"300\" height=\"150\" src=\"https:\/\/onemd.ro\/wp-content\/uploads\/2023\/06\/dear-Klairs-1-300x150.jpg\" alt=\"\u30af\u30ec\u30a2\u30fc\u30ba\" class=\"wp-image-596\" title=\"\u30af\u30ec\u30a2\u30fc\u30ba\" srcset=\"https:\/\/onemd.ro\/wp-content\/uploads\/2023\/06\/dear-Klairs-1-300x150.jpg 300w, https:\/\/onemd.ro\/wp-content\/uploads\/2023\/06\/dear-Klairs-1-1024x512.jpg 1024w, https:\/\/onemd.ro\/wp-content\/uploads\/2023\/06\/dear-Klairs-1-768x384.jpg 768w, https:\/\/onemd.ro\/wp-content\/uploads\/2023\/06\/dear-Klairs-1-18x9.jpg 18w, https:\/\/onemd.ro\/wp-content\/uploads\/2023\/06\/dear-Klairs-1.jpg 1058w\" sizes=\"(max-width: 300px) 100vw, 300px\" \/><\/figure><\/div>\n\n\n<p><strong>\u30af\u30ec\u30a2\u30fc\u30ba\u306f\u3001\u30b7\u30f3\u30d7\u30eb\u3067\u52b9\u679c\u7684\u3001\u304b\u3064\u654f\u611f\u808c\u306b\u3082\u512a\u3057\u3044\u51e6\u65b9\u3078\u306e\u3053\u3060\u308f\u308a\u3067\u77e5\u3089\u308c\u308b\u97d3\u56fd\u306e\u30b9\u30ad\u30f3\u30b1\u30a2\u30d6\u30e9\u30f3\u30c9\u3067\u3059\u3002<\/strong>.\u30af\u30ec\u30a2\u30fc\u30ba\u306f\u3001\u523a\u6fc0\u7269\u3092\u542b\u307e\u306a\u3044\u9ad8\u54c1\u8cea\u306e\u539f\u6599\u3092\u4f7f\u7528\u3057\u3001\u512a\u3057\u304f\u52b9\u679c\u7684\u306a\u30bd\u30ea\u30e5\u30fc\u30b7\u30e7\u30f3\u3092\u63d0\u4f9b\u3059\u308b\u305f\u3081\u306b\u958b\u767a\u3055\u308c\u307e\u3057\u305f\u3002\u3053\u306e\u30d6\u30e9\u30f3\u30c9\u306f\u3001\u808c\u306e\u5065\u5eb7\u3092\u7dad\u6301\u3057\u3001\u523a\u6fc0\u3092\u9632\u3050\u3053\u3068\u306b\u91cd\u70b9\u3092\u7f6e\u3044\u3066\u3044\u307e\u3059\u3002<\/p>\n\n\n\n<p class=\"has-primary-color has-text-color\"><strong>\u4e3b\u8981\u88fd\u54c1\u3001\u30af\u30ec\u30a2\u30fc\u30ba<\/strong><\/p>\n\n\n\n<p>&#8211; <strong>\u30b5\u30d7\u30eb \u30d7\u30ec\u30d1\u30ec\u30fc\u30b7\u30e7\u30f3 \u7121\u9999\u6599\u30c8\u30ca\u30fc<\/strong>: \u654f\u611f\u808c\u306b\u6700\u9069\u306a\u7121\u9999\u6599\u306e\u5316\u7ca7\u6c34\u3067\u3001\u808c\u306b\u3046\u308b\u304a\u3044\u3092\u4e0e\u3048\u3001pH\u30d0\u30e9\u30f3\u30b9\u3092\u6574\u3048\u3001\u30b9\u30ad\u30f3\u30b1\u30a2\u306e\u6b21\u306e\u30b9\u30c6\u30c3\u30d7\u306b\u5099\u3048\u307e\u3059\u3002<\/p>\n\n\n\n<p>&#8211; <strong>\u30d5\u30ec\u30c3\u30b7\u30e5\u30fb\u30b8\u30e5\u30fc\u30b9\u30fb\u30d3\u30bf\u30df\u30f3\u30c9\u30ed\u30c3\u30d7<\/strong>\u808c\u306e\u30c8\u30fc\u30f3\u3092\u660e\u308b\u304f\u5747\u4e00\u306b\u3057\u3001\u8272\u7d20\u6c88\u7740\u3084\u75b2\u52b4\u306e\u30b5\u30a4\u30f3\u3092\u8efd\u6e1b\u3057\u307e\u3059\u3002<\/p>\n\n\n\n<p>&#8211; <strong>\u30df\u30c3\u30c9\u30ca\u30a4\u30c8\u30d6\u30eb\u30fc \u30ab\u30fc\u30df\u30f3\u30b0\u30af\u30ea\u30fc\u30e0<\/strong>\u30b0\u30a2\u30a4\u30a2\u30ba\u30ec\u30f3\u3068\u30bb\u30f3\u30c6\u30e9\u30a2\u30b8\u30a2\u30c1\u30ab\u30a8\u30ad\u30b9\u304c\u914d\u5408\u3055\u308c\u305f\u3001\u8d64\u307f\u3068\u708e\u75c7\u3092\u6291\u3048\u308b\u93ae\u9759\u30af\u30ea\u30fc\u30e0\u3002<\/p>\n\n\n\n<p>&#8211; <strong>\u30ea\u30c3\u30c1\u30fb\u30e2\u30a4\u30b9\u30c8\u30fb\u30b9\u30fc\u30b8\u30f3\u30b0\u30fb\u30af\u30ea\u30fc\u30e0<\/strong>\u4e7e\u71e5\u808c\u3068\u654f\u611f\u808c\u306b\u6700\u9069\u306a\u30ea\u30c3\u30c1\u306a\u30e2\u30a4\u30b9\u30c1\u30e3\u30e9\u30a4\u30b8\u30f3\u30b0\u30af\u30ea\u30fc\u30e0\u3002<\/p>\n\n\n\n<p>&#8211; <strong>\u30bd\u30d5\u30c8\u30a8\u30a2\u30ea\u30fcUV\u30a8\u30c3\u30bb\u30f3\u30b9 SPF50+ PA++++<\/strong>UVA\u3068UVB\u304b\u3089\u808c\u3092\u5b88\u308a\u3001\u30d9\u30bf\u3064\u304b\u305a\u6bce\u65e5\u4f7f\u3048\u308b\u8efd\u3044\u3064\u3051\u5fc3\u5730\u306e\u65e5\u713c\u3051\u6b62\u3081\u30a8\u30c3\u30bb\u30f3\u30b9\u3002<\/p>\n\n\n\n<p><strong>\u30af\u30ec\u30a2\u30fc\u30ba\u306e\u88fd\u54c1\u306f\u3001\u654f\u611f\u808c\u306e\u30cb\u30fc\u30ba\u3092\u6e80\u305f\u3059\u305f\u3081\u306b\u958b\u767a\u3055\u308c\u305f\u3001\u512a\u3057\u304f\u52b9\u679c\u7684\u306a\u51e6\u65b9\u3067\u77e5\u3089\u308c\u3066\u3044\u307e\u3059\u3002<\/strong>.\u3053\u306e\u30d6\u30e9\u30f3\u30c9\u306f\u3001\u900f\u660e\u6027\u3068\u54c1\u8cea\u306b\u3053\u3060\u308f\u308a\u3001\u5b89\u5168\u3067\u52b9\u679c\u7684\u306a\u30b9\u30ad\u30f3\u30b1\u30a2\u30fb\u30bd\u30ea\u30e5\u30fc\u30b7\u30e7\u30f3\u3092\u63d0\u4f9b\u3057\u3066\u3044\u308b\u3053\u3068\u3067\u77e5\u3089\u308c\u3066\u3044\u308b\u3002<\/p>\n\n\n\n<hr class=\"wp-block-separator aligncenter has-alpha-channel-opacity\"\/>\n\n\n\n<p class=\"has-text-align-center\"><strong>\u30aa\u30f3\u30e9\u30a4\u30f3\u3067\u5546\u54c1\u3092\u6ce8\u6587\u3059\u308b <strong>\u30af\u30ec\u30a2\u30fc\u30ba<\/strong> \u30aa\u30d5\u30a3\u30b7\u30e3\u30eb\u30fb\u30d1\u30fc\u30c8\u30ca\u30fc\u30fb\u30b7\u30e7\u30c3\u30d7\u304b\u3089\uff1a<\/strong><\/p>\n\n\n\n<div class=\"wp-block-group has-large-font-size is-layout-grid wp-container-core-group-is-layout-6be84c55 wp-block-group-is-layout-grid\">\n<figure class=\"wp-block-image size-medium\"><a href=\"https:\/\/sole.ro\/brand\/dear-klairs\" target=\"_blank\" rel=\" noreferrer noopener\"><img decoding=\"async\" width=\"300\" height=\"150\" src=\"https:\/\/onemd.ro\/wp-content\/uploads\/2021\/07\/f6-2-300x150.jpg\" alt=\"\u30bd\u30fc\u30eb\u30ed\" class=\"wp-image-297\" srcset=\"https:\/\/onemd.ro\/wp-content\/uploads\/2021\/07\/f6-2-300x150.jpg 300w, https:\/\/onemd.ro\/wp-content\/uploads\/2021\/07\/f6-2-16x8.jpg 16w, https:\/\/onemd.ro\/wp-content\/uploads\/2021\/07\/f6-2.jpg 600w\" sizes=\"(max-width: 300px) 100vw, 300px\" \/><\/a><\/figure>\n\n\n\n<figure class=\"wp-block-image size-medium\"><a href=\"https:\/\/comenzi.farmaciatei.ro\/brand\/dear-klairs\" target=\"_blank\" rel=\" noreferrer noopener\"><img decoding=\"async\" width=\"300\" height=\"150\" src=\"https:\/\/onemd.ro\/wp-content\/uploads\/2021\/07\/f1-1-300x150.jpg\" alt=\"\u30c6\u30a4\u85ac\u5c40\u30aa\u30d5\u30a3\u30b7\u30e3\u30eb\u30d1\u30fc\u30c8\u30ca\u30fc\u30b7\u30e7\u30c3\u30d7\" class=\"wp-image-301\" srcset=\"https:\/\/onemd.ro\/wp-content\/uploads\/2021\/07\/f1-1-300x150.jpg 300w, https:\/\/onemd.ro\/wp-content\/uploads\/2021\/07\/f1-1-16x8.jpg 16w, https:\/\/onemd.ro\/wp-content\/uploads\/2021\/07\/f1-1.jpg 600w\" sizes=\"(max-width: 300px) 100vw, 300px\" \/><\/a><\/figure>\n<\/div>\n\n\n\n<p><\/p>","protected":false},"excerpt":{"rendered":"<p>dear, Klairs este un brand coreean de \u00eengrijire a pielii, cunoscut pentru angajamentul s\u0103u fa\u021b\u0103 de formul\u0103ri simple, eficiente \u0219i prietenoase cu pielea sensibil\u0103. Produsele dear, Klairs sunt dezvoltate pentru a oferi solu\u021bii bl\u00e2nde \u0219i eficiente, utiliz\u00e2nd ingrediente de \u00eenalt\u0103 calitate f\u0103r\u0103 a include substan\u021be iritante. Brandul se concentreaz\u0103 pe men\u021binerea s\u0103n\u0103t\u0103\u021bii pielii \u0219i prevenirea irita\u021biilor. Produsele cheie dear, Klairs &#8211; Supple Preparation Unscented Toner: Un toner f\u0103r\u0103 parfum, ideal pentru pielea sensibil\u0103, care hidrateaz\u0103 \u0219i echilibreaz\u0103 pH-ul pielii, preg\u0103tind-o pentru pa\u0219ii urm\u0103tori din rutina de \u00eengrijire. &#8211; Freshly Juiced Vitamin Drop: Un ser cu vitamina C stabilizat\u0103, care lumineaz\u0103 \u0219i uniformizeaz\u0103 tonul pielii, reduc\u00e2nd hiperpigmentarea \u0219i semnele de oboseal\u0103. [&hellip;]<\/p>","protected":false},"author":1,"featured_media":0,"parent":0,"menu_order":0,"comment_status":"closed","ping_status":"closed","template":"","meta":{"footnotes":""},"class_list":["post-731","page","type-page","status-publish","hentry"],"aioseo_notices":[],"_links":{"self":[{"href":"https:\/\/onemd.ro\/ja\/wp-json\/wp\/v2\/pages\/731","targetHints":{"allow":["GET"]}}],"collection":[{"href":"https:\/\/onemd.ro\/ja\/wp-json\/wp\/v2\/pages"}],"about":[{"href":"https:\/\/onemd.ro\/ja\/wp-json\/wp\/v2\/types\/page"}],"author":[{"embeddable":true,"href":"https:\/\/onemd.ro\/ja\/wp-json\/wp\/v2\/users\/1"}],"replies":[{"embeddable":true,"href":"https:\/\/onemd.ro\/ja\/wp-json\/wp\/v2\/comments?post=731"}],"version-history":[{"count":3,"href":"https:\/\/onemd.ro\/ja\/wp-json\/wp\/v2\/pages\/731\/revisions"}],"predecessor-version":[{"id":1681,"href":"https:\/\/onemd.ro\/ja\/wp-json\/wp\/v2\/pages\/731\/revisions\/1681"}],"wp:attachment":[{"href":"https:\/\/onemd.ro\/ja\/wp-json\/wp\/v2\/media?parent=731"}],"curies":[{"name":"wp","href":"https:\/\/api.w.org\/{rel}","templated":true}]}}