{"id":737,"date":"2024-05-27T07:19:49","date_gmt":"2024-05-27T07:19:49","guid":{"rendered":"https:\/\/onemd.ro\/?page_id=737"},"modified":"2025-08-29T09:57:20","modified_gmt":"2025-08-29T09:57:20","slug":"simplyo","status":"publish","type":"page","link":"https:\/\/onemd.ro\/ja\/simplyo\/","title":{"rendered":"\u30b7\u30f3\u30d7\u30ea\u30fc\u30aa\u30fc"},"content":{"rendered":"<div class=\"wp-block-image\">\n<figure class=\"aligncenter size-medium is-resized\"><img decoding=\"async\" width=\"300\" height=\"150\" src=\"https:\/\/onemd.ro\/wp-content\/uploads\/2023\/06\/SimplyO-1-300x150.jpg\" alt=\"\u30b7\u30f3\u30d7\u30ea\u30fc\u30aa\u30fc\" class=\"wp-image-599\" style=\"width:302px;height:151px\" title=\"\u30b7\u30f3\u30d7\u30ea\u30fc\u30aa\u30fc\" srcset=\"https:\/\/onemd.ro\/wp-content\/uploads\/2023\/06\/SimplyO-1-300x150.jpg 300w, https:\/\/onemd.ro\/wp-content\/uploads\/2023\/06\/SimplyO-1-1024x512.jpg 1024w, https:\/\/onemd.ro\/wp-content\/uploads\/2023\/06\/SimplyO-1-768x384.jpg 768w, https:\/\/onemd.ro\/wp-content\/uploads\/2023\/06\/SimplyO-1-18x9.jpg 18w, https:\/\/onemd.ro\/wp-content\/uploads\/2023\/06\/SimplyO-1.jpg 1058w\" sizes=\"(max-width: 300px) 100vw, 300px\" \/><\/figure><\/div>\n\n\n<p><strong>\u30b7\u30f3\u30d7\u30ea\u30fc\u30aa\u30fc\u306f\u3001\u30b7\u30f3\u30d7\u30eb\u3067\u5b89\u5168\u304b\u3064\u52b9\u679c\u7684\u306a\u539f\u6599\u3092\u4f7f\u7528\u3059\u308b\u3053\u3068\u306b\u3053\u3060\u308f\u3063\u305f\u97d3\u56fd\u306e\u30db\u30fc\u30e0\uff06\u30d1\u30fc\u30bd\u30ca\u30eb\u30b1\u30a2\u30d6\u30e9\u30f3\u30c9\u3067\u3059\u3002<\/strong>.\u30b7\u30f3\u30d7\u30ea\u30fc\u30aa\u30fc\u306e\u54f2\u5b66\u306f\u30b7\u30f3\u30d7\u30eb\u3055\u3068\u900f\u660e\u6027\u306b\u57fa\u3065\u3044\u3066\u304a\u308a\u3001\u54c1\u8cea\u3084\u52b9\u7387\u306b\u59a5\u5354\u3059\u308b\u3053\u3068\u306a\u304f\u3001\u5fc5\u8981\u4e0d\u53ef\u6b20\u306a\u30b1\u30a2\u3084\u30e1\u30f3\u30c6\u30ca\u30f3\u30b9\u306e\u30cb\u30fc\u30ba\u3092\u6e80\u305f\u3059\u30af\u30ea\u30fc\u30f3\u3067\u30df\u30cb\u30de\u30eb\u306a\u88fd\u54c1\u3092\u63d0\u4f9b\u3057\u3066\u3044\u308b\u3002<\/p>\n\n\n\n<p class=\"has-primary-color has-text-color\"><strong>\u30b7\u30f3\u30d7\u30ec\u30aa\u4e3b\u8981\u88fd\u54c1<\/strong><\/p>\n\n\n\n<p><strong>\u30b9\u30ad\u30f3\u30b1\u30a2\u3060\uff1a<\/strong><\/p>\n\n\n\n<p>\u2013 <strong>\u30e2\u30a4\u30b9\u30c1\u30e3\u30fc\u30dc\u30e0\u30fb\u30a2\u30f3\u30d7\u30eb<\/strong>\u30d2\u30a2\u30eb\u30ed\u30f3\u9178\u3068\u7dd1\u8336\u30a8\u30ad\u30b9\u304c\u914d\u5408\u3055\u308c\u305f\u6fc3\u7e2e\u30e2\u30a4\u30b9\u30c1\u30e3\u30e9\u30a4\u30b8\u30f3\u30b0\u30a2\u30f3\u30d7\u30eb\u3002<\/p>\n\n\n\n<p>\u2013 <strong>\u30b8\u30a7\u30f3\u30c8\u30eb\u30af\u30ec\u30f3\u30b6\u30fc<\/strong>\u5929\u7136\u754c\u9762\u6d3b\u6027\u5264\u3068\u30ab\u30e2\u30df\u30fc\u30eb\u30a8\u30ad\u30b9\u3092\u914d\u5408\u3057\u305f\u3001\u808c\u306b\u3084\u3055\u3057\u3044\u30af\u30ec\u30f3\u30b6\u30fc\u3002<\/p>\n\n\n\n<p>\u2013 <strong>\u4fdd\u6e7f\u30af\u30ea\u30fc\u30e0<\/strong>\u690d\u7269\u30a8\u30ad\u30b9\u3068\u5929\u7136\u30aa\u30a4\u30eb\u3092\u8c4a\u5bcc\u306b\u542b\u3080\u30c7\u30a4\u30ea\u30fc\u30e2\u30a4\u30b9\u30c1\u30e3\u30e9\u30a4\u30b8\u30f3\u30b0\u30af\u30ea\u30fc\u30e0\u3002<\/p>\n\n\n\n<p><strong>\u30d8\u30a2\u30b1\u30a2\uff1a<\/strong><\/p>\n\n\n\n<p>\u2013 <strong>\u30ea\u30d0\u30a4\u30bf\u30e9\u30a4\u30b8\u30f3\u30b0\u30fb\u30d8\u30a2\u30fb\u30c8\u30ea\u30fc\u30c8\u30e1\u30f3\u30c8<\/strong>\u30b7\u30eb\u30af\u30d7\u30ed\u30c6\u30a4\u30f3\u3068\u30a2\u30eb\u30ac\u30f3\u30a8\u30ad\u30b9\u914d\u5408\u306e\u96c6\u4e2d\u30d8\u30a2\u30c8\u30ea\u30fc\u30c8\u30e1\u30f3\u30c8\u3002<\/p>\n\n\n\n<p><strong>\u30ea\u30c3\u30d7\u30b1\u30a2\uff1a<\/strong><\/p>\n\n\n\n<p>\u2013 <strong>\u30ea\u30c3\u30d7\u30d0\u30fc\u30e0<\/strong>\u30b7\u30a2\u30d0\u30bf\u30fc\u3068\u30db\u30db\u30d0\u30aa\u30a4\u30eb\u914d\u5408\u3067\u3001\u5507\u306b\u3046\u308b\u304a\u3044\u3092\u4e0e\u3048\u3001\u4fdd\u8b77\u3057\u3001\u30bd\u30d5\u30c8\u3067\u30d9\u30eb\u30d9\u30c3\u30c8\u306e\u3088\u3046\u306a\u5507\u306b\u4ed5\u4e0a\u3052\u307e\u3059\u3002<\/p>\n\n\n\n<p><strong>\u5bb6\u5ead\u7528\u88fd\u54c1\uff1a<\/strong><\/p>\n\n\n\n<p>\u2013 <strong>\u5929\u7136\u98df\u5668\u7528\u6d17\u5264<\/strong>\u751f\u5206\u89e3\u6027\u6210\u5206\u3092\u914d\u5408\u3057\u305f\u30ca\u30c1\u30e5\u30e9\u30eb\u306a\u98df\u5668\u7528\u6db2\u4f53\u6d17\u5264\u3067\u3001\u6cb9\u6c5a\u308c\u3084\u98df\u3079\u7269\u306e\u30ab\u30b9\u3092\u52b9\u679c\u7684\u306b\u6d17\u6d44\u3057\u3001\u808c\u306b\u3084\u3055\u3057\u304f\u74b0\u5883\u306b\u3082\u3084\u3055\u3057\u3044\u3002<\/p>\n\n\n\n<p>\u2013 <strong>\u4e07\u80fd\u30af\u30ea\u30fc\u30ca\u30fc<\/strong>\u3055\u307e\u3056\u307e\u306a\u8868\u9762\u306b\u6700\u9069\u306a\u591a\u76ee\u7684\u30af\u30ea\u30fc\u30ca\u30fc\u3067\u3001\u523a\u6fc0\u306e\u5f37\u3044\u5316\u5b66\u85ac\u54c1\u3092\u4f7f\u308f\u305a\u306b\u6c5a\u308c\u3084\u30b7\u30df\u3092\u843d\u3068\u3057\u307e\u3059\u3002<\/p>\n\n\n\n<p>\u2013 <strong>\u6d17\u6fef\u6d17\u5264<\/strong>\u5929\u7136\u6210\u5206\u3068\u4f4e\u523a\u6fc0\u6027\u6210\u5206\u3092\u914d\u5408\u3057\u305f\u6d17\u6fef\u7528\u6d17\u5264\u3067\u3001\u74b0\u5883\u3092\u4fdd\u8b77\u3057\u306a\u304c\u3089\u52b9\u679c\u7684\u306b\u6c5a\u308c\u3092\u843d\u3068\u3057\u3001\u5e03\u5730\u3092\u30bd\u30d5\u30c8\u306b\u4fdd\u3061\u307e\u3059\u3002<\/p>\n\n\n\n<p><strong>\u30b7\u30f3\u30d7\u30ea\u30fc\u30aa\u306e\u88fd\u54c1\u306f\u3001\u6e05\u6f54\u3067\u52b9\u679c\u7684\u306a\u51e6\u65b9\u3067\u8a8d\u3081\u3089\u308c\u3066\u304a\u308a\u3001\u808c\u3001\u9aea\u3001\u5bb6\u5ead\u306b\u512a\u3057\u304f\u52b9\u679c\u7684\u306a\u30b1\u30a2\u3092\u63d0\u4f9b\u3059\u308b\u305f\u3081\u306b\u958b\u767a\u3055\u308c\u305f\u3002<\/strong>.\u3053\u306e\u30d6\u30e9\u30f3\u30c9\u306f\u3001\u808c\u3068\u74b0\u5883\u306e\u4e21\u65b9\u3092\u5c0a\u91cd\u3059\u308b\u30b7\u30f3\u30d7\u30eb\u3067\u900f\u660e\u306a\u30b1\u30a2\u3068\u30e1\u30f3\u30c6\u30ca\u30f3\u30b9\u306e\u30bd\u30ea\u30e5\u30fc\u30b7\u30e7\u30f3\u306b\u53d6\u308a\u7d44\u3093\u3067\u3044\u308b\u3002<\/p>\n\n\n\n<hr class=\"wp-block-separator aligncenter has-alpha-channel-opacity\"\/>\n\n\n\n<p class=\"has-text-align-center\"><strong>SimplyO\u88fd\u54c1\u3092\u516c\u5f0f\u30d1\u30fc\u30c8\u30ca\u30fc\u5e97\u8217\u304b\u3089\u30aa\u30f3\u30e9\u30a4\u30f3\u3067\u3054\u6ce8\u6587\u304f\u3060\u3055\u3044\uff1a<\/strong><\/p>\n\n\n\n<div class=\"wp-block-group has-large-font-size is-layout-grid wp-container-core-group-is-layout-6be84c55 wp-block-group-is-layout-grid\">\n<figure class=\"wp-block-image size-medium\"><a href=\"https:\/\/sole.ro\/brand\/simplyo\" target=\"_blank\" rel=\" noreferrer noopener\"><img decoding=\"async\" width=\"300\" height=\"150\" src=\"https:\/\/onemd.ro\/wp-content\/uploads\/2021\/07\/f6-2-300x150.jpg\" alt=\"\u30bd\u30fc\u30eb\u30ed\" class=\"wp-image-297\" srcset=\"https:\/\/onemd.ro\/wp-content\/uploads\/2021\/07\/f6-2-300x150.jpg 300w, https:\/\/onemd.ro\/wp-content\/uploads\/2021\/07\/f6-2-16x8.jpg 16w, https:\/\/onemd.ro\/wp-content\/uploads\/2021\/07\/f6-2.jpg 600w\" sizes=\"(max-width: 300px) 100vw, 300px\" \/><\/a><\/figure>\n\n\n\n<figure class=\"wp-block-image size-medium\"><a href=\"https:\/\/comenzi.farmaciatei.ro\/brand\/simplyo\" target=\"_blank\" rel=\" noreferrer noopener\"><img decoding=\"async\" width=\"300\" height=\"150\" src=\"https:\/\/onemd.ro\/wp-content\/uploads\/2021\/07\/f1-1-300x150.jpg\" alt=\"\u30c6\u30a4\u85ac\u5c40\u30aa\u30d5\u30a3\u30b7\u30e3\u30eb\u30d1\u30fc\u30c8\u30ca\u30fc\u30b7\u30e7\u30c3\u30d7\" class=\"wp-image-301\" srcset=\"https:\/\/onemd.ro\/wp-content\/uploads\/2021\/07\/f1-1-300x150.jpg 300w, https:\/\/onemd.ro\/wp-content\/uploads\/2021\/07\/f1-1-16x8.jpg 16w, https:\/\/onemd.ro\/wp-content\/uploads\/2021\/07\/f1-1.jpg 600w\" sizes=\"(max-width: 300px) 100vw, 300px\" \/><\/a><\/figure>\n\n\n\n<figure class=\"wp-block-image size-medium\"><a href=\"https:\/\/www.drmax.ro\/simplyo\" target=\"_blank\" rel=\" noreferrer noopener\"><img loading=\"lazy\" decoding=\"async\" width=\"300\" height=\"129\" src=\"https:\/\/onemd.ro\/wp-content\/uploads\/2024\/05\/dr-max-300x129.jpg\" alt=\"\u30c9\u30af\u30bf\u30fc\u30de\u30c3\u30af\u30b9\u516c\u5f0f\u30d1\u30fc\u30c8\u30ca\u30fc\u30b7\u30e7\u30c3\u30d7\" class=\"wp-image-673\" srcset=\"https:\/\/onemd.ro\/wp-content\/uploads\/2024\/05\/dr-max-300x129.jpg 300w, https:\/\/onemd.ro\/wp-content\/uploads\/2024\/05\/dr-max-18x8.jpg 18w, https:\/\/onemd.ro\/wp-content\/uploads\/2024\/05\/dr-max.jpg 473w\" sizes=\"(max-width: 300px) 100vw, 300px\" \/><\/a><\/figure>\n<\/div>","protected":false},"excerpt":{"rendered":"<p>SimplyO este un brand coreean de \u00eengrijire personal\u0103 \u0219i pentru cas\u0103, dedicat utiliz\u0103rii ingredientelor simple, sigure \u0219i eficiente. Filosofia SimplyO se bazeaz\u0103 pe simplitate \u0219i transparen\u021b\u0103, oferind produse curate \u0219i minimaliste care r\u0103spund nevoilor esen\u021biale de \u00eengrijire \u0219i \u00eentre\u021binere, f\u0103r\u0103 a compromite calitatea sau eficien\u021ba. Produsele cheie SimplyO \u00cengrijire a pielii: &#8211; Moisture Bomb Ampoule: O ampul\u0103 hidratant\u0103 concentrat\u0103, formulat\u0103 cu acid hialuronic \u0219i extract de ceai verde, care ofer\u0103 hidratare intens\u0103 \u0219i de lung\u0103 durat\u0103, \u00eembun\u0103t\u0103\u021bind elasticitatea \u0219i textura pielii. &#8211; Gentle Cleanser: Un produs de cur\u0103\u021bare bl\u00e2nd, formulat cu surfactan\u021bi naturali \u0219i extract de mu\u0219e\u021bel, care \u00eendep\u0103rteaz\u0103 eficient impurit\u0103\u021bile \u0219i machiajul, l\u0103s\u00e2nd pielea curat\u0103 \u0219i echilibrat\u0103. &#8211; Hydrating [&hellip;]<\/p>\n","protected":false},"author":1,"featured_media":0,"parent":0,"menu_order":0,"comment_status":"closed","ping_status":"closed","template":"","meta":{"footnotes":""},"class_list":["post-737","page","type-page","status-publish","hentry"],"aioseo_notices":[],"_links":{"self":[{"href":"https:\/\/onemd.ro\/ja\/wp-json\/wp\/v2\/pages\/737","targetHints":{"allow":["GET"]}}],"collection":[{"href":"https:\/\/onemd.ro\/ja\/wp-json\/wp\/v2\/pages"}],"about":[{"href":"https:\/\/onemd.ro\/ja\/wp-json\/wp\/v2\/types\/page"}],"author":[{"embeddable":true,"href":"https:\/\/onemd.ro\/ja\/wp-json\/wp\/v2\/users\/1"}],"replies":[{"embeddable":true,"href":"https:\/\/onemd.ro\/ja\/wp-json\/wp\/v2\/comments?post=737"}],"version-history":[{"count":3,"href":"https:\/\/onemd.ro\/ja\/wp-json\/wp\/v2\/pages\/737\/revisions"}],"predecessor-version":[{"id":1645,"href":"https:\/\/onemd.ro\/ja\/wp-json\/wp\/v2\/pages\/737\/revisions\/1645"}],"wp:attachment":[{"href":"https:\/\/onemd.ro\/ja\/wp-json\/wp\/v2\/media?parent=737"}],"curies":[{"name":"wp","href":"https:\/\/api.w.org\/{rel}","templated":true}]}}