{"id":739,"date":"2024-05-27T07:21:17","date_gmt":"2024-05-27T07:21:17","guid":{"rendered":"https:\/\/onemd.ro\/?page_id=739"},"modified":"2025-08-29T09:23:58","modified_gmt":"2025-08-29T09:23:58","slug":"psa","status":"publish","type":"page","link":"https:\/\/onemd.ro\/ja\/psa\/","title":{"rendered":"PSA"},"content":{"rendered":"<div class=\"wp-block-image\">\n<figure class=\"aligncenter size-medium\"><img decoding=\"async\" width=\"300\" height=\"150\" src=\"https:\/\/onemd.ro\/wp-content\/uploads\/2023\/06\/psa-300x150.jpg\" alt=\"PSA\" class=\"wp-image-585\" title=\"PSA\" srcset=\"https:\/\/onemd.ro\/wp-content\/uploads\/2023\/06\/psa-300x150.jpg 300w, https:\/\/onemd.ro\/wp-content\/uploads\/2023\/06\/psa-1024x512.jpg 1024w, https:\/\/onemd.ro\/wp-content\/uploads\/2023\/06\/psa-768x384.jpg 768w, https:\/\/onemd.ro\/wp-content\/uploads\/2023\/06\/psa-18x9.jpg 18w, https:\/\/onemd.ro\/wp-content\/uploads\/2023\/06\/psa.jpg 1058w\" sizes=\"(max-width: 300px) 100vw, 300px\" \/><\/figure><\/div>\n\n\n<p><strong>PSA\uff08Purposeful Skincare by Allies\uff09\u306f\u3001\u3055\u307e\u3056\u307e\u306a\u808c\u306e\u60a9\u307f\u306b\u5bfe\u5fdc\u3059\u308b\u52b9\u679c\u7684\u3067\u30df\u30cb\u30de\u30eb\u306a\u51e6\u65b9\u3092\u4f7f\u7528\u3059\u308b\u3053\u3068\u3067\u77e5\u3089\u308c\u308b\u9769\u65b0\u7684\u306a\u30b9\u30ad\u30f3\u30b1\u30a2\u30d6\u30e9\u30f3\u30c9\u3067\u3042\u308b\u3002<\/strong>.PSA\u306f\u3001\u6709\u5bb3\u7269\u8cea\u3092\u542b\u307e\u306a\u3044\u30af\u30ea\u30fc\u30f3\u306a\u88fd\u54c1\u3092\u958b\u767a\u3057\u3001\u5065\u5eb7\u7684\u3067\u6301\u7d9a\u53ef\u80fd\u306a\u30e9\u30a4\u30d5\u30b9\u30bf\u30a4\u30eb\u3092\u63a8\u9032\u3059\u308b\u3053\u3068\u306b\u6ce8\u529b\u3057\u3066\u3044\u308b\u3002<\/p>\n\n\n\n<p class=\"has-primary-color has-text-color\"><strong>PSA\u4e3b\u8981\u88fd\u54c1<\/strong><\/p>\n\n\n\n<p>\u2013 <strong>\u30d2\u30ed\u30a4\u30f3\u30fb\u30de\u30f3\u30c7\u30ea\u30c3\u30af\uff06\u30ea\u30b3\u30ea\u30b9\u30fb\u30b9\u30fc\u30d1\u30fc\u30d5\u30fc\u30c9\u30fb\u30b0\u30ed\u30fc\u30fb\u30c8\u30ca\u30fc<\/strong>\u30de\u30f3\u30c7\u30eb\u9178\u3068\u7518\u8349\u30a8\u30ad\u30b9\u3092\u914d\u5408\u3057\u3001\u9854\u8272\u3092\u660e\u308b\u304f\u5747\u4e00\u306b\u6574\u3048\u3001\u808c\u306e\u6b20\u70b9\u3092\u76ee\u7acb\u305f\u306a\u304f\u3057\u307e\u3059\u3002<\/p>\n\n\n\n<p>\u2013 <strong>\u6700\u9ad8\u306e\u30d2\u30a2\u30eb\u30ed\u30f3\u9178\u30b9\u30fc\u30d1\u30fc\u4fdd\u6e7f\u7f8e\u5bb9\u6db2<\/strong>\u30d2\u30a2\u30eb\u30ed\u30f3\u9178\u3068\u5fc5\u9808\u6804\u990a\u7d20\u3092\u8c4a\u5bcc\u306b\u542b\u3080\u4fdd\u6e7f\u7f8e\u5bb9\u6db2\u3067\u3001\u3046\u308b\u304a\u3044\u304c\u9577\u6642\u9593\u6301\u7d9a\u3057\u3001\u3057\u306a\u3084\u304b\u3067\u3044\u304d\u3044\u304d\u3068\u3057\u305f\u808c\u3078\u3068\u5c0e\u304d\u307e\u3059\u3002<\/p>\n\n\n\n<p>\u2013 <strong>\u30e9\u30a4\u30c8\u30a2\u30c3\u30d7\u30fb\u30d3\u30bf\u30df\u30f3C\uff06E\u30d5\u30e9\u30c3\u30b7\u30e5\u30fb\u30d6\u30e9\u30a4\u30c8\u30cb\u30f3\u30b0\u30fb\u30de\u30b9\u30af<\/strong>\u30d3\u30bf\u30df\u30f3C\u3068\u30d3\u30bf\u30df\u30f3E\u914d\u5408\u306e\u30d6\u30e9\u30a4\u30c8\u30cb\u30f3\u30b0\u30de\u30b9\u30af\u3002<\/p>\n\n\n\n<p>\u2013 <strong>\u30ea\u30bb\u30c3\u30c8 AHA \u30b0\u30ed\u30a6 \u30aa\u30d5 \u30a8\u30af\u30b9\u30d5\u30a9\u30ea\u30a8\u30a4\u30c6\u30a3\u30f3\u30b0 \u30bb\u30e9\u30e0<\/strong>AHA\u914d\u5408\u306e\u30a8\u30af\u30b9\u30d5\u30a9\u30ea\u30a8\u30a4\u30c6\u30a3\u30f3\u30b0\u7f8e\u5bb9\u6db2\u3067\u3001\u808c\u8868\u9762\u306e\u30ad\u30e1\u3092\u6574\u3048\u3001\u900f\u660e\u611f\u306e\u3042\u308b\u808c\u3078\u3068\u5c0e\u304d\u307e\u3059\u3002<\/p>\n\n\n\n<p>\u2013 <strong>\u30df\u30c3\u30c9\u30ca\u30a4\u30c8\u30fb\u30ab\u30ec\u30c3\u30b8\u30fb\u30ed\u30fc\u30ba\u30d2\u30c3\u30d7\uff06\u30d0\u30af\u30c1\u30aa\u30fc\u30eb\u30fb\u30ec\u30c1\u30ce\u30fc\u30eb\u30fb\u30ca\u30a4\u30c8\u30aa\u30a4\u30eb\uff1a<\/strong> \u30ec\u30c1\u30ce\u30fc\u30eb\u3068\u30d0\u30af\u30c1\u30aa\u30fc\u30eb\u3092\u914d\u5408\u3057\u305f\u30ca\u30a4\u30c8\u30aa\u30a4\u30eb\u3067\u3001\u30a8\u30a4\u30b8\u30f3\u30b0\u30b5\u30a4\u30f3\u3092\u6291\u3048\u3001\u808c\u306e\u5f3e\u529b\u6027\u3092\u9ad8\u3081\u3001\u306a\u3081\u3089\u304b\u3067\u82e5\u3005\u3057\u3044\u808c\u3078\u3068\u5c0e\u304d\u307e\u3059\u3002<\/p>\n\n\n\n<p><strong>PSA\u306e\u88fd\u54c1\u306f\u3001\u3055\u307e\u3056\u307e\u306a\u808c\u30c8\u30e9\u30d6\u30eb\u3092\u7d20\u65e9\u304f\u76ee\u306b\u898b\u3048\u308b\u5f62\u3067\u89e3\u6c7a\u3059\u308b\u305f\u3081\u306b\u958b\u767a\u3055\u308c\u305f\u3001\u52b9\u679c\u7684\u3067\u6e05\u6f54\u306a\u51e6\u65b9\u3067\u8a8d\u3081\u3089\u308c\u3066\u3044\u308b\u3002 <\/strong>\u540c\u30d6\u30e9\u30f3\u30c9\u306f\u3001\u808c\u306b\u5b89\u5168\u3067\u74b0\u5883\u306b\u512a\u3057\u3044\u88fd\u54c1\u3092\u63d0\u4f9b\u3057\u3001\u5065\u5eb7\u7684\u3067\u6301\u7d9a\u53ef\u80fd\u306a\u30e9\u30a4\u30d5\u30b9\u30bf\u30a4\u30eb\u3092\u4fc3\u9032\u3059\u308b\u3053\u3068\u306b\u5c3d\u529b\u3057\u3066\u3044\u308b\u3002<\/p>\n\n\n\n<hr class=\"wp-block-separator aligncenter has-alpha-channel-opacity\"\/>\n\n\n\n<p class=\"has-text-align-center\"><strong>\u30aa\u30d5\u30a3\u30b7\u30e3\u30eb\u30d1\u30fc\u30c8\u30ca\u30fc\u30b7\u30e7\u30c3\u30d7\u3067PSA\u88fd\u54c1\u3092\u30aa\u30f3\u30e9\u30a4\u30f3\u3067\u6ce8\u6587\u3059\u308b\uff1a<\/strong><\/p>\n\n\n\n<div class=\"wp-block-group has-large-font-size is-layout-grid wp-container-core-group-is-layout-6be84c55 wp-block-group-is-layout-grid\">\n<figure class=\"wp-block-image size-medium\"><a href=\"https:\/\/sole.ro\/brand\/psa\" target=\"_blank\" rel=\" noreferrer noopener\"><img decoding=\"async\" width=\"300\" height=\"150\" src=\"https:\/\/onemd.ro\/wp-content\/uploads\/2021\/07\/f6-2-300x150.jpg\" alt=\"\u30bd\u30fc\u30eb\u30ed\" class=\"wp-image-297\" srcset=\"https:\/\/onemd.ro\/wp-content\/uploads\/2021\/07\/f6-2-300x150.jpg 300w, https:\/\/onemd.ro\/wp-content\/uploads\/2021\/07\/f6-2-16x8.jpg 16w, https:\/\/onemd.ro\/wp-content\/uploads\/2021\/07\/f6-2.jpg 600w\" sizes=\"(max-width: 300px) 100vw, 300px\" \/><\/a><\/figure>\n\n\n\n<figure class=\"wp-block-image size-medium\"><a href=\"https:\/\/comenzi.farmaciatei.ro\/brand\/psa\" target=\"_blank\" rel=\" noreferrer noopener\"><img decoding=\"async\" width=\"300\" height=\"150\" src=\"https:\/\/onemd.ro\/wp-content\/uploads\/2021\/07\/f1-1-300x150.jpg\" alt=\"\u30c6\u30a4\u85ac\u5c40\u30aa\u30d5\u30a3\u30b7\u30e3\u30eb\u30d1\u30fc\u30c8\u30ca\u30fc\u30b7\u30e7\u30c3\u30d7\" class=\"wp-image-301\" srcset=\"https:\/\/onemd.ro\/wp-content\/uploads\/2021\/07\/f1-1-300x150.jpg 300w, https:\/\/onemd.ro\/wp-content\/uploads\/2021\/07\/f1-1-16x8.jpg 16w, https:\/\/onemd.ro\/wp-content\/uploads\/2021\/07\/f1-1.jpg 600w\" sizes=\"(max-width: 300px) 100vw, 300px\" \/><\/a><\/figure>\n\n\n\n<figure class=\"wp-block-image size-medium\"><a href=\"https:\/\/comenzi.bebetei.ro\/brand\/psa\" target=\"_blank\" rel=\" noreferrer noopener\"><img loading=\"lazy\" decoding=\"async\" width=\"300\" height=\"150\" src=\"https:\/\/onemd.ro\/wp-content\/uploads\/2021\/07\/f4-300x150.jpg\" alt=\"\u3079\u3079\u4ead\u30aa\u30d5\u30a3\u30b7\u30e3\u30eb\u30d1\u30fc\u30c8\u30ca\u30fc\u30b7\u30e7\u30c3\u30d7\" class=\"wp-image-292\" srcset=\"https:\/\/onemd.ro\/wp-content\/uploads\/2021\/07\/f4-300x150.jpg 300w, https:\/\/onemd.ro\/wp-content\/uploads\/2021\/07\/f4-16x8.jpg 16w, https:\/\/onemd.ro\/wp-content\/uploads\/2021\/07\/f4.jpg 600w\" sizes=\"(max-width: 300px) 100vw, 300px\" \/><\/a><\/figure>\n<\/div>","protected":false},"excerpt":{"rendered":"<p>PSA (Purposeful Skincare by Allies) este un brand inovator de \u00eengrijire a pielii, cunoscut pentru utilizarea unor formule eficiente \u0219i minimaliste, care abordeaz\u0103 diverse probleme ale pielii. PSA se concentreaz\u0103 pe dezvoltarea de produse curate, f\u0103r\u0103 substan\u021be nocive, \u0219i pe promovarea unui stil de via\u021b\u0103 s\u0103n\u0103tos \u0219i sustenabil. Produsele cheie PSA &#8211; Heroine Mandelic &amp; Licorice Superfood Glow Toner: Un toner exfoliant bl\u00e2nd, formulat cu acid mandelic \u0219i extract de lemn dulce, care lumineaz\u0103 \u0219i uniformizeaz\u0103 tenul, reduc\u00e2nd apari\u021bia imperfec\u021biunilor. &#8211; The Most Hyaluronic Super Nutrient Hydration Serum: Un ser hidratant bogat \u00een acid hialuronic \u0219i nutrien\u021bi esen\u021biali, care ofer\u0103 hidratare intens\u0103 \u0219i durabil\u0103, l\u0103s\u00e2nd pielea supl\u0103 \u0219i revitalizat\u0103. &#8211; [&hellip;]<\/p>\n","protected":false},"author":1,"featured_media":0,"parent":0,"menu_order":0,"comment_status":"closed","ping_status":"closed","template":"","meta":{"footnotes":""},"class_list":["post-739","page","type-page","status-publish","hentry"],"aioseo_notices":[],"_links":{"self":[{"href":"https:\/\/onemd.ro\/ja\/wp-json\/wp\/v2\/pages\/739","targetHints":{"allow":["GET"]}}],"collection":[{"href":"https:\/\/onemd.ro\/ja\/wp-json\/wp\/v2\/pages"}],"about":[{"href":"https:\/\/onemd.ro\/ja\/wp-json\/wp\/v2\/types\/page"}],"author":[{"embeddable":true,"href":"https:\/\/onemd.ro\/ja\/wp-json\/wp\/v2\/users\/1"}],"replies":[{"embeddable":true,"href":"https:\/\/onemd.ro\/ja\/wp-json\/wp\/v2\/comments?post=739"}],"version-history":[{"count":3,"href":"https:\/\/onemd.ro\/ja\/wp-json\/wp\/v2\/pages\/739\/revisions"}],"predecessor-version":[{"id":1636,"href":"https:\/\/onemd.ro\/ja\/wp-json\/wp\/v2\/pages\/739\/revisions\/1636"}],"wp:attachment":[{"href":"https:\/\/onemd.ro\/ja\/wp-json\/wp\/v2\/media?parent=739"}],"curies":[{"name":"wp","href":"https:\/\/api.w.org\/{rel}","templated":true}]}}