{"id":741,"date":"2024-05-27T07:23:24","date_gmt":"2024-05-27T07:23:24","guid":{"rendered":"https:\/\/onemd.ro\/?page_id=741"},"modified":"2025-09-01T11:46:15","modified_gmt":"2025-09-01T11:46:15","slug":"riemann-p20","status":"publish","type":"page","link":"https:\/\/onemd.ro\/ja\/riemann-p20\/","title":{"rendered":"\u30ea\u30fc\u30de\u30f3 P20"},"content":{"rendered":"<div class=\"wp-block-image\">\n<figure class=\"aligncenter size-medium\"><img decoding=\"async\" width=\"300\" height=\"150\" src=\"https:\/\/onemd.ro\/wp-content\/uploads\/2023\/06\/RiemannP20-1-300x150.jpg\" alt=\"\u30ea\u30fc\u30de\u30f3 P20\" class=\"wp-image-601\" title=\"\u30ea\u30fc\u30de\u30f3 P20\" srcset=\"https:\/\/onemd.ro\/wp-content\/uploads\/2023\/06\/RiemannP20-1-300x150.jpg 300w, https:\/\/onemd.ro\/wp-content\/uploads\/2023\/06\/RiemannP20-1-1024x512.jpg 1024w, https:\/\/onemd.ro\/wp-content\/uploads\/2023\/06\/RiemannP20-1-768x384.jpg 768w, https:\/\/onemd.ro\/wp-content\/uploads\/2023\/06\/RiemannP20-1-18x9.jpg 18w, https:\/\/onemd.ro\/wp-content\/uploads\/2023\/06\/RiemannP20-1.jpg 1058w\" sizes=\"(max-width: 300px) 100vw, 300px\" \/><\/figure><\/div>\n\n\n<p><strong>\u30ea\u30fc\u30de\u30f3 P20 <\/strong>\u306f\u3001\u9769\u65b0\u7684\u3067\u9ad8\u6027\u80fd\u306a\u88fd\u54c1\u3067\u77e5\u3089\u308c\u308b\u65e5\u713c\u3051\u6b62\u3081\u306e\u30c8\u30c3\u30d7\u30d6\u30e9\u30f3\u30c9\u3067\u3042\u308b\u3002\u30b5\u30f3\u30b9\u30af\u30ea\u30fc\u30f3\u30fb\u30bd\u30ea\u30e5\u30fc\u30b7\u30e7\u30f3\u306e\u7814\u7a76\u958b\u767a\u306b\u304a\u3044\u3066\u9577\u5e74\u306e\u7d4c\u9a13\u3092\u6301\u3064\u3001<strong> Riemann P20\u306f\u3001\u901a\u5e38\u4f7f\u7528\u3067\u6700\u592710\u6642\u9593\u3001\u6c34\u4e2d\u4f7f\u7528\u3067\u6700\u59273\u6642\u9593\u3001\u7d2b\u5916\u7dda\u304b\u3089\u52b9\u679c\u7684\u304b\u3064\u9577\u6642\u9593\u4fdd\u8b77\u3059\u308b\u88fd\u54c1\u3092\u63d0\u4f9b\u3057\u3066\u3044\u308b\u3002<\/strong><\/p>\n\n\n\n<p class=\"has-primary-color has-text-color\"><strong>\u4e3b\u8981\u88fd\u54c1 \u30ea\u30fc\u30de\u30f3 P20<\/strong><\/p>\n\n\n\n<p><strong>- P20 \u30b5\u30f3\u30d7\u30ed\u30c6\u30af\u30b7\u30e7\u30f3\u30fb\u30b9\u30d7\u30ec\u30fc SPF50\uff1a <\/strong>\u9ad8SPF\u306e\u65e5\u713c\u3051\u6b62\u3081\u30b9\u30d7\u30ec\u30fc\u3002\u8010\u6c34\u6027\u3067\u5857\u308a\u3084\u3059\u3044\u51e6\u65b9\u3067\u3059\u3002<\/p>\n\n\n\n<p><strong>- P20 \u30b5\u30f3\u30d7\u30ed\u30c6\u30af\u30b7\u30e7\u30f3\u30fb\u30ed\u30fc\u30b7\u30e7\u30f3 SPF30\uff1a <\/strong>\u9577\u6642\u9593\u306e\u30d7\u30ed\u30c6\u30af\u30b7\u30e7\u30f3\u3068\u8010\u6c34\u6027\u3092\u5099\u3048\u305f\u3001\u5bb6\u65cf\u5168\u54e1\u306b\u6700\u9069\u306a\u65e5\u713c\u3051\u6b62\u3081\u30ed\u30fc\u30b7\u30e7\u30f3\u3002<\/p>\n\n\n\n<p><strong>- P20 \u30b3\u30f3\u30c6\u30a3\u30cb\u30e5\u30a2\u30b9\u30fb\u30b9\u30d7\u30ec\u30fc SPF20\uff1a <\/strong>\u30e0\u30e9\u306a\u304f\u7d20\u65e9\u304f\u5857\u5e03\u3067\u304d\u308b\u9023\u7d9a\u30b9\u30d7\u30ec\u30fc\u3067\u3001\u65e5\u713c\u3051\u9632\u6b62\u52b9\u679c\u304c\u9577\u6642\u9593\u6301\u7d9a\u3002<\/p>\n\n\n\n<p><strong>- P20 \u30ad\u30c3\u30ba\u30fb\u30b5\u30f3\u30d7\u30ed\u30c6\u30af\u30b7\u30e7\u30f3 SPF50+\uff1a <\/strong>\u5b50\u4f9b\u306e\u654f\u611f\u306a\u808c\u306e\u305f\u3081\u306b\u7279\u5225\u306b\u4f5c\u3089\u308c\u305f\u51e6\u65b9\u3067\u3001\u975e\u5e38\u306b\u9ad8\u3044\u65e5\u713c\u3051\u9632\u6b62\u52b9\u679c\u3068\u8010\u6c34\u6027\u304c\u3042\u308a\u3001\u5c4b\u5916\u3067\u306e\u904a\u3073\u306b\u7406\u60f3\u7684\u3002<\/p>\n\n\n\n<p><strong>- \u30a2\u30b9\u30ea\u30fc\u30c8\u306e\u305f\u3081\u306eP20\uff1a <\/strong>P20\u306e\u88fd\u54c1\u306f\u3001\u9632\u6c34\u51e6\u65b9\u3068\u9577\u6301\u3061\u3059\u308bUV\u30d7\u30ed\u30c6\u30af\u30b7\u30e7\u30f3\u306b\u3088\u308a\u3001\u30a2\u30b9\u30ea\u30fc\u30c8\u3001\u7279\u306b\u30a2\u30a6\u30c8\u30c9\u30a2\u30fb\u30b9\u30dd\u30fc\u30c4\u3092\u3059\u308b\u4eba\u3005\u306b\u6700\u9069\u3067\u3042\u308b\u3002<\/p>\n\n\n\n<p>Riemann P20\u88fd\u54c1\u306f\u3001\u305d\u306e\u52b9\u679c\u3001\u8010\u6c34\u6027\u3001\u4e00\u65e5\u4e2d\u65e5\u713c\u3051\u3092\u9632\u6b62\u3059\u308b\u80fd\u529b\u3067\u8a8d\u3081\u3089\u308c\u3066\u3044\u308b\u3002\u3053\u306e\u30d6\u30e9\u30f3\u30c9\u306f\u3001\u65e5\u713c\u3051\u4e2d\u306e\u808c\u306e\u5b89\u5168\u3068\u5065\u5eb7\u3092\u4fdd\u8a3c\u3059\u308b\u3001\u4fe1\u983c\u6027\u306e\u9ad8\u3044\u65e5\u713c\u3051\u9632\u6b62\u30bd\u30ea\u30e5\u30fc\u30b7\u30e7\u30f3\u3092\u6c42\u3081\u308b\u6d88\u8cbb\u8005\u306b\u611b\u7528\u3055\u308c\u3066\u3044\u308b\u3002<\/p>\n\n\n\n<hr class=\"wp-block-separator aligncenter has-alpha-channel-opacity\"\/>\n\n\n\n<p class=\"has-text-align-center\"><strong>\u30aa\u30f3\u30e9\u30a4\u30f3\u3067\u5546\u54c1\u3092\u6ce8\u6587\u3059\u308b <strong>\u30ea\u30fc\u30de\u30f3 P20<\/strong> \u30aa\u30d5\u30a3\u30b7\u30e3\u30eb\u30fb\u30d1\u30fc\u30c8\u30ca\u30fc\u30fb\u30b7\u30e7\u30c3\u30d7\u304b\u3089\uff1a<\/strong><\/p>\n\n\n\n<div class=\"wp-block-group has-large-font-size is-layout-grid wp-container-core-group-is-layout-4d858cb8 wp-block-group-is-layout-grid\">\n<figure class=\"wp-block-image size-medium\"><a href=\"https:\/\/sole.ro\/brand\/riemann-p20\" target=\"_blank\" rel=\" noreferrer noopener\"><img decoding=\"async\" width=\"300\" height=\"150\" src=\"https:\/\/onemd.ro\/wp-content\/uploads\/2021\/07\/f6-2-300x150.jpg\" alt=\"\u30bd\u30fc\u30eb\u30ed\" class=\"wp-image-297\" srcset=\"https:\/\/onemd.ro\/wp-content\/uploads\/2021\/07\/f6-2-300x150.jpg 300w, https:\/\/onemd.ro\/wp-content\/uploads\/2021\/07\/f6-2-16x8.jpg 16w, https:\/\/onemd.ro\/wp-content\/uploads\/2021\/07\/f6-2.jpg 600w\" sizes=\"(max-width: 300px) 100vw, 300px\" \/><\/a><\/figure>\n\n\n\n<figure class=\"wp-block-image size-medium\"><a href=\"https:\/\/comenzi.farmaciatei.ro\/brand\/riemann\" target=\"_blank\" rel=\" noreferrer noopener\"><img decoding=\"async\" width=\"300\" height=\"150\" src=\"https:\/\/onemd.ro\/wp-content\/uploads\/2021\/07\/f1-1-300x150.jpg\" alt=\"\u30c6\u30a4\u85ac\u5c40\u30aa\u30d5\u30a3\u30b7\u30e3\u30eb\u30d1\u30fc\u30c8\u30ca\u30fc\u30b7\u30e7\u30c3\u30d7\" class=\"wp-image-301\" srcset=\"https:\/\/onemd.ro\/wp-content\/uploads\/2021\/07\/f1-1-300x150.jpg 300w, https:\/\/onemd.ro\/wp-content\/uploads\/2021\/07\/f1-1-16x8.jpg 16w, https:\/\/onemd.ro\/wp-content\/uploads\/2021\/07\/f1-1.jpg 600w\" sizes=\"(max-width: 300px) 100vw, 300px\" \/><\/a><\/figure>\n\n\n\n<figure class=\"wp-block-image size-medium\"><a href=\"https:\/\/comenzi.bebetei.ro\/brand\/riemann\" target=\"_blank\" rel=\" noreferrer noopener\"><img loading=\"lazy\" decoding=\"async\" width=\"300\" height=\"150\" src=\"https:\/\/onemd.ro\/wp-content\/uploads\/2021\/07\/f4-300x150.jpg\" alt=\"\u3079\u3079\u4ead\u30aa\u30d5\u30a3\u30b7\u30e3\u30eb\u30d1\u30fc\u30c8\u30ca\u30fc\u30b7\u30e7\u30c3\u30d7\" class=\"wp-image-292\" srcset=\"https:\/\/onemd.ro\/wp-content\/uploads\/2021\/07\/f4-300x150.jpg 300w, https:\/\/onemd.ro\/wp-content\/uploads\/2021\/07\/f4-16x8.jpg 16w, https:\/\/onemd.ro\/wp-content\/uploads\/2021\/07\/f4.jpg 600w\" sizes=\"(max-width: 300px) 100vw, 300px\" \/><\/a><\/figure>\n\n\n\n<figure class=\"wp-block-image size-medium\"><a href=\"https:\/\/www.drmax.ro\/riemann\" target=\"_blank\" rel=\" noreferrer noopener\"><img loading=\"lazy\" decoding=\"async\" width=\"300\" height=\"129\" src=\"https:\/\/onemd.ro\/wp-content\/uploads\/2024\/05\/dr-max-300x129.jpg\" alt=\"\u30c9\u30af\u30bf\u30fc\u30de\u30c3\u30af\u30b9\u516c\u5f0f\u30d1\u30fc\u30c8\u30ca\u30fc\u30b7\u30e7\u30c3\u30d7\" class=\"wp-image-673\" srcset=\"https:\/\/onemd.ro\/wp-content\/uploads\/2024\/05\/dr-max-300x129.jpg 300w, https:\/\/onemd.ro\/wp-content\/uploads\/2024\/05\/dr-max-18x8.jpg 18w, https:\/\/onemd.ro\/wp-content\/uploads\/2024\/05\/dr-max.jpg 473w\" sizes=\"(max-width: 300px) 100vw, 300px\" \/><\/a><\/figure>\n\n\n\n<figure class=\"wp-block-image size-full\"><a href=\"https:\/\/www.dm.ro\/\" target=\"_blank\" rel=\" noreferrer noopener\"><img loading=\"lazy\" decoding=\"async\" width=\"600\" height=\"300\" src=\"https:\/\/onemd.ro\/wp-content\/uploads\/2021\/07\/f3-1.jpg\" alt=\"DM\u30b0\u30ed\u30fc\u30b5\u30ea\u30fc\" class=\"wp-image-291\" srcset=\"https:\/\/onemd.ro\/wp-content\/uploads\/2021\/07\/f3-1.jpg 600w, https:\/\/onemd.ro\/wp-content\/uploads\/2021\/07\/f3-1-300x150.jpg 300w, https:\/\/onemd.ro\/wp-content\/uploads\/2021\/07\/f3-1-16x8.jpg 16w\" sizes=\"(max-width: 600px) 100vw, 600px\" \/><\/a><\/figure>\n\n\n\n<figure class=\"wp-block-image size-full\"><a href=\"https:\/\/www.helpnet.ro\/riemann\" target=\"_blank\" rel=\" noreferrer noopener\"><img loading=\"lazy\" decoding=\"async\" width=\"600\" height=\"300\" src=\"https:\/\/onemd.ro\/wp-content\/uploads\/2025\/08\/helpnet.jpg\" alt=\"\u30d8\u30eb\u30d7\u30cd\u30c3\u30c8\" class=\"wp-image-1427\" srcset=\"https:\/\/onemd.ro\/wp-content\/uploads\/2025\/08\/helpnet.jpg 600w, https:\/\/onemd.ro\/wp-content\/uploads\/2025\/08\/helpnet-300x150.jpg 300w, https:\/\/onemd.ro\/wp-content\/uploads\/2025\/08\/helpnet-18x9.jpg 18w\" sizes=\"(max-width: 600px) 100vw, 600px\" \/><\/a><\/figure>\n\n\n\n<figure class=\"wp-block-image size-full\"><a href=\"https:\/\/www.farmaciilenapofarm.ro\/riemann\" target=\"_blank\" rel=\" noreferrer noopener\"><img loading=\"lazy\" decoding=\"async\" width=\"600\" height=\"300\" src=\"https:\/\/onemd.ro\/wp-content\/uploads\/2021\/10\/f8.jpg\" alt=\"\u30ca\u30dd\u30d5\u30a1\u30fc\u30e0\" class=\"wp-image-546\" srcset=\"https:\/\/onemd.ro\/wp-content\/uploads\/2021\/10\/f8.jpg 600w, https:\/\/onemd.ro\/wp-content\/uploads\/2021\/10\/f8-300x150.jpg 300w, https:\/\/onemd.ro\/wp-content\/uploads\/2021\/10\/f8-18x9.jpg 18w\" sizes=\"(max-width: 600px) 100vw, 600px\" \/><\/a><\/figure>\n\n\n\n<figure class=\"wp-block-image size-full\"><a href=\"https:\/\/www.elmafarm.ro\/\" target=\"_blank\" rel=\" noreferrer noopener\"><img loading=\"lazy\" decoding=\"async\" width=\"600\" height=\"300\" src=\"https:\/\/onemd.ro\/wp-content\/uploads\/2025\/08\/elmafarm.jpg\" alt=\"\u30a8\u30eb\u30de\u30d5\u30a1\u30fc\u30e0\" class=\"wp-image-1428\" srcset=\"https:\/\/onemd.ro\/wp-content\/uploads\/2025\/08\/elmafarm.jpg 600w, https:\/\/onemd.ro\/wp-content\/uploads\/2025\/08\/elmafarm-300x150.jpg 300w, https:\/\/onemd.ro\/wp-content\/uploads\/2025\/08\/elmafarm-18x9.jpg 18w\" sizes=\"(max-width: 600px) 100vw, 600px\" \/><\/a><\/figure>\n\n\n\n<figure class=\"wp-block-image size-full\"><a href=\"https:\/\/www.catena.ro\/\" target=\"_blank\" rel=\" noreferrer noopener\"><img loading=\"lazy\" decoding=\"async\" width=\"600\" height=\"300\" src=\"https:\/\/onemd.ro\/wp-content\/uploads\/2021\/07\/Farmaci-5.jpg\" alt=\"\u30c1\u30a7\u30fc\u30f3\" class=\"wp-image-111\" srcset=\"https:\/\/onemd.ro\/wp-content\/uploads\/2021\/07\/Farmaci-5.jpg 600w, https:\/\/onemd.ro\/wp-content\/uploads\/2021\/07\/Farmaci-5-300x150.jpg 300w, https:\/\/onemd.ro\/wp-content\/uploads\/2021\/07\/Farmaci-5-16x8.jpg 16w\" sizes=\"(max-width: 600px) 100vw, 600px\" \/><\/a><\/figure>\n\n\n\n<figure class=\"wp-block-image size-full\"><a href=\"https:\/\/www.remediumfarm.ro\/catalog\/brand\/riemann-p20-11001956\" target=\"_blank\" rel=\" noreferrer noopener\"><img loading=\"lazy\" decoding=\"async\" width=\"600\" height=\"300\" src=\"https:\/\/onemd.ro\/wp-content\/uploads\/2021\/07\/f5-1.jpg\" alt=\"\u30ec\u30e1\u30c7\u30a3\u30a6\u30e0\u8fb2\u5834\" class=\"wp-image-299\" srcset=\"https:\/\/onemd.ro\/wp-content\/uploads\/2021\/07\/f5-1.jpg 600w, https:\/\/onemd.ro\/wp-content\/uploads\/2021\/07\/f5-1-300x150.jpg 300w, https:\/\/onemd.ro\/wp-content\/uploads\/2021\/07\/f5-1-16x8.jpg 16w\" sizes=\"(max-width: 600px) 100vw, 600px\" \/><\/a><\/figure>\n\n\n\n<figure class=\"wp-block-image size-full\"><a href=\"https:\/\/www.springfarma.com\/p20.html\" target=\"_blank\" rel=\" noreferrer noopener\"><img loading=\"lazy\" decoding=\"async\" width=\"600\" height=\"300\" src=\"https:\/\/onemd.ro\/wp-content\/uploads\/2025\/08\/Spring-Farma.jpg\" alt=\"\" class=\"wp-image-1611\" srcset=\"https:\/\/onemd.ro\/wp-content\/uploads\/2025\/08\/Spring-Farma.jpg 600w, https:\/\/onemd.ro\/wp-content\/uploads\/2025\/08\/Spring-Farma-300x150.jpg 300w, https:\/\/onemd.ro\/wp-content\/uploads\/2025\/08\/Spring-Farma-18x9.jpg 18w\" sizes=\"(max-width: 600px) 100vw, 600px\" \/><\/a><\/figure>\n<\/div>","protected":false},"excerpt":{"rendered":"<p>Riemann P20 este un brand de top \u00een domeniul protec\u021biei solare, recunoscut pentru produsele sale inovatoare \u0219i de \u00eenalt\u0103 performan\u021b\u0103. Cu o experien\u021b\u0103 \u00eendelungat\u0103 \u00een cercetarea \u0219i dezvoltarea solu\u021biilor de protec\u021bie solar\u0103, Riemann P20 ofer\u0103 produse care asigur\u0103 o protec\u021bie eficient\u0103 \u0219i de lung\u0103 durat\u0103 \u00eempotriva razelor UV, pana la 10 ore in utilizare normal, respectiv pana la 3 ore in apa. Produsele cheie Riemann P20 &#8211; P20 Sun Protection Spray SPF50: Un spray de protec\u021bie solar\u0103 cu factor de protec\u021bie ridicat, care ofer\u0103 p\u00e2n\u0103 la 10 ore de protec\u021bie continu\u0103. Formula sa este rezistent\u0103 la ap\u0103 \u0219i se aplic\u0103 u\u0219or. &#8211; P20 Sun Protection Lotion SPF30: O lo\u021biune de [&hellip;]<\/p>","protected":false},"author":1,"featured_media":0,"parent":0,"menu_order":0,"comment_status":"closed","ping_status":"closed","template":"","meta":{"footnotes":""},"class_list":["post-741","page","type-page","status-publish","hentry"],"aioseo_notices":[],"_links":{"self":[{"href":"https:\/\/onemd.ro\/ja\/wp-json\/wp\/v2\/pages\/741","targetHints":{"allow":["GET"]}}],"collection":[{"href":"https:\/\/onemd.ro\/ja\/wp-json\/wp\/v2\/pages"}],"about":[{"href":"https:\/\/onemd.ro\/ja\/wp-json\/wp\/v2\/types\/page"}],"author":[{"embeddable":true,"href":"https:\/\/onemd.ro\/ja\/wp-json\/wp\/v2\/users\/1"}],"replies":[{"embeddable":true,"href":"https:\/\/onemd.ro\/ja\/wp-json\/wp\/v2\/comments?post=741"}],"version-history":[{"count":3,"href":"https:\/\/onemd.ro\/ja\/wp-json\/wp\/v2\/pages\/741\/revisions"}],"predecessor-version":[{"id":1700,"href":"https:\/\/onemd.ro\/ja\/wp-json\/wp\/v2\/pages\/741\/revisions\/1700"}],"wp:attachment":[{"href":"https:\/\/onemd.ro\/ja\/wp-json\/wp\/v2\/media?parent=741"}],"curies":[{"name":"wp","href":"https:\/\/api.w.org\/{rel}","templated":true}]}}