{"id":743,"date":"2024-05-27T07:25:20","date_gmt":"2024-05-27T07:25:20","guid":{"rendered":"https:\/\/onemd.ro\/?page_id=743"},"modified":"2025-08-29T10:12:21","modified_gmt":"2025-08-29T10:12:21","slug":"west-barn-co","status":"publish","type":"page","link":"https:\/\/onemd.ro\/ja\/west-barn-co\/","title":{"rendered":"\u682a\u5f0f\u4f1a\u793e\u30a6\u30a8\u30b9\u30c8\u30d0\u30fc\u30f3"},"content":{"rendered":"<div class=\"wp-block-image\">\n<figure class=\"aligncenter size-medium\"><img decoding=\"async\" width=\"300\" height=\"150\" src=\"https:\/\/onemd.ro\/wp-content\/uploads\/2023\/09\/west-barn-co-300x150.jpg\" alt=\"\u682a\u5f0f\u4f1a\u793e\u30a6\u30a8\u30b9\u30c8\u30d0\u30fc\u30f3\" class=\"wp-image-616\" title=\"\u682a\u5f0f\u4f1a\u793e\u30a6\u30a8\u30b9\u30c8\u30d0\u30fc\u30f3\" srcset=\"https:\/\/onemd.ro\/wp-content\/uploads\/2023\/09\/west-barn-co-300x150.jpg 300w, https:\/\/onemd.ro\/wp-content\/uploads\/2023\/09\/west-barn-co-1024x512.jpg 1024w, https:\/\/onemd.ro\/wp-content\/uploads\/2023\/09\/west-barn-co-768x384.jpg 768w, https:\/\/onemd.ro\/wp-content\/uploads\/2023\/09\/west-barn-co-18x9.jpg 18w, https:\/\/onemd.ro\/wp-content\/uploads\/2023\/09\/west-barn-co.jpg 1058w\" sizes=\"(max-width: 300px) 100vw, 300px\" \/><\/figure><\/div>\n\n\n<p><strong>WBCo (West Barn Co.) \u306f\u3001\u30a2\u30a4\u30d6\u30ed\u30a6\u3068\u30b9\u30ad\u30f3\u30b1\u30a2\u88fd\u54c1\u3092\u5c02\u9580\u3068\u3059\u308b\u9769\u65b0\u7684\u306a\u82f1\u56fd\u30d6\u30e9\u30f3\u30c9\u3067\u3001\u9ad8\u54c1\u8cea\u306e\u539f\u6599\u3092\u4f7f\u7528\u3057\u3001\u52b9\u679c\u7684\u306a\u51e6\u65b9\u3067\u77e5\u3089\u308c\u3066\u3044\u307e\u3059\u3002<\/strong>.WBCo\u306f\u3001\u6301\u7d9a\u53ef\u80fd\u6027\u3068\u30af\u30ea\u30fc\u30f3\u306a\u6210\u5206\u306e\u502b\u7406\u3092\u5c0a\u91cd\u3057\u306a\u304c\u3089\u3001\u5370\u8c61\u7684\u3067\u9577\u6301\u3061\u3059\u308b\u7d50\u679c\u3092\u3082\u305f\u3089\u3059\u30d7\u30ed\u30d5\u30a7\u30c3\u30b7\u30e7\u30ca\u30eb\u306a\u88fd\u54c1\u3092\u4f5c\u308b\u3053\u3068\u306b\u6ce8\u529b\u3057\u3066\u3044\u308b\u3002<\/p>\n\n\n\n<p class=\"has-primary-color has-text-color\"><strong>WBCo\u306e\u4e3b\u8981\u88fd\u54c1<\/strong><\/p>\n\n\n\n<p>\u2013 <strong>\u77f3\u9e78\u7709<\/strong>\u30bd\u30fc\u30d7 \u30d6\u30e9\u30a6\u30ba\u306f\u3001\u7709\u6bdb\u3092\u6574\u3048\u3001\u30b9\u30bf\u30a4\u30ea\u30f3\u30b0\u3059\u308b\u305f\u3081\u306e\u9769\u65b0\u7684\u306a\u30bd\u30ea\u30e5\u30fc\u30b7\u30e7\u30f3\u3067\u3059\u3002\u5b89\u5168\u3067\u52b9\u679c\u7684\u306a\u6210\u5206\u3092\u914d\u5408\u3057\u3001\u4e00\u65e5\u4e2d\u30d1\u30fc\u30d5\u30a7\u30af\u30c8\u306a\u7709\u3092\u30ad\u30fc\u30d7\u3057\u307e\u3059\u3002<\/p>\n\n\n\n<p>\u2013 <strong>\u30b9\u30ad\u30f3 \u30b0\u30ec\u30a4\u30ba<\/strong>: \u8f1d\u304d\u306e\u3042\u308b\u5065\u5eb7\u7684\u306a\u808c\u306b\u4ed5\u4e0a\u3052\u308b\u30ea\u30ad\u30c3\u30c9\u30bf\u30a4\u30d7\u306e\u30a4\u30eb\u30df\u30cd\u30fc\u30bf\u30fc\u3002\u4fdd\u6e7f\u6210\u5206\u914d\u5408\u3067\u3001\u9854\u306b\u3082\u4f53\u306b\u3082\u4f7f\u3048\u3001\u81ea\u7136\u306a\u8f1d\u304d\u3092\u4e0e\u3048\u307e\u3059\u3002<\/p>\n\n\n\n<p>\u2013 <strong>\u30d6\u30ed\u30a6\u30fb\u30a8\u30ea\u30af\u30b5\u30fc<\/strong>\u5065\u5eb7\u7684\u306a\u7709\u6bdb\u306e\u6210\u9577\u3092\u4fc3\u9032\u3057\u3001\u7709\u6bdb\u3092\u5f37\u5316\u3059\u308b\u6804\u990a\u8c4a\u5bcc\u306a\u7709\u6bdb\u7f8e\u5bb9\u6db2\u3002\u5929\u7136\u30aa\u30a4\u30eb\u3068\u30d3\u30bf\u30df\u30f3\u3092\u914d\u5408\u3057\u3001\u592a\u304f\u8c4a\u304b\u306a\u7709\u3092\u4fdd\u3061\u307e\u3059\u3002<\/p>\n\n\n\n<p>\u2013<strong> \u30df\u30b9\u30c8\uff06\u30d5\u30a3\u30c3\u30af\u30b9<\/strong>: \u30e1\u30a4\u30af\u30a2\u30c3\u30d7\u3092\u6574\u3048\u308b\u3060\u3051\u3067\u306a\u304f\u30011\u65e5\u4e2d\u808c\u306b\u3046\u308b\u304a\u3044\u3092\u4e0e\u3048\u3001\u6d3b\u6027\u5316\u3055\u305b\u308b\u591a\u76ee\u7684\u30bb\u30c3\u30c6\u30a3\u30f3\u30b0\u30b9\u30d7\u30ec\u30fc\u3002\u690d\u7269\u30a8\u30ad\u30b9\u3092\u914d\u5408\u3057\u3001\u307f\u305a\u307f\u305a\u3057\u304f\u5feb\u9069\u306a\u4f7f\u7528\u611f\u3092\u3082\u305f\u3089\u3057\u307e\u3059\u3002<\/p>\n\n\n\n<p>\u2013 <strong>\u7709\u30da\u30f3<\/strong>\u6b63\u78ba\u3067\u4f7f\u3044\u3084\u3059\u3044\u30a2\u30a4\u30d6\u30ed\u30a6\u30da\u30f3\u30b7\u30eb\u3067\u3001\u81ea\u7136\u3067\u306f\u3063\u304d\u308a\u3068\u3057\u305f\u7709\u6bdb\u3092\u63cf\u304f\u3053\u3068\u304c\u3067\u304d\u307e\u3059\u3002\u3069\u3093\u306a\u808c\u8272\u3084\u7709\u306e\u30bf\u30a4\u30d7\u306b\u3082\u5408\u3046\u3088\u3046\u3001\u6570\u7a2e\u985e\u306e\u8272\u304b\u3089\u304a\u9078\u3073\u3044\u305f\u3060\u3051\u307e\u3059\u3002<\/p>\n\n\n\n<p><strong>WBCo\u306e\u88fd\u54c1\u306f\u3001\u30d7\u30ed\u30d5\u30a7\u30c3\u30b7\u30e7\u30ca\u30eb\u306a\u7709\u6bdb\u30b1\u30a2\u3068\u30b9\u30bf\u30a4\u30ea\u30f3\u30b0\u306e\u30bd\u30ea\u30e5\u30fc\u30b7\u30e7\u30f3\u3092\u63d0\u4f9b\u3059\u308b\u305f\u3081\u306b\u958b\u767a\u3055\u308c\u305f\u3001\u9769\u65b0\u7684\u3067\u52b9\u679c\u7684\u306a\u51e6\u65b9\u3067\u77e5\u3089\u308c\u3066\u3044\u307e\u3059\u3002<\/strong>.\u3053\u306e\u30d6\u30e9\u30f3\u30c9\u306f\u3001\u74b0\u5883\u3068\u30e6\u30fc\u30b6\u30fc\u306e\u5065\u5eb7\u3092\u5c0a\u91cd\u3057\u3001\u81ea\u7136\u306e\u7f8e\u3068\u771f\u6b63\u6027\u3092\u4fc3\u9032\u3059\u308b\u88fd\u54c1\u3092\u63d0\u4f9b\u3059\u308b\u3053\u3068\u3092\u7d04\u675f\u3059\u308b\u3002<\/p>\n\n\n\n<hr class=\"wp-block-separator aligncenter has-alpha-channel-opacity\"\/>\n\n\n\n<p class=\"has-text-align-center\"><strong>\u30a6\u30a8\u30b9\u30c8\u30d0\u30fc\u30f3\u793e\u306e\u88fd\u54c1\u3092\u30aa\u30f3\u30e9\u30a4\u30f3\u3067\u6ce8\u6587<\/strong>.<strong> \u30aa\u30d5\u30a3\u30b7\u30e3\u30eb\u30fb\u30d1\u30fc\u30c8\u30ca\u30fc\u30fb\u30b7\u30e7\u30c3\u30d7\u304b\u3089\uff1a<\/strong><\/p>\n\n\n\n<div class=\"wp-block-group has-large-font-size is-layout-grid wp-container-core-group-is-layout-6be84c55 wp-block-group-is-layout-grid\">\n<figure class=\"wp-block-image size-medium\"><a href=\"https:\/\/sole.ro\/brand\/west-barn-co\" target=\"_blank\" rel=\" noreferrer noopener\"><img decoding=\"async\" width=\"300\" height=\"150\" src=\"https:\/\/onemd.ro\/wp-content\/uploads\/2021\/07\/f6-2-300x150.jpg\" alt=\"\u30bd\u30fc\u30eb\u30ed\" class=\"wp-image-297\" srcset=\"https:\/\/onemd.ro\/wp-content\/uploads\/2021\/07\/f6-2-300x150.jpg 300w, https:\/\/onemd.ro\/wp-content\/uploads\/2021\/07\/f6-2-16x8.jpg 16w, https:\/\/onemd.ro\/wp-content\/uploads\/2021\/07\/f6-2.jpg 600w\" sizes=\"(max-width: 300px) 100vw, 300px\" \/><\/a><\/figure>\n\n\n\n<figure class=\"wp-block-image size-medium\"><a href=\"https:\/\/comenzi.farmaciatei.ro\/brand\/west-barn\" target=\"_blank\" rel=\" noreferrer noopener\"><img decoding=\"async\" width=\"300\" height=\"150\" src=\"https:\/\/onemd.ro\/wp-content\/uploads\/2021\/07\/f1-1-300x150.jpg\" alt=\"\u30c6\u30a4\u85ac\u5c40\u30aa\u30d5\u30a3\u30b7\u30e3\u30eb\u30d1\u30fc\u30c8\u30ca\u30fc\u30b7\u30e7\u30c3\u30d7\" class=\"wp-image-301\" srcset=\"https:\/\/onemd.ro\/wp-content\/uploads\/2021\/07\/f1-1-300x150.jpg 300w, https:\/\/onemd.ro\/wp-content\/uploads\/2021\/07\/f1-1-16x8.jpg 16w, https:\/\/onemd.ro\/wp-content\/uploads\/2021\/07\/f1-1.jpg 600w\" sizes=\"(max-width: 300px) 100vw, 300px\" \/><\/a><\/figure>\n<\/div>","protected":false},"excerpt":{"rendered":"<p>WBCo (West Barn Co.) este un brand britanic inovator specializat \u00een produse de \u00eengrijire a spr\u00e2ncenelor \u0219i a pielii, cunoscut pentru utilizarea ingredientelor de \u00eenalt\u0103 calitate \u0219i formulelor eficiente. WBCo se concentreaz\u0103 pe crearea de produse profesionale care ofer\u0103 rezultate impresionante \u0219i de lung\u0103 durat\u0103, respect\u00e2nd \u00een acela\u0219i timp etica sustenabilit\u0103\u021bii \u0219i a ingredientelor curate. Produsele cheie WBCo &#8211; Soap Brows: Produsul emblematic al brandului, Soap Brows, este o solu\u021bie inovatoare pentru fixarea \u0219i stilizarea spr\u00e2ncenelor, oferind o defini\u021bie natural\u0103 \u0219i o fixare puternic\u0103. Formulat cu ingrediente sigure \u0219i eficiente, acest produs asigur\u0103 spr\u00e2ncene perfecte pe tot parcursul zilei. &#8211; Skin Glaze: Un iluminator lichid care ofer\u0103 pielii un aspect [&hellip;]<\/p>\n","protected":false},"author":1,"featured_media":0,"parent":0,"menu_order":0,"comment_status":"closed","ping_status":"closed","template":"","meta":{"footnotes":""},"class_list":["post-743","page","type-page","status-publish","hentry"],"aioseo_notices":[],"_links":{"self":[{"href":"https:\/\/onemd.ro\/ja\/wp-json\/wp\/v2\/pages\/743","targetHints":{"allow":["GET"]}}],"collection":[{"href":"https:\/\/onemd.ro\/ja\/wp-json\/wp\/v2\/pages"}],"about":[{"href":"https:\/\/onemd.ro\/ja\/wp-json\/wp\/v2\/types\/page"}],"author":[{"embeddable":true,"href":"https:\/\/onemd.ro\/ja\/wp-json\/wp\/v2\/users\/1"}],"replies":[{"embeddable":true,"href":"https:\/\/onemd.ro\/ja\/wp-json\/wp\/v2\/comments?post=743"}],"version-history":[{"count":3,"href":"https:\/\/onemd.ro\/ja\/wp-json\/wp\/v2\/pages\/743\/revisions"}],"predecessor-version":[{"id":1658,"href":"https:\/\/onemd.ro\/ja\/wp-json\/wp\/v2\/pages\/743\/revisions\/1658"}],"wp:attachment":[{"href":"https:\/\/onemd.ro\/ja\/wp-json\/wp\/v2\/media?parent=743"}],"curies":[{"name":"wp","href":"https:\/\/api.w.org\/{rel}","templated":true}]}}