{"id":747,"date":"2024-05-27T07:31:52","date_gmt":"2024-05-27T07:31:52","guid":{"rendered":"https:\/\/onemd.ro\/?page_id=747"},"modified":"2025-08-21T11:32:05","modified_gmt":"2025-08-21T11:32:05","slug":"skin1004","status":"publish","type":"page","link":"https:\/\/onemd.ro\/ja\/skin1004\/","title":{"rendered":"SKIN1004"},"content":{"rendered":"<div class=\"wp-block-image\">\n<figure class=\"aligncenter size-medium\"><img decoding=\"async\" width=\"300\" height=\"150\" src=\"https:\/\/onemd.ro\/wp-content\/uploads\/2023\/09\/skin1004-300x150.jpg\" alt=\"SKIN1004\" class=\"wp-image-618\" title=\"SKIN1004\" srcset=\"https:\/\/onemd.ro\/wp-content\/uploads\/2023\/09\/skin1004-300x150.jpg 300w, https:\/\/onemd.ro\/wp-content\/uploads\/2023\/09\/skin1004-1024x512.jpg 1024w, https:\/\/onemd.ro\/wp-content\/uploads\/2023\/09\/skin1004-768x384.jpg 768w, https:\/\/onemd.ro\/wp-content\/uploads\/2023\/09\/skin1004-18x9.jpg 18w, https:\/\/onemd.ro\/wp-content\/uploads\/2023\/09\/skin1004.jpg 1058w\" sizes=\"(max-width: 300px) 100vw, 300px\" \/><\/figure><\/div>\n\n\n<p><strong>SKIN1004\u306f\u3001\u30de\u30c0\u30ac\u30b9\u30ab\u30eb\u7523\u306e\u30d4\u30e5\u30a2\u306a\u5929\u7136\u6210\u5206\u3092\u4f7f\u7528\u3059\u308b\u3053\u3068\u3067\u6709\u540d\u306a\u97d3\u56fd\u306e\u30b9\u30ad\u30f3\u30b1\u30a2\u30d6\u30e9\u30f3\u30c9\u3067\u3042\u308b\u3002<\/strong>.SKIN1004\u306e\u88fd\u54c1\u306f\u3001\u54c1\u8cea\u3068\u52b9\u80fd\u3092\u91cd\u8996\u3057\u3001\u3055\u307e\u3056\u307e\u306a\u808c\u30c8\u30e9\u30d6\u30eb\u306b\u52b9\u679c\u7684\u3067\u3084\u3055\u3057\u3044\u30bd\u30ea\u30e5\u30fc\u30b7\u30e7\u30f3\u3092\u63d0\u4f9b\u3059\u308b\u3088\u3046\u51e6\u65b9\u3055\u308c\u3066\u3044\u308b\u3002SKIN1004\u306f\u3001\u81ea\u7136\u7531\u6765\u306e\u6709\u52b9\u6210\u5206\u306b\u7740\u76ee\u3057\u3001\u5148\u9032\u306e\u79d1\u5b66\u3068\u81ea\u7136\u306e\u6075\u307f\u3092\u7d44\u307f\u5408\u308f\u305b\u308b\u3053\u3068\u3067\u3001\u5065\u3084\u304b\u3067\u8f1d\u304d\u306e\u3042\u308b\u808c\u3092\u4fdd\u3061\u307e\u3059\u3002<\/p>\n\n\n\n<p class=\"has-primary-color has-text-color\"><strong>\u4e3b\u8981\u88fd\u54c1 SKIN1004<\/strong><\/p>\n\n\n\n<p>\u2013 <strong>\u30de\u30c0\u30ac\u30b9\u30ab\u30eb \u30bb\u30f3\u30c6\u30e9\u30a2\u30b8\u30a2\u30c6\u30a3\u30ab \u30a2\u30f3\u30d7\u30eb<\/strong>\u30de\u30c0\u30ac\u30b9\u30ab\u30eb\u7523\u306e100%\u30bb\u30f3\u30c6\u30e9\u30a2\u30b8\u30a2\u30c1\u30ab\u30a8\u30ad\u30b9\u3092\u914d\u5408\u3057\u305f\u6fc3\u7e2e\u7f8e\u5bb9\u6db2\u3067\u3001\u654f\u611f\u808c\u3092\u843d\u3061\u7740\u304b\u305b\u3001\u4fee\u5fa9\u3057\u3001\u8d64\u307f\u3084\u708e\u75c7\u3092\u6291\u3048\u307e\u3059\u3002<\/p>\n\n\n\n<p>\u2013 <strong>\u30de\u30c0\u30ac\u30b9\u30ab\u30eb\u30fb\u30bb\u30f3\u30c6\u30e9\u30fb\u30c8\u30fc\u30cb\u30f3\u30b0\u30fb\u30c8\u30ca\u30fc<\/strong>\u30bb\u30f3\u30c6\u30e9\u30a2\u30b8\u30a2\u30c1\u30ab\u30a8\u30ad\u30b9\u3068PHA\u3092\u914d\u5408\u3057\u3001\u808c\u306e\u89d2\u8cea\u3092\u3084\u3055\u3057\u304f\u53d6\u308a\u9664\u304d\u3001\u4fdd\u6e7f\u3068\u30d0\u30e9\u30f3\u30b9\u3092\u4e0e\u3048\u3001\u30ad\u30e1\u3092\u6574\u3048\u307e\u3059\u3002<\/p>\n\n\n\n<p>\u2013 <strong>\u30de\u30c0\u30ac\u30b9\u30ab\u30eb\u30fb\u30bb\u30f3\u30c6\u30e9\u30fb\u30b9\u30fc\u30b8\u30f3\u30b0\u30fb\u30af\u30ea\u30fc\u30e0<\/strong>\u30bb\u30f3\u30c6\u30e9\u30a2\u30b8\u30a2\u30c6\u30a3\u30ab\u3068\u30ca\u30a4\u30a2\u30b7\u30f3\u30a2\u30df\u30c9\u304c\u914d\u5408\u3055\u308c\u305f\u3001\u808c\u3092\u843d\u3061\u7740\u304b\u305b\u4fdd\u6e7f\u3059\u308b\u30af\u30ea\u30fc\u30e0\u3002<\/p>\n\n\n\n<p>\u2013 <strong>\u30de\u30c0\u30ac\u30b9\u30ab\u30eb \u30bb\u30f3\u30c6\u30e9 \u30e9\u30a4\u30c8 \u30af\u30ec\u30f3\u30b8\u30f3\u30b0 \u30aa\u30a4\u30eb<\/strong>\u30e1\u30a4\u30af\u30a2\u30c3\u30d7\u3084\u4e0d\u7d14\u7269\u3092\u52b9\u679c\u7684\u306b\u53d6\u308a\u9664\u304d\u3001\u808c\u3092\u4e7e\u71e5\u3055\u305b\u308b\u3053\u3068\u306a\u304f\u3001\u6e05\u6f54\u3067\u30d0\u30e9\u30f3\u30b9\u306e\u3068\u308c\u305f\u72b6\u614b\u306b\u4fdd\u3061\u307e\u3059\u3002<\/p>\n\n\n\n<p>\u2013 <strong>\u30de\u30c0\u30ac\u30b9\u30ab\u30eb\u30fb\u30bb\u30f3\u30c6\u30e9\u30fb\u30a6\u30a9\u30fc\u30bf\u30fc\u30b8\u30a7\u30eb\u30fb\u30b7\u30fc\u30c8\u30fb\u30a2\u30f3\u30d7\u30eb\u30fb\u30de\u30b9\u30af<\/strong>\u30bb\u30f3\u30c6\u30e9\u30a2\u30b8\u30a2\u30c6\u30a3\u30ab\u30a8\u30ad\u30b9\u914d\u5408\u306e\u7f8e\u5bb9\u6db2\u306b\u6d78\u3057\u305f\u30d5\u30a7\u30a4\u30b9\u30de\u30b9\u30af\u3002<\/p>\n\n\n\n<p><strong>SKIN1004\u306e\u88fd\u54c1\u306f\u3001\u808c\u306e\u591a\u69d8\u306a\u30cb\u30fc\u30ba\u306b\u5fdc\u3048\u308b\u305f\u3081\u306b\u958b\u767a\u3055\u308c\u305f\u3001\u81ea\u7136\u3067\u52b9\u679c\u7684\u306a\u51e6\u65b9\u3067\u8a8d\u3081\u3089\u308c\u3066\u3044\u308b\u3002<\/strong> \u3053\u306e\u30d6\u30e9\u30f3\u30c9\u306f\u3001\u54c1\u8cea\u3068\u7d14\u5ea6\u306b\u3053\u3060\u308f\u308a\u3001\u5b89\u5168\u3067\u52b9\u679c\u7684\u3001\u304b\u3064\u74b0\u5883\u306b\u3084\u3055\u3057\u3044\u30b9\u30ad\u30f3\u30b1\u30a2\u30fb\u30bd\u30ea\u30e5\u30fc\u30b7\u30e7\u30f3\u3092\u63d0\u4f9b\u3057\u3066\u3044\u308b\u3053\u3068\u3067\u77e5\u3089\u308c\u3066\u3044\u308b\u3002<\/p>\n\n\n\n<p class=\"has-text-align-center\"><\/p>\n\n\n\n<hr class=\"wp-block-separator aligncenter has-alpha-channel-opacity\"\/>\n\n\n\n<p class=\"has-text-align-center\"><strong>\u30aa\u30f3\u30e9\u30a4\u30f3\u3067\u5546\u54c1\u3092\u6ce8\u6587\u3059\u308b <strong>SKIN1004<\/strong><\/strong> <strong>\u30aa\u30d5\u30a3\u30b7\u30e3\u30eb\u30fb\u30d1\u30fc\u30c8\u30ca\u30fc\u30fb\u30b7\u30e7\u30c3\u30d7\u304b\u3089\uff1a<\/strong><\/p>\n\n\n\n<div class=\"wp-block-group has-large-font-size is-layout-grid wp-container-core-group-is-layout-4d858cb8 wp-block-group-is-layout-grid\">\n<figure class=\"wp-block-image size-medium\"><a href=\"https:\/\/sole.ro\/brand\/skin1004\" target=\"_blank\" rel=\" noreferrer noopener\"><img decoding=\"async\" width=\"300\" height=\"150\" src=\"https:\/\/onemd.ro\/wp-content\/uploads\/2021\/07\/f6-2-300x150.jpg\" alt=\"\u30bd\u30fc\u30eb\u30ed\" class=\"wp-image-297\" srcset=\"https:\/\/onemd.ro\/wp-content\/uploads\/2021\/07\/f6-2-300x150.jpg 300w, https:\/\/onemd.ro\/wp-content\/uploads\/2021\/07\/f6-2-16x8.jpg 16w, https:\/\/onemd.ro\/wp-content\/uploads\/2021\/07\/f6-2.jpg 600w\" sizes=\"(max-width: 300px) 100vw, 300px\" \/><\/a><\/figure>\n\n\n\n<figure class=\"wp-block-image size-medium\"><a href=\"https:\/\/comenzi.farmaciatei.ro\/brand\/skin1004\" target=\"_blank\" rel=\" noreferrer noopener\"><img decoding=\"async\" width=\"300\" height=\"150\" src=\"https:\/\/onemd.ro\/wp-content\/uploads\/2021\/07\/f1-1-300x150.jpg\" alt=\"\u30c6\u30a4\u85ac\u5c40\u30aa\u30d5\u30a3\u30b7\u30e3\u30eb\u30d1\u30fc\u30c8\u30ca\u30fc\u30b7\u30e7\u30c3\u30d7\" class=\"wp-image-301\" srcset=\"https:\/\/onemd.ro\/wp-content\/uploads\/2021\/07\/f1-1-300x150.jpg 300w, https:\/\/onemd.ro\/wp-content\/uploads\/2021\/07\/f1-1-16x8.jpg 16w, https:\/\/onemd.ro\/wp-content\/uploads\/2021\/07\/f1-1.jpg 600w\" sizes=\"(max-width: 300px) 100vw, 300px\" \/><\/a><\/figure>\n\n\n\n<figure class=\"wp-block-image size-medium\"><a href=\"https:\/\/comenzi.bebetei.ro\/brand\/skin1004\" target=\"_blank\" rel=\" noreferrer noopener\"><img loading=\"lazy\" decoding=\"async\" width=\"300\" height=\"150\" src=\"https:\/\/onemd.ro\/wp-content\/uploads\/2021\/07\/f4-300x150.jpg\" alt=\"\u3079\u3079\u4ead\u30aa\u30d5\u30a3\u30b7\u30e3\u30eb\u30d1\u30fc\u30c8\u30ca\u30fc\u30b7\u30e7\u30c3\u30d7\" class=\"wp-image-292\" srcset=\"https:\/\/onemd.ro\/wp-content\/uploads\/2021\/07\/f4-300x150.jpg 300w, https:\/\/onemd.ro\/wp-content\/uploads\/2021\/07\/f4-16x8.jpg 16w, https:\/\/onemd.ro\/wp-content\/uploads\/2021\/07\/f4.jpg 600w\" sizes=\"(max-width: 300px) 100vw, 300px\" \/><\/a><\/figure>\n\n\n\n<figure class=\"wp-block-image size-medium\"><a href=\"https:\/\/www.drmax.ro\/skin1004\" target=\"_blank\" rel=\" noreferrer noopener\"><img loading=\"lazy\" decoding=\"async\" width=\"300\" height=\"129\" src=\"https:\/\/onemd.ro\/wp-content\/uploads\/2024\/05\/dr-max-300x129.jpg\" alt=\"\u30c9\u30af\u30bf\u30fc\u30de\u30c3\u30af\u30b9\u516c\u5f0f\u30d1\u30fc\u30c8\u30ca\u30fc\u30b7\u30e7\u30c3\u30d7\" class=\"wp-image-673\" srcset=\"https:\/\/onemd.ro\/wp-content\/uploads\/2024\/05\/dr-max-300x129.jpg 300w, https:\/\/onemd.ro\/wp-content\/uploads\/2024\/05\/dr-max-18x8.jpg 18w, https:\/\/onemd.ro\/wp-content\/uploads\/2024\/05\/dr-max.jpg 473w\" sizes=\"(max-width: 300px) 100vw, 300px\" \/><\/a><\/figure>\n\n\n\n<figure class=\"wp-block-image size-full\"><a href=\"https:\/\/www.dm.ro\/search?query=skin1004&amp;searchProviderType=dm-products&amp;brandName=SKIN1004\" target=\"_blank\" rel=\" noreferrer noopener\"><img loading=\"lazy\" decoding=\"async\" width=\"600\" height=\"300\" src=\"https:\/\/onemd.ro\/wp-content\/uploads\/2021\/07\/f3-1.jpg\" alt=\"DM\u30b0\u30ed\u30fc\u30b5\u30ea\u30fc\" class=\"wp-image-291\" srcset=\"https:\/\/onemd.ro\/wp-content\/uploads\/2021\/07\/f3-1.jpg 600w, https:\/\/onemd.ro\/wp-content\/uploads\/2021\/07\/f3-1-300x150.jpg 300w, https:\/\/onemd.ro\/wp-content\/uploads\/2021\/07\/f3-1-16x8.jpg 16w\" sizes=\"(max-width: 600px) 100vw, 600px\" \/><\/a><\/figure>\n\n\n\n<figure class=\"wp-block-image size-full\"><a href=\"https:\/\/www.helpnet.ro\/skin1004\" target=\"_blank\" rel=\" noreferrer noopener\"><img loading=\"lazy\" decoding=\"async\" width=\"600\" height=\"300\" src=\"https:\/\/onemd.ro\/wp-content\/uploads\/2025\/08\/helpnet.jpg\" alt=\"\u30d8\u30eb\u30d7\u30cd\u30c3\u30c8\" class=\"wp-image-1427\" srcset=\"https:\/\/onemd.ro\/wp-content\/uploads\/2025\/08\/helpnet.jpg 600w, https:\/\/onemd.ro\/wp-content\/uploads\/2025\/08\/helpnet-300x150.jpg 300w, https:\/\/onemd.ro\/wp-content\/uploads\/2025\/08\/helpnet-18x9.jpg 18w\" sizes=\"(max-width: 600px) 100vw, 600px\" \/><\/a><\/figure>\n\n\n\n<figure class=\"wp-block-image size-full\"><a href=\"https:\/\/www.farmaciilenapofarm.ro\/skin1004\" target=\"_blank\" rel=\" noreferrer noopener\"><img loading=\"lazy\" decoding=\"async\" width=\"600\" height=\"300\" src=\"https:\/\/onemd.ro\/wp-content\/uploads\/2021\/10\/f8.jpg\" alt=\"\u30ca\u30dd\u30d5\u30a1\u30fc\u30e0\" class=\"wp-image-546\" srcset=\"https:\/\/onemd.ro\/wp-content\/uploads\/2021\/10\/f8.jpg 600w, https:\/\/onemd.ro\/wp-content\/uploads\/2021\/10\/f8-300x150.jpg 300w, https:\/\/onemd.ro\/wp-content\/uploads\/2021\/10\/f8-18x9.jpg 18w\" sizes=\"(max-width: 600px) 100vw, 600px\" \/><\/a><\/figure>\n\n\n\n<figure class=\"wp-block-image size-full\"><a href=\"https:\/\/www.elmafarm.ro\/search\/key\/Skin1004\" target=\"_blank\" rel=\" noreferrer noopener\"><img loading=\"lazy\" decoding=\"async\" width=\"600\" height=\"300\" src=\"https:\/\/onemd.ro\/wp-content\/uploads\/2025\/08\/elmafarm.jpg\" alt=\"\u30a8\u30eb\u30de\u30d5\u30a1\u30fc\u30e0\" class=\"wp-image-1428\" srcset=\"https:\/\/onemd.ro\/wp-content\/uploads\/2025\/08\/elmafarm.jpg 600w, https:\/\/onemd.ro\/wp-content\/uploads\/2025\/08\/elmafarm-300x150.jpg 300w, https:\/\/onemd.ro\/wp-content\/uploads\/2025\/08\/elmafarm-18x9.jpg 18w\" sizes=\"(max-width: 600px) 100vw, 600px\" \/><\/a><\/figure>\n\n\n\n<figure class=\"wp-block-image size-full\"><a href=\"https:\/\/www.catena.ro\/\" target=\"_blank\" rel=\" noreferrer noopener\"><img loading=\"lazy\" decoding=\"async\" width=\"600\" height=\"300\" src=\"https:\/\/onemd.ro\/wp-content\/uploads\/2021\/07\/Farmaci-5.jpg\" alt=\"\u30c1\u30a7\u30fc\u30f3\" class=\"wp-image-111\" srcset=\"https:\/\/onemd.ro\/wp-content\/uploads\/2021\/07\/Farmaci-5.jpg 600w, https:\/\/onemd.ro\/wp-content\/uploads\/2021\/07\/Farmaci-5-300x150.jpg 300w, https:\/\/onemd.ro\/wp-content\/uploads\/2021\/07\/Farmaci-5-16x8.jpg 16w\" sizes=\"(max-width: 600px) 100vw, 600px\" \/><\/a><\/figure>\n\n\n\n<figure class=\"wp-block-image size-full\"><a href=\"https:\/\/www.remediumfarm.ro\/catalog\/brand\/skin1004-11002249\" target=\"_blank\" rel=\" noreferrer noopener\"><img loading=\"lazy\" decoding=\"async\" width=\"600\" height=\"300\" src=\"https:\/\/onemd.ro\/wp-content\/uploads\/2021\/07\/f5-1.jpg\" alt=\"\u30ec\u30e1\u30c7\u30a3\u30a6\u30e0\u8fb2\u5834\" class=\"wp-image-299\" srcset=\"https:\/\/onemd.ro\/wp-content\/uploads\/2021\/07\/f5-1.jpg 600w, https:\/\/onemd.ro\/wp-content\/uploads\/2021\/07\/f5-1-300x150.jpg 300w, https:\/\/onemd.ro\/wp-content\/uploads\/2021\/07\/f5-1-16x8.jpg 16w\" sizes=\"(max-width: 600px) 100vw, 600px\" \/><\/a><\/figure>\n\n\n\n<figure class=\"wp-block-image size-full\"><a href=\"https:\/\/www.springfarma.com\/skin1004\" target=\"_blank\" rel=\" noreferrer noopener\"><img loading=\"lazy\" decoding=\"async\" width=\"600\" height=\"300\" src=\"https:\/\/onemd.ro\/wp-content\/uploads\/2025\/08\/Spring-Farma.jpg\" alt=\"\" class=\"wp-image-1611\" srcset=\"https:\/\/onemd.ro\/wp-content\/uploads\/2025\/08\/Spring-Farma.jpg 600w, https:\/\/onemd.ro\/wp-content\/uploads\/2025\/08\/Spring-Farma-300x150.jpg 300w, https:\/\/onemd.ro\/wp-content\/uploads\/2025\/08\/Spring-Farma-18x9.jpg 18w\" sizes=\"(max-width: 600px) 100vw, 600px\" \/><\/a><\/figure>\n<\/div>","protected":false},"excerpt":{"rendered":"<p>SKIN1004 este un brand coreean de \u00eengrijire a pielii, renumit pentru utilizarea ingredientelor naturale \u0219i pure, provenite din Madagascar. Produsele SKIN1004 sunt formulate pentru a oferi solu\u021bii eficiente \u0219i bl\u00e2nde pentru diverse probleme ale pielii, pun\u00e2nd accent pe calitate \u0219i eficacitate. Brandul se concentreaz\u0103 pe ingredientele active derivate din natura, combin\u00e2nd \u0219tiin\u021ba avansat\u0103 cu darurile naturale pentru a men\u021bine pielea s\u0103n\u0103toas\u0103 \u0219i radiant\u0103. Produsele cheie SKIN1004 &#8211; Madagascar Centella Asiatica Ampoule: Un ser concentrat formulat cu 100% extract de Centella Asiatica din Madagascar, care calmeaz\u0103 \u0219i repar\u0103 pielea sensibil\u0103, reduc\u00e2nd ro\u0219ea\u021ba \u0219i inflama\u021bia. &#8211; Madagascar Centella Toning Toner: Un toner delicat care con\u021bine extract de Centella Asiatica \u0219i PHA, care [&hellip;]<\/p>\n","protected":false},"author":1,"featured_media":0,"parent":0,"menu_order":0,"comment_status":"closed","ping_status":"closed","template":"","meta":{"footnotes":""},"class_list":["post-747","page","type-page","status-publish","hentry"],"aioseo_notices":[],"_links":{"self":[{"href":"https:\/\/onemd.ro\/ja\/wp-json\/wp\/v2\/pages\/747","targetHints":{"allow":["GET"]}}],"collection":[{"href":"https:\/\/onemd.ro\/ja\/wp-json\/wp\/v2\/pages"}],"about":[{"href":"https:\/\/onemd.ro\/ja\/wp-json\/wp\/v2\/types\/page"}],"author":[{"embeddable":true,"href":"https:\/\/onemd.ro\/ja\/wp-json\/wp\/v2\/users\/1"}],"replies":[{"embeddable":true,"href":"https:\/\/onemd.ro\/ja\/wp-json\/wp\/v2\/comments?post=747"}],"version-history":[{"count":4,"href":"https:\/\/onemd.ro\/ja\/wp-json\/wp\/v2\/pages\/747\/revisions"}],"predecessor-version":[{"id":1613,"href":"https:\/\/onemd.ro\/ja\/wp-json\/wp\/v2\/pages\/747\/revisions\/1613"}],"wp:attachment":[{"href":"https:\/\/onemd.ro\/ja\/wp-json\/wp\/v2\/media?parent=747"}],"curies":[{"name":"wp","href":"https:\/\/api.w.org\/{rel}","templated":true}]}}