{"id":751,"date":"2024-05-27T07:43:31","date_gmt":"2024-05-27T07:43:31","guid":{"rendered":"https:\/\/onemd.ro\/?page_id=751"},"modified":"2025-08-29T10:14:26","modified_gmt":"2025-08-29T10:14:26","slug":"kaine","status":"publish","type":"page","link":"https:\/\/onemd.ro\/ja\/kaine\/","title":{"rendered":"KAINE"},"content":{"rendered":"<div class=\"wp-block-image\">\n<figure class=\"aligncenter size-medium\"><img decoding=\"async\" width=\"300\" height=\"150\" src=\"https:\/\/onemd.ro\/wp-content\/uploads\/2023\/09\/kaine-300x150.jpg\" alt=\"KAINE\" class=\"wp-image-620\" title=\"KAINE\" srcset=\"https:\/\/onemd.ro\/wp-content\/uploads\/2023\/09\/kaine-300x150.jpg 300w, https:\/\/onemd.ro\/wp-content\/uploads\/2023\/09\/kaine-1024x512.jpg 1024w, https:\/\/onemd.ro\/wp-content\/uploads\/2023\/09\/kaine-768x384.jpg 768w, https:\/\/onemd.ro\/wp-content\/uploads\/2023\/09\/kaine-18x9.jpg 18w, https:\/\/onemd.ro\/wp-content\/uploads\/2023\/09\/kaine.jpg 1058w\" sizes=\"(max-width: 300px) 100vw, 300px\" \/><\/figure><\/div>\n\n\n<p><strong>KAINE\u306f\u97d3\u56fd\u306e\u30b9\u30ad\u30f3\u30b1\u30a2\u30fb\u30d6\u30e9\u30f3\u30c9\u3067\u3001\u5929\u7136\u6210\u5206\u3084\u30aa\u30fc\u30ac\u30cb\u30c3\u30af\u6210\u5206\u3092\u4f7f\u7528\u3057\u3001\u9769\u65b0\u7684\u306a\u6280\u8853\u3068\u7d14\u7c8b\u3055\u3092\u7d44\u307f\u5408\u308f\u305b\u3066\u3001\u52b9\u679c\u7684\u3067\u5b89\u5168\u306a\u88fd\u54c1\u3092\u751f\u307f\u51fa\u3057\u3066\u3044\u308b\u3053\u3068\u3067\u77e5\u3089\u308c\u3066\u3044\u308b\u3002<\/strong>.\u30ab\u30a4\u30cd\u306e\u54f2\u5b66\u306f\u79d1\u5b66\u3068\u81ea\u7136\u306e\u30d0\u30e9\u30f3\u30b9\u306b\u57fa\u3065\u3044\u3066\u304a\u308a\u3001\u81ea\u7136\u306a\u5065\u5eb7\u3068\u7f8e\u3092\u30b5\u30dd\u30fc\u30c8\u3059\u308b\u30b9\u30ad\u30f3\u30b1\u30a2\u30bd\u30ea\u30e5\u30fc\u30b7\u30e7\u30f3\u3092\u63d0\u4f9b\u3057\u3066\u3044\u308b\u3002<\/p>\n\n\n\n<p class=\"has-primary-color has-text-color\"><strong>KAINE\u306e\u4e3b\u8981\u88fd\u54c1<\/strong><\/p>\n\n\n\n<p>&#8211; <strong>\u30ce\u30cb\u30fb\u30e9\u30a4\u30c8\u30fb\u30aa\u30a4\u30eb\u30fb\u30bb\u30e9\u30e0<\/strong>\u808c\u306b\u3046\u308b\u304a\u3044\u3092\u4e0e\u3048\u3001\u3044\u304d\u3044\u304d\u3068\u3055\u305b\u307e\u3059\u3002\u6297\u9178\u5316\u7269\u8cea\u3068\u30d3\u30bf\u30df\u30f3\u3092\u8c4a\u5bcc\u306b\u542b\u307f\u3001\u8f1d\u304d\u3092\u4e0e\u3048\u3001\u808c\u306e\u30ad\u30e1\u3092\u6574\u3048\u307e\u3059\u3002<\/p>\n\n\n\n<p>&#8211; <strong>\u30ed\u30fc\u30ba\u30fb\u30ac\u30e9\u30af\u30c8\u30df\u30bb\u30b9\u30fb\u30b7\u30ca\u30b8\u30fc\u30fb\u30bb\u30e9\u30e0<\/strong>\u30ed\u30fc\u30ba\u30a6\u30a9\u30fc\u30bf\u30fc\u3068\u30ac\u30e9\u30af\u30c8\u30df\u30bb\u30b9\u6ffe\u904e\u6db2\u3092\u914d\u5408\u3057\u305f\u7f8e\u5bb9\u6db2\u3067\u3001\u808c\u306b\u3046\u308b\u304a\u3044\u3092\u4e0e\u3048\u3066\u6d3b\u6027\u5316\u3057\u3001\u8f1d\u304d\u306e\u3042\u308b\u5065\u5eb7\u7684\u306a\u808c\u3078\u3068\u5c0e\u304d\u307e\u3059\u3002<\/p>\n\n\n\n<p>&#8211; <strong>\u30c1\u30e3\u30fc\u30ac\u30fb\u30b3\u30e9\u30fc\u30b2\u30f3\u30fb\u30c1\u30e3\u30fc\u30b8\u30f3\u30b0\u30fb\u30bb\u30e9\u30e0<\/strong> \u30b3\u30e9\u30fc\u30b2\u30f3\u3068\u30c1\u30e3\u30fc\u30ac\u30de\u30c3\u30b7\u30e5\u30eb\u30fc\u30e0\u30a8\u30ad\u30b9\u3092\u8c4a\u5bcc\u306b\u542b\u3080\u7f8e\u5bb9\u6db2\u304c\u3001\u808c\u306b\u30cf\u30ea\u3068\u6f64\u3044\u3092\u4e0e\u3048\u3001\u30a8\u30a4\u30b8\u30f3\u30b0\u30b5\u30a4\u30f3\u3092\u8efd\u6e1b\u3057\u3001\u5f3e\u529b\u6027\u306e\u3042\u308b\u808c\u3078\u3068\u5c0e\u304d\u307e\u3059\u3002<\/p>\n\n\n\n<p>&#8211; <strong>\u30c6\u30a3\u30fc\u30c4\u30ea\u30fc\u30fb\u30ea\u30ea\u30fc\u30d5\u30fb\u30c8\u30ca\u30fc<\/strong>\u708e\u75c7\u3092\u6291\u3048\u3001\u76ae\u8102\u306e\u5206\u6ccc\u3092\u8abf\u6574\u3059\u308b\u30c6\u30a3\u30fc\u30c4\u30ea\u30fc\u30a8\u30ad\u30b9\u304c\u914d\u5408\u3055\u308c\u3001\u30cb\u30ad\u30d3\u808c\u306b\u6700\u9069\u3002<\/p>\n\n\n\n<p>&#8211; <strong>\u3088\u3082\u304e\u4fdd\u6e7f\u30af\u30ea\u30fc\u30e0<\/strong>\u30cb\u30ac\u30e8\u30e2\u30ae\u30a8\u30ad\u30b9\u914d\u5408\u306e\u4fdd\u6e7f\u30af\u30ea\u30fc\u30e0\u3067\u3001\u808c\u3092\u843d\u3061\u7740\u304b\u305b\u3001\u6f64\u3044\u3092\u4e0e\u3048\u3001\u5fc3\u5730\u3088\u3055\u3068\u3057\u306a\u3084\u304b\u3055\u3092\u9577\u6642\u9593\u6301\u7d9a\u3055\u305b\u307e\u3059\u3002<\/p>\n\n\n\n<p><strong>KAINE\u306e\u88fd\u54c1\u306f\u3001\u808c\u306e\u69d8\u3005\u306a\u30cb\u30fc\u30ba\u3092\u6e80\u305f\u3059\u305f\u3081\u306b\u958b\u767a\u3055\u308c\u305f\u3001\u30ca\u30c1\u30e5\u30e9\u30eb\u3067\u52b9\u679c\u7684\u306a\u51e6\u65b9\u3067\u8a8d\u3081\u3089\u308c\u3066\u3044\u307e\u3059\u3002<\/strong>.\u3053\u306e\u30d6\u30e9\u30f3\u30c9\u306f\u3001\u74b0\u5883\u3092\u5c0a\u91cd\u3057\u3001\u5065\u5eb7\u3068\u81ea\u7136\u306a\u7f8e\u3057\u3055\u3092\u4fc3\u9032\u3059\u308b\u30b9\u30ad\u30f3\u30b1\u30a2\u30bd\u30ea\u30e5\u30fc\u30b7\u30e7\u30f3\u3092\u63d0\u4f9b\u3059\u308b\u3053\u3068\u306b\u5c3d\u529b\u3057\u3066\u3044\u308b\u3002<\/p>\n\n\n\n<hr class=\"wp-block-separator aligncenter has-alpha-channel-opacity\"\/>\n\n\n\n<p class=\"has-text-align-center\"><strong>\u30aa\u30f3\u30e9\u30a4\u30f3\u3067\u5546\u54c1\u3092\u6ce8\u6587\u3059\u308b <strong>KAINE<\/strong> \u30aa\u30d5\u30a3\u30b7\u30e3\u30eb\u30fb\u30d1\u30fc\u30c8\u30ca\u30fc\u30fb\u30b7\u30e7\u30c3\u30d7\u304b\u3089\uff1a<\/strong><\/p>\n\n\n\n<div class=\"wp-block-group has-large-font-size is-layout-grid wp-container-core-group-is-layout-6be84c55 wp-block-group-is-layout-grid\">\n<figure class=\"wp-block-image size-medium\"><a href=\"https:\/\/sole.ro\/brand\/kaine\" target=\"_blank\" rel=\" noreferrer noopener\"><img decoding=\"async\" width=\"300\" height=\"150\" src=\"https:\/\/onemd.ro\/wp-content\/uploads\/2021\/07\/f6-2-300x150.jpg\" alt=\"\u30bd\u30fc\u30eb\u30ed\" class=\"wp-image-297\" srcset=\"https:\/\/onemd.ro\/wp-content\/uploads\/2021\/07\/f6-2-300x150.jpg 300w, https:\/\/onemd.ro\/wp-content\/uploads\/2021\/07\/f6-2-16x8.jpg 16w, https:\/\/onemd.ro\/wp-content\/uploads\/2021\/07\/f6-2.jpg 600w\" sizes=\"(max-width: 300px) 100vw, 300px\" \/><\/a><\/figure>\n\n\n\n<figure class=\"wp-block-image size-medium\"><a href=\"https:\/\/comenzi.farmaciatei.ro\/brand\/kaine\" target=\"_blank\" rel=\" noreferrer noopener\"><img decoding=\"async\" width=\"300\" height=\"150\" src=\"https:\/\/onemd.ro\/wp-content\/uploads\/2021\/07\/f1-1-300x150.jpg\" alt=\"\u30c6\u30a4\u85ac\u5c40\u30aa\u30d5\u30a3\u30b7\u30e3\u30eb\u30d1\u30fc\u30c8\u30ca\u30fc\u30b7\u30e7\u30c3\u30d7\" class=\"wp-image-301\" srcset=\"https:\/\/onemd.ro\/wp-content\/uploads\/2021\/07\/f1-1-300x150.jpg 300w, https:\/\/onemd.ro\/wp-content\/uploads\/2021\/07\/f1-1-16x8.jpg 16w, https:\/\/onemd.ro\/wp-content\/uploads\/2021\/07\/f1-1.jpg 600w\" sizes=\"(max-width: 300px) 100vw, 300px\" \/><\/a><\/figure>\n<\/div>\n\n\n\n<p><\/p>","protected":false},"excerpt":{"rendered":"<p>KAINE este un brand coreean de \u00eengrijire a pielii, renumit pentru utilizarea ingredientelor naturale \u0219i ecologice, combin\u00e2nd inova\u021bia cu puritatea pentru a crea produse eficiente \u0219i sigure. Filosofia KAINE se bazeaz\u0103 pe echilibrul dintre \u0219tiin\u021b\u0103 \u0219i natur\u0103, oferind solu\u021bii de \u00eengrijire a pielii care sus\u021bin s\u0103n\u0103tatea \u0219i frumuse\u021bea natural\u0103. Produsele cheie KAINE &#8211; Noni Light Oil Serum: Un ser u\u0219or cu ulei de noni, formulat pentru a hidrata \u0219i revitaliza pielea. Bogat \u00een antioxidan\u021bi \u0219i vitamine, acest ser ofer\u0103 str\u0103lucire \u0219i ajut\u0103 la \u00eembun\u0103t\u0103\u021birea texturii pielii. &#8211; Rose Galactomyces Synergy Serum: Un ser care combin\u0103 apa de trandafir \u0219i filtratul de galactomyces pentru a hidrata \u0219i revitaliza pielea, oferind un [&hellip;]<\/p>","protected":false},"author":1,"featured_media":0,"parent":0,"menu_order":0,"comment_status":"closed","ping_status":"closed","template":"","meta":{"footnotes":""},"class_list":["post-751","page","type-page","status-publish","hentry"],"aioseo_notices":[],"_links":{"self":[{"href":"https:\/\/onemd.ro\/ja\/wp-json\/wp\/v2\/pages\/751","targetHints":{"allow":["GET"]}}],"collection":[{"href":"https:\/\/onemd.ro\/ja\/wp-json\/wp\/v2\/pages"}],"about":[{"href":"https:\/\/onemd.ro\/ja\/wp-json\/wp\/v2\/types\/page"}],"author":[{"embeddable":true,"href":"https:\/\/onemd.ro\/ja\/wp-json\/wp\/v2\/users\/1"}],"replies":[{"embeddable":true,"href":"https:\/\/onemd.ro\/ja\/wp-json\/wp\/v2\/comments?post=751"}],"version-history":[{"count":3,"href":"https:\/\/onemd.ro\/ja\/wp-json\/wp\/v2\/pages\/751\/revisions"}],"predecessor-version":[{"id":1660,"href":"https:\/\/onemd.ro\/ja\/wp-json\/wp\/v2\/pages\/751\/revisions\/1660"}],"wp:attachment":[{"href":"https:\/\/onemd.ro\/ja\/wp-json\/wp\/v2\/media?parent=751"}],"curies":[{"name":"wp","href":"https:\/\/api.w.org\/{rel}","templated":true}]}}