{"id":753,"date":"2024-05-27T07:45:13","date_gmt":"2024-05-27T07:45:13","guid":{"rendered":"https:\/\/onemd.ro\/?page_id=753"},"modified":"2024-05-27T12:00:26","modified_gmt":"2024-05-27T12:00:26","slug":"tocobo","status":"publish","type":"page","link":"https:\/\/onemd.ro\/ja\/tocobo\/","title":{"rendered":"\u6771\u5de5\u623f"},"content":{"rendered":"<div class=\"wp-block-image\"><figure class=\"aligncenter size-medium is-resized\"><img decoding=\"async\" src=\"https:\/\/onemd.ro\/wp-content\/uploads\/2023\/09\/tocobo-300x150.jpg\" alt=\"\u6771\u5de5\u623f\" class=\"wp-image-621\" width=\"300\" height=\"150\" title=\"\u6771\u5de5\u623f\" srcset=\"https:\/\/onemd.ro\/wp-content\/uploads\/2023\/09\/tocobo-300x150.jpg 300w, https:\/\/onemd.ro\/wp-content\/uploads\/2023\/09\/tocobo-1024x512.jpg 1024w, https:\/\/onemd.ro\/wp-content\/uploads\/2023\/09\/tocobo-768x384.jpg 768w, https:\/\/onemd.ro\/wp-content\/uploads\/2023\/09\/tocobo-18x9.jpg 18w, https:\/\/onemd.ro\/wp-content\/uploads\/2023\/09\/tocobo.jpg 1058w\" sizes=\"(max-width: 300px) 100vw, 300px\" \/><\/figure><\/div>\n\n\n\n<p><strong>TOCOBO\u306f\u97d3\u56fd\u306e\u30b9\u30ad\u30f3\u30b1\u30a2\u30d6\u30e9\u30f3\u30c9\u3067\u3001\u5929\u7136\u6210\u5206\u3068\u9769\u65b0\u7684\u306a\u51e6\u65b9\u306b\u3088\u308a\u3001\u52b9\u679c\u7684\u3067\u5b89\u5168\u306a\u30bd\u30ea\u30e5\u30fc\u30b7\u30e7\u30f3\u3092\u63d0\u4f9b\u3059\u308b\u3053\u3068\u306b\u5c02\u5ff5\u3057\u3066\u3044\u308b\u3002<\/strong>.TOCOBO\u306e\u54f2\u5b66\u306f\u3001\u30b7\u30f3\u30d7\u30eb\u3067\u52b9\u679c\u7684\u3067\u3042\u308b\u3053\u3068\u306b\u57fa\u3065\u3044\u3066\u304a\u308a\u3001\u808c\u3092\u5065\u3084\u304b\u306b\u8f1d\u304b\u305b\u308b\u305f\u3081\u306b\u3001\u30af\u30ea\u30fc\u30f3\u306a\u6210\u5206\u3068\u9ad8\u5ea6\u306a\u6280\u8853\u3092\u91cd\u8996\u3057\u3066\u3044\u308b\u3002<\/p>\n\n\n\n<p class=\"has-primary-color has-text-color\"><strong><a href=\"https:\/\/www.sole.ro\/brand\/tocobo\" target=\"_blank\" rel=\"noopener\" title=\"\">\u6771\u5de5\u623f\u306e\u4e3b\u8981\u88fd\u54c1<\/a><\/strong><\/p>\n\n\n\n<p>&#8211; <strong>\u30d0\u30a4\u30aa\u30a6\u30a9\u30fc\u30bf\u30ea\u30fc\u30b5\u30f3\u30af\u30ea\u30fc\u30e0 SPF50+ PA++++<\/strong>\u5929\u7136\u6210\u5206\u914d\u5408\u306e\u4f4e\u523a\u6fc0\u6027\u65e5\u713c\u3051\u6b62\u3081\u3002UVA\u3068UVB\u304b\u3089\u808c\u3092\u5b88\u308a\u3001\u767d\u6d6e\u304d\u3059\u308b\u3053\u3068\u306a\u304f\u3001\u3057\u3063\u3068\u308a\u3068\u3057\u305f\u808c\u3092\u4fdd\u3061\u307e\u3059\u3002<\/p>\n\n\n\n<p>&#8211; <strong>\u30d3\u30d5\u30a3\u30c0\u30d0\u30a4\u30aa\u30fc\u30e0\u30a8\u30c3\u30bb\u30f3\u30b9<\/strong>\u30d3\u30d5\u30a3\u30ba\u30b9\u83cc\u767a\u9175\u6eb6\u89e3\u6db2\u3068\u305d\u306e\u4ed6\u306e\u30d7\u30ed\u30d0\u30a4\u30aa\u30c6\u30a3\u30c3\u30af\u6210\u5206\u304c\u914d\u5408\u3055\u308c\u305f\u4fdd\u6e7f\u30fb\u4fee\u5fa9\u30a8\u30c3\u30bb\u30f3\u30b9\u3002<\/p>\n\n\n\n<p>&#8211; <strong>\u30de\u30eb\u30c1\u30fb\u30bb\u30e9\u30df\u30c9\u30fb\u30af\u30ea\u30fc\u30e0<\/strong>\u30bb\u30e9\u30df\u30c9\u3068\u690d\u7269\u30a8\u30ad\u30b9\u3092\u914d\u5408\u3057\u305f\u4fdd\u6e7f\u529b\u306e\u9ad8\u3044\u30af\u30ea\u30fc\u30e0\u3067\u3001\u808c\u306e\u30d0\u30ea\u30a2\u6a5f\u80fd\u3092\u88dc\u3044\u3001\u4fdd\u8b77\u3057\u307e\u3059\u3002<\/p>\n\n\n\n<p>&#8211; <strong>\u30b3\u30e9\u30fc\u30b2\u30f3\u30fb\u30d6\u30e9\u30a4\u30c8\u30cb\u30f3\u30b0\u30fb\u30a2\u30a4\u30fb\u30b8\u30a7\u30eb<\/strong>\u30b3\u30e9\u30fc\u30b2\u30f3\u3068\u30da\u30d7\u30c1\u30c9\u304c\u914d\u5408\u3055\u308c\u3001\u30af\u30de\u3084\u5c0f\u30b8\u30ef\u3092\u76ee\u7acb\u305f\u306a\u304f\u3057\u307e\u3059\u3002<\/p>\n\n\n\n<p>&#8211; <strong>\u30f4\u30a3\u30fc\u30bf\u30fb\u30c8\u30fc\u30f3\u30a2\u30c3\u30d7\u30fb\u30af\u30ea\u30fc\u30e0<\/strong>\u30d3\u30bf\u30df\u30f3\u3068\u5929\u7136\u30a8\u30ad\u30b9\u3092\u8c4a\u5bcc\u306b\u542b\u307f\u3001\u808c\u306b\u6f64\u3044\u3068\u6d3b\u529b\u3092\u4e0e\u3048\u308b\u3002<\/p>\n\n\n\n<p><strong>TOCOBO\u306e\u88fd\u54c1\u306f\u3001\u305d\u306e\u6709\u52b9\u6027\u3068\u6e05\u6f54\u306a\u51e6\u65b9\u3067\u8a8d\u3081\u3089\u308c\u3066\u304a\u308a\u3001\u654f\u611f\u808c\u3092\u542b\u3080\u3059\u3079\u3066\u306e\u808c\u30bf\u30a4\u30d7\u306b\u9069\u3057\u3066\u3044\u307e\u3059\u3002<\/strong>.\u3053\u306e\u30d6\u30e9\u30f3\u30c9\u306f\u3001\u74b0\u5883\u3092\u5c0a\u91cd\u3057\u3001\u5065\u5eb7\u3067\u7f8e\u3057\u3044\u808c\u306b\u8ca2\u732e\u3059\u308b\u30b9\u30ad\u30f3\u30b1\u30a2\u30bd\u30ea\u30e5\u30fc\u30b7\u30e7\u30f3\u3092\u63d0\u4f9b\u3059\u308b\u3053\u3068\u3092\u7d04\u675f\u3059\u308b\u3002<\/p>\n\n\n\n<p class=\"has-text-align-center\"><strong>\u30aa\u30d5\u30a3\u30b7\u30e3\u30eb\u30d1\u30fc\u30c8\u30ca\u30fc\u306eSOLE\u304b\u3089\u30aa\u30f3\u30e9\u30a4\u30f3\u3067\u6ce8\u6587<\/strong><\/p>\n\n\n\n<div class=\"wp-block-buttons is-content-justification-center is-layout-flex wp-block-buttons-is-layout-flex\">\n<div class=\"wp-block-button is-style-outline is-style-outline--1\"><a class=\"wp-block-button__link has-background-color has-text-color has-background\" href=\"https:\/\/www.sole.ro\/brand\/tocobo\" style=\"border-radius:17px;background-color:#1474b8\" target=\"_blank\" rel=\"noreferrer noopener\">\u30aa\u30fc\u30c0\u30fc<\/a><\/div>\n<\/div>","protected":false},"excerpt":{"rendered":"<p>TOCOBO este un brand coreean de \u00eengrijire a pielii, dedicat utiliz\u0103rii ingredientelor naturale \u0219i formulelor inovatoare pentru a oferi solu\u021bii eficiente \u0219i sigure. Filosofia TOCOBO se bazeaz\u0103 pe simplitate \u0219i eficacitate, pun\u00e2nd accent pe ingrediente curate \u0219i tehnologii avansate pentru a men\u021bine pielea s\u0103n\u0103toas\u0103 \u0219i radiant\u0103. Produsele cheie TOCOBO &#8211; Bio Watery Sun Cream SPF50+ PA++++: O crem\u0103 de protec\u021bie solar\u0103 cu spectru larg, formulat\u0103 cu ingrediente naturale \u0219i hipoalergenice. Ofer\u0103 protec\u021bie eficient\u0103 \u00eempotriva radia\u021biilor UVA \u0219i UVB, l\u0103s\u00e2nd pielea hidratat\u0103 \u0219i protejat\u0103 f\u0103r\u0103 reziduuri albe. &#8211; Bifida Biome Essence: O esen\u021b\u0103 hidratant\u0103 \u0219i reparatoare, formulat\u0103 cu bifida ferment lysate \u0219i alte ingrediente probiotice care ajut\u0103 la \u00eent\u0103rirea barierei cutanate [&hellip;]<\/p>","protected":false},"author":1,"featured_media":0,"parent":0,"menu_order":0,"comment_status":"closed","ping_status":"closed","template":"","meta":{"footnotes":""},"class_list":["post-753","page","type-page","status-publish","hentry"],"aioseo_notices":[],"_links":{"self":[{"href":"https:\/\/onemd.ro\/ja\/wp-json\/wp\/v2\/pages\/753","targetHints":{"allow":["GET"]}}],"collection":[{"href":"https:\/\/onemd.ro\/ja\/wp-json\/wp\/v2\/pages"}],"about":[{"href":"https:\/\/onemd.ro\/ja\/wp-json\/wp\/v2\/types\/page"}],"author":[{"embeddable":true,"href":"https:\/\/onemd.ro\/ja\/wp-json\/wp\/v2\/users\/1"}],"replies":[{"embeddable":true,"href":"https:\/\/onemd.ro\/ja\/wp-json\/wp\/v2\/comments?post=753"}],"version-history":[{"count":2,"href":"https:\/\/onemd.ro\/ja\/wp-json\/wp\/v2\/pages\/753\/revisions"}],"predecessor-version":[{"id":899,"href":"https:\/\/onemd.ro\/ja\/wp-json\/wp\/v2\/pages\/753\/revisions\/899"}],"wp:attachment":[{"href":"https:\/\/onemd.ro\/ja\/wp-json\/wp\/v2\/media?parent=753"}],"curies":[{"name":"wp","href":"https:\/\/api.w.org\/{rel}","templated":true}]}}