{"id":755,"date":"2024-05-27T07:49:43","date_gmt":"2024-05-27T07:49:43","guid":{"rendered":"https:\/\/onemd.ro\/?page_id=755"},"modified":"2025-08-29T10:18:15","modified_gmt":"2025-08-29T10:18:15","slug":"brand-aquapick","status":"publish","type":"page","link":"https:\/\/onemd.ro\/ja\/brand-aquapick\/","title":{"rendered":"\u30a2\u30af\u30a2\u30d4\u30c3\u30af"},"content":{"rendered":"<div class=\"wp-block-image\">\n<figure class=\"aligncenter size-medium\"><img decoding=\"async\" width=\"300\" height=\"150\" src=\"https:\/\/onemd.ro\/wp-content\/uploads\/2024\/04\/aquapick-300x150.jpg\" alt=\"\" class=\"wp-image-634\" srcset=\"https:\/\/onemd.ro\/wp-content\/uploads\/2024\/04\/aquapick-300x150.jpg 300w, https:\/\/onemd.ro\/wp-content\/uploads\/2024\/04\/aquapick-1024x512.jpg 1024w, https:\/\/onemd.ro\/wp-content\/uploads\/2024\/04\/aquapick-768x384.jpg 768w, https:\/\/onemd.ro\/wp-content\/uploads\/2024\/04\/aquapick-18x9.jpg 18w, https:\/\/onemd.ro\/wp-content\/uploads\/2024\/04\/aquapick.jpg 1058w\" sizes=\"(max-width: 300px) 100vw, 300px\" \/><\/figure><\/div>\n\n\n<p><strong>\u30a2\u30af\u30a2\u30d4\u30c3\u30af\u306f\u53e3\u8154\u30b1\u30a2\u30bd\u30ea\u30e5\u30fc\u30b7\u30e7\u30f3\u306e\u30c8\u30c3\u30d7\u30d6\u30e9\u30f3\u30c9\u3067\u3042\u308a\u3001\u305d\u306e\u9769\u65b0\u6027\u3068\u9ad8\u5ea6\u306a\u6b6f\u79d1\u885b\u751f\u6280\u8853\u3067\u8a8d\u3081\u3089\u308c\u3066\u3044\u308b\u3002<\/strong>.\u30aa\u30fc\u30e9\u30eb\u30b1\u30a2\u696d\u754c\u306b\u304a\u3051\u308b\u8c4a\u5bcc\u306a\u7d4c\u9a13\u3092\u6301\u3064\u30a2\u30af\u30a2\u30d4\u30c3\u30af\u306f\u3001\u52b9\u679c\u7684\u306a\u6d17\u6d44\u3092\u78ba\u5b9f\u306b\u3057\u3001\u6700\u9069\u306a\u53e3\u8154\u306e\u5065\u5eb7\u3092\u4fc3\u9032\u3059\u308b\u9ad8\u54c1\u8cea\u306e\u88fd\u54c1\u3092\u63d0\u4f9b\u3059\u308b\u3053\u3068\u3092\u304a\u7d04\u675f\u3057\u307e\u3059\u3002<\/p>\n\n\n\n<p class=\"has-primary-color has-text-color\"><strong>\u30a2\u30af\u30a2\u30d4\u30c3\u30af\u88fd\u54c1\u306e\u4e3b\u306a\u7279\u5fb4<\/strong><\/p>\n\n\n\n<p>- \u8108\u52d5\u5f0f\u53e3\u8154\u6d17\u6d44\u5668\uff1a\u6bce\u5206\u6700\u59271,400\u30d1\u30eb\u30b9\u306e\u30a2\u30af\u30a2\u30d4\u30c3\u30af\u306e\u8108\u52d5\u6d17\u6d44\u30b7\u30b9\u30c6\u30e0\u306b\u3088\u308a\u3001\u98df\u3079\u304b\u3059\u3084\u6b6f\u57a2\u3092\u52b9\u679c\u7684\u306b\u9664\u53bb\u3057\u3001\u53e3\u8154\u5185\u3092\u5b8c\u5168\u306b\u885b\u751f\u3057\u307e\u3059\u3002<\/p>\n\n\n\n<p>- \u8907\u6570\u306e\u6d17\u6d44\u30e2\u30fc\u30c9\uff1a\u30a2\u30af\u30a2\u30d4\u30c3\u30af\u88fd\u54c1\u306b\u306f\u8907\u6570\u306e\u6d17\u6d44\u30e2\u30fc\u30c9\u304c\u642d\u8f09\u3055\u308c\u3066\u3044\u308b\u305f\u3081\u3001\u30e6\u30fc\u30b6\u30fc\u306f\u305d\u308c\u305e\u308c\u306e\u30cb\u30fc\u30ba\u306b\u5408\u308f\u305b\u3066\u6d17\u6d44\u4f53\u9a13\u3092\u30ab\u30b9\u30bf\u30de\u30a4\u30ba\u3067\u304d\u308b\u3002<\/p>\n\n\n\n<p>- \u30ef\u30a4\u30e4\u30ec\u30b9\u5145\u96fb\u65b9\u5f0f\uff1a\u30a2\u30af\u30a2\u30d4\u30c3\u30af\u306f\u7121\u63a5\u70b9\u5145\u96fb\u65b9\u5f0f\u3092\u63a1\u7528\u3057\u3066\u304a\u308a\u3001\u885b\u751f\u7684\u3067\u4f7f\u3044\u3084\u3059\u304f\u3001\u3044\u3064\u3067\u3082\u4f7f\u7528\u3067\u304d\u308b\u72b6\u614b\u3092\u4fdd\u3061\u307e\u3059\u3002<\/p>\n\n\n\n<p>- \u4eba\u9593\u5de5\u5b66\u306b\u57fa\u3065\u3044\u305f\u30c7\u30b6\u30a4\u30f3\uff1a\u3059\u3079\u3066\u306e\u30a2\u30af\u30a2\u30d4\u30c3\u30af\u88fd\u54c1\u306f\u4eba\u9593\u5de5\u5b66\u306b\u57fa\u3065\u3044\u3066\u30c7\u30b6\u30a4\u30f3\u3055\u308c\u3066\u304a\u308a\u3001\u4f7f\u7528\u4e2d\u306b\u6700\u9ad8\u306e\u5feb\u9069\u3055\u3092\u63d0\u4f9b\u3057\u3001\u5feb\u9069\u3067\u52b9\u7387\u7684\u306a\u53e3\u8154\u30b1\u30a2\u3092\u5b9f\u73fe\u3057\u307e\u3059\u3002<\/p>\n\n\n\n<p>- \u4eba\u6c17\u30e2\u30c7\u30eb\u306b\u306fAQ-230\u3001AQ-102\u3001AQ-350\u306a\u3069\u304c\u3042\u308a\u3001\u4fe1\u983c\u6027\u306e\u9ad8\u3044\u6027\u80fd\u3068\u9ad8\u5ea6\u306a\u6a5f\u80fd\u6027\u3067\u77e5\u3089\u308c\u3066\u3044\u308b\u3002<strong>\u30a2\u30af\u30a2\u30d4\u30c3\u30af\u306f\u3001\u512a\u308c\u305f\u53e3\u8154\u6e05\u6383\u3068\u9ad8\u3044\u885b\u751f\u30ec\u30d9\u30eb\u3092\u6c42\u3081\u308b\u4eba\u3005\u306b\u4fe1\u983c\u3055\u308c\u3066\u3044\u308b\u30d6\u30e9\u30f3\u30c9\u3067\u3059\u3002<\/strong>.\u9ad8\u5ea6\u3067\u9769\u65b0\u7684\u306a\u6280\u8853\u306b\u3088\u308a\u3001\u30a2\u30af\u30a2\u30d4\u30c3\u30af\u306f\u30e6\u30fc\u30b6\u30fc\u306e\u69d8\u3005\u306a\u53e3\u8154\u885b\u751f\u30cb\u30fc\u30ba\u306b\u5fdc\u3048\u308b\u5e45\u5e83\u3044\u88fd\u54c1\u3092\u63d0\u4f9b\u3057\u3066\u3044\u308b\u3002<\/p>\n\n\n\n<ul class=\"wp-block-list has-primary-color has-text-color\">\n<li><strong><a href=\"https:\/\/onemd.ro\/wp-content\/uploads\/2024\/06\/Ghid-Aquapick-Irigator-bucal-portabil-AQ-205.pdf\" target=\"_blank\" rel=\"noopener\" title=\"\">\u30ac\u30a4\u30c9-\u30a2\u30af\u30a2\u30d4\u30c3\u30af-\u30dd\u30fc\u30bf\u30d6\u30eb\u53e3\u8154\u6d17\u6d44\u5668AQ-205<\/a><\/strong><\/li>\n\n\n\n<li><strong><a href=\"https:\/\/onemd.ro\/wp-content\/uploads\/2024\/06\/Ghid-Aquapick-Irigator-bucal-portabil-AQ-230.pdf\" target=\"_blank\" rel=\"noopener\" title=\"\">\u30ac\u30a4\u30c9-\u30a2\u30af\u30a2\u30d4\u30c3\u30af-\u30dd\u30fc\u30bf\u30d6\u30eb\u53e3\u8154\u6d17\u6d44\u5668AQ-230<\/a><\/strong><\/li>\n\n\n\n<li><strong><a href=\"https:\/\/onemd.ro\/wp-content\/uploads\/2024\/06\/Ghid-Aquapick-Irigator-bucal-portabil-AQ-240.pdf\" target=\"_blank\" rel=\"noopener\" title=\"\">\u30ac\u30a4\u30c9-\u30a2\u30af\u30a2\u30d4\u30c3\u30af-\u30dd\u30fc\u30bf\u30d6\u30eb\u53e3\u8154\u6d17\u6d44\u5668 AQ-240<\/a><\/strong><\/li>\n\n\n\n<li><strong><a href=\"https:\/\/onemd.ro\/wp-content\/uploads\/2024\/06\/Ghid-Aquapick-Irigator-bucal-profesional-AQ-350.pdf\" target=\"_blank\" rel=\"noopener\" title=\"\">\u30ac\u30a4\u30c9-\u30a2\u30af\u30a2\u30d4\u30c3\u30af\u30fb\u30d7\u30ed\u30d5\u30a7\u30c3\u30b7\u30e7\u30ca\u30ebAQ-350 \u53e3\u8154\u5185\u6d17\u6d44\u5668<\/a><\/strong><\/li>\n\n\n\n<li><strong><a href=\"https:\/\/onemd.ro\/wp-content\/uploads\/2024\/06\/Ghid-Aquapick-Periuta-de-dinti-sonica-electrica-AQ_102.pdf\" target=\"_blank\" rel=\"noopener\" title=\"\">\u30ac\u30a4\u30c9-\u30a2\u30af\u30a2\u30d4\u30c3\u30af-\u96fb\u52d5\u97f3\u6ce2\u6b6f\u30d6\u30e9\u30b7 AQ_102<\/a><\/strong><\/li>\n\n\n\n<li><strong><a href=\"https:\/\/onemd.ro\/wp-content\/uploads\/2024\/11\/Ghid-Aquapick-Irigator-bucal-AQ-207.pdf\" target=\"_blank\" rel=\"noopener\" title=\"\">\u30ac\u30a4\u30c9-\u30a2\u30af\u30a2\u30d4\u30c3\u30af-\u30de\u30a6\u30b9\u30fb\u30a4\u30ea\u30b2\u30fc\u30bf\u30fc AQ-207<\/a><\/strong><\/li>\n<\/ul>\n\n\n\n<hr class=\"wp-block-separator aligncenter has-alpha-channel-opacity\"\/>\n\n\n\n<p class=\"has-text-align-center\"><strong>\u30a2\u30af\u30a2\u30d4\u30c3\u30af\u88fd\u54c1\u306f\u3001\u30a2\u30af\u30a2\u30d4\u30c3\u30af\u516c\u5f0f\u30d1\u30fc\u30c8\u30ca\u30fc\u30b7\u30e7\u30c3\u30d7\u304b\u3089\u30aa\u30f3\u30e9\u30a4\u30f3\u3067\u3054\u6ce8\u6587\u304f\u3060\u3055\u3044\uff1a<\/strong><\/p>\n\n\n\n<div class=\"wp-block-group has-large-font-size is-layout-grid wp-container-core-group-is-layout-6be84c55 wp-block-group-is-layout-grid\">\n<figure class=\"wp-block-image size-medium\"><a href=\"https:\/\/sole.ro\/brand\/aquapick\" target=\"_blank\" rel=\" noreferrer noopener\"><img decoding=\"async\" width=\"300\" height=\"150\" src=\"https:\/\/onemd.ro\/wp-content\/uploads\/2021\/07\/f6-2-300x150.jpg\" alt=\"\u30bd\u30fc\u30eb\u30ed\" class=\"wp-image-297\" srcset=\"https:\/\/onemd.ro\/wp-content\/uploads\/2021\/07\/f6-2-300x150.jpg 300w, https:\/\/onemd.ro\/wp-content\/uploads\/2021\/07\/f6-2-16x8.jpg 16w, https:\/\/onemd.ro\/wp-content\/uploads\/2021\/07\/f6-2.jpg 600w\" sizes=\"(max-width: 300px) 100vw, 300px\" \/><\/a><\/figure>\n<\/div>","protected":false},"excerpt":{"rendered":"<p>Aquapick este un brand de v\u00e2rf \u00een solu\u021biile de \u00eengrijire oral\u0103, recunoscut pentru inova\u021bia \u0219i tehnologia avansat\u0103 \u00een domeniul igienei dentare. Cu o experien\u021b\u0103 vast\u0103 \u00een industria oral\u0103, Aquapick se angajeaz\u0103 s\u0103 ofere produse de \u00eenalt\u0103 calitate, care s\u0103 asigure o cur\u0103\u021benie eficient\u0103 \u0219i s\u0103 promoveze s\u0103n\u0103tatea oral\u0103 optim\u0103. Caracteristici cheie ale produselor Aquapick &#8211; Irigator oral de ap\u0103 pulsativ: Cu p\u00e2n\u0103 la 1,400 de impulsuri pe minut, sistemul de cur\u0103\u021bare pulsativ\u0103 oferit de Aquapick asigur\u0103 \u00eendep\u0103rtarea eficient\u0103 a reziduurilor alimentare \u0219i a placii bacteriene, pentru o igien\u0103 oral\u0103 complet\u0103. &#8211; Moduri de cur\u0103\u021bare multiple: Produsele Aquapick vin echipate cu multiple moduri de cur\u0103\u021bare, astfel \u00eenc\u00e2t utilizatorii s\u0103 poat\u0103 personaliza [&hellip;]<\/p>","protected":false},"author":1,"featured_media":0,"parent":0,"menu_order":0,"comment_status":"closed","ping_status":"closed","template":"","meta":{"footnotes":""},"class_list":["post-755","page","type-page","status-publish","hentry"],"aioseo_notices":[],"_links":{"self":[{"href":"https:\/\/onemd.ro\/ja\/wp-json\/wp\/v2\/pages\/755","targetHints":{"allow":["GET"]}}],"collection":[{"href":"https:\/\/onemd.ro\/ja\/wp-json\/wp\/v2\/pages"}],"about":[{"href":"https:\/\/onemd.ro\/ja\/wp-json\/wp\/v2\/types\/page"}],"author":[{"embeddable":true,"href":"https:\/\/onemd.ro\/ja\/wp-json\/wp\/v2\/users\/1"}],"replies":[{"embeddable":true,"href":"https:\/\/onemd.ro\/ja\/wp-json\/wp\/v2\/comments?post=755"}],"version-history":[{"count":10,"href":"https:\/\/onemd.ro\/ja\/wp-json\/wp\/v2\/pages\/755\/revisions"}],"predecessor-version":[{"id":1661,"href":"https:\/\/onemd.ro\/ja\/wp-json\/wp\/v2\/pages\/755\/revisions\/1661"}],"wp:attachment":[{"href":"https:\/\/onemd.ro\/ja\/wp-json\/wp\/v2\/media?parent=755"}],"curies":[{"name":"wp","href":"https:\/\/api.w.org\/{rel}","templated":true}]}}