{"id":941,"date":"2024-06-12T12:40:32","date_gmt":"2024-06-12T12:40:32","guid":{"rendered":"https:\/\/onemd.ro\/?page_id=941"},"modified":"2025-08-29T10:28:43","modified_gmt":"2025-08-29T10:28:43","slug":"b-fresh","status":"publish","type":"page","link":"https:\/\/onemd.ro\/ja\/b-fresh\/","title":{"rendered":"B.\u30d5\u30ec\u30c3\u30b7\u30e5"},"content":{"rendered":"<div class=\"wp-block-image\">\n<figure class=\"aligncenter size-medium\"><img decoding=\"async\" width=\"300\" height=\"150\" src=\"https:\/\/onemd.ro\/wp-content\/uploads\/2024\/05\/bfresh-300x150.jpg\" alt=\"\u30d6\u30d5\u30ec\u30c3\u30b7\u30e5\" class=\"wp-image-797\" srcset=\"https:\/\/onemd.ro\/wp-content\/uploads\/2024\/05\/bfresh-300x150.jpg 300w, https:\/\/onemd.ro\/wp-content\/uploads\/2024\/05\/bfresh-1024x512.jpg 1024w, https:\/\/onemd.ro\/wp-content\/uploads\/2024\/05\/bfresh-768x384.jpg 768w, https:\/\/onemd.ro\/wp-content\/uploads\/2024\/05\/bfresh-18x9.jpg 18w, https:\/\/onemd.ro\/wp-content\/uploads\/2024\/05\/bfresh.jpg 1058w\" sizes=\"(max-width: 300px) 100vw, 300px\" \/><\/figure><\/div>\n\n\n<p><strong>B.\u30d5\u30ec\u30c3\u30b7\u30e5<\/strong> \u306f\u30dc\u30c7\u30a3\u30b1\u30a2\u88fd\u54c1\u306e\u30d6\u30e9\u30f3\u30c9\u3067\u3042\u308b\u3002 <strong>\"\u4e00\u5473\u9055\u3046\u30dc\u30c7\u30a3\u30b1\u30a2\"<\/strong>.<\/p>\n\n\n\n<p><strong>b.fresh\u306f\u4f55\u304c\u9055\u3046\u306e\u304b\uff1f<\/strong><\/p>\n\n\n\n<ul class=\"wp-block-list\">\n<li><strong>\u5929\u7136\u6210\u5206\uff1a<\/strong> b.fresh\u306e\u88fd\u54c1\u306f\u3001\u30cf\u30fc\u30d6\u3084\u30df\u30cd\u30e9\u30eb\u3092\u542b\u3080\u9ad8\u54c1\u8cea\u306e\u5929\u7136\u6210\u5206\u3067\u4f5c\u3089\u308c\u3066\u3044\u308b\u3002<\/li>\n\n\n\n<li><strong>\u523a\u6fc0\u306e\u5f37\u3044\u5316\u5b66\u85ac\u54c1\u306f\u4f7f\u7528\u3057\u3066\u3044\u306a\u3044\uff1a<\/strong> \u30a2\u30eb\u30df\u30cb\u30a6\u30e0\u3084\u30a2\u30eb\u30b3\u30fc\u30eb\u306a\u3069\u3001\u808c\u306b\u6709\u5bb3\u306a\u5316\u5b66\u7269\u8cea\u306f\u4e00\u5207\u542b\u307e\u308c\u3066\u3044\u306a\u3044\u3002<\/li>\n\n\n\n<li><strong>\u30f4\u30a3\u30fc\u30ac\u30f3\u3067\u7121\u8fb2\u85ac\uff1a<\/strong> b.fresh\u306e\u88fd\u54c1\u306f\u52d5\u7269\u5b9f\u9a13\u3092\u884c\u3063\u3066\u304a\u3089\u305a\u3001\u52d5\u7269\u6027\u539f\u6599\u306f\u4e00\u5207\u4f7f\u7528\u3057\u3066\u304a\u308a\u307e\u305b\u3093\u3002<\/li>\n\n\n\n<li><strong>\u30af\u30ea\u30fc\u30f3\u306a\u9999\u308a\uff1a<\/strong> \u88fd\u54c1\u306f\u5fc3\u5730\u3088\u3044\u81ea\u7136\u306a\u9999\u308a\u3067\u3001\u5f37\u3059\u304e\u306a\u3044\u3002<\/li>\n<\/ul>\n\n\n\n<p><\/p>\n\n\n\n<p><strong>B.fresh\u306f\u3001\u30ca\u30c1\u30e5\u30e9\u30eb\u3067\u3001\u52b9\u679c\u7684\u3067\u3001\u624b\u9803\u306a\u4fa1\u683c\u306e\u30dc\u30c7\u30a3\u30b1\u30a2\u88fd\u54c1\u3092\u63a2\u3057\u3066\u3044\u308b\u4eba\u306b\u6700\u9069\u306a\u9078\u629e\u80a2\u3067\u3042\u308b\u3002<\/strong><\/p>\n\n\n\n<p class=\"has-primary-color has-text-color\">\u6570\u3042\u308bb.fresh\u306e\u4eba\u6c17\u5546\u54c1\u306e\u4e2d\u3067\u3082\u3001\u7279\u306b\u4eba\u6c17\u306e\u9ad8\u3044\u5546\u54c1\u3092\u3054\u7d39\u4ecb\u3057\u3088\u3046\uff1a<\/p>\n\n\n\n<ul class=\"wp-block-list\">\n<li><strong>b.\u30d5\u30ec\u30c3\u30b7\u30e5\u30fb\u30ca\u30c1\u30e5\u30e9\u30eb\u30fb\u30c7\u30aa\u30c9\u30e9\u30f3\u30c8\u30fb\u30b9\u30c6\u30a3\u30c3\u30af<\/strong> \u3053\u306e\u30c7\u30aa\u30c9\u30e9\u30f3\u30c8\u306f\u3001\u91cd\u66f9\u3001\u30b3\u30fc\u30f3\u30b9\u30bf\u30fc\u30c1\u3001\u30c6\u30a3\u30fc\u30c4\u30ea\u30fc\u30aa\u30a4\u30eb\u306a\u3069\u306e\u5929\u7136\u6210\u5206\u3067\u4f5c\u3089\u308c\u3066\u304a\u308a\u3001\u81ed\u3044\u3092\u4e2d\u548c\u3057\u3001\u808c\u3092\u30c9\u30e9\u30a4\u3067\u30d5\u30ec\u30c3\u30b7\u30e5\u306b\u4fdd\u3061\u307e\u3059\u3002\u30e9\u30d9\u30f3\u30c0\u30fc\u3001\u30b7\u30c8\u30e9\u30b9\uff06\u30bb\u30fc\u30b8\u3001\u30b3\u30b3\u30ca\u30c3\u30c4\uff06\u30d0\u30cb\u30e9\u306a\u3069\u3001\u3055\u307e\u3056\u307e\u306a\u9999\u308a\u304c\u3042\u308a\u307e\u3059\u3002<\/li>\n\n\n\n<li><strong>b.\u30b9\u30a4\u30ab\u3068\u30ad\u30e5\u30a6\u30ea\u306e\u30d5\u30ec\u30c3\u30b7\u30e5\u306a\u30b7\u30e3\u30ef\u30fc\u30b8\u30a7\u30eb\uff1a<\/strong> \u3053\u306e\u30e2\u30a4\u30b9\u30c1\u30e3\u30e9\u30a4\u30b8\u30f3\u30b0\u30fb\u30b7\u30e3\u30ef\u30fc\u30b8\u30a7\u30eb\u306b\u306f\u3001\u30b9\u30a4\u30ab\u3068\u30ad\u30e5\u30a6\u30ea\u306e\u30a8\u30ad\u30b9\u304c\u914d\u5408\u3055\u308c\u3001\u808c\u306b\u6f64\u3044\u3092\u4e0e\u3048\u3066\u843d\u3061\u7740\u304b\u305b\u308b\u3002\u30d5\u30ec\u30c3\u30b7\u30e5\u3067\u723d\u3084\u304b\u306a\u9999\u308a\u304c\u3001\u3042\u306a\u305f\u306b\u6d3b\u529b\u3092\u4e0e\u3048\u307e\u3059\u3002<\/li>\n\n\n\n<li><strong>b.\u30b7\u30a2\u30d0\u30bf\u30fc\u914d\u5408\u306e\u30d5\u30ec\u30c3\u30b7\u30e5\u30fb\u30dc\u30c7\u30a3\u30ed\u30fc\u30b7\u30e7\u30f3\uff1a<\/strong> \u808c\u306b\u6804\u990a\u3068\u6f64\u3044\u3092\u4e0e\u3048\u308b\u30b7\u30a2\u30d0\u30bf\u30fc\u914d\u5408\u306e\u30ea\u30c3\u30c1\u306a\u4fdd\u6e7f\u30dc\u30c7\u30a3\u30ed\u30fc\u30b7\u30e7\u30f3\u3002\u4e7e\u71e5\u808c\u3084\u30ab\u30b5\u30ab\u30b5\u808c\u306b\u6700\u9069\u3067\u3059\u3002<\/li>\n\n\n\n<li><strong>b.\u30d5\u30ec\u30c3\u30b7\u30e5\u30fb\u30df\u30f3\u30c8\u30fb\u30ea\u30c3\u30d7\u7f8e\u5bb9\u6db2<\/strong> \u3053\u306e\u4fdd\u6e7f\u30ea\u30c3\u30d7\u7f8e\u5bb9\u6db2\u306b\u306f\u30da\u30d1\u30fc\u30df\u30f3\u30c8\u30aa\u30a4\u30eb\u304c\u914d\u5408\u3055\u308c\u3066\u304a\u308a\u3001\u4e7e\u71e5\u3057\u3066\u3072\u3073\u5272\u308c\u305f\u5507\u3092\u843d\u3061\u7740\u304b\u305b\u3001\u6f64\u3044\u3092\u4e0e\u3048\u307e\u3059\u3002\u723d\u3084\u304b\u306a\u30df\u30f3\u30c8\u30d5\u30ec\u30fc\u30d0\u30fc\u3067\u3001\u5507\u306b\u30d5\u30ec\u30c3\u30b7\u30e5\u3055\u3068\u723d\u5feb\u611f\u3092\u6b8b\u3057\u307e\u3059\u3002<\/li>\n\n\n\n<li><strong>b.\u30d5\u30ec\u30c3\u30b7\u30e5 \u30b0\u30c3\u30c9\u30d8\u30a2\u30c7\u30a4 \u30a8\u30d6\u30ea\u30c7\u30a4 \u30b3\u30f3\u30c7\u30a3\u30b7\u30e7\u30ca\u30fc<\/strong> \u9aea\u3092\u3084\u308f\u3089\u304b\u304f\u3001\u306a\u3081\u3089\u304b\u306b\u3001\u307e\u3068\u307e\u308a\u3084\u3059\u304f\u4fdd\u3064\u30c7\u30a4\u30ea\u30fc\u30e6\u30fc\u30b9\u306e\u30b3\u30f3\u30c7\u30a3\u30b7\u30e7\u30ca\u30fc\u3067\u3059\u3002\u30b3\u30b3\u30ca\u30c3\u30c4\u30aa\u30a4\u30eb\u3084\u30b7\u30a2\u30d0\u30bf\u30fc\u306a\u3069\u306e\u5929\u7136\u6210\u5206\u3092\u914d\u5408\u3057\u3001\u9aea\u306b\u6f64\u3044\u3068\u6804\u990a\u3092\u4e0e\u3048\u307e\u3059\u3002<\/li>\n<\/ul>\n\n\n\n<p>\u3053\u308c\u3089\u306f\u3001b.fresh\u88fd\u54c1\u306e\u307b\u3093\u306e\u4e00\u90e8\u3067\u3059\u3002\u5929\u7136\u6210\u5206\u3092\u4f7f\u7528\u3057\u3001\u52b9\u679c\u7684\u3067\u624b\u3054\u308d\u306a\u4fa1\u683c\u306e\u88fd\u54c1\u3092\u4f5c\u308b\u3053\u3068\u306b\u5c02\u5ff5\u3057\u3066\u3044\u308bb.fresh\u306f\u3001\u9ad8\u54c1\u8cea\u306e\u30d1\u30fc\u30bd\u30ca\u30eb\u30b1\u30a2\u88fd\u54c1\u3092\u63a2\u3057\u3066\u3044\u308b\u3059\u3079\u3066\u306e\u4eba\u306b\u6700\u9069\u306a\u9078\u629e\u80a2\u3067\u3059\u3002<\/p>\n\n\n\n<hr class=\"wp-block-separator aligncenter has-alpha-channel-opacity\"\/>\n\n\n\n<p class=\"has-text-align-center\"><strong>\u30aa\u30f3\u30e9\u30a4\u30f3\u3067\u5546\u54c1\u3092\u6ce8\u6587\u3059\u308b <strong>B.\u30d5\u30ec\u30c3\u30b7\u30e5<\/strong> \u30aa\u30d5\u30a3\u30b7\u30e3\u30eb\u30fb\u30d1\u30fc\u30c8\u30ca\u30fc\u30fb\u30b7\u30e7\u30c3\u30d7\u304b\u3089\uff1a<\/strong><\/p>\n\n\n\n<div class=\"wp-block-group has-large-font-size is-layout-grid wp-container-core-group-is-layout-6be84c55 wp-block-group-is-layout-grid\">\n<figure class=\"wp-block-image size-medium\"><a href=\"https:\/\/sole.ro\/brand\/b-fresh\" target=\"_blank\" rel=\" noreferrer noopener\"><img decoding=\"async\" width=\"300\" height=\"150\" src=\"https:\/\/onemd.ro\/wp-content\/uploads\/2021\/07\/f6-2-300x150.jpg\" alt=\"\u30bd\u30fc\u30eb\u30ed\" class=\"wp-image-297\" srcset=\"https:\/\/onemd.ro\/wp-content\/uploads\/2021\/07\/f6-2-300x150.jpg 300w, https:\/\/onemd.ro\/wp-content\/uploads\/2021\/07\/f6-2-16x8.jpg 16w, https:\/\/onemd.ro\/wp-content\/uploads\/2021\/07\/f6-2.jpg 600w\" sizes=\"(max-width: 300px) 100vw, 300px\" \/><\/a><\/figure>\n<\/div>","protected":false},"excerpt":{"rendered":"<p>B.Fresh este un brand de produse de \u00eengrijire a corpului care se promoveaz\u0103 ca fiind &#8222;\u00eengrijire a corpului f\u0103cut\u0103 diferit&#8221;. Ce face b.fresh diferit? B.fresh este o op\u021biune excelent\u0103 pentru cei care caut\u0103 produse de \u00eengrijire a corpului naturale, eficiente \u0219i accesibile. Dintre numeroasele produse b.fresh apreciate, iat\u0103 c\u00e2teva dintre cele mai populare: Acestea sunt doar c\u00e2teva dintre numeroasele produse b.fresh grozave disponibile. Cu angajamentul lor de a utiliza ingrediente naturale \u0219i de a crea produse eficiente \u0219i accesibile, b.fresh este o op\u021biune excelent\u0103 pentru oricine caut\u0103 produse de \u00eengrijire personal\u0103 de calitate. Comand\u0103 online produse B.Fresh de la magazinele partenere oficiale:<\/p>","protected":false},"author":1,"featured_media":0,"parent":0,"menu_order":0,"comment_status":"closed","ping_status":"closed","template":"","meta":{"footnotes":""},"class_list":["post-941","page","type-page","status-publish","hentry"],"aioseo_notices":[],"_links":{"self":[{"href":"https:\/\/onemd.ro\/ja\/wp-json\/wp\/v2\/pages\/941","targetHints":{"allow":["GET"]}}],"collection":[{"href":"https:\/\/onemd.ro\/ja\/wp-json\/wp\/v2\/pages"}],"about":[{"href":"https:\/\/onemd.ro\/ja\/wp-json\/wp\/v2\/types\/page"}],"author":[{"embeddable":true,"href":"https:\/\/onemd.ro\/ja\/wp-json\/wp\/v2\/users\/1"}],"replies":[{"embeddable":true,"href":"https:\/\/onemd.ro\/ja\/wp-json\/wp\/v2\/comments?post=941"}],"version-history":[{"count":2,"href":"https:\/\/onemd.ro\/ja\/wp-json\/wp\/v2\/pages\/941\/revisions"}],"predecessor-version":[{"id":1670,"href":"https:\/\/onemd.ro\/ja\/wp-json\/wp\/v2\/pages\/941\/revisions\/1670"}],"wp:attachment":[{"href":"https:\/\/onemd.ro\/ja\/wp-json\/wp\/v2\/media?parent=941"}],"curies":[{"name":"wp","href":"https:\/\/api.w.org\/{rel}","templated":true}]}}