{"id":944,"date":"2024-06-12T12:47:11","date_gmt":"2024-06-12T12:47:11","guid":{"rendered":"https:\/\/onemd.ro\/?page_id=944"},"modified":"2025-08-29T10:37:54","modified_gmt":"2025-08-29T10:37:54","slug":"jumiso","status":"publish","type":"page","link":"https:\/\/onemd.ro\/ja\/jumiso\/","title":{"rendered":"\u30b8\u30e5\u30df\u30bd"},"content":{"rendered":"<div class=\"wp-block-image\">\n<figure class=\"aligncenter size-medium\"><img decoding=\"async\" width=\"300\" height=\"150\" src=\"https:\/\/onemd.ro\/wp-content\/uploads\/2024\/05\/jumiso-300x150.jpg\" alt=\"\u30b8\u30e5\u30df\u30bd\" class=\"wp-image-800\" srcset=\"https:\/\/onemd.ro\/wp-content\/uploads\/2024\/05\/jumiso-300x150.jpg 300w, https:\/\/onemd.ro\/wp-content\/uploads\/2024\/05\/jumiso-1024x512.jpg 1024w, https:\/\/onemd.ro\/wp-content\/uploads\/2024\/05\/jumiso-768x384.jpg 768w, https:\/\/onemd.ro\/wp-content\/uploads\/2024\/05\/jumiso-18x9.jpg 18w, https:\/\/onemd.ro\/wp-content\/uploads\/2024\/05\/jumiso.jpg 1058w\" sizes=\"(max-width: 300px) 100vw, 300px\" \/><\/figure><\/div>\n\n\n<p>Jumiso\u306f\u3001\u30b7\u30f3\u30d7\u30eb\u3067\u52b9\u679c\u7684\u306a\u6210\u5206\u3092\u914d\u5408\u3057\u305f\u30b9\u30ad\u30f3\u30b1\u30a2\u88fd\u54c1\u3067\u77e5\u3089\u308c\u308b\u97d3\u56fd\u306e\u5316\u7ca7\u54c1\u30d6\u30e9\u30f3\u30c9\u3060\u30022013\u5e74\u306b\u8a2d\u7acb\u3055\u308c\u305fJumiso\u306f\u3001\u305d\u306e\u30df\u30cb\u30de\u30eb\u306a\u30a2\u30d7\u30ed\u30fc\u30c1\u3068\u5929\u7136\u6210\u5206\u3092\u91cd\u8996\u3059\u308b\u3053\u3068\u3067\u77ac\u304f\u9593\u306b\u4eba\u6c17\u3092\u535a\u3057\u305f\u3002<\/p>\n\n\n\n<p><strong>Jumiso\u30d6\u30e9\u30f3\u30c9\u306e\u4e3b\u306a\u7279\u5fb4\uff1a<\/strong><\/p>\n\n\n\n<ul class=\"wp-block-list\">\n<li><strong>\u30b7\u30f3\u30d7\u30eb\u3067\u52b9\u679c\u7684\u306a\u6210\u5206\uff1a<\/strong> \u30b8\u30e5\u30df\u30bd\u306e\u88fd\u54c1\u306b\u306f\u3001\u808c\u3078\u306e\u52b9\u80fd\u3092\u8003\u616e\u3057\u3066\u53b3\u9078\u3055\u308c\u305f\u3001\u5c11\u6570\u306e\u4e3b\u8981\u6210\u5206\u304c\u4f7f\u7528\u3055\u308c\u3066\u3044\u308b\u3002<\/li>\n\n\n\n<li><strong>\u8efd\u304f\u3066\u5438\u53ce\u3055\u308c\u3084\u3059\u3044\u51e6\u65b9\uff1a<\/strong> Jumiso\u306e\u88fd\u54c1\u306f\u3001\u808c\u306b\u7d20\u65e9\u304f\u5438\u53ce\u3055\u308c\u308b\u8efd\u304f\u3079\u305f\u3064\u304b\u306a\u3044\u30c6\u30af\u30b9\u30c1\u30e3\u30fc\u3067\u3001\u3042\u3089\u3086\u308b\u808c\u30bf\u30a4\u30d7\u306b\u9069\u3057\u3066\u3044\u308b\u3002<\/li>\n\n\n\n<li><strong>\u624b\u9803\u306a\u4fa1\u683c\uff1a<\/strong> Jumiso\u306f\u9ad8\u54c1\u8cea\u306e\u88fd\u54c1\u3092\u624b\u3054\u308d\u306a\u4fa1\u683c\u3067\u63d0\u4f9b\u3057\u3066\u3044\u308b\u305f\u3081\u3001\u52b9\u679c\u7684\u306a\u30b9\u30ad\u30f3\u30b1\u30a2\u3092\u63a2\u3057\u3066\u3044\u308b\u304c\u3001\u5927\u91d1\u306f\u304b\u3051\u305f\u304f\u306a\u3044\u3068\u3044\u3046\u4eba\u306b\u306f\u6700\u9069\u306e\u9078\u629e\u80a2\u3060\u3002<\/li>\n<\/ul>\n\n\n\n<p><strong>Jumiso\u306e\u88fd\u54c1\u30e9\u30a4\u30f3\u30ca\u30c3\u30d7\u306f\u4ee5\u4e0b\u306e\u901a\u308a\uff1a<\/strong><\/p>\n\n\n\n<ul class=\"wp-block-list\">\n<li><strong>\u30bb\u30eb\u30fc\u30ea<\/strong> Jumiso\u306f\u7279\u306b\u7f8e\u5bb9\u6db2\u30b7\u30ea\u30fc\u30ba\u3067\u77e5\u3089\u308c\u3066\u304a\u308a\u3001\u3055\u307e\u3056\u307e\u306a\u808c\u30bf\u30a4\u30d7\u3084\u30cb\u30fc\u30ba\u306b\u5408\u308f\u305b\u3066\u3055\u307e\u3056\u307e\u306a\u30aa\u30d7\u30b7\u30e7\u30f3\u304c\u7528\u610f\u3055\u308c\u3066\u3044\u308b\u3002\u30b8\u30e5\u30df\u30bd\u306e\u7f8e\u5bb9\u6db2\u306b\u306f\u3001\u30d2\u30a2\u30eb\u30ed\u30f3\u9178\u3001\u30d3\u30bf\u30df\u30f3C\u3001\u30ca\u30a4\u30a2\u30b7\u30f3\u30a2\u30df\u30c9\u306a\u3069\u306e\u6709\u52b9\u6210\u5206\u304c\u8c4a\u5bcc\u306b\u542b\u307e\u308c\u3066\u304a\u308a\u3001\u808c\u306b\u6f64\u3044\u3092\u4e0e\u3048\u3001\u660e\u308b\u304f\u5747\u4e00\u306a\u808c\u8272\u306b\u6574\u3048\u308b\u3002<\/li>\n\n\n\n<li><strong>\u4fdd\u6e7f\u30af\u30ea\u30fc\u30e0\uff1a<\/strong> Jumiso\u306f\u3001\u30aa\u30a4\u30ea\u30fc\u808c\u7528\u306e\u8efd\u3044\u30e2\u30a4\u30b9\u30c1\u30e3\u30e9\u30a4\u30b6\u30fc\u304b\u3089\u3001\u4e7e\u71e5\u808c\u7528\u306e\u30ea\u30c3\u30c1\u3067\u6804\u990a\u4fa1\u306e\u9ad8\u3044\u30af\u30ea\u30fc\u30e0\u307e\u3067\u3001\u3055\u307e\u3056\u307e\u306a\u808c\u30bf\u30a4\u30d7\u306b\u5408\u3063\u305f\u30e2\u30a4\u30b9\u30c1\u30e3\u30e9\u30a4\u30b6\u30fc\u3092\u63d0\u4f9b\u3057\u3066\u3044\u308b\u3002<\/li>\n\n\n\n<li><strong>\u65e5\u713c\u3051\u6b62\u3081\u88fd\u54c1\uff1a<\/strong> Jumiso\u306f\u3001\u6709\u5bb3\u306a\u592a\u967d\u5149\u7dda\u304b\u3089\u304a\u808c\u3092\u5b88\u308b\u3001\u5e45\u5e83\u3044\u30b9\u30da\u30af\u30c8\u30eb\u306e\u65e5\u713c\u3051\u6b62\u3081\u30af\u30ea\u30fc\u30e0\u3092\u3054\u7528\u610f\u3057\u3066\u3044\u307e\u3059\u3002<\/li>\n\n\n\n<li><strong>\u30d5\u30a7\u30a4\u30b9\u30de\u30b9\u30af\uff1a<\/strong> Jumiso\u306f\u3001\u304a\u808c\u306e\u898b\u305f\u76ee\u3092\u6539\u5584\u3059\u308b\u305f\u3081\u306e\u69d8\u3005\u306a\u30d5\u30a7\u30a4\u30b9\u30de\u30b9\u30af\u3092\u63d0\u4f9b\u3057\u3066\u3044\u308b\u3002<\/li>\n<\/ul>\n\n\n\n<p><strong>Jumiso\u88fd\u54c1\u3092\u4f7f\u7528\u3059\u308b\u30e1\u30ea\u30c3\u30c8<\/strong><\/p>\n\n\n\n<ul class=\"wp-block-list\">\n<li><strong>\u808c\u306b\u6f64\u3044\u3068\u6804\u990a\u3092\u4e0e\u3048\u308b\uff1a<\/strong> Jumiso\u88fd\u54c1\u306b\u542b\u307e\u308c\u308b\u4fdd\u6e7f\u6210\u5206\u306f\u3001\u808c\u306b\u6f64\u3044\u3068\u6804\u990a\u3092\u4e0e\u3048\u3001\u4e7e\u71e5\u3084\u30ab\u30b5\u3064\u304d\u3092\u9632\u304e\u307e\u3059\u3002<\/li>\n\n\n\n<li><strong>\u3088\u308a\u660e\u308b\u304f\u3001\u3088\u308a\u5747\u4e00\u306a\u9854\u8272\uff1a<\/strong> Jumiso\u88fd\u54c1\u306b\u542b\u307e\u308c\u308b\u30d6\u30e9\u30a4\u30c8\u30cb\u30f3\u30b0\u6210\u5206\u306f\u3001\u8272\u7d20\u6c88\u7740\u3084\u30c0\u30fc\u30af\u30b9\u30dd\u30c3\u30c8\u3092\u6291\u3048\u3001\u660e\u308b\u304f\u5747\u4e00\u306a\u808c\u8272\u3092\u3082\u305f\u3089\u3057\u307e\u3059\u3002<\/li>\n\n\n\n<li><strong>\u6bdb\u7a74\u304c\u5c0f\u3055\u3044\uff1a<\/strong> Jumiso\u88fd\u54c1\u306b\u542b\u307e\u308c\u308b\u6d44\u5316\u6210\u5206\u304c\u6bdb\u7a74\u3092\u53ce\u7e2e\u3055\u305b\u3001\u9ed2\u305a\u307f\u3092\u76ee\u7acb\u305f\u306a\u304f\u3059\u308b\u3002<\/li>\n\n\n\n<li><strong>\u30cf\u30ea\u3068\u5f3e\u529b\u306e\u3042\u308b\u808c\uff1a<\/strong> Jumiso\u88fd\u54c1\u306b\u542b\u307e\u308c\u308b\u30a8\u30a4\u30b8\u30f3\u30b0\u30b1\u30a2\u6210\u5206\u306f\u3001\u808c\u306e\u30cf\u30ea\u3068\u5f3e\u529b\u3092\u9ad8\u3081\u3001\u30b7\u30ef\u3084\u5c0f\u30b8\u30ef\u3092\u76ee\u7acb\u305f\u306a\u304f\u3057\u307e\u3059\u3002<\/li>\n<\/ul>\n\n\n\n<p><strong>Jumiso\u306f\u3001\u30b7\u30f3\u30d7\u30eb\u3067\u52b9\u679c\u7684\u3001\u305d\u3057\u3066\u304a\u624b\u9803\u4fa1\u683c\u306e\u30b9\u30ad\u30f3\u30b1\u30a2\u3092\u304a\u63a2\u3057\u306e\u65b9\u306b\u6700\u9069\u3067\u3059\u3002Jumiso\u306f\u3001\u5e45\u5e83\u3044\u7a2e\u985e\u306e\u88fd\u54c1\u3092\u53d6\u308a\u63c3\u3048\u3066\u304a\u308a\u3001\u3069\u306e\u3088\u3046\u306a\u65b9\u306e\u30cb\u30fc\u30ba\u306b\u3082\u304a\u5fdc\u3048\u3057\u307e\u3059\u3002<\/strong><\/p>\n\n\n\n<p class=\"has-primary-color has-text-color\"><strong>Jumiso\u88fd\u54c1\u306e\u63a8\u5968\uff1a<\/strong><\/p>\n\n\n\n<ul class=\"wp-block-list\">\n<li><strong>Jumiso\u30aa\u30fc\u30eb\u30c7\u30a4\u30fb\u30d3\u30bf\u30df\u30f3\u30fb\u30d6\u30e9\u30a4\u30c8\u30cb\u30f3\u30b0\uff06\u30d0\u30e9\u30f3\u30b7\u30f3\u30b0\u30fb\u30d5\u30a7\u30a4\u30b7\u30e3\u30eb\u30fb\u30bb\u30e9\u30e0\uff1a<\/strong> \u30d3\u30bf\u30df\u30f3C\u914d\u5408\u306e\u8efd\u3044\u7f8e\u5bb9\u6db2\u3067\u3001\u9854\u8272\u3092\u660e\u308b\u304f\u5747\u4e00\u306b\u6574\u3048\u308b\u3002<\/li>\n\n\n\n<li><strong>\u30b8\u30e5\u30df\u30bd\u30fb\u30a6\u30a9\u30fc\u30bf\u30fc\u30d5\u30eb\u30fb\u30d2\u30a2\u30eb\u30ed\u30cb\u30c3\u30af\u30fb\u30af\u30ea\u30fc\u30e0\uff1a<\/strong> \u8efd\u3084\u304b\u3067\u723d\u3084\u304b\u306a\u30e2\u30a4\u30b9\u30c1\u30e3\u30e9\u30a4\u30b6\u30fc\u304c\u3001\u4e00\u65e5\u4e2d\u3001\u808c\u306e\u3046\u308b\u304a\u3044\u3068\u3057\u3063\u3068\u308a\u611f\u3092\u4fdd\u3064\u3002<\/li>\n\n\n\n<li><strong>\u30b8\u30e5\u30df\u30bd\u30a6\u30a9\u30fc\u30bf\u30fc\u30d5\u30eb\u30d2\u30a2\u30eb\u30ed\u30f3\u65e5\u713c\u3051\u6b62\u3081SPF50+ PA++++\uff1a<\/strong> \u6709\u5bb3\u306a\u592a\u967d\u5149\u7dda\u304b\u3089\u808c\u3092\u5b88\u308b\u3001\u5e45\u5e83\u3044\u30b9\u30da\u30af\u30c8\u30eb\u306e\u65e5\u713c\u3051\u6b62\u3081\u3002<\/li>\n<\/ul>\n\n\n\n<hr class=\"wp-block-separator aligncenter has-alpha-channel-opacity\"\/>\n\n\n\n<p class=\"has-text-align-center\"><strong>\u30aa\u30f3\u30e9\u30a4\u30f3\u3067\u5546\u54c1\u3092\u6ce8\u6587\u3059\u308b <strong>\u30b8\u30e5\u30df\u30bd<\/strong> \u30aa\u30d5\u30a3\u30b7\u30e3\u30eb\u30fb\u30d1\u30fc\u30c8\u30ca\u30fc\u30fb\u30b7\u30e7\u30c3\u30d7\u304b\u3089\uff1a<\/strong><\/p>\n\n\n\n<div class=\"wp-block-group has-large-font-size is-layout-grid wp-container-core-group-is-layout-6be84c55 wp-block-group-is-layout-grid\">\n<figure class=\"wp-block-image size-medium\"><a href=\"https:\/\/sole.ro\/brand\/jumiso\" target=\"_blank\" rel=\" noreferrer noopener\"><img decoding=\"async\" width=\"300\" height=\"150\" src=\"https:\/\/onemd.ro\/wp-content\/uploads\/2021\/07\/f6-2-300x150.jpg\" alt=\"\u30bd\u30fc\u30eb\u30ed\" class=\"wp-image-297\" srcset=\"https:\/\/onemd.ro\/wp-content\/uploads\/2021\/07\/f6-2-300x150.jpg 300w, https:\/\/onemd.ro\/wp-content\/uploads\/2021\/07\/f6-2-16x8.jpg 16w, https:\/\/onemd.ro\/wp-content\/uploads\/2021\/07\/f6-2.jpg 600w\" sizes=\"(max-width: 300px) 100vw, 300px\" \/><\/a><\/figure>\n<\/div>\n\n\n\n<p><\/p>","protected":false},"excerpt":{"rendered":"<p>Jumiso este un brand coreean de cosmetice, cunoscut pentru produsele sale de \u00eengrijire a pielii formulate cu ingrediente simple \u0219i eficiente. Fondat \u00een 2013, Jumiso a c\u00e2\u0219tigat rapid popularitate datorit\u0103 abord\u0103rii sale minimaliste \u0219i a accentului pus pe ingrediente naturale. Principalele caracteristici ale brandului Jumiso: Gama de produse Jumiso include: Beneficiile utiliz\u0103rii produselor Jumiso: Jumiso este o alegere excelent\u0103 pentru cei care caut\u0103 o \u00eengrijire a pielii simpl\u0103, eficient\u0103 \u0219i accesibil\u0103. Cu o gam\u0103 larg\u0103 de produse disponibile, Jumiso are ceva pentru a se potrivi nevoilor fiec\u0103rei persoane. Recomand\u0103ri de produse Jumiso: Comand\u0103 online produse Jumiso de la magazinele partenere oficiale:<\/p>","protected":false},"author":1,"featured_media":0,"parent":0,"menu_order":0,"comment_status":"closed","ping_status":"closed","template":"","meta":{"footnotes":""},"class_list":["post-944","page","type-page","status-publish","hentry"],"aioseo_notices":[],"_links":{"self":[{"href":"https:\/\/onemd.ro\/ja\/wp-json\/wp\/v2\/pages\/944","targetHints":{"allow":["GET"]}}],"collection":[{"href":"https:\/\/onemd.ro\/ja\/wp-json\/wp\/v2\/pages"}],"about":[{"href":"https:\/\/onemd.ro\/ja\/wp-json\/wp\/v2\/types\/page"}],"author":[{"embeddable":true,"href":"https:\/\/onemd.ro\/ja\/wp-json\/wp\/v2\/users\/1"}],"replies":[{"embeddable":true,"href":"https:\/\/onemd.ro\/ja\/wp-json\/wp\/v2\/comments?post=944"}],"version-history":[{"count":2,"href":"https:\/\/onemd.ro\/ja\/wp-json\/wp\/v2\/pages\/944\/revisions"}],"predecessor-version":[{"id":1674,"href":"https:\/\/onemd.ro\/ja\/wp-json\/wp\/v2\/pages\/944\/revisions\/1674"}],"wp:attachment":[{"href":"https:\/\/onemd.ro\/ja\/wp-json\/wp\/v2\/media?parent=944"}],"curies":[{"name":"wp","href":"https:\/\/api.w.org\/{rel}","templated":true}]}}