{"id":10,"date":"2021-07-07T10:30:06","date_gmt":"2021-07-07T10:30:06","guid":{"rendered":"http:\/\/onemd.ro\/?page_id=10"},"modified":"2025-08-19T10:43:50","modified_gmt":"2025-08-19T10:43:50","slug":"serviciile-noastre","status":"publish","type":"page","link":"https:\/\/onemd.ro\/ko\/serviciile-noastre\/","title":{"rendered":"\uc11c\ube44\uc2a4"},"content":{"rendered":"<div class=\"wp-block-group alignfull\"><div class=\"wp-block-group__inner-container is-layout-flow wp-block-group-is-layout-flow\">\n<div class=\"wp-block-cover alignfull is-light\"><img fetchpriority=\"high\" decoding=\"async\" width=\"1919\" height=\"600\" class=\"wp-block-cover__image-background wp-image-344\" alt=\"\" src=\"https:\/\/onemd.ro\/wp-content\/uploads\/2021\/07\/serviciibg.jpg\" data-object-fit=\"cover\" srcset=\"https:\/\/onemd.ro\/wp-content\/uploads\/2021\/07\/serviciibg.jpg 1919w, https:\/\/onemd.ro\/wp-content\/uploads\/2021\/07\/serviciibg-300x94.jpg 300w, https:\/\/onemd.ro\/wp-content\/uploads\/2021\/07\/serviciibg-1024x320.jpg 1024w, https:\/\/onemd.ro\/wp-content\/uploads\/2021\/07\/serviciibg-768x240.jpg 768w, https:\/\/onemd.ro\/wp-content\/uploads\/2021\/07\/serviciibg-1536x480.jpg 1536w, https:\/\/onemd.ro\/wp-content\/uploads\/2021\/07\/serviciibg-16x5.jpg 16w, https:\/\/onemd.ro\/wp-content\/uploads\/2021\/07\/serviciibg-1200x375.jpg 1200w\" sizes=\"(max-width: 1919px) 100vw, 1919px\" \/><span aria-hidden=\"true\" class=\"wp-block-cover__background has-background-dim-60 has-background-dim\"><\/span><div class=\"wp-block-cover__inner-container is-layout-flow wp-block-cover-is-layout-flow\">\n<p class=\"has-text-align-center has-background-color has-text-color has-link-color wp-elements-2d6775abc98383d81feaa2d2104e6917\" style=\"font-size:54px\"><strong>\uc11c\ube44\uc2a4<\/strong><\/p>\n<\/div><\/div>\n\n\n\n<div style=\"height:50px\" aria-hidden=\"true\" class=\"wp-block-spacer\"><\/div>\n\n\n\n<p class=\"has-text-align-center\"><strong>\ud83c\udfaf \uc2dc\uc7a5\uc5d0\uc11c \uc778\uc815\ubc1b\ub294 \uc774\uc720<\/strong><\/p>\n\n\n\n<div style=\"height:35px\" aria-hidden=\"true\" class=\"wp-block-spacer\"><\/div>\n\n\n<div class=\"wp-block-image\">\n<figure class=\"aligncenter size-thumbnail\"><img decoding=\"async\" width=\"150\" height=\"150\" src=\"https:\/\/onemd.ro\/wp-content\/uploads\/2025\/08\/EXPERTISE-IP-REPREZENTARE-BRANDURI-150x150.jpg\" alt=\"\" class=\"wp-image-1468\" srcset=\"https:\/\/onemd.ro\/wp-content\/uploads\/2025\/08\/EXPERTISE-IP-REPREZENTARE-BRANDURI-150x150.jpg 150w, https:\/\/onemd.ro\/wp-content\/uploads\/2025\/08\/EXPERTISE-IP-REPREZENTARE-BRANDURI-12x12.jpg 12w, https:\/\/onemd.ro\/wp-content\/uploads\/2025\/08\/EXPERTISE-IP-REPREZENTARE-BRANDURI.jpg 170w\" sizes=\"(max-width: 150px) 100vw, 150px\" \/><\/figure><\/div>\n\n\n<p class=\"has-text-align-center\">\ud83d\udcbc IP \uc804\ubb38 \uc9c0\uc2dd \ubc0f \ube0c\ub79c\ub4dc \ub300\ud45c\uc131<\/p>\n\n\n\n<p class=\"has-small-font-size\">- \ub3c5\uc810 \ube0c\ub79c\ub4dc\ub97c \uc704\ud55c \uc644\ubcbd\ud55c \uc9c0\uc801 \uc7ac\uc0b0 \uad00\ub9ac<\/p>\n\n\n\n<p class=\"has-small-font-size\">- \ub8e8\ub9c8\ub2c8\uc544, \ud5dd\uac00\ub9ac, \ubd88\uac00\ub9ac\uc544\uc758 \ubc95\uc801 \ub300\ub9ac \ubc0f \uc0c1\ud45c\uad8c \ubcf4\ud638<\/p>\n\n\n\n<p class=\"has-small-font-size\">- \uc0c1\ud45c\uad8c \ubcf4\ud638\ub97c \uc704\ud55c \ubc95\uc815 \uc18c\uc1a1\uc5d0\uc11c \uc785\uc99d\ub41c \uacbd\ud5d8(PURITO \uc0ac\uac74)<\/p>\n\n\n\n<hr class=\"wp-block-separator aligncenter has-alpha-channel-opacity\"\/>\n\n\n<div class=\"wp-block-image\">\n<figure class=\"aligncenter size-thumbnail\"><img decoding=\"async\" width=\"150\" height=\"150\" src=\"https:\/\/onemd.ro\/wp-content\/uploads\/2025\/08\/EXPERIENTA-MEDICALA-SPECIALIZATA-150x150.jpg\" alt=\"\" class=\"wp-image-1465\" srcset=\"https:\/\/onemd.ro\/wp-content\/uploads\/2025\/08\/EXPERIENTA-MEDICALA-SPECIALIZATA-150x150.jpg 150w, https:\/\/onemd.ro\/wp-content\/uploads\/2025\/08\/EXPERIENTA-MEDICALA-SPECIALIZATA-12x12.jpg 12w, https:\/\/onemd.ro\/wp-content\/uploads\/2025\/08\/EXPERIENTA-MEDICALA-SPECIALIZATA.jpg 170w\" sizes=\"(max-width: 150px) 100vw, 150px\" \/><\/figure><\/div>\n\n\n<p class=\"has-text-align-center\">\ud83c\udfe5 \uc804\ubb38 \uc758\ub8cc \uacbd\ud5d8<\/p>\n\n\n\n<p class=\"has-small-font-size\">- \uc804\uad6d \ud53c\ubd80\uacfc \ud559\ud68c \uc801\uadf9 \ucc38\uc5ec<\/p>\n\n\n\n<p class=\"has-small-font-size\">- \ud53c\ubd80\uacfc \uc804\ubb38\uc758 \ubc0f \uc758\ub8cc \uc804\ubb38\uac00\uc640\uc758 \uc9c1\uc811 \ud611\uc5c5<\/p>\n\n\n\n<p class=\"has-small-font-size\">- \uc804\ubb38 \uc758\ub8cc \ubd84\uc57c\uc5d0\uc11c \ucd94\ucc9c\ud558\ub294 \uc81c\ud488<\/p>\n\n\n\n<hr class=\"wp-block-separator aligncenter has-alpha-channel-opacity\"\/>\n\n\n<div class=\"wp-block-image\">\n<figure class=\"aligncenter size-thumbnail\"><img loading=\"lazy\" decoding=\"async\" width=\"150\" height=\"150\" src=\"https:\/\/onemd.ro\/wp-content\/uploads\/2025\/08\/EDUCATIE-SI-TRAINING-150x150.jpg\" alt=\"\" class=\"wp-image-1469\" srcset=\"https:\/\/onemd.ro\/wp-content\/uploads\/2025\/08\/EDUCATIE-SI-TRAINING-150x150.jpg 150w, https:\/\/onemd.ro\/wp-content\/uploads\/2025\/08\/EDUCATIE-SI-TRAINING-12x12.jpg 12w, https:\/\/onemd.ro\/wp-content\/uploads\/2025\/08\/EDUCATIE-SI-TRAINING.jpg 170w\" sizes=\"(max-width: 150px) 100vw, 150px\" \/><\/figure><\/div>\n\n\n<p class=\"has-text-align-center\">\ud83c\udf93 \uad50\uc721 \ubc0f \ud6c8\ub828<\/p>\n\n\n\n<p class=\"has-small-font-size\">- \uc57d\uad6d \ubc0f \uc601\uc5c5 \uc9c1\uc6d0\uc744 \uc704\ud55c \uad50\uc721 \ud504\ub85c\uadf8\ub7a8<\/p>\n\n\n\n<p class=\"has-small-font-size\">- \uc885\ud569\uc801\uc778 \ud658\uc790 \uc0c1\ub2f4 \uac00\uc774\ub4dc(36\uac1c FAQ)<\/p>\n\n\n\n<p class=\"has-small-font-size\">- \uc804\ubb38\uac00\ub97c \uc704\ud55c \uad50\uc721 \uc790\ub8cc<\/p>\n\n\n\n<hr class=\"wp-block-separator aligncenter has-alpha-channel-opacity\"\/>\n\n\n<div class=\"wp-block-image\">\n<figure class=\"aligncenter size-thumbnail\"><img loading=\"lazy\" decoding=\"async\" width=\"150\" height=\"150\" src=\"https:\/\/onemd.ro\/wp-content\/uploads\/2025\/08\/RETEA-EXCLUSIVA-DE-DISTRIBUTIE-150x150.jpg\" alt=\"\" class=\"wp-image-1470\" srcset=\"https:\/\/onemd.ro\/wp-content\/uploads\/2025\/08\/RETEA-EXCLUSIVA-DE-DISTRIBUTIE-150x150.jpg 150w, https:\/\/onemd.ro\/wp-content\/uploads\/2025\/08\/RETEA-EXCLUSIVA-DE-DISTRIBUTIE-12x12.jpg 12w, https:\/\/onemd.ro\/wp-content\/uploads\/2025\/08\/RETEA-EXCLUSIVA-DE-DISTRIBUTIE.jpg 170w\" sizes=\"(max-width: 150px) 100vw, 150px\" \/><\/figure><\/div>\n\n\n<p class=\"has-text-align-center\">\ud83c\udf10 \ub3c5\uc810 \uc720\ud1b5 \ub124\ud2b8\uc6cc\ud06c<\/p>\n\n\n\n<p class=\"has-small-font-size\">- 3\uac1c\uad6d\uc758 \uc804\uccb4 \uad6d\uac00 \ucee4\ubc84\ub9ac\uc9c0<\/p>\n\n\n\n<p class=\"has-small-font-size\">- \uc8fc\uc694 \uc57d\uad6d \uccb4\uc778\uacfc\uc758 \ud30c\ud2b8\ub108\uc2ed<\/p>\n\n\n\n<p class=\"has-small-font-size\">- \ud504\ub9ac\ubbf8\uc5c4 \ubc0f \uc628\ub77c\uc778 \ub9ac\ud14c\uc77c\ub7ec\uc5d0\uc11c\uc758 \uc874\uc7ac\uac10<\/p>\n\n\n\n<hr class=\"wp-block-separator aligncenter has-alpha-channel-opacity\"\/>\n\n\n<div class=\"wp-block-image\">\n<figure class=\"aligncenter size-thumbnail\"><img loading=\"lazy\" decoding=\"async\" width=\"150\" height=\"150\" src=\"https:\/\/onemd.ro\/wp-content\/uploads\/2025\/08\/INOVATIE-SI-CONFORMITATE-150x150.jpg\" alt=\"\" class=\"wp-image-1471\" srcset=\"https:\/\/onemd.ro\/wp-content\/uploads\/2025\/08\/INOVATIE-SI-CONFORMITATE-150x150.jpg 150w, https:\/\/onemd.ro\/wp-content\/uploads\/2025\/08\/INOVATIE-SI-CONFORMITATE-12x12.jpg 12w, https:\/\/onemd.ro\/wp-content\/uploads\/2025\/08\/INOVATIE-SI-CONFORMITATE.jpg 170w\" sizes=\"(max-width: 150px) 100vw, 150px\" \/><\/figure><\/div>\n\n\n<p class=\"has-text-align-center\">\ud83d\udd2c \ud601\uc2e0 \ubc0f \uaddc\uc815 \uc900\uc218<\/p>\n\n\n\n<p class=\"has-small-font-size\">- ISO 9001, ISO 14001, ISO 45001 \uc778\uc99d<\/p>\n\n\n\n<p class=\"has-small-font-size\">- \uc801\ud569\uc131 EU \ud654\uc7a5\ud488 \uaddc\uc815<\/p>\n\n\n\n<p class=\"has-small-font-size\">- \uc784\uc0c1\uc801\uc73c\ub85c \uac80\uc99d\ub41c \uc81c\ud488\uc758 \uc218\uc785 \ubc0f \uc720\ud1b5<\/p>\n\n\n\n<hr class=\"wp-block-separator aligncenter has-alpha-channel-opacity\"\/>\n\n\n<div class=\"wp-block-image\">\n<figure class=\"aligncenter size-thumbnail\"><img loading=\"lazy\" decoding=\"async\" width=\"150\" height=\"150\" src=\"https:\/\/onemd.ro\/wp-content\/uploads\/2025\/08\/SERVICIILE-NOASTRE-SPECIALIZATE-150x150.jpg\" alt=\"\" class=\"wp-image-1472\" srcset=\"https:\/\/onemd.ro\/wp-content\/uploads\/2025\/08\/SERVICIILE-NOASTRE-SPECIALIZATE-150x150.jpg 150w, https:\/\/onemd.ro\/wp-content\/uploads\/2025\/08\/SERVICIILE-NOASTRE-SPECIALIZATE-12x12.jpg 12w, https:\/\/onemd.ro\/wp-content\/uploads\/2025\/08\/SERVICIILE-NOASTRE-SPECIALIZATE.jpg 170w\" sizes=\"(max-width: 150px) 100vw, 150px\" \/><\/figure><\/div>\n\n\n<p class=\"has-text-align-center\">\ud83d\ude80 \uc804\ubb38 \uc11c\ube44\uc2a4<\/p>\n\n\n\n<p class=\"has-small-font-size\">\ub3c5\uc810 \ube0c\ub79c\ub4dc(\ub8e8\ub9c8\ub2c8\uc544, \ud5dd\uac00\ub9ac, \ubd88\uac00\ub9ac\uc544)\uc758 \uacbd\uc6b0:<\/p>\n\n\n\n<p class=\"has-small-font-size\">\u2705 \uc9c0\uc801 \uc7ac\uc0b0\uad8c \uad00\ub9ac<\/p>\n\n\n\n<p class=\"has-small-font-size\">\u2705 \uc644\uc804\ud55c \ubc95\uc801 \ub300\ub9ac\uc778<\/p>\n\n\n\n<p class=\"has-small-font-size\">\u2705 \uc2dc\uc7a5 \uc804\ub7b5 \ubc0f \ud3ec\uc9c0\uc154\ub2dd<\/p>\n\n\n\n<p class=\"has-small-font-size\">\u2705 \uc804\ubb38 \uc758\ub8cc \ubc0f \ud53c\ubd80\uacfc \ub9c8\ucf00\ud305<\/p>\n\n\n\n<p class=\"has-small-font-size\">\u2705 \ub3c5\uc810 \ub610\ub294 \uc120\ud0dd\uc801 \uad6d\uac00 \ubc30\ud3ec<\/p>\n\n\n\n<p class=\"has-small-font-size\">\u2705 \ub2a5\ub3d9\uc801\uc778 \uc704\uc870 \ubc29\uc9c0 \ubcf4\ud638<\/p>\n\n\n\n<p class=\"has-small-font-size\">\u2705 \ud6a8\uc728\uc801\uc778 \uac00\uc838\uc624\uae30 \ubc0f \ubc30\ud3ec<\/p>\n\n\n\n<p class=\"has-small-font-size\">\u2705 \ub9c8\ucf00\ud305 \ubc0f POS \uc9c0\uc6d0<\/p>\n\n\n\n<p class=\"has-small-font-size\">\u2705 \uc601\uc5c5 \uc9c1\uc6d0 \uad50\uc721 \ubc0f \ud6c8\ub828<\/p>\n\n\n\n<p class=\"has-small-font-size\">\ud504\ub85c\ubaa8\uc158 \ucea0\ud398\uc778 \ubc0f \uc774\ubca4\ud2b8 \uc804\ubb38 \ubd80\uac00 \uc11c\ube44\uc2a4:<\/p>\n\n\n\n<p class=\"has-small-font-size\">\u2705 \uaddc\uc81c \uc790\ubb38(EU \uaddc\uc815)<\/p>\n\n\n\n<p class=\"has-small-font-size\">\u2705 \uc2dc\uc7a5 \ubd84\uc11d \ubc0f \ud2b8\ub80c\ub4dc \uc608\uce21<\/p>\n\n\n\n<p class=\"has-small-font-size\">\u2705 \uc758\ub8cc \uad50\uc721 \ucf58\ud150\uce20 \uac1c\ubc1c<\/p>\n\n\n\n<p class=\"has-small-font-size\">\u2705 B2B \uc774\ubca4\ud2b8 \uc870\uc9c1<\/p>\n\n\n\n<hr class=\"wp-block-separator aligncenter has-alpha-channel-opacity\"\/>\n\n\n<div class=\"wp-block-image\">\n<figure class=\"aligncenter size-thumbnail\"><img loading=\"lazy\" decoding=\"async\" width=\"150\" height=\"150\" src=\"https:\/\/onemd.ro\/wp-content\/uploads\/2025\/08\/POVESTI-DE-SUCCES-150x150.jpg\" alt=\"\" class=\"wp-image-1473\" srcset=\"https:\/\/onemd.ro\/wp-content\/uploads\/2025\/08\/POVESTI-DE-SUCCES-150x150.jpg 150w, https:\/\/onemd.ro\/wp-content\/uploads\/2025\/08\/POVESTI-DE-SUCCES-12x12.jpg 12w, https:\/\/onemd.ro\/wp-content\/uploads\/2025\/08\/POVESTI-DE-SUCCES.jpg 170w\" sizes=\"(max-width: 150px) 100vw, 150px\" \/><\/figure><\/div>\n\n\n<p class=\"has-text-align-center\">\ud83d\udccb \uc131\uacf5 \uc0ac\ub840<\/p>\n\n\n\n<p class=\"has-small-font-size\">\ud4e8\ub9ac\ud1a0 - \ucd5c\ucd08\uc758 \uc644\uc804\ud55c IP \ubcf4\ud638 \uc0ac\ub840 \"\ub8e8\ub9c8\ub2c8\uc544\uc5d0\uc11c \ud4e8\ub9ac\ud1a0 \uc0c1\ud45c\uc758 \ub3c5\uc810\uad8c\uc744 \ubcf4\ud638\ud558\uae30 \uc704\ud55c \ubc95\uc6d0 \ud310\uacb0\uc744 \ubc1b\uc740 \ubc29\ubc95\"<\/p>\n\n\n\n<p class=\"has-small-font-size\">\ub9ac\ub9cc P20 - \uc758\ub8cc \ubd84\uc57c \uacf5\ub7b5 \"0\uc5d0\uc11c \ud53c\ubd80\uacfc \ucd94\ucc9c \ube0c\ub79c\ub4dc\ub85c - 3\uac1c\ub144 \uc804\ub7b5\" \ud83d\udd2c SKIN1004 - \uad50\uc721\uc774 \uae30\ubc18 \"\uc57d\uad6d \uad50\uc721\uc744 \ud1b5\ud574 \ube0c\ub79c\ub4dc \uc778\uc9c0\ub3c4\ub97c \uc313\uc740 \ubc29\ubc95\"<\/p>\n\n\n\n<p class=\"has-small-font-size\">\ud83c\udf1f SKIN1004 - \uad50\uc721\uc774 \uae30\ubc18\uc774 \ub418\ub2e4 \"\uc57d\uad6d \uad50\uc721\uc744 \ud1b5\ud574 \ube0c\ub79c\ub4dc \uc778\uc9c0\ub3c4\ub97c \uad6c\ucd95\ud55c \ubc29\ubc95\"<\/p>\n\n\n\n<div class=\"wp-block-columns alignfull are-vertically-aligned-top is-layout-flex wp-container-core-columns-is-layout-9d6595d7 wp-block-columns-is-layout-flex\">\n<div class=\"wp-block-column is-layout-flow wp-block-column-is-layout-flow\"><\/div>\n\n\n\n<div class=\"wp-block-column is-vertically-aligned-top is-layout-flow wp-block-column-is-layout-flow\"><div class=\"wp-block-image is-style-default\">\n<figure class=\"aligncenter size-large is-resized\"><img loading=\"lazy\" decoding=\"async\" width=\"106\" height=\"106\" src=\"https:\/\/onemd.ro\/wp-content\/uploads\/2021\/07\/1-3.png\" alt=\"\uc2dc\uc7a5 \uc811\uadfc\" class=\"wp-image-470\" style=\"width:118px;height:118px\" srcset=\"https:\/\/onemd.ro\/wp-content\/uploads\/2021\/07\/1-3.png 106w, https:\/\/onemd.ro\/wp-content\/uploads\/2021\/07\/1-3-12x12.png 12w\" sizes=\"(max-width: 106px) 100vw, 106px\" \/><figcaption class=\"wp-element-caption\"><strong><span style=\"color:#243875\" class=\"has-inline-color\">\uc2dc\uc7a5 \uc811\uadfc<\/span><\/strong><\/figcaption><\/figure><\/div><\/div>\n\n\n\n<div class=\"wp-block-column is-vertically-aligned-top is-layout-flow wp-block-column-is-layout-flow\"><div class=\"wp-block-image\">\n<figure class=\"aligncenter size-large is-resized\"><img loading=\"lazy\" decoding=\"async\" width=\"106\" height=\"106\" src=\"https:\/\/onemd.ro\/wp-content\/uploads\/2021\/07\/2-2.png\" alt=\"\uc81c\ud488 \uad00\ub9ac\" class=\"wp-image-471\" style=\"width:118px;height:118px\" srcset=\"https:\/\/onemd.ro\/wp-content\/uploads\/2021\/07\/2-2.png 106w, https:\/\/onemd.ro\/wp-content\/uploads\/2021\/07\/2-2-12x12.png 12w\" sizes=\"(max-width: 106px) 100vw, 106px\" \/><figcaption class=\"wp-element-caption\"><strong><span style=\"color:#243875\" class=\"has-inline-color\">\uc81c\ud488 \uad00\ub9ac<\/span><\/strong><\/figcaption><\/figure><\/div><\/div>\n\n\n\n<div class=\"wp-block-column is-vertically-aligned-top is-layout-flow wp-block-column-is-layout-flow\"><div class=\"wp-block-image\">\n<figure class=\"aligncenter size-large is-resized\"><img loading=\"lazy\" decoding=\"async\" width=\"106\" height=\"106\" src=\"https:\/\/onemd.ro\/wp-content\/uploads\/2021\/07\/3-1.png\" alt=\"\uc601\uc5c5 \ubc0f \ub9c8\ucf00\ud305 \uad00\ub9ac\" class=\"wp-image-472\" style=\"width:118px;height:118px\" srcset=\"https:\/\/onemd.ro\/wp-content\/uploads\/2021\/07\/3-1.png 106w, https:\/\/onemd.ro\/wp-content\/uploads\/2021\/07\/3-1-12x12.png 12w\" sizes=\"(max-width: 106px) 100vw, 106px\" \/><figcaption class=\"wp-element-caption\"><strong><span style=\"color:#243875\" class=\"has-inline-color\">\uc601\uc5c5 \ubc0f \ub9c8\ucf00\ud305 \uad00\ub9ac<\/span><\/strong><\/figcaption><\/figure><\/div><\/div>\n\n\n\n<div class=\"wp-block-column is-layout-flow wp-block-column-is-layout-flow\"><\/div>\n<\/div>\n\n\n\n<div class=\"wp-block-columns alignfull is-layout-flex wp-container-core-columns-is-layout-9d6595d7 wp-block-columns-is-layout-flex\">\n<div class=\"wp-block-column is-layout-flow wp-block-column-is-layout-flow\"><\/div>\n\n\n\n<div class=\"wp-block-column is-layout-flow wp-block-column-is-layout-flow\"><div class=\"wp-block-image\">\n<figure class=\"aligncenter size-large is-resized\"><img loading=\"lazy\" decoding=\"async\" width=\"106\" height=\"106\" src=\"https:\/\/onemd.ro\/wp-content\/uploads\/2021\/07\/6-2.png\" alt=\"POS \uad00\ub9ac\" class=\"wp-image-473\" style=\"width:118px;height:118px\" srcset=\"https:\/\/onemd.ro\/wp-content\/uploads\/2021\/07\/6-2.png 106w, https:\/\/onemd.ro\/wp-content\/uploads\/2021\/07\/6-2-12x12.png 12w\" sizes=\"(max-width: 106px) 100vw, 106px\" \/><figcaption class=\"wp-element-caption\"><strong><span style=\"color:#243875\" class=\"has-inline-color\">POS \uad00\ub9ac<\/span><\/strong><\/figcaption><\/figure><\/div><\/div>\n\n\n\n<div class=\"wp-block-column is-layout-flow wp-block-column-is-layout-flow\"><div class=\"wp-block-image\">\n<figure class=\"aligncenter size-large is-resized\"><img loading=\"lazy\" decoding=\"async\" width=\"106\" height=\"106\" src=\"https:\/\/onemd.ro\/wp-content\/uploads\/2021\/07\/5-2.png\" alt=\"\uc758\ub8cc \ud504\ub85c\ubaa8\uc158\" class=\"wp-image-475\" style=\"width:118px;height:118px\" srcset=\"https:\/\/onemd.ro\/wp-content\/uploads\/2021\/07\/5-2.png 106w, https:\/\/onemd.ro\/wp-content\/uploads\/2021\/07\/5-2-12x12.png 12w\" sizes=\"(max-width: 106px) 100vw, 106px\" \/><figcaption class=\"wp-element-caption\"><strong><span style=\"color:#243875\" class=\"has-inline-color\">\uc758\ub8cc \ud504\ub85c\ubaa8\uc158<\/span><\/strong><\/figcaption><\/figure><\/div><\/div>\n\n\n\n<div class=\"wp-block-column is-layout-flow wp-block-column-is-layout-flow\"><div class=\"wp-block-image\">\n<figure class=\"aligncenter size-large is-resized\"><img loading=\"lazy\" decoding=\"async\" width=\"106\" height=\"106\" src=\"https:\/\/onemd.ro\/wp-content\/uploads\/2021\/07\/4-2.png\" alt=\"\uc800\uc7a5 \ubc0f \ubc30\ud3ec\" class=\"wp-image-474\" style=\"width:118px;height:118px\" srcset=\"https:\/\/onemd.ro\/wp-content\/uploads\/2021\/07\/4-2.png 106w, https:\/\/onemd.ro\/wp-content\/uploads\/2021\/07\/4-2-12x12.png 12w\" sizes=\"(max-width: 106px) 100vw, 106px\" \/><figcaption class=\"wp-element-caption\"><strong><span style=\"color:#243875\" class=\"has-inline-color\">\uc800\uc7a5 \ubc0f \ubc30\ud3ec<\/span><\/strong><\/figcaption><\/figure><\/div><\/div>\n\n\n\n<div class=\"wp-block-column is-layout-flow wp-block-column-is-layout-flow\"><\/div>\n<\/div>\n\n\n\n<div class=\"wp-block-columns alignfull is-layout-flex wp-container-core-columns-is-layout-9d6595d7 wp-block-columns-is-layout-flex\">\n<div class=\"wp-block-column is-layout-flow wp-block-column-is-layout-flow\"><\/div>\n\n\n\n<div class=\"wp-block-column is-layout-flow wp-block-column-is-layout-flow\"><div class=\"wp-block-image\">\n<figure class=\"aligncenter size-large is-resized\"><img loading=\"lazy\" decoding=\"async\" width=\"106\" height=\"106\" src=\"https:\/\/onemd.ro\/wp-content\/uploads\/2021\/07\/7-1.png\" alt=\"\uaddc\uc815 \ubc0f \uc2b9\uc778\" class=\"wp-image-477\" style=\"width:118px;height:118px\" srcset=\"https:\/\/onemd.ro\/wp-content\/uploads\/2021\/07\/7-1.png 106w, https:\/\/onemd.ro\/wp-content\/uploads\/2021\/07\/7-1-12x12.png 12w\" sizes=\"(max-width: 106px) 100vw, 106px\" \/><figcaption class=\"wp-element-caption\"><span style=\"color:#243875\" class=\"has-inline-color\"><strong>\uaddc\uc815 \ubc0f \uc2b9\uc778<\/strong><\/span><\/figcaption><\/figure><\/div><\/div>\n\n\n\n<div class=\"wp-block-column is-layout-flow wp-block-column-is-layout-flow\"><div class=\"wp-block-image\">\n<figure class=\"aligncenter size-large is-resized\"><img loading=\"lazy\" decoding=\"async\" width=\"106\" height=\"106\" src=\"https:\/\/onemd.ro\/wp-content\/uploads\/2021\/07\/10-1.png\" alt=\"\uace0\uac1d \ud504\ub85c\ubaa8\uc158 \ucea0\ud398\uc778\" class=\"wp-image-479\" style=\"width:118px;height:118px\" srcset=\"https:\/\/onemd.ro\/wp-content\/uploads\/2021\/07\/10-1.png 106w, https:\/\/onemd.ro\/wp-content\/uploads\/2021\/07\/10-1-12x12.png 12w\" sizes=\"(max-width: 106px) 100vw, 106px\" \/><figcaption class=\"wp-element-caption\"><strong><span style=\"color:#243875\" class=\"has-inline-color\">\uace0\uac1d \ud504\ub85c\ubaa8\uc158 \ucea0\ud398\uc778<\/span><\/strong><\/figcaption><\/figure><\/div><\/div>\n\n\n\n<div class=\"wp-block-column is-layout-flow wp-block-column-is-layout-flow\"><div class=\"wp-block-image\">\n<figure class=\"aligncenter size-large is-resized\"><img loading=\"lazy\" decoding=\"async\" width=\"106\" height=\"106\" src=\"https:\/\/onemd.ro\/wp-content\/uploads\/2021\/07\/12-1.png\" alt=\"\ub9de\ucda4\ud615 \uc194\ub8e8\uc158\" class=\"wp-image-478\" style=\"width:118px;height:118px\" srcset=\"https:\/\/onemd.ro\/wp-content\/uploads\/2021\/07\/12-1.png 106w, https:\/\/onemd.ro\/wp-content\/uploads\/2021\/07\/12-1-12x12.png 12w\" sizes=\"(max-width: 106px) 100vw, 106px\" \/><figcaption class=\"wp-element-caption\"><span style=\"color:#243875\" class=\"has-inline-color\"><strong>\ub9de\ucda4\ud615 \uc194\ub8e8\uc158<\/strong><\/span><\/figcaption><\/figure><\/div><\/div>\n\n\n\n<div class=\"wp-block-column is-layout-flow wp-block-column-is-layout-flow\"><\/div>\n<\/div>\n<\/div><\/div>","protected":false},"excerpt":{"rendered":"<p>\ud83c\udfaf DE CE SUNTEM RECUNOSCU\u021aI \u00ceN PIA\u021a\u0102 \ud83d\udcbc EXPERTISE IP &amp; REPREZENTARE BRANDURI \u2022 Gestiunea complet\u0103 a propriet\u0103\u021bii intelectuale pentru brandurile exclusive \u2022 Reprezentare legal\u0103 \u0219i protejarea m\u0103rcilor \u00een Romania, Ungaria, Bulgaria \u2022 Experien\u021b\u0103 dovedit\u0103 \u00een procese judiciare pentru protec\u021bia brandurilor (caz PURITO) \ud83c\udfe5 EXPERIEN\u021a\u0102 MEDICAL\u0102 SPECIALIZAT\u0102 \u2022 Participare activ\u0103 la Congresele Na\u021bionale de Dermatologie [&hellip;]<\/p>","protected":false},"author":1,"featured_media":0,"parent":0,"menu_order":0,"comment_status":"closed","ping_status":"closed","template":"","meta":{"footnotes":""},"class_list":["post-10","page","type-page","status-publish","hentry"],"aioseo_notices":[],"_links":{"self":[{"href":"https:\/\/onemd.ro\/ko\/wp-json\/wp\/v2\/pages\/10","targetHints":{"allow":["GET"]}}],"collection":[{"href":"https:\/\/onemd.ro\/ko\/wp-json\/wp\/v2\/pages"}],"about":[{"href":"https:\/\/onemd.ro\/ko\/wp-json\/wp\/v2\/types\/page"}],"author":[{"embeddable":true,"href":"https:\/\/onemd.ro\/ko\/wp-json\/wp\/v2\/users\/1"}],"replies":[{"embeddable":true,"href":"https:\/\/onemd.ro\/ko\/wp-json\/wp\/v2\/comments?post=10"}],"version-history":[{"count":58,"href":"https:\/\/onemd.ro\/ko\/wp-json\/wp\/v2\/pages\/10\/revisions"}],"predecessor-version":[{"id":1481,"href":"https:\/\/onemd.ro\/ko\/wp-json\/wp\/v2\/pages\/10\/revisions\/1481"}],"wp:attachment":[{"href":"https:\/\/onemd.ro\/ko\/wp-json\/wp\/v2\/media?parent=10"}],"curies":[{"name":"wp","href":"https:\/\/api.w.org\/{rel}","templated":true}]}}