{"id":1059,"date":"2024-08-01T06:48:05","date_gmt":"2024-08-01T06:48:05","guid":{"rendered":"https:\/\/onemd.ro\/?page_id=1059"},"modified":"2024-09-20T07:48:52","modified_gmt":"2024-09-20T07:48:52","slug":"sigknow","status":"publish","type":"page","link":"https:\/\/onemd.ro\/ko\/sigknow\/","title":{"rendered":"Sigknow"},"content":{"rendered":"<div class=\"wp-block-image\">\n<figure class=\"aligncenter size-medium\"><img decoding=\"async\" width=\"300\" height=\"150\" src=\"https:\/\/onemd.ro\/wp-content\/uploads\/2024\/08\/Sigknow-300x150.jpg\" alt=\"\" class=\"wp-image-1066\" srcset=\"https:\/\/onemd.ro\/wp-content\/uploads\/2024\/08\/Sigknow-300x150.jpg 300w, https:\/\/onemd.ro\/wp-content\/uploads\/2024\/08\/Sigknow-1024x512.jpg 1024w, https:\/\/onemd.ro\/wp-content\/uploads\/2024\/08\/Sigknow-768x384.jpg 768w, https:\/\/onemd.ro\/wp-content\/uploads\/2024\/08\/Sigknow-18x9.jpg 18w, https:\/\/onemd.ro\/wp-content\/uploads\/2024\/08\/Sigknow.jpg 1058w\" sizes=\"(max-width: 300px) 100vw, 300px\" \/><\/figure><\/div>\n\n\n<p><strong>\uc2dc\uadf8\ub178\uc6b0 \ubc14\uc774\uc624\uba54\ub514\uceec<\/strong> \ub294 \uc2ec\uc7a5 \uc9c4\ub2e8\uc744 \uc704\ud55c \ud601\uc2e0\uc801\uc778 \uc194\ub8e8\uc158\uc744 \uc804\ubb38\uc73c\ub85c \uac1c\ubc1c\ud558\ub294 \ub300\ub9cc \ud68c\uc0ac\uc785\ub2c8\ub2e4. \ud658\uc790\uc640 \uc758\ub8cc \uc804\ubb38\uac00 \ubaa8\ub450\ub97c \uc704\ud55c \uc9c4\ub2e8 \uacbd\ud5d8\uc744 \uac1c\uc120\ud558\ub294 \ub370 \uc8fc\ub825\ud558\uace0 \uc788\uc2b5\ub2c8\ub2e4.<\/p>\n\n\n\n<p class=\"has-primary-color has-text-color has-link-color has-normal-font-size wp-elements-11cd8b294b22e0ebabec366fe3c5944d\"><strong><a href=\"https:\/\/www.sole.ro\/brand\/sigknow-biomedical\" target=\"_blank\" rel=\"noopener\" title=\"\">\uc8fc\uc694 \uc81c\ud488: \uc774\uc9c0\ud504\ub85c \uc5f0\uc18d \uc2ec\uc804\ub3c4 \ubaa8\ub2c8\ud130<\/a><\/strong><\/p>\n\n\n\n<p>\uc2dc\uadf8\ub098\uc6b0\uc758 \uc8fc\ub825 \uc81c\ud488\uc740 \ub2e4\uc74c\uacfc \uac19\uc2b5\ub2c8\ub2e4. <strong>\uc774\uc9c0\ud504\ub85c \uc5f0\uc18d \uc2ec\uc804\ub3c4 \ubaa8\ub2c8\ud130<\/strong>. \uc774 \ud734\ub300\uc6a9 \uc7a5\uce58\ub97c \uc0ac\uc6a9\ud558\uba74 \uc2ec\uc7a5 \ub9ac\ub4ec\uc744 \uc7a5\uae30\uac04 \ubaa8\ub2c8\ud130\ub9c1\ud558\uc5ec \ubd80\uc815\ub9e5 \ubc0f \uae30\ud0c0 \uc2ec\uc7a5 \uc0c1\ud0dc\ub97c \uc9c4\ub2e8\ud558\ub294 \ub370 \uc720\uc6a9\ud55c \ub370\uc774\ud130\ub97c \uc81c\uacf5\ud560 \uc218 \uc788\uc2b5\ub2c8\ub2e4.<\/p>\n\n\n\n<p><strong>\uc2dc\uadf8\ub098\uc6b0 \uae30\uc220\uc758 \uc8fc\uc694 \uae30\ub2a5:<\/strong><\/p>\n\n\n\n<ul class=\"wp-block-list\">\n<li><strong>\ud734\ub300\uc131:<\/strong> \uc774\uc9c0\ud504\ub85c \ubaa8\ub2c8\ud130\ub294 \uc7a5\uc2dc\uac04 \ud3b8\uc548\ud558\uac8c \ucc29\uc6a9\ud560 \uc218 \uc788\ub3c4\ub85d \uc124\uacc4\ub418\uc5c8\uc2b5\ub2c8\ub2e4.<\/li>\n\n\n\n<li><strong>\uc815\ud655\uc131:<\/strong> \uc774 \uc7a5\uce58\ub294 \uc815\ud655\ud55c \uc9c4\ub2e8\uc744 \uc704\ud574 \uc815\ubc00\ud55c \uc2ec\uc804\ub3c4 \ud310\ub3c5\uac12\uc744 \uc81c\uacf5\ud569\ub2c8\ub2e4.<\/li>\n\n\n\n<li><strong>\ub370\uc774\ud130 \ubd84\uc11d:<\/strong> \uc2dc\uadf8\ub098\uc6b0\uc758 \uace0\uae09 \uc54c\uace0\ub9ac\uc998\uc740 ECG \ub370\uc774\ud130\ub97c \ubd84\uc11d\ud558\uc5ec \uc7a0\uc7ac\uc801\uc778 \uc2ec\uc7a5 \ubb38\uc81c\ub97c \uc2dd\ubcc4\ud569\ub2c8\ub2e4.<\/li>\n\n\n\n<li><strong>\uc0ac\uc6a9 \ud3b8\uc758\uc131:<\/strong> \ud658\uc790\uc640 \ubcf4\ud638\uc790 \ubaa8\ub450 \uc774 \uc2dc\uc2a4\ud15c\uc744 \uc27d\uac8c \uc0ac\uc6a9\ud560 \uc218 \uc788\uc2b5\ub2c8\ub2e4.<\/li>\n<\/ul>\n\n\n\n<p><strong>\uc2dc\uadf8\ub178\uc6b0 \ubbf8\uc158<\/strong><\/p>\n\n\n\n<p>\uc2dc\uadf8\ub098\uc6b0\ub294 \ud601\uc2e0\uc801\uc778 \uae30\uc220\uc744 \ud1b5\ud574 \uc2ec\uc7a5 \uc9c8\ud658\uc758 \uc870\uae30 \ubc1c\uacac\uacfc \uc608\ubc29\uc5d0 \uc804\ub150\ud558\uace0 \uc788\uc2b5\ub2c8\ub2e4. \uc815\ud655\ud558\uace0 \uacbd\uc81c\uc801\uc778 \uc2ec\uc7a5 \ubaa8\ub2c8\ud130\ub9c1 \uc194\ub8e8\uc158\uc744 \uc81c\uacf5\ud568\uc73c\ub85c\uc368 \ud658\uc790\uc758 \uce58\ub8cc \uacb0\uacfc\ub97c \uac1c\uc120\ud558\uace0 \uc758\ub8cc \uc804\ubb38\uac00\uc758 \uc5c5\ubb34\ub97c \uc9c0\uc6d0\ud558\ub294 \uac83\uc744 \ubaa9\ud45c\ub85c \ud569\ub2c8\ub2e4.<\/p>\n\n\n\n<p class=\"has-text-align-center\"><strong>\uacf5\uc2dd \ud30c\ud2b8\ub108 SOLE\uc5d0\uc11c \uc628\ub77c\uc778\uc73c\ub85c \uc8fc\ubb38\ud558\uae30<\/strong><\/p>\n\n\n\n<div class=\"wp-block-buttons is-horizontal is-content-justification-center is-layout-flex wp-container-core-buttons-is-layout-499968f5 wp-block-buttons-is-layout-flex\">\n<div class=\"wp-block-button is-style-outline is-style-outline--1\"><a class=\"wp-block-button__link has-background-color has-text-color has-background wp-element-button\" href=\"https:\/\/www.sole.ro\/brand\/sigknow-biomedical\" style=\"border-radius:17px;background-color:#1474b8\">\uc8fc\ubb38<\/a><\/div>\n<\/div>","protected":false},"excerpt":{"rendered":"<p>Sigknow Biomedical este o companie taiwanez\u0103 specializat\u0103 \u00een dezvoltarea de solu\u021bii inovatoare pentru diagnosticarea cardiac\u0103. Focusul lor principal este \u00eembun\u0103t\u0103\u021birea experien\u021bei de diagnostic at\u00e2t pentru pacien\u021bi, c\u00e2t \u0219i pentru profesioni\u0219tii din domeniul s\u0103n\u0103t\u0103\u021bii. Produsul cheie: Monitorul ECG continuu EZYPRO Produsul emblematic al Sigknow este monitorul ECG continuu EZYPRO. Acest dispozitiv portabil permite monitorizarea pe termen [&hellip;]<\/p>","protected":false},"author":1,"featured_media":0,"parent":0,"menu_order":0,"comment_status":"closed","ping_status":"closed","template":"","meta":{"footnotes":""},"class_list":["post-1059","page","type-page","status-publish","hentry"],"aioseo_notices":[],"_links":{"self":[{"href":"https:\/\/onemd.ro\/ko\/wp-json\/wp\/v2\/pages\/1059","targetHints":{"allow":["GET"]}}],"collection":[{"href":"https:\/\/onemd.ro\/ko\/wp-json\/wp\/v2\/pages"}],"about":[{"href":"https:\/\/onemd.ro\/ko\/wp-json\/wp\/v2\/types\/page"}],"author":[{"embeddable":true,"href":"https:\/\/onemd.ro\/ko\/wp-json\/wp\/v2\/users\/1"}],"replies":[{"embeddable":true,"href":"https:\/\/onemd.ro\/ko\/wp-json\/wp\/v2\/comments?post=1059"}],"version-history":[{"count":4,"href":"https:\/\/onemd.ro\/ko\/wp-json\/wp\/v2\/pages\/1059\/revisions"}],"predecessor-version":[{"id":1215,"href":"https:\/\/onemd.ro\/ko\/wp-json\/wp\/v2\/pages\/1059\/revisions\/1215"}],"wp:attachment":[{"href":"https:\/\/onemd.ro\/ko\/wp-json\/wp\/v2\/media?parent=1059"}],"curies":[{"name":"wp","href":"https:\/\/api.w.org\/{rel}","templated":true}]}}