{"id":1162,"date":"2024-09-17T07:22:08","date_gmt":"2024-09-17T07:22:08","guid":{"rendered":"https:\/\/onemd.ro\/?page_id=1162"},"modified":"2024-09-17T08:57:36","modified_gmt":"2024-09-17T08:57:36","slug":"giverny","status":"publish","type":"page","link":"https:\/\/onemd.ro\/ko\/giverny\/","title":{"rendered":"\uc9c0\ubca0\ub974\ub2c8"},"content":{"rendered":"<div class=\"wp-block-image\">\n<figure class=\"aligncenter size-medium\"><img decoding=\"async\" width=\"300\" height=\"150\" src=\"https:\/\/onemd.ro\/wp-content\/uploads\/2024\/09\/giverny-300x150.jpg\" alt=\"\uc9c0\ubca0\ub974\ub2c8\" class=\"wp-image-1177\" srcset=\"https:\/\/onemd.ro\/wp-content\/uploads\/2024\/09\/giverny-300x150.jpg 300w, https:\/\/onemd.ro\/wp-content\/uploads\/2024\/09\/giverny-1024x512.jpg 1024w, https:\/\/onemd.ro\/wp-content\/uploads\/2024\/09\/giverny-768x384.jpg 768w, https:\/\/onemd.ro\/wp-content\/uploads\/2024\/09\/giverny-18x9.jpg 18w, https:\/\/onemd.ro\/wp-content\/uploads\/2024\/09\/giverny.jpg 1058w\" sizes=\"(max-width: 300px) 100vw, 300px\" \/><\/figure><\/div>\n\n\n<p><strong>\uc9c0\ubca0\ub974\ub2c8<\/strong> \ub294 \uc77c\uc0c1\uc801\uc778 \ubdf0\ud2f0 \ub8e8\ud2f4\uc5d0 \uc6b0\uc544\ud568\uacfc \uc138\ub828\ubbf8\ub97c \ub354\ud558\ub294 \ud55c\uad6d \uba54\uc774\ud06c\uc5c5 \ube0c\ub79c\ub4dc\uc785\ub2c8\ub2e4. \ud654\uac00 \ud074\ub85c\ub4dc \ubaa8\ub124\uc758 \ud504\ub791\uc2a4 \uc9c0\ubca0\ub974\ub2c8\uc758 \uc720\uba85\ud55c \uc815\uc6d0\uc5d0\uc11c \uc601\uac10\uc744 \ubc1b\uc740 \uc774 \ube0c\ub79c\ub4dc\ub294 \ube5b\uacfc \uc790\uc5f0\uc2a4\ub7ec\uc6c0\uc744 \uc138\ub828\ub41c \uba54\uc774\ud06c\uc5c5\uc5d0 \ub2f4\uc544\ub0c5\ub2c8\ub2e4.<\/p>\n\n\n\n<p><strong>\uc9c0\ubca0\ub974\ub2c8\uac00 \ud2b9\ubcc4\ud55c \uc774\uc720\ub294 \ubb34\uc5c7\uc778\uac00\uc694?<\/strong><\/p>\n\n\n\n<ul class=\"wp-block-list\">\n<li><strong>\ucc9c\uc5f0 \uc131\ubd84:<\/strong> \uc9c0\ubca0\ub974\ub2c8 \uc81c\ud488\uc5d0\ub294 \uaf43 \ucd94\ucd9c\ubb3c\uacfc \uae30\ud0c0 \uc2dd\ubb3c \uc131\ubd84\uc774 \ud568\uc720\ub418\uc5b4 \uc788\uc5b4 \uba54\uc774\ud06c\uc5c5\uc744 \ud558\ub294 \ub3d9\uc548 \ud53c\ubd80\ub97c \ubd80\ub4dc\ub7fd\uac8c \uad00\ub9ac\ud560 \uc218 \uc788\uc2b5\ub2c8\ub2e4.<\/li>\n\n\n\n<li><strong>\uace0\uae09\uc2a4\ub7ec\uc6b4 \ud14d\uc2a4\ucc98:<\/strong> \ub2e4\uc591\ud55c \uc81c\ud488\uc774 \ubbf8\uc138\ud55c \uc9c8\uac10\uacfc \uc0dd\uc0dd\ud55c \uceec\ub7ec\ub85c \uc644\ubcbd\ud558\uace0 \ube5b\ub098\ub294 \ub8e9\uc744 \uc120\uc0ac\ud569\ub2c8\ub2e4.<\/li>\n\n\n\n<li><strong>\uace0\uae09 \uae30\uc220:<\/strong> \uc774 \ube0c\ub79c\ub4dc\ub294 \ud604\ub300 \uae30\uc220\uc744 \uc0ac\uc6a9\ud558\uc5ec \ucc9c\uc5f0 \uc131\ubd84\uc758 \uc720\uc775\ud55c \ud2b9\uc131\uc744 \ucd94\ucd9c\ud558\uace0 \ubcf4\uc874\ud569\ub2c8\ub2e4.<\/li>\n\n\n\n<li><strong>\uc790\uc5f0\uc2a4\ub7fd\uac8c \ubcf4\uc774\uc138\uc694:<\/strong> \uc9c0\ubca0\ub974\ub2c8 \uba54\uc774\ud06c\uc5c5\uc740 \uc790\uc5f0\uc2a4\ub7ec\uc6b4 \uc544\ub984\ub2e4\uc6c0\uc744 \uac15\uc870\ud558\uc5ec \ud654\uc0ac\ud558\uace0 \uac74\uac15\ud574 \ubcf4\uc774\ub294 \uad11\ucc44\ub97c \uc120\uc0ac\ud569\ub2c8\ub2e4.<\/li>\n<\/ul>\n\n\n\n<p class=\"has-primary-color has-text-color has-link-color wp-elements-de3239593f9b5626ebfdd4aef47ce6ad\"><strong><a href=\"https:\/\/www.sole.ro\/brand\/giverny\" target=\"_blank\" rel=\"noopener\" title=\"\">\ucd94\ucc9c \uc81c\ud488:<\/a><\/strong><\/p>\n\n\n\n<ul class=\"wp-block-list\">\n<li><strong>\ubc00\ucc29 \ud30c\uc6b4\ub370\uc774\uc158:<\/strong> \uc911\uac04 \ucee4\ubc84\ub825\uacfc \ub9e4\ud2b8\ud55c \ub9c8\ubb34\ub9ac\uac10\uc73c\ub85c \uc720\uba85\ud55c \uc774 \ud30c\uc6b4\ub370\uc774\uc158\uc740 \ud558\ub8e8 \uc885\uc77c \uade0\uc77c\ud558\uace0 \uc624\ub798 \uc9c0\uc18d\ub418\ub294 \ud53c\ubd80 \ud45c\ud604\uc744 \ubcf4\uc7a5\ud569\ub2c8\ub2e4.<\/li>\n\n\n\n<li><strong>\ub258\uc559\uc2a4 G \uc544\uc774 \uc544\uc774\uc100\ub3c4\uc6b0 \ud314\ub808\ud2b8:<\/strong> \ub2e4\uc591\ud55c \uc0c9\uc870\uc640 \ud06c\ub9ac\ubbf8\ud55c \uc9c8\uac10\uc758 \uc774 \ud314\ub808\ud2b8\ub294 \uc790\uc5f0\uc2a4\ub7ec\uc6b0\uba74\uc11c\ub3c4 \ub300\ub2f4\ud55c \ub8e9\uc744 \uc5f0\ucd9c\ud558\uae30\uc5d0 \uc644\ubcbd\ud569\ub2c8\ub2e4.<\/li>\n\n\n\n<li><strong>\ubc00\ucc29 \uc13c\uc2dc\ud2f0\ube0c \ub9c8\uc2a4\uce74\ub77c:<\/strong> \ubbfc\uac10\ud55c \ub208\uc744 \uc790\uadf9\ud558\uc9c0 \uc54a\uace0 \ubcfc\ub968\uacfc \uae38\uc5b4 \ubcf4\uc774\ub294 \ud6a8\uacfc\ub97c \uc120\uc0ac\ud569\ub2c8\ub2e4.<\/li>\n\n\n\n<li><strong>\uc784\ud504\ub808\uc158 \ub354\ube14 \uc5e3\uc9c0 \uc544\uc774\ube0c\ub85c\uc6b0 \ud39c\uc2ac:<\/strong> \ud55c\ucabd \ub05d\uc740 \ucc44\uc6b0\uae30\uc6a9, \ud55c\ucabd \ub05d\uc740 \ub208\uc379 \uc724\uacfd\uc744 \uadf8\ub9ac\ub294 \ub370 \uc0ac\uc6a9\ud558\ub294 \uc774 \ud39c\uc2ac\uc744 \uc0ac\uc6a9\ud558\uba74 \uc644\ubcbd\ud55c \ub208\uc379\uc744 \uc5f0\ucd9c\ud560 \uc218 \uc788\uc2b5\ub2c8\ub2e4.<\/li>\n<\/ul>\n\n\n\n<p>\uc9c0\ubca0\ub974\ub2c8\ub294 \ub2e8\uc21c\ud55c \uba54\uc774\ud06c\uc5c5 \ube0c\ub79c\ub4dc\uac00 \uc544\ub2c8\ub77c \uc790\uc5f0\uc2a4\ub7ec\uc6b4 \uc544\ub984\ub2e4\uc6c0\uc744 \ubc1b\uc544\ub4e4\uc774\uace0 \uadf8\ub8e8\ubc0d \uc608\uc220\uc5d0\uc11c \uc601\uac10\uc744 \uc5bb\uc744 \uc218 \uc788\ub294 \ucd08\ub300\uc7a5\uc785\ub2c8\ub2e4.<\/p>\n\n\n\n<p class=\"has-text-align-center\"><strong>\uacf5\uc2dd \ud30c\ud2b8\ub108 SOLE\uc5d0\uc11c \uc628\ub77c\uc778\uc73c\ub85c \uc8fc\ubb38\ud558\uae30<\/strong><\/p>\n\n\n\n<div class=\"wp-block-buttons is-horizontal is-content-justification-center is-layout-flex wp-container-core-buttons-is-layout-499968f5 wp-block-buttons-is-layout-flex\">\n<div class=\"wp-block-button is-style-outline is-style-outline--1\"><a class=\"wp-block-button__link has-background-color has-text-color has-background wp-element-button\" href=\"https:\/\/www.sole.ro\/brand\/giverny\" style=\"border-radius:17px;background-color:#1474b8\">\uc8fc\ubb38<\/a><\/div>\n<\/div>","protected":false},"excerpt":{"rendered":"<p>Giverny este un brand coreean de machiaj care aduce o not\u0103 de elegan\u021b\u0103 \u0219i rafinament \u00een rutina zilnic\u0103 de frumuse\u021be. Inspirat de celebrele gr\u0103dini ale pictorului Claude Monet din Giverny, Fran\u021ba, acest brand promite s\u0103 capteze lumina \u0219i naturale\u021bea \u00eentr-un machiaj sofisticat. De ce s\u0103 alegi Giverny? Produse recomandate: Giverny este mai mult dec\u00e2t un [&hellip;]<\/p>","protected":false},"author":1,"featured_media":0,"parent":0,"menu_order":0,"comment_status":"closed","ping_status":"closed","template":"","meta":{"footnotes":""},"class_list":["post-1162","page","type-page","status-publish","hentry"],"aioseo_notices":[],"_links":{"self":[{"href":"https:\/\/onemd.ro\/ko\/wp-json\/wp\/v2\/pages\/1162","targetHints":{"allow":["GET"]}}],"collection":[{"href":"https:\/\/onemd.ro\/ko\/wp-json\/wp\/v2\/pages"}],"about":[{"href":"https:\/\/onemd.ro\/ko\/wp-json\/wp\/v2\/types\/page"}],"author":[{"embeddable":true,"href":"https:\/\/onemd.ro\/ko\/wp-json\/wp\/v2\/users\/1"}],"replies":[{"embeddable":true,"href":"https:\/\/onemd.ro\/ko\/wp-json\/wp\/v2\/comments?post=1162"}],"version-history":[{"count":2,"href":"https:\/\/onemd.ro\/ko\/wp-json\/wp\/v2\/pages\/1162\/revisions"}],"predecessor-version":[{"id":1190,"href":"https:\/\/onemd.ro\/ko\/wp-json\/wp\/v2\/pages\/1162\/revisions\/1190"}],"wp:attachment":[{"href":"https:\/\/onemd.ro\/ko\/wp-json\/wp\/v2\/media?parent=1162"}],"curies":[{"name":"wp","href":"https:\/\/api.w.org\/{rel}","templated":true}]}}