{"id":1168,"date":"2024-09-17T07:24:05","date_gmt":"2024-09-17T07:24:05","guid":{"rendered":"https:\/\/onemd.ro\/?page_id=1168"},"modified":"2025-09-09T12:06:53","modified_gmt":"2025-09-09T12:06:53","slug":"shurei","status":"publish","type":"page","link":"https:\/\/onemd.ro\/ko\/shurei\/","title":{"rendered":"\uc288\ub808\uc774"},"content":{"rendered":"<div class=\"wp-block-image\">\n<figure class=\"aligncenter size-medium\"><img decoding=\"async\" width=\"300\" height=\"150\" src=\"https:\/\/onemd.ro\/wp-content\/uploads\/2024\/09\/shurei-300x150.jpg\" alt=\"\uc288\ub808\uc774\" class=\"wp-image-1179\" srcset=\"https:\/\/onemd.ro\/wp-content\/uploads\/2024\/09\/shurei-300x150.jpg 300w, https:\/\/onemd.ro\/wp-content\/uploads\/2024\/09\/shurei-1024x512.jpg 1024w, https:\/\/onemd.ro\/wp-content\/uploads\/2024\/09\/shurei-768x384.jpg 768w, https:\/\/onemd.ro\/wp-content\/uploads\/2024\/09\/shurei-18x9.jpg 18w, https:\/\/onemd.ro\/wp-content\/uploads\/2024\/09\/shurei.jpg 1058w\" sizes=\"(max-width: 300px) 100vw, 300px\" \/><\/figure><\/div>\n\n\n<p><strong>\uc288\ub808\uc774<\/strong> \ub294 \uc544\uc2dc\uc544\uc758 \uc804\ud1b5\uacfc \ud604\ub300\uc801\uc778 \ud601\uc2e0\uc774 \uc870\ud654\ub97c \uc774\ub8e8\ub294 \uc77c\ubcf8 \uc2a4\ud0a8 \ubc0f \ud5e4\uc5b4 \ucf00\uc5b4 \ube0c\ub79c\ub4dc\uc785\ub2c8\ub2e4. J-\ubdf0\ud2f0\uc758 \uc6d0\uce59\uc5d0\uc11c \uc601\uac10\uc744 \ubc1b\uc740 \uc288\ub808\uc774 \uc81c\ud488\uc740 \uae4a\uc740 \ubcf4\uc2b5, \uac15\ub825\ud55c \uc601\uc591 \uacf5\uae09, \uc790\uc5f0 \ubcf4\ud638\uc5d0 \uc911\uc810\uc744 \ub450\uace0 \ud37c\uc2a4\ub110 \ucf00\uc5b4\uc5d0 \ub300\ud55c \ucd1d\uccb4\uc801\uc778 \uc811\uadfc \ubc29\uc2dd\uc744 \uc81c\uacf5\ud569\ub2c8\ub2e4.<\/p>\n\n\n\n<h3 class=\"wp-block-heading has-large-font-size\"><strong>\uc288\ub808\uc774\uac00 \ud2b9\ubcc4\ud55c \uc774\uc720\ub294 \ubb34\uc5c7\uc778\uac00\uc694?<\/strong><\/h3>\n\n\n\n<ul class=\"wp-block-list\">\n<li><strong>\ucc9c\uc5f0 \uc131\ubd84:<\/strong> \uc288\ub808\uc774\uc758 \ubaa8\ub4e0 \uc81c\ud488\uc740 \ud56d\uc0b0\ud654 \ubc0f \ubcf4\uc2b5 \ud6a8\uacfc\uac00 \uc788\ub294 \uc300 \ucd94\ucd9c\ubb3c\uacfc \uac19\uc740 \ucc9c\uc5f0 \uc720\ub798 \ud65c\uc131 \uc131\ubd84\uc73c\ub85c \ub9cc\ub4e4\uc5b4\uc84c\uc2b5\ub2c8\ub2e4.<\/li>\n\n\n\n<li><strong>\ud6a8\uacfc\uac00 \uc785\uc99d\ub418\uc5c8\uc2b5\ub2c8\ub2e4:<\/strong> \uc288\ub808\uc774 \uc81c\ud488\uc758 \uc81c\ud615\uc5d0 \uc0ac\uc6a9\ub41c \ucca8\ub2e8 \uae30\uc220\uc740 \ube60\ub978 \ud761\uc218\uc640 \ucd5c\ub300\uc758 \ud6a8\uacfc\ub97c \ubcf4\uc7a5\ud569\ub2c8\ub2e4.<\/li>\n\n\n\n<li><strong>\uc990\uac70\uc6b4 \ud14d\uc2a4\ud2b8:<\/strong> \uc288\ub808\uc774 \uc81c\ud488\uc740 \uac00\ubccd\uace0 \ub048\uc801\uc784\uc774 \uc5c6\ub294 \ud14d\uc2a4\ucc98\ub85c \ubaa8\ub4e0 \ud53c\ubd80 \ud0c0\uc785\uc5d0 \uc801\ud569\ud569\ub2c8\ub2e4.<\/li>\n\n\n\n<li><strong>\uc794\uc778\ud558\uc9c0 \uc54a\uc2b5\ub2c8\ub2e4:<\/strong> \uc288\ub808\uc774\ub294 \uc790\uc0ac \uc81c\ud488\uc744 \ub3d9\ubb3c \uc2e4\ud5d8\ud558\uc9c0 \uc54a\uc2b5\ub2c8\ub2e4.<\/li>\n<\/ul>\n\n\n\n<h3 class=\"wp-block-heading has-primary-color has-text-color has-link-color has-large-font-size wp-elements-8015896b6ab8a7aae0008adf53d963ab\"><strong>\uc288\ub808\uc774 \ucd94\ucc9c \uc81c\ud488<\/strong><\/h3>\n\n\n\n<ul class=\"wp-block-list\">\n<li><strong>\ucf5c\ub77c\uac90 \ud398\uc774\uc2a4 \ud06c\ub9bc:<\/strong> \ud53c\ubd80\uc5d0 \uae4a\uc740 \uc601\uc591\uacfc \ubcf4\uc2b5\uc744 \uacf5\uae09\ud558\uc5ec \uc794\uc8fc\ub984\uacfc \uc8fc\ub984\uc744 \uc904\uc5ec\uc90d\ub2c8\ub2e4.<\/li>\n\n\n\n<li><strong>\ucf5c\ub77c\uac90 \uc544\uc774 \ud06c\ub9bc:<\/strong> \ubd93\uae30\uc640 \ub2e4\ud06c\uc11c\ud074\uc744 \uc644\ud654\ud558\uc5ec \uc5f0\uc57d\ud55c \ub208\uac00\ub97c \ubc1d\uace0 \uc0c1\ucf8c\ud558\uac8c \uac00\uafb8\uc5b4 \uc90d\ub2c8\ub2e4.<\/li>\n\n\n\n<li><strong>\uc300 \ucd94\ucd9c\ubb3c\uc774 \ud568\uc720\ub41c \uc0f4\ud478\uc640 \ucee8\ub514\uc154\ub108:<\/strong> \ubaa8\ubc1c\uc744 \ubd80\ub4dc\ub7fd\uac8c \ud074\ub80c\uc9d5\ud558\uace0 \uc218\ubd84\uc744 \uacf5\uae09\ud558\uc5ec \uc724\uae30\uc640 \ud65c\ub825\uc744 \ubd80\uc5ec\ud569\ub2c8\ub2e4.<\/li>\n<\/ul>\n\n\n\n<h3 class=\"wp-block-heading has-large-font-size\"><strong>\uc288\ub808\uc774 \uc81c\ud488 \uc0ac\uc6a9\uc758 \uc774\uc810<\/strong><\/h3>\n\n\n\n<ul class=\"wp-block-list\">\n<li><strong>\ucd09\ucd09\ud558\uace0 \ube5b\ub098\ub294 \ud53c\ubd80:<\/strong> \uc720\ud6a8 \uc131\ubd84\uc774 \ud53c\ubd80 \uae4a\uc219\uc774 \uce68\ud22c\ud558\uc5ec \uac15\ub825\ud55c \ubcf4\uc2b5\uacfc \uc138\ud3ec \uc7ac\uc0dd\uc744 \ucd09\uc9c4\ud569\ub2c8\ub2e4.<\/li>\n\n\n\n<li><strong>\uac74\uac15\ud558\uace0 \uc724\uae30 \uc788\ub294 \ubaa8\ubc1c:<\/strong> \ud2b9\ubcc4\ud55c \ud5e4\uc5b4 \uc81c\ud488 \ud3ec\ubbac\ub7ec\uac00 \ubaa8\ubc1c\uc744 \uac15\ud654\ud558\uace0 \uc678\ubd80 \uc694\uc778\uc73c\ub85c\ubd80\ud130 \ubaa8\ubc1c\uc744 \ubcf4\ud638\ud558\uba70 \uc790\uc5f0\uc2a4\ub7ec\uc6b4 \uc724\uae30\ub97c \ubd80\uc5ec\ud569\ub2c8\ub2e4.<\/li>\n\n\n\n<li><strong>\ub098\ub9cc\uc758 \uc544\ub984\ub2e4\uc6c0\uc5d0 \ub300\ud55c \uc790\uc2e0\uac10:<\/strong> \uc288\ub808\uc774 \uc81c\ud488\uc740 \uc790\uc5f0\uc2a4\ub7ec\uc6b4 \uc544\ub984\ub2e4\uc6c0\uc744 \ubc1c\uacac\ud558\uace0 \uac15\uc870\ud560 \uc218 \uc788\ub3c4\ub85d \ub3c4\uc640\uc90d\ub2c8\ub2e4.<\/li>\n<\/ul>\n\n\n\n<p>\uc288\ub808\uc774\ub294 \ub2e8\uc21c\ud55c \ud654\uc7a5\ud488 \ube0c\ub79c\ub4dc\uac00 \uc544\ub2c8\ub77c \uc790\uc5f0\uc758 \uc544\ub984\ub2e4\uc6c0\uacfc \uc790\uc5f0\uacfc\uc758 \uc870\ud654\ub97c \ucd94\uad6c\ud558\ub294 \uc0b6\uc758 \ucca0\ud559\uc785\ub2c8\ub2e4. \ud6a8\uacfc\uc801\uc774\uace0 \uc990\uac70\uc6b4 \ud53c\ubd80 \ubc0f \ud5e4\uc5b4 \ucf00\uc5b4 \ub8e8\ud2f4\uc744 \uc6d0\ud558\uc2e0\ub2e4\uba74 \uc288\ub808\uc774 \uc81c\ud488\uc740 \uc644\ubcbd\ud55c \uc120\ud0dd\uc785\ub2c8\ub2e4.<\/p>\n\n\n\n<hr class=\"wp-block-separator aligncenter has-alpha-channel-opacity\"\/>\n\n\n\n<p class=\"has-text-align-center\"><strong>\uc288\ub808\uc774\uc758 \uacf5\uc2dd \ud30c\ud2b8\ub108 \uc0c1\uc810\uc5d0\uc11c \uc628\ub77c\uc778\uc73c\ub85c \uc288\ub808\uc774 \uc81c\ud488\uc744 \uc8fc\ubb38\ud558\uc138\uc694:<\/strong><\/p>\n\n\n\n<div class=\"wp-block-group has-large-font-size is-layout-grid wp-container-core-group-is-layout-6be84c55 wp-block-group-is-layout-grid\">\n<figure class=\"wp-block-image size-medium\"><a href=\"https:\/\/sole.ro\/brand\/shurei\" target=\"_blank\" rel=\" noreferrer noopener\"><img decoding=\"async\" width=\"300\" height=\"150\" src=\"https:\/\/onemd.ro\/wp-content\/uploads\/2021\/07\/f6-2-300x150.jpg\" alt=\"sole.ro\" class=\"wp-image-297\" srcset=\"https:\/\/onemd.ro\/wp-content\/uploads\/2021\/07\/f6-2-300x150.jpg 300w, https:\/\/onemd.ro\/wp-content\/uploads\/2021\/07\/f6-2-16x8.jpg 16w, https:\/\/onemd.ro\/wp-content\/uploads\/2021\/07\/f6-2.jpg 600w\" sizes=\"(max-width: 300px) 100vw, 300px\" \/><\/a><\/figure>\n<\/div>","protected":false},"excerpt":{"rendered":"<p>Shurei este un brand japonez de \u00eengrijire a pielii \u0219i p\u0103rului care \u00eembin\u0103 armonia tradi\u021biilor asiatice cu inova\u021biile moderne. Inspirate de principiile J-Beauty, produsele Shurei ofer\u0103 o abordare holistic\u0103 a \u00eengrijirii personale, concentr\u00e2ndu-se pe hidratare profund\u0103, hr\u0103nire intens\u0103 \u0219i protec\u021bie natural\u0103. De ce s\u0103 alegi Shurei? Produse Shurei recomandate Beneficiile utiliz\u0103rii produselor Shurei Shurei este [&hellip;]<\/p>","protected":false},"author":1,"featured_media":0,"parent":0,"menu_order":0,"comment_status":"closed","ping_status":"closed","template":"","meta":{"footnotes":""},"class_list":["post-1168","page","type-page","status-publish","hentry"],"aioseo_notices":[],"_links":{"self":[{"href":"https:\/\/onemd.ro\/ko\/wp-json\/wp\/v2\/pages\/1168","targetHints":{"allow":["GET"]}}],"collection":[{"href":"https:\/\/onemd.ro\/ko\/wp-json\/wp\/v2\/pages"}],"about":[{"href":"https:\/\/onemd.ro\/ko\/wp-json\/wp\/v2\/types\/page"}],"author":[{"embeddable":true,"href":"https:\/\/onemd.ro\/ko\/wp-json\/wp\/v2\/users\/1"}],"replies":[{"embeddable":true,"href":"https:\/\/onemd.ro\/ko\/wp-json\/wp\/v2\/comments?post=1168"}],"version-history":[{"count":4,"href":"https:\/\/onemd.ro\/ko\/wp-json\/wp\/v2\/pages\/1168\/revisions"}],"predecessor-version":[{"id":1803,"href":"https:\/\/onemd.ro\/ko\/wp-json\/wp\/v2\/pages\/1168\/revisions\/1803"}],"wp:attachment":[{"href":"https:\/\/onemd.ro\/ko\/wp-json\/wp\/v2\/media?parent=1168"}],"curies":[{"name":"wp","href":"https:\/\/api.w.org\/{rel}","templated":true}]}}