{"id":1263,"date":"2025-04-02T07:49:48","date_gmt":"2025-04-02T07:49:48","guid":{"rendered":"https:\/\/onemd.ro\/?page_id=1263"},"modified":"2025-05-05T12:12:16","modified_gmt":"2025-05-05T12:12:16","slug":"the-whoo","status":"publish","type":"page","link":"https:\/\/onemd.ro\/ko\/the-whoo\/","title":{"rendered":"\ub354 \ud6c4"},"content":{"rendered":"<div class=\"wp-block-image\">\n<figure class=\"aligncenter size-medium\"><img decoding=\"async\" width=\"300\" height=\"150\" src=\"https:\/\/onemd.ro\/wp-content\/uploads\/2025\/04\/the-whoo-300x150.jpg\" alt=\"WHOO\ub294 \ub8e8\ub9c8\ub2c8\uc544, \ud5dd\uac00\ub9ac \ubc0f \ub3d9\uc720\ub7fd\uc758 \uacf5\uc2dd \uc720\ud1b5\uc0ac\uc778 \uc6d0 \ub9c8\uc2a4\ud130 \ub514\uc2a4\ud2b8\ub9ac\ubdf0\uc158\uc744 \ud1b5\ud574 \uad6c\ub9e4\ud560 \uc218 \uc788\uc2b5\ub2c8\ub2e4.\" class=\"wp-image-1276\" srcset=\"https:\/\/onemd.ro\/wp-content\/uploads\/2025\/04\/the-whoo-300x150.jpg 300w, https:\/\/onemd.ro\/wp-content\/uploads\/2025\/04\/the-whoo-1024x512.jpg 1024w, https:\/\/onemd.ro\/wp-content\/uploads\/2025\/04\/the-whoo-768x384.jpg 768w, https:\/\/onemd.ro\/wp-content\/uploads\/2025\/04\/the-whoo.jpg 1058w\" sizes=\"(max-width: 300px) 100vw, 300px\" \/><\/figure><\/div>\n\n\n<p class=\"has-large-font-size\"><strong>\ud6c4\uc758 \uc5ed\uc0ac - \uc655\uc2e4\uc758 \uc544\ub984\ub2e4\uc6c0 \uc7ac\ubc1c\uacac<\/strong><\/p>\n\n\n\n<p class=\"has-normal-font-size\"><strong>\ub354 \ud6c4<\/strong> \ub294 \ud55c\uad6d \uc655\uc2e4\uc758 \uc544\ub984\ub2e4\uc6c0\uc758 \ube44\uacb0\uc5d0\uc11c \uc601\uac10\uc744 \ubc1b\uc740 \ud504\ub9ac\ubbf8\uc5c4 \uc2a4\ud0a8\ucf00\uc5b4 \ube0c\ub79c\ub4dc\uc785\ub2c8\ub2e4. \uc870\uc120 \uc2dc\ub300 \uc655\ud6c4\uc758 \uc2dc\ub300\ub97c \ucd08\uc6d4\ud55c \ud654\ub824\ud568\uacfc \uc6b0\uc544\ud568\uc744 \uc7ac\ud604\ud558\uace0\uc790 \ud558\ub294 \uc5f4\ub9dd\uc5d0\uc11c \ud0c4\uc0dd\ud55c \uc774 \ube0c\ub79c\ub4dc\ub294 \uc804\ud1b5 \ud55c\ubc29\uc758 \uc9c0\ud61c\uc640 \ud604\ub300 \ud53c\ubd80\uacfc\ud559\uc758 \ucd5c\uc2e0 \uc5f0\uad6c \uacb0\uacfc\ub97c \uc870\ud654\ub86d\uac8c \uc870\ud654\uc2dc\ucf30\uc2b5\ub2c8\ub2e4.<\/p>\n\n\n\n<h3 class=\"wp-block-heading has-large-font-size\">\ud83c\udf3f <strong>\uc655\uc2e4\uc758 \uc804\ud1b5, \ud604\ub300 \uacfc\ud559<\/strong><\/h3>\n\n\n\n<p class=\"has-normal-font-size\">\ub354 \ud6c4\uc758 \ubaa8\ub4e0 \uc81c\ud488\uc740 \uc0b0\uc0bc, \ud55c\ubc29 \ucd94\ucd9c\ubb3c, \uc21c\uae08 \ub610\ub294 \uc9c4\uc8fc \ud30c\uc6b0\ub354 \ub4f1 \ud76c\uadc0\ud558\uace0 \uadc0\ud55c \uc131\ubd84\uc73c\ub85c \ub9cc\ub4e4\uc5b4\uc9c0\uba70, \ud669\uc2e4 \uae30\ub85d\ubcf4\uad00\uc18c\uc5d0 \uc218 \uc138\uae30 \ub3d9\uc548 \ubcf4\uc874\ub41c \ud654\uc7a5\ud488 \ub808\uc2dc\ud53c\uc5d0\uc11c \uc601\uac10\uc744 \ubc1b\uc544 \ub9cc\ub4e4\uc5b4\uc9d1\ub2c8\ub2e4.<\/p>\n\n\n\n<p class=\"has-normal-font-size\">\ub2e4\uc74c\uacfc \uac19\uc740 \ud2b9\ud5c8 \uc2dd\ubb3c \ubcf5\ud569\uccb4 <strong>\uacf5\uc9c4\ube44\ub2e8<\/strong> \ubc0f <strong>\ud654\uc724\ub2e8<\/strong>\ub294 \ud53c\ubd80 \uc5d0\ub108\uc9c0\uc758 \uade0\ud615\uc744 \uc720\uc9c0\ud558\uc5ec \uc5ec\uc655\ucc98\ub7fc \uc0dd\uae30 \uc788\uace0 \ud0c4\ud0c4\ud558\uba70 \ube5b\ub098\ub294 \uc548\uc0c9\uc744 \uc120\uc0ac\ud569\ub2c8\ub2e4.<\/p>\n\n\n\n<h3 class=\"wp-block-heading has-primary-color has-text-color has-link-color has-large-font-size wp-elements-478be3c3a5f55529095e817afe2c6fb3\">\ud83c\udf1f<a href=\"https:\/\/www.sole.ro\/\" target=\"_blank\" rel=\"noopener\" title=\"\"> <strong>WHOO \uc81c\ud488\uad70\uc758 \uc8fc\uc694 \uc81c\ud488<\/strong><\/a><\/h3>\n\n\n\n<ol class=\"wp-block-list\">\n<li><strong>\ube44\ucca9 \uc140\ud504 \uc81c\ub108\ub808\uc774\ud305 \uc548\ud2f0\uc5d0\uc774\uc9d5 \uc5d0\uc13c\uc2a4<\/strong>\n<ul class=\"wp-block-list\">\n<li class=\"has-normal-font-size\">\ube0c\ub79c\ub4dc\uc758 \ubca0\uc2a4\ud2b8\uc140\ub7ec \uc81c\ud488\uc785\ub2c8\ub2e4. \ud53c\ubd80 \uc7ac\uc0dd\uacfc \ud0c4\ub825 \uac1c\uc120, \uae4a\uc740 \ubcf4\uc2b5\uc744 \ub3d5\ub294 \uc8fc\ub984 \uac1c\uc120 \uc5d0\uc13c\uc2a4\uc785\ub2c8\ub2e4. \uad81\uc911 \ube44\ubc29\uc5d0\uc11c \uc601\uac10\uc744 \ubc1b\uc740 \ud654\uc724\ub2e8 \ucf64\ud50c\ub809\uc2a4\uac00 \ud568\uc720\ub418\uc5b4 \uc788\uc2b5\ub2c8\ub2e4.<\/li>\n<\/ul>\n<\/li>\n\n\n\n<li><strong>\ucc9c\uae30\ub2e8 \ub798\ub514\uc5b8\ud2b8 \ub9ac\uc96c\ubca0\ub124\uc774\ud305 \ud06c\ub9bc<\/strong>\n<ul class=\"wp-block-list\">\n<li>\uae4a\uc740 \ube0c\ub77c\uc774\ud2b8\ub2dd\uacfc \uc7ac\uc0dd \ud6a8\uacfc\uac00 \uc788\ub294 \uace0\uae09\uc2a4\ub7ec\uc6b4 \uc548\ud2f0\uc5d0\uc774\uc9d5 \ud06c\ub9bc\uc785\ub2c8\ub2e4. \uc131\uc219\ud558\uace0 \uce59\uce59\ud55c \ud53c\ubd80\uc5d0 \ucd94\ucc9c\ud569\ub2c8\ub2e4.<\/li>\n<\/ul>\n<\/li>\n\n\n\n<li><strong>\ud658\uc720 \uc784\ud398\ub9ac\uc5bc \uc720\uc2a4 \ud06c\ub9bc<\/strong>\n<ul class=\"wp-block-list\">\n<li>'\uc80a\uc74c\uc758 \ube44\uc57d'\uc73c\ub85c \ubd88\ub9ac\ub294 \ud658\uc720 \ub77c\uc778 \uc911 \uac00\uc7a5 \uace0\uae09\uc2a4\ub7ec\uc6b4 \ub354 \ud6c4 \ud06c\ub9bc. \ud669\uc2e4 \uc778\uc0bc\uacfc \ucc9c\uc5f0 \uc138\ub77c\ub9c8\uc774\ub4dc\uc640 \uac19\uc740 \uc9c4\uadc0\ud55c \uc131\ubd84\uc774 \ud568\uc720\ub41c \uace0\ub18d\ucd95 \ud3ec\ubbac\ub7ec\uac00 \ud2b9\uc9d5\uc785\ub2c8\ub2e4.<\/li>\n<\/ul>\n<\/li>\n\n\n\n<li><strong>\uacf5\uc9c4\ud5a5 \uc5d0\uc13c\uc15c \ubaa8\uc774\uc2a4\ucc98\ub77c\uc774\uc9d5 \ubc38\ub7f0\uc11c &amp; \uc5d0\uba40\uc83c<\/strong>\n<ul class=\"wp-block-list\">\n<li>\uc774 \ud1a0\ub108\uc640 \uc5d0\uba40\uc804 \ub4c0\uc624\ub294 \ub808\uadf8\ub124\uc2a4\uce78 \ud55c\uc758\ud559\uc5d0\uc11c \ucd94\ucd9c\ud55c \uacf5\uc9c4\ube44\ub2e8 \ucf64\ud50c\ub809\uc2a4\uac00 \ud53c\ubd80 \ubc38\ub7f0\uc2a4\ub97c \ub9de\ucd94\uace0 \ubcf4\uc2b5\uc744 \uc624\ub798 \uc9c0\uc18d\ud558\ub294 \ub370 \uc774\uc0c1\uc801\uc785\ub2c8\ub2e4.<\/li>\n<\/ul>\n<\/li>\n\n\n\n<li><strong>\uc9c4\uc728\ud5a5 \uc778\ud150\uc2dc\ube0c \ub9ac\ubc14\uc774\ud0c8\ub77c\uc774\uc9d5 \ud06c\ub9bc<\/strong>\n<ul class=\"wp-block-list\">\n<li>\uac74\uc870\ud558\uace0 \ub178\ud654\ub41c \ud53c\ubd80\ub97c \uc704\ud574 \uac1c\ubc1c\ub41c \uc774 \ud06c\ub9bc\uc740 \ud53c\ubd80 \uc7a5\ubcbd\uc744 \ud68c\ubcf5\ud558\uace0 \ub208\uc5d0 \ub744\ub294 \ub9ac\ud504\ud305 \ud6a8\uacfc\ub97c \uc81c\uacf5\ud569\ub2c8\ub2e4.<\/li>\n<\/ul>\n<\/li>\n<\/ol>\n\n\n\n<h3 class=\"wp-block-heading has-large-font-size\">\u2728 <strong>WHOO \uacbd\ud5d8<\/strong><\/h3>\n\n\n\n<p class=\"has-normal-font-size\">\ub354 \ud6c4\ub294 \ub2e8\uc21c\ud55c \uc2a4\ud0a8\ucf00\uc5b4\uac00 \uc544\ub2cc \uac10\uac01\uc801\uc778 \uacbd\ud5d8\uc744 \uc120\uc0ac\ud569\ub2c8\ub2e4. \uc655\uc2e4 \uacf5\uc608\ud488\uc5d0\uc11c \uc601\uac10\uc744 \ubc1b\uc740 \ud328\ud0a4\uc9c0\uc640 \ubca8\ubcb3 \uac19\uc740 \ud14d\uc2a4\ucc98, \uace0\uae09\uc2a4\ub7ec\uc6b4 \ud5a5\uc774 \uc2a4\ud0a8\ucf00\uc5b4 \ub8e8\ud2f4\uc744 \uace0\uadc0\ud55c \ubdf0\ud2f0 \ub9ac\ucd94\uc5bc\ub85c \ubc14\uafd4\uc90d\ub2c8\ub2e4. \uc655\uc2e4\uc758 \uc2a4\ud0a8 \ucf00\uc5b4 \uc608\uc220\uc744 \ubc1c\uacac\ud558\uace0 \ub3d9\uc591\uc758 \uc804\ud1b5\uc744 \uc7ac\ud574\uc11d\ud55c \ub7ed\uc154\ub9ac\ud55c \ud5a5\uc73c\ub85c \ud53c\ubd80\ub97c \uac00\uafd4\ubcf4\uc138\uc694.<\/p>\n\n\n\n<p class=\"has-text-align-center\"><strong>\uacf5\uc2dd \ud30c\ud2b8\ub108 SOLE\uc5d0\uc11c \uc628\ub77c\uc778\uc73c\ub85c \uc8fc\ubb38\ud558\uae30<\/strong><\/p>\n\n\n\n<div class=\"wp-block-buttons is-horizontal is-content-justification-center is-layout-flex wp-container-core-buttons-is-layout-499968f5 wp-block-buttons-is-layout-flex\">\n<div class=\"wp-block-button is-style-outline is-style-outline--1\"><a class=\"wp-block-button__link has-background-color has-text-color has-background wp-element-button\" href=\"https:\/\/www.sole.ro\" style=\"border-radius:17px;background-color:#1474b8\">\uc8fc\ubb38<\/a><\/div>\n<\/div>","protected":false},"excerpt":{"rendered":"<p>The History of Whoo \u2013 Frumuse\u021bea regal\u0103, redescoperit\u0103 The WHOO este un brand premium de skincare inspirat din secretele de frumuse\u021be ale cur\u021bii regale coreene. N\u0103scut din dorin\u021ba de a reda str\u0103lucirea \u0219i elegan\u021ba atemporal\u0103 a reginelor dinastiei Joseon, brandul \u00eembin\u0103 armonios \u00een\u021belepciunea medicinei orientale tradi\u021bionale cu cele mai noi descoperiri din dermatologia modern\u0103. \ud83c\udf3f [&hellip;]<\/p>","protected":false},"author":1,"featured_media":0,"parent":0,"menu_order":0,"comment_status":"closed","ping_status":"closed","template":"","meta":{"footnotes":""},"class_list":["post-1263","page","type-page","status-publish","hentry"],"aioseo_notices":[],"_links":{"self":[{"href":"https:\/\/onemd.ro\/ko\/wp-json\/wp\/v2\/pages\/1263","targetHints":{"allow":["GET"]}}],"collection":[{"href":"https:\/\/onemd.ro\/ko\/wp-json\/wp\/v2\/pages"}],"about":[{"href":"https:\/\/onemd.ro\/ko\/wp-json\/wp\/v2\/types\/page"}],"author":[{"embeddable":true,"href":"https:\/\/onemd.ro\/ko\/wp-json\/wp\/v2\/users\/1"}],"replies":[{"embeddable":true,"href":"https:\/\/onemd.ro\/ko\/wp-json\/wp\/v2\/comments?post=1263"}],"version-history":[{"count":3,"href":"https:\/\/onemd.ro\/ko\/wp-json\/wp\/v2\/pages\/1263\/revisions"}],"predecessor-version":[{"id":1401,"href":"https:\/\/onemd.ro\/ko\/wp-json\/wp\/v2\/pages\/1263\/revisions\/1401"}],"wp:attachment":[{"href":"https:\/\/onemd.ro\/ko\/wp-json\/wp\/v2\/media?parent=1263"}],"curies":[{"name":"wp","href":"https:\/\/api.w.org\/{rel}","templated":true}]}}