{"id":1286,"date":"2025-04-11T09:09:17","date_gmt":"2025-04-11T09:09:17","guid":{"rendered":"https:\/\/onemd.ro\/?page_id=1286"},"modified":"2025-09-01T12:05:51","modified_gmt":"2025-09-01T12:05:51","slug":"elyns-lab","status":"publish","type":"page","link":"https:\/\/onemd.ro\/ko\/elyns-lab\/","title":{"rendered":"\uc5d8\ub9b0\uc758 \uc2e4\ud5d8\uc2e4"},"content":{"rendered":"<div class=\"wp-block-image\">\n<figure class=\"aligncenter size-medium\"><img decoding=\"async\" width=\"300\" height=\"150\" src=\"https:\/\/onemd.ro\/wp-content\/uploads\/2025\/04\/Elyns-Lab-300x150.jpg\" alt=\"Elyn&#039;s Lab\" class=\"wp-image-1287\" srcset=\"https:\/\/onemd.ro\/wp-content\/uploads\/2025\/04\/Elyns-Lab-300x150.jpg 300w, https:\/\/onemd.ro\/wp-content\/uploads\/2025\/04\/Elyns-Lab-1024x512.jpg 1024w, https:\/\/onemd.ro\/wp-content\/uploads\/2025\/04\/Elyns-Lab-768x384.jpg 768w, https:\/\/onemd.ro\/wp-content\/uploads\/2025\/04\/Elyns-Lab.jpg 1058w\" sizes=\"(max-width: 300px) 100vw, 300px\" \/><\/figure><\/div>\n\n\n<h2 class=\"wp-block-heading has-large-font-size\"><strong>Elyn's Lab - \uae68\ub057\ud558\uace0 \ud6a8\uacfc\uc801\uc778 \ubdf0\ud2f0 \uc5f0\uad6c\uc18c<\/strong><\/h2>\n\n\n\n<p class=\"has-normal-font-size\"><strong>Elyn's Lab<\/strong> \ub294 \uae68\ub057\ud55c \ud3ec\ubbac\ub7ec, \ucd5c\ucca8\ub2e8 \ud65c\uc131 \uc131\ubd84, \uc544\ub984\ub2e4\uc6c0\uc5d0 \ub300\ud55c \uacfc\ud559\uc801 \uc811\uadfc \ubc29\uc2dd\uc5d0 \ub300\ud55c \uc5f4\uc815\uc73c\ub85c \ud0c4\uc0dd\ud55c \ub8e8\ub9c8\ub2c8\uc544\uc758 \uc2a4\ud0a8\ucf00\uc5b4 \ube0c\ub79c\ub4dc\uc785\ub2c8\ub2e4. \ud22c\uba85\uc131, \ud6a8\uc728\uc131, \ud53c\ubd80\uc640 \uc9c0\uad6c\uc5d0 \ub300\ud55c \uc874\uc911\uc744 \ubbff\uc2b5\ub2c8\ub2e4.<\/p>\n\n\n\n<h3 class=\"wp-block-heading has-large-font-size\">\ud83c\udf3f <strong>Elyn's Lab\uc774 \ud2b9\ubcc4\ud55c \uc774\uc720\ub294 \ubb34\uc5c7\uc778\uac00\uc694?<\/strong><\/h3>\n\n\n\n<p class=\"has-normal-font-size\">\ubaa8\ub4e0 Elyn's Lab \uc81c\ud488\uc740 \ud53c\ubd80\uacfc \uc804\ubb38\uc758 \ubc0f \ud654\uc7a5\ud488 \ud654\ud559\uc790\uc640\uc758 \ud611\uc5c5\uc744 \ud1b5\ud574 \ub2e4\uc74c\uacfc \uac19\uc740 \uc0ac\ud56d\uc5d0 \uc911\uc810\uc744 \ub450\uace0 \uac1c\ubc1c\ub429\ub2c8\ub2e4. <strong>\ud53c\ubd80\uc758 \uc9c4\uc815\ud55c \ub2c8\uc988<\/strong> \ubc0f <strong>\ub208\uc5d0 \ubcf4\uc774\ub294 \uacb0\uacfc<\/strong>. \uc784\uc0c1\uc801\uc73c\ub85c \uac80\uc99d\ub41c \ud65c\uc131 \uc131\ubd84\uc744 \uc548\uc804\ud558\uace0 \ud6a8\uacfc\uc801\uc778 \ub18d\ub3c4\ub85c \uc0ac\uc6a9\ud558\uc5ec \ud53c\ubd80 \ubb38\uc81c\uc5d0 \ub300\ud55c \uc9c4\uc815\ud55c \uc194\ub8e8\uc158\uc744 \uc81c\uacf5\ud569\ub2c8\ub2e4.<\/p>\n\n\n\n<h3 class=\"wp-block-heading has-large-font-size\">\ud83d\udd2c <strong>\ud601\uc2e0\uc801\uc778 \ud3ec\ubbac\ub7ec. \uae68\ub057\ud55c \uc131\ubd84. \uc2e4\uc81c \uacb0\uacfc.<\/strong><\/h3>\n\n\n\n<p class=\"has-normal-font-size\">\ud569\uc131 \ud5a5\ub8cc \ubb34\ud568\uc720. \ud30c\ub77c\ubca4 \ubb34\ucca8\uac00. \ud5db\uc18c\ub9ac\ub3c4 \uc5c6\uc2b5\ub2c8\ub2e4.<\/p>\n\n\n\n<p class=\"has-normal-font-size\">\uc5d8\ub9b0\uc2a4 \ub7a9 \uc81c\ud488\uc740 \ube44\uac74, \ub3d9\ubb3c \uc2e4\ud5d8\uc744 \ud558\uc9c0 \uc54a\uc73c\uba70 \ud53c\ubd80\uc758 \uc790\uc5f0\uc2a4\ub7ec\uc6b4 \uade0\ud615\uc744 \uc874\uc911\ud558\ub3c4\ub85d \ub9cc\ub4e4\uc5b4\uc84c\uc2b5\ub2c8\ub2e4. \ubbfc\uac10\uc131, \uc5ec\ub4dc\ub984\uc131 \ub610\ub294 \uc131\uc219\ud55c \ud53c\ubd80\ub97c \uc911\uc2ec\uc73c\ub85c \ubaa8\ub4e0 \ud53c\ubd80 \ud0c0\uc785\uc5d0 \ub9de\ub294 \uc81c\ud488\uc744 \uc81c\uacf5\ud569\ub2c8\ub2e4.<\/p>\n\n\n\n<h2 class=\"wp-block-heading has-primary-color has-text-color has-link-color has-large-font-size wp-elements-cc1b721cd7fd2c3882b15f395fd34ad6\">\uc8fc\uc694 \uc81c\ud488<\/h2>\n\n\n\n<h3 class=\"wp-block-heading has-large-font-size\"><strong>1. \ub098\uc774\uc544\uc2e0\uc544\ub9c8\uc774\ub4dc + \uc544\uc5f0 \uc138\ub7fc 10%<\/strong><\/h3>\n\n\n\n<p class=\"has-normal-font-size\">\ubaa8\uacf5\uc744 \ub208\uc5d0 \ub744\uac8c \uc904\uc774\uace0 \ud53c\uc9c0\ub97c \uc870\uc808\ud558\uba70 \ubd89\uc5b4\uc9d0\uc744 \uc9c4\uc815\uc2dc\ud0b5\ub2c8\ub2e4. \uc5ec\ub4dc\ub984\uc774 \uc0dd\uae30\uae30 \uc26c\uc6b4 \ubcf5\ud569\uc131 \ub610\ub294 \uc9c0\uc131 \ud53c\ubd80\uc5d0 \uc774\uc0c1\uc801\uc785\ub2c8\ub2e4.<\/p>\n\n\n\n<h3 class=\"wp-block-heading has-large-font-size\"><strong>2. \uc138\ub77c\ub9c8\uc774\ub4dc \ucf64\ud50c\ub809\uc2a4\uac00 \ud568\uc720\ub41c \ubc30\ub9ac\uc5b4 \ub9ac\ud398\uc5b4 \ud06c\ub9bc<\/strong><\/h3>\n\n\n\n<p class=\"has-normal-font-size\">\ud53c\ubd80 \ubcf4\ud638 \uc7a5\ubcbd\uc744 \ud68c\ubcf5\ud558\uace0 \uc790\uadf9\uc744 \uc9c4\uc815\uc2dc\ud0a4\uba70 \uac15\ub825\ud55c \ubcf4\uc2b5\uc744 \uc120\uc0ac\ud569\ub2c8\ub2e4. \uc800\uc790\uadf9 \ud3ec\ubbac\ub7ec.<\/p>\n\n\n\n<h3 class=\"wp-block-heading has-large-font-size\"><strong>3. \uc0b4\ub9ac\uc2e4\uc0b0\uc774 \ud568\uc720\ub41c BHA 2% \uac01\uc9c8 \uc81c\uac70\uc81c<\/strong><\/h3>\n\n\n\n<p class=\"has-normal-font-size\">\ubaa8\uacf5\uc744 \ub525 \ud074\ub80c\uc9d5\ud558\uace0 \uc7a1\ud2f0\ub97c \uc608\ubc29\ud558\uba70 \ud53c\ubd80 \uacb0\uc744 \uace0\ub974\uac8c \uc815\ub3c8\ud569\ub2c8\ub2e4. \ub9e4\uc8fc \uc0ac\uc6a9\ud558\uae30\uc5d0 \uc801\ud569\ud569\ub2c8\ub2e4.<\/p>\n\n\n\n<h3 class=\"wp-block-heading has-large-font-size\"><strong>4. SPF 50+ \uc6b8\ud2b8\ub77c \ub77c\uc774\ud2b8 \ud50c\ub8e8\uc774\ub4dc<\/strong><\/h3>\n\n\n\n<p class=\"has-normal-font-size\">\uad11\ubc94\uc704\ud55c \uc790\uc678\uc120 \ucc28\ub2e8, \uac00\ubccd\uace0 \ub9e4\ud2b8\ud55c \ud14d\uc2a4\ucc98\ub85c \uba54\uc774\ud06c\uc5c5 \uc544\ub798\uc5d0\uc11c\ub3c4 \ub9e4\uc77c \uc0ac\uc6a9\ud558\uae30\uc5d0 \uc801\ud569\ud569\ub2c8\ub2e4.<\/p>\n\n\n\n<h2 class=\"wp-block-heading has-large-font-size\">\u2728 Elyn's Lab\uc740 \ub204\uad6c\ub97c \uc704\ud55c \uc11c\ube44\uc2a4\uc778\uac00\uc694?<\/h2>\n\n\n\n<p class=\"has-normal-font-size\">\ud6a8\uacfc\uc801\uc774\uace0 \ubbf8\ub2c8\uba40\ud55c, \uacfc\ud559\uc5d0 \uae30\ubc18\ud55c \uc2a4\ud0a8\ucf00\uc5b4 \ub8e8\ud2f4\uc744 \uc6d0\ud558\ub294 \ubd84\ub4e4\uc744 \uc704\ud55c \uc81c\ud488\uc785\ub2c8\ub2e4. \uacf5\ud5c8\ud55c \uc57d\uc18d\uc774 \uc544\ub2cc \uc81c\ub300\ub85c \ub41c \uc81c\ud488\uc744 \uc6d0\ud558\uc2dc\ub294 \ubd84\ub4e4\uc744 \uc704\ud55c \uc81c\ud488\uc785\ub2c8\ub2e4. \ub098\uc774, \uc131\ubcc4, \ud53c\ubd80 \ud0c0\uc785\uc5d0 \uad00\uacc4\uc5c6\uc774 \ubaa8\ub4e0 \ud53c\ubd80\ub97c \uc704\ud55c \uc81c\ud488\uc785\ub2c8\ub2e4.<\/p>\n\n\n\n<hr class=\"wp-block-separator aligncenter has-alpha-channel-opacity\"\/>\n\n\n\n<p class=\"has-text-align-center\"><strong>\uc628\ub77c\uc778 \uc81c\ud488 \uc8fc\ubb38 <strong>Elyn's Lab<\/strong> \uacf5\uc2dd \ud30c\ud2b8\ub108 \uc0c1\uc810\uc5d0\uc11c \uad6c\uc785\ud558\uc138\uc694:<\/strong><\/p>\n\n\n\n<div class=\"wp-block-group has-large-font-size is-layout-grid wp-container-core-group-is-layout-6be84c55 wp-block-group-is-layout-grid\">\n<figure class=\"wp-block-image size-medium\"><a href=\"https:\/\/sole.ro\/brand\/elyn-s-lab\" target=\"_blank\" rel=\" noreferrer noopener\"><img decoding=\"async\" width=\"300\" height=\"150\" src=\"https:\/\/onemd.ro\/wp-content\/uploads\/2021\/07\/f6-2-300x150.jpg\" alt=\"sole.ro\" class=\"wp-image-297\" srcset=\"https:\/\/onemd.ro\/wp-content\/uploads\/2021\/07\/f6-2-300x150.jpg 300w, https:\/\/onemd.ro\/wp-content\/uploads\/2021\/07\/f6-2-16x8.jpg 16w, https:\/\/onemd.ro\/wp-content\/uploads\/2021\/07\/f6-2.jpg 600w\" sizes=\"(max-width: 300px) 100vw, 300px\" \/><\/a><\/figure>\n<\/div>","protected":false},"excerpt":{"rendered":"<p>Elyn\u2019s Lab \u2013 Laboratorul frumuse\u021bii tale curate \u0219i eficiente Elyn\u2019s Lab este un brand rom\u00e2nesc dedicat \u00eengrijirii pielii, n\u0103scut din pasiunea pentru formule curate, ingrediente active de ultim\u0103 genera\u021bie \u0219i o abordare \u0219tiin\u021bific\u0103 a frumuse\u021bii. Credem \u00een transparen\u021b\u0103, eficien\u021b\u0103 \u0219i respect fa\u021b\u0103 de piele \u0219i planet\u0103. \ud83c\udf3f De ce s\u0103 alegi Elyn\u2019s Lab? Fiecare produs [&hellip;]<\/p>","protected":false},"author":1,"featured_media":0,"parent":0,"menu_order":0,"comment_status":"closed","ping_status":"closed","template":"","meta":{"footnotes":""},"class_list":["post-1286","page","type-page","status-publish","hentry"],"aioseo_notices":[],"_links":{"self":[{"href":"https:\/\/onemd.ro\/ko\/wp-json\/wp\/v2\/pages\/1286","targetHints":{"allow":["GET"]}}],"collection":[{"href":"https:\/\/onemd.ro\/ko\/wp-json\/wp\/v2\/pages"}],"about":[{"href":"https:\/\/onemd.ro\/ko\/wp-json\/wp\/v2\/types\/page"}],"author":[{"embeddable":true,"href":"https:\/\/onemd.ro\/ko\/wp-json\/wp\/v2\/users\/1"}],"replies":[{"embeddable":true,"href":"https:\/\/onemd.ro\/ko\/wp-json\/wp\/v2\/comments?post=1286"}],"version-history":[{"count":6,"href":"https:\/\/onemd.ro\/ko\/wp-json\/wp\/v2\/pages\/1286\/revisions"}],"predecessor-version":[{"id":1713,"href":"https:\/\/onemd.ro\/ko\/wp-json\/wp\/v2\/pages\/1286\/revisions\/1713"}],"wp:attachment":[{"href":"https:\/\/onemd.ro\/ko\/wp-json\/wp\/v2\/media?parent=1286"}],"curies":[{"name":"wp","href":"https:\/\/api.w.org\/{rel}","templated":true}]}}