{"id":1291,"date":"2025-04-11T09:10:47","date_gmt":"2025-04-11T09:10:47","guid":{"rendered":"https:\/\/onemd.ro\/?page_id=1291"},"modified":"2025-08-29T09:13:59","modified_gmt":"2025-08-29T09:13:59","slug":"plu","status":"publish","type":"page","link":"https:\/\/onemd.ro\/ko\/plu\/","title":{"rendered":"plu"},"content":{"rendered":"<div class=\"wp-block-image\">\n<figure class=\"aligncenter size-medium\"><img decoding=\"async\" width=\"300\" height=\"150\" src=\"https:\/\/onemd.ro\/wp-content\/uploads\/2025\/04\/plu-300x150.jpg\" alt=\"plu\" class=\"wp-image-1293\" srcset=\"https:\/\/onemd.ro\/wp-content\/uploads\/2025\/04\/plu-300x150.jpg 300w, https:\/\/onemd.ro\/wp-content\/uploads\/2025\/04\/plu-1024x512.jpg 1024w, https:\/\/onemd.ro\/wp-content\/uploads\/2025\/04\/plu-768x384.jpg 768w, https:\/\/onemd.ro\/wp-content\/uploads\/2025\/04\/plu.jpg 1058w\" sizes=\"(max-width: 300px) 100vw, 300px\" \/><\/figure><\/div>\n\n\n<p class=\"has-small-font-size\"><strong>PLU<\/strong> \ub294 \ub2e8\uc21c\ud55c \ud654\uc7a5\ud488 \ube0c\ub79c\ub4dc\uac00 \uc544\ub2c8\ub77c \uc790\uae30 \uad00\ub9ac\uc758 \ubaa8\ub4e0 \uc21c\uac04\uc744 \ud48d\uc694\ub85c\uc6b4 \uc758\uc2dd\uc73c\ub85c \ubc14\uafd4\uc8fc\ub294 \uc644\ubcbd\ud55c \uac10\uac01\uc801 \uacbd\ud5d8\uc785\ub2c8\ub2e4. \uc790\uc5f0\uc5d0\uc11c \uc601\uac10\uc744 \ubc1b\uc544 \ucd5c\uace0\uc758 \uc5f0\uad6c\uc18c\uc5d0\uc11c \uc138\uc2ec\ud558\uac8c \uac1c\ubc1c\ub41c \ud3ec\ubbac\ub7ec\ub85c \ud6a8\uacfc\uc640 \uc990\uac70\uc6c0 \uc0ac\uc774\uc758 \uc644\ubcbd\ud55c \uade0\ud615\uc744 \uc120\uc0ac\ud558\ub294 PLU.<\/p>\n\n\n\n<h3 class=\"wp-block-heading has-large-font-size\">\ud83c\udf38 <strong>\ud504\ub9ac\ubbf8\uc5c4 \ubc14\ub514 \ucf00\uc5b4 \uc81c\ud488\uc73c\ub85c \ub8e8\ud2f4 \ub9cc\ub4e4\uae30<\/strong><\/h3>\n\n\n\n<p class=\"has-small-font-size\">\ubaa8\ub4e0 PLU \uc81c\ud488\uc740 \ud53c\ubd80\uc758 \uac74\uac15, \uad11\ucc44, \ubd80\ub4dc\ub7ec\uc6c0\uc758 \uc7a0\uc7ac\ub825\uc744 \ucd5c\ub300\ud55c \ubc1c\ud718\ud560 \uc218 \uc788\ub3c4\ub85d \uc124\uacc4\ub418\uc5c8\uc2b5\ub2c8\ub2e4. \ud5a5\uae30\ub85c\uc6b4 \uc0e4\uc6cc \uc824\ubd80\ud130 \ud48d\uc131\ud55c \uac01\uc9c8 \uc81c\uac70 \uc2a4\ud06c\ub7fd, \uace0\ubcf4\uc2b5 \ubc14\ub514 \ub85c\uc158\uae4c\uc9c0, \ubaa8\ub4e0 \ud14d\uc2a4\ucc98\uc640 \ud5a5\uc5d0 \uc2a4\ud1a0\ub9ac\uac00 \ub2f4\uaca8 \uc788\uc2b5\ub2c8\ub2e4.<\/p>\n\n\n\n<h2 class=\"wp-block-heading has-primary-color has-text-color has-link-color has-large-font-size wp-elements-3476a42de65ffb0a595154046c1cc146\">PLU \uc8fc\uc694 \uc81c\ud488<\/h2>\n\n\n\n<h3 class=\"wp-block-heading has-large-font-size\"><strong>1. \ubc14\ub2e4 \uc18c\uae08\uacfc \ub9c8\uce74\ub2e4\ubbf8\uc544 \uc624\uc77c\uc774 \ud568\uc720\ub41c PLU \ubc14\ub514 \uc2a4\ud06c\ub7fd<\/strong><\/h3>\n\n\n\n<p class=\"has-small-font-size\">\ubd80\ub4dc\ub7fd\uac8c \uac01\uc9c8\uc744 \uc81c\uac70\ud558\uace0 \uac01\uc9c8\uc744 \uc81c\uac70\ud558\uba70 \ud53c\ubd80\ub97c \ub9e4\ub044\ub7fd\uace0 \ucd09\ucd09\ud558\uac8c \uac00\uafb8\uc5b4 \uc90d\ub2c8\ub2e4. \ub9e4\ud639\uc801\uc778 \ub9db\uc73c\ub85c \uc81c\uacf5\ub429\ub2c8\ub2e4: <strong>\uc11d\ub958, \ucf54\ucf54\ub11b, \uc7a5\ubbf8<\/strong>.<\/p>\n\n\n\n<h3 class=\"wp-block-heading has-large-font-size\"><strong>2. \uc544\ub85c\ub9c8 \uc0e4\uc6cc \uc824 PLU<\/strong><\/h3>\n\n\n\n<p class=\"has-small-font-size\">\uc2e4\ud0a4\ud55c \ud14d\uc2a4\ucc98\uc640 \uc624\ub798 \uc9c0\uc18d\ub418\ub294 \uac15\ub82c\ud55c \ud5a5\uc73c\ub85c \uc9d1\uc5d0\uc11c\ub3c4 \uc2a4\ud30c\ub97c \uacbd\ud5d8\ud560 \uc218 \uc788\ub294 PLU \uc0e4\uc6cc \uc824\uc785\ub2c8\ub2e4. \ubca0\uc2a4\ud2b8\uc140\ub7ec \uc81c\ud488: <strong>\ub77c\ubca4\ub354 &amp; \uba38\uc2a4\ud06c, \ubc9a\uaf43, \ubcf5\uc22d\uc544 \ub125\ud0c0<\/strong>.<\/p>\n\n\n\n<h3 class=\"wp-block-heading has-large-font-size\"><strong>3. PLU \ub525 \ubaa8\uc774\uc2a4\ucc98 \ubc14\ub514 \ub85c\uc158<\/strong><\/h3>\n\n\n\n<p class=\"has-small-font-size\">\ubc88\ub4e4\uac70\ub9bc \uc5c6\uc774 \uac15\ub825\ud558\uac8c \uc218\ubd84\uc744 \uacf5\uae09\ud558\uace0 \ud53c\ubd80\uc5d0 \ube60\ub974\uac8c \ud761\uc218\ub429\ub2c8\ub2e4. \ud568\uaed8 <strong>\ud788\uc54c\ub8e8\ub860\uc0b0<\/strong> \ubc0f <strong>\uc2dc\uc5b4 \ubc84\ud130<\/strong>\ub97c \ud568\uc720\ud574 \ud558\ub8e8 \uc885\uc77c \ubca8\ubcb3\ucc98\ub7fc \ubd80\ub4dc\ub7ec\uc6b4 \ud53c\ubd80\ub97c \uc120\uc0ac\ud569\ub2c8\ub2e4.<\/p>\n\n\n\n<h2 class=\"wp-block-heading has-large-font-size\">\ud83d\udc96 \uc65c PLU\uc778\uac00?<\/h2>\n\n\n\n<ul class=\"wp-block-list\">\n<li class=\"has-small-font-size\">\ud83c\udf3f <strong>\ucc9c\uc5f0\uc758 \uc548\uc804\ud55c \uc131\ubd84<\/strong><\/li>\n\n\n\n<li class=\"has-small-font-size\">\ud83e\uddea <strong>\ud53c\ubd80\uacfc \ud14c\uc2a4\ud2b8\ub97c \uac70\uce5c \ud3ec\ubbac\ub7ec<\/strong><\/li>\n\n\n\n<li class=\"has-small-font-size\">\ud83e\uddfc <strong>\ubaa8\ub4e0 \ud53c\ubd80 \ud0c0\uc785\uc5d0 \uc801\ud569<\/strong><\/li>\n\n\n\n<li class=\"has-small-font-size\">\ud83c\uddf0\ud83c\uddf7 <strong>\ud55c\uad6d\uc778\uc758 \ud53c\ubd80 \uad00\ub9ac \uc804\ubb38\uc131<\/strong><\/li>\n\n\n\n<li class=\"has-small-font-size\">\ud83c\udf38 <strong>\ub9c8\uc2a4\ud130 \uc870\ud5a5\uc0ac\uac00 \ub9cc\ub4e0 \ud5a5\uc218<\/strong><\/li>\n<\/ul>\n\n\n\n<h2 class=\"wp-block-heading has-large-font-size\">\u2728 PLU\ub294 \ub204\uad6c\ub97c \uc704\ud55c \uc11c\ube44\uc2a4\uc778\uac00\uc694?<\/h2>\n\n\n\n<p class=\"has-small-font-size\">\uc2a4\ud0a8\ucf00\uc5b4\ub97c \uc77c\uc0c1\uc774 \uc544\ub2cc \uae30\uc068\uc758 \uc21c\uac04\uc73c\ub85c \uc5ec\uae30\ub294 \ubd84\ub4e4\uc744 \uc704\ud55c \uc81c\ud488\uc785\ub2c8\ub2e4. \uace0\uae09\uc2a4\ub7ec\uc6b4 \ud5a5, \ud48d\ubd80\ud55c \ud14d\uc2a4\ucc98, \ub208\uc5d0 \ubcf4\uc774\ub294 \ud6a8\uacfc\ub97c \uc88b\uc544\ud558\ub294 \ubd84\ub4e4\uc744 \uc704\ud55c \uc81c\ud488\uc785\ub2c8\ub2e4. \ub2f9\uc2e0\uc744 \uc704\ud574.<\/p>\n\n\n\n<hr class=\"wp-block-separator aligncenter has-alpha-channel-opacity\"\/>\n\n\n\n<p class=\"has-text-align-center\"><strong>\uacf5\uc2dd \ud30c\ud2b8\ub108 \uc0c1\uc810\uc5d0\uc11c \uc628\ub77c\uc778\uc73c\ub85c PLU \uc81c\ud488\uc744 \uc8fc\ubb38\ud558\uc138\uc694:<\/strong><\/p>\n\n\n\n<div class=\"wp-block-group has-large-font-size is-layout-grid wp-container-core-group-is-layout-6be84c55 wp-block-group-is-layout-grid\">\n<figure class=\"wp-block-image size-medium\"><a href=\"https:\/\/sole.ro\/brand\/plu\" target=\"_blank\" rel=\" noreferrer noopener\"><img decoding=\"async\" width=\"300\" height=\"150\" src=\"https:\/\/onemd.ro\/wp-content\/uploads\/2021\/07\/f6-2-300x150.jpg\" alt=\"sole.ro\" class=\"wp-image-297\" srcset=\"https:\/\/onemd.ro\/wp-content\/uploads\/2021\/07\/f6-2-300x150.jpg 300w, https:\/\/onemd.ro\/wp-content\/uploads\/2021\/07\/f6-2-16x8.jpg 16w, https:\/\/onemd.ro\/wp-content\/uploads\/2021\/07\/f6-2.jpg 600w\" sizes=\"(max-width: 300px) 100vw, 300px\" \/><\/a><\/figure>\n<\/div>","protected":false},"excerpt":{"rendered":"<p>PLU este mai mult dec\u00e2t un brand de cosmetice \u2013 este o experien\u021b\u0103 senzorial\u0103 complet\u0103, care transform\u0103 fiecare moment de \u00eengrijire personal\u0103 \u00eentr-un ritual de r\u0103sf\u0103\u021b. Cu formule inspirate din natur\u0103 \u0219i dezvoltate cu grij\u0103 \u00een laboratoare de top, PLU aduce echilibrul perfect \u00eentre eficien\u021b\u0103 \u0219i pl\u0103cere. \ud83c\udf38 Creeaz\u0103-\u021bi rutina cu produse premium de \u00eengrijire [&hellip;]<\/p>","protected":false},"author":1,"featured_media":0,"parent":0,"menu_order":0,"comment_status":"closed","ping_status":"closed","template":"","meta":{"footnotes":""},"class_list":["post-1291","page","type-page","status-publish","hentry"],"aioseo_notices":[],"_links":{"self":[{"href":"https:\/\/onemd.ro\/ko\/wp-json\/wp\/v2\/pages\/1291","targetHints":{"allow":["GET"]}}],"collection":[{"href":"https:\/\/onemd.ro\/ko\/wp-json\/wp\/v2\/pages"}],"about":[{"href":"https:\/\/onemd.ro\/ko\/wp-json\/wp\/v2\/types\/page"}],"author":[{"embeddable":true,"href":"https:\/\/onemd.ro\/ko\/wp-json\/wp\/v2\/users\/1"}],"replies":[{"embeddable":true,"href":"https:\/\/onemd.ro\/ko\/wp-json\/wp\/v2\/comments?post=1291"}],"version-history":[{"count":5,"href":"https:\/\/onemd.ro\/ko\/wp-json\/wp\/v2\/pages\/1291\/revisions"}],"predecessor-version":[{"id":1630,"href":"https:\/\/onemd.ro\/ko\/wp-json\/wp\/v2\/pages\/1291\/revisions\/1630"}],"wp:attachment":[{"href":"https:\/\/onemd.ro\/ko\/wp-json\/wp\/v2\/media?parent=1291"}],"curies":[{"name":"wp","href":"https:\/\/api.w.org\/{rel}","templated":true}]}}