{"id":1300,"date":"2025-04-11T09:12:26","date_gmt":"2025-04-11T09:12:26","guid":{"rendered":"https:\/\/onemd.ro\/?page_id=1300"},"modified":"2025-04-11T10:20:11","modified_gmt":"2025-04-11T10:20:11","slug":"skinlick","status":"publish","type":"page","link":"https:\/\/onemd.ro\/ko\/skinlick\/","title":{"rendered":"\uc2a4\ud0a8\ub9ad"},"content":{"rendered":"<div class=\"wp-block-image\">\n<figure class=\"aligncenter size-medium\"><img decoding=\"async\" width=\"300\" height=\"150\" src=\"https:\/\/onemd.ro\/wp-content\/uploads\/2025\/04\/skinlick-300x150.jpg\" alt=\"\uc2a4\ud0a8\ub9ad\" class=\"wp-image-1302\" srcset=\"https:\/\/onemd.ro\/wp-content\/uploads\/2025\/04\/skinlick-300x150.jpg 300w, https:\/\/onemd.ro\/wp-content\/uploads\/2025\/04\/skinlick-1024x512.jpg 1024w, https:\/\/onemd.ro\/wp-content\/uploads\/2025\/04\/skinlick-768x384.jpg 768w, https:\/\/onemd.ro\/wp-content\/uploads\/2025\/04\/skinlick.jpg 1058w\" sizes=\"(max-width: 300px) 100vw, 300px\" \/><\/figure><\/div>\n\n\n<h2 class=\"wp-block-heading has-large-font-size\"><strong>\uc2a4\ud0a8\ub9ad - \uc88b\uc544\ud558\ub294 \uc2a4\ud0a8\ucf00\uc5b4. \uac04\ub2e8\ud558\uace0, \uae54\ub054\ud558\uace0, \uba4b\uc9d1\ub2c8\ub2e4.<\/strong><\/h2>\n\n\n\n<p class=\"has-small-font-size\"><strong>\uc2a4\ud0a8\ub9ad<\/strong> \ub294 \ub2e8\uc21c\ud55c \uc2a4\ud0a8\ucf00\uc5b4 \ube0c\ub79c\ub4dc\uac00 \uc544\ub2cc <strong>\uc790\uc720, \uc2e0\uc120\ud568, \uc9c4\uc815\uc131\uc5d0 \ub300\ud55c \uc120\uc5b8<\/strong>. \ud6a8\uc728\uc801\uc774\uace0 \uc7ac\ubbf8\uc788\uc73c\uba74\uc11c\ub3c4 \ud0c0\ud611\ud558\uc9c0 \uc54a\ub294 \uc81c\ud488\uc744 \uc6d0\ud558\ub294 \uc0c8\ub85c\uc6b4 \uc138\ub300\ub97c \uc704\ud574 \ud0c4\uc0dd\ud55c Skinlick\uc740 \ud0c0\ud611\ud558\uc9c0 \uc54a\ub294 \uc811\uadfc \ubc29\uc2dd\uc744 \uc81c\uacf5\ud569\ub2c8\ub2e4. <strong>\uae68\ub057\ud558\uace0 \uc778\uc2dd<\/strong> \ub97c \ubdf0\ud2f0 \ub8e8\ud2f4\uc5d0 \ucd94\uac00\ud558\uc138\uc694.<\/p>\n\n\n\n<h3 class=\"wp-block-heading has-large-font-size\">\ud83c\udf08 <strong>BS \uc5c6\uc74c. \ud53c\ubd80\uc5d0 \ub300\ud55c \uc0ac\ub791.<\/strong><\/h3>\n\n\n\n<p class=\"has-small-font-size\">\uc778\uacf5 \ud5a5\ub8cc, \ud569\uc131 \ucc29\uc0c9\ub8cc, \ud30c\ub77c\ubca4\uc744 \uc0ac\uc6a9\ud558\uc9c0 \uc54a\uace0 \uaf2d \ud544\uc694\ud55c \ud65c\uc131 \uc131\ubd84, \uc548\uc804\ud558\uace0 \uc21c\ud55c \uc131\ubd84\ub9cc\uc744 \uc0ac\uc6a9\ud569\ub2c8\ub2e4. \ub2f9\uc0ac \uc81c\ud488 <strong>\ud53c\ubd80\uacfc \ud14c\uc2a4\ud2b8 \uc644\ub8cc<\/strong>, <strong>100% \ube44\uac74<\/strong>\ub3d9\ubb3c \uc2e4\ud5d8\uc744 \ud558\uc9c0 \uc54a\uace0 EU\uc5d0\uc11c \uc2e0\uc911\ud558\uac8c \uc81c\uc870\ub418\uc5c8\uc2b5\ub2c8\ub2e4.<\/p>\n\n\n\n<h2 class=\"wp-block-heading has-primary-color has-text-color has-link-color has-large-font-size wp-elements-2a55157eaf38c2c87903eb2a48eabe98\">\ud83d\udca7 <a href=\"https:\/\/sole.ro\/brand\/skinlick\" target=\"_blank\" rel=\"noopener\" title=\"\uc2a4\ud0a8\ub9ad \uc5d0\uc13c\uc15c \uc81c\ud488\">\uc2a4\ud0a8\ub9ad \uc5d0\uc13c\uc15c \uc81c\ud488<\/a><\/h2>\n\n\n\n<h3 class=\"wp-block-heading has-normal-font-size\"><strong>1. \ubd80\ub4dc\ub7ec\uc6b4 \ud3ec\ubc0d \ud074\ub80c\uc800<\/strong><\/h3>\n\n\n\n<p class=\"has-small-font-size\">\ubbfc\uac10\uc131 \ud53c\ubd80\ub97c \ud3ec\ud568\ud55c \ubaa8\ub4e0 \ud53c\ubd80 \ud0c0\uc785\uc5d0 \uc801\ud569\ud55c \uc21c\ud558\uba74\uc11c\ub3c4 \ud6a8\uacfc\uc801\uc778 \ud074\ub80c\uc9d5 \uc824\uc785\ub2c8\ub2e4. \ud310\ud14c\ub180\uacfc \uc816\uc0b0\uc774 \ud568\uc720\ub418\uc5b4 \ud53c\ubd80\ub97c \uae68\ub057\ud558\uba74\uc11c\ub3c4 \uc9c4\uc815\uc2dc\ucf1c \uc90d\ub2c8\ub2e4.<\/p>\n\n\n\n<h3 class=\"wp-block-heading has-normal-font-size\"><strong>2. \ud788\uc54c\ub8e8\ub860\uc0b0\uacfc \uc54c\ub780\ud1a0\uc778\uc774 \ud568\uc720\ub41c \ubcf4\uc2b5 \uc138\ub7fc<\/strong><\/h3>\n\n\n\n<p class=\"has-small-font-size\">\ucd09\ucd09\ud558\uace0 \ud0f1\ud0f1\ud558\uba70 \uc720\uc5f0\ud55c \ud53c\ubd80\ub85c \uac00\uafb8\uc5b4\uc90d\ub2c8\ub2e4. \ub048\uc801\uc784 \uc5c6\uc774 \ube60\ub974\uac8c \ud761\uc218\ub418\uc5b4 \ub808\uc774\uc5b4\ub9c1\uc5d0 \uc801\ud569\ud569\ub2c8\ub2e4.<\/p>\n\n\n\n<h3 class=\"wp-block-heading has-normal-font-size\"><strong>3. \uac00\ubcbc\uc6b4 \ubaa8\uc774\uc2a4\ucc98\ub77c\uc774\uc800<\/strong><\/h3>\n\n\n\n<p class=\"has-small-font-size\">\ub098\uc774\uc544\uc2e0\uc544\ub9c8\uc774\ub4dc\uc640 \uc2a4\ucfe0\uc54c\ub780\uc774 \ud568\uc720\ub41c \uac00\ubcbc\uc6b4 \ubcf4\uc2b5\uc81c\ub85c \ud53c\ubd80 \uc7a5\ubcbd\uc744 \ubcf4\ucda9\ud558\uace0 \ud64d\uc870\ub97c \uc644\ud654\ud558\ub294 \ub370 \ub3c4\uc6c0\uc744 \uc90d\ub2c8\ub2e4. \ubcf5\ud569\uc131\/\uc9c0\uc131 \ud53c\ubd80\uc5d0 \uc774\uc0c1\uc801\uc785\ub2c8\ub2e4.<\/p>\n\n\n\n<h3 class=\"wp-block-heading has-normal-font-size\"><strong>4. \uc2a4\ud0a8\ub9ad SPF 50 UVA\/UVB \ub370\uc77c\ub9ac \ud50c\ub8e8\uc774\ub4dc<\/strong><\/h3>\n\n\n\n<p class=\"has-small-font-size\">\ucd08\uacbd\ub7c9 \ud14d\uc2a4\ucc98, \uc790\uc5f0\uc2a4\ub7ec\uc6b4 \ub9c8\ubb34\ub9ac\uac10, \uc790\uadf9\uc774 \uc5c6\ub294 \uc790\uc678\uc120 \ucc28\ub2e8\uc81c. \ubc31\ud0c1 \ud604\uc0c1\uc774 \uc5c6\uace0 \ub9c9\ud788\uc9c0 \uc54a\uc2b5\ub2c8\ub2e4. \ubbfc\uac10\uc131 \ud53c\ubd80\uac00 \uc88b\uc544\ud558\ub294 \uc81c\ud488.<\/p>\n\n\n\n<h2 class=\"wp-block-heading has-large-font-size\">\ud83c\udf31 \uc2a4\ud0a8 \ud074\ub9ad \uac12<\/h2>\n\n\n\n<ul class=\"wp-block-list has-small-font-size\">\n<li>\ud83e\uddea <strong>\uae68\ub057\ud558\uace0 \uc784\uc0c1\uc801\uc73c\ub85c \uac80\uc99d\ub41c \ud3ec\ubbac\ub7ec<\/strong><\/li>\n\n\n\n<li>\ud83d\udc30 <strong>100% \ud06c\ub8e8\uc5bc\ud2f0 \ud504\ub9ac &amp; \ube44\uac74<\/strong><\/li>\n\n\n\n<li>\ud83d\udcac <strong>\uc804\ubb38 \uc6a9\uc5b4\uac00 \uc5c6\ub294 \uba85\ud655\ud55c \uc5b8\uc5b4<\/strong><\/li>\n\n\n\n<li>\u267b\ufe0f <strong>\uc7ac\ud65c\uc6a9 \uac00\ub2a5\ud55c \uce5c\ud658\uacbd \ud3ec\uc7a5<\/strong><\/li>\n\n\n\n<li>\ud83d\udc69\u200d\ud83d\udd2c <strong>\ubbfc\uac10\uc131 \ud53c\ubd80\uc5d0\ub3c4 \uc801\ud569<\/strong><\/li>\n<\/ul>\n\n\n\n<h2 class=\"wp-block-heading has-large-font-size\">\u2728 \uc2a4\ud0a8\ub9ad\uc740 \ub204\uad6c\ub97c \uc704\ud55c \uc11c\ube44\uc2a4\uc778\uac00\uc694?<\/h2>\n\n\n\n<p class=\"has-small-font-size\">\ubbf8\ub2c8\uba40\ud558\uc9c0\ub9cc \ud6a8\uacfc\uc801\uc778 \ub8e8\ud2f4\uc744 \uc6d0\ud55c\ub2e4\uba74. \ub9c8\ubc95\uc758 \uc57d\uc18d\uc740 \ubbff\uc9c0 \uc54a\uc9c0\ub9cc \uc2e4\uc81c\ub85c \ud6a8\uacfc\uac00 \uc788\ub294 \uc131\ubd84\uc744 \ubbff\ub294\ub2e4\uba74. \ud53c\ubd80\ubfd0\ub9cc \uc544\ub2c8\ub77c \uc9c0\uad6c\ub3c4 \ubcf4\ud638\ud558\uace0 \uc2f6\ub2e4\uba74.<\/p>\n\n\n\n<p class=\"has-text-align-center\"><strong>\uacf5\uc2dd \ud30c\ud2b8\ub108 SOLE\uc5d0\uc11c \uc628\ub77c\uc778\uc73c\ub85c \uc8fc\ubb38\ud558\uae30<\/strong><\/p>\n\n\n\n<div class=\"wp-block-buttons is-horizontal is-content-justification-center is-layout-flex wp-container-core-buttons-is-layout-499968f5 wp-block-buttons-is-layout-flex\">\n<div class=\"wp-block-button is-style-outline is-style-outline--1\"><a class=\"wp-block-button__link has-background-color has-text-color has-background wp-element-button\" href=\"https:\/\/sole.ro\/brand\/skinlick\" style=\"border-radius:17px;background-color:#1474b8\">\uc8fc\ubb38<\/a><\/div>\n<\/div>","protected":false},"excerpt":{"rendered":"<p>Skinlick \u2013 Skincare care-\u021bi place. Simplu, curat, cool. Skinlick este mai mult dec\u00e2t un brand de \u00eengrijire \u2013 este o declara\u021bie de libertate, prospe\u021bime \u0219i autenticitate. Creat pentru noua genera\u021bie care \u00ee\u0219i dore\u0219te produse eficiente, fun \u0219i f\u0103r\u0103 compromisuri, Skinlick aduce o abordare curat\u0103 \u0219i con\u0219tient\u0103 asupra rutinei de beauty. \ud83c\udf08 F\u0103r\u0103 BS. Cu drag [&hellip;]<\/p>","protected":false},"author":1,"featured_media":0,"parent":0,"menu_order":0,"comment_status":"closed","ping_status":"closed","template":"","meta":{"footnotes":""},"class_list":["post-1300","page","type-page","status-publish","hentry"],"aioseo_notices":[],"_links":{"self":[{"href":"https:\/\/onemd.ro\/ko\/wp-json\/wp\/v2\/pages\/1300","targetHints":{"allow":["GET"]}}],"collection":[{"href":"https:\/\/onemd.ro\/ko\/wp-json\/wp\/v2\/pages"}],"about":[{"href":"https:\/\/onemd.ro\/ko\/wp-json\/wp\/v2\/types\/page"}],"author":[{"embeddable":true,"href":"https:\/\/onemd.ro\/ko\/wp-json\/wp\/v2\/users\/1"}],"replies":[{"embeddable":true,"href":"https:\/\/onemd.ro\/ko\/wp-json\/wp\/v2\/comments?post=1300"}],"version-history":[{"count":4,"href":"https:\/\/onemd.ro\/ko\/wp-json\/wp\/v2\/pages\/1300\/revisions"}],"predecessor-version":[{"id":1343,"href":"https:\/\/onemd.ro\/ko\/wp-json\/wp\/v2\/pages\/1300\/revisions\/1343"}],"wp:attachment":[{"href":"https:\/\/onemd.ro\/ko\/wp-json\/wp\/v2\/media?parent=1300"}],"curies":[{"name":"wp","href":"https:\/\/api.w.org\/{rel}","templated":true}]}}