{"id":1314,"date":"2025-04-11T09:15:46","date_gmt":"2025-04-11T09:15:46","guid":{"rendered":"https:\/\/onemd.ro\/?page_id=1314"},"modified":"2025-04-11T10:46:42","modified_gmt":"2025-04-11T10:46:42","slug":"sungboon","status":"publish","type":"page","link":"https:\/\/onemd.ro\/ko\/sungboon\/","title":{"rendered":"sungboon"},"content":{"rendered":"<div class=\"wp-block-image\">\n<figure class=\"aligncenter size-medium\"><img decoding=\"async\" width=\"300\" height=\"150\" src=\"https:\/\/onemd.ro\/wp-content\/uploads\/2025\/04\/sungboon-300x150.jpg\" alt=\"sungboon\" class=\"wp-image-1317\" srcset=\"https:\/\/onemd.ro\/wp-content\/uploads\/2025\/04\/sungboon-300x150.jpg 300w, https:\/\/onemd.ro\/wp-content\/uploads\/2025\/04\/sungboon-1024x512.jpg 1024w, https:\/\/onemd.ro\/wp-content\/uploads\/2025\/04\/sungboon-768x384.jpg 768w, https:\/\/onemd.ro\/wp-content\/uploads\/2025\/04\/sungboon.jpg 1058w\" sizes=\"(max-width: 300px) 100vw, 300px\" \/><\/figure><\/div>\n\n\n<h2 class=\"wp-block-heading has-large-font-size\"><strong>\uc131\ubd84 - \uacfc\ud559\uc5d0 \uae30\ubc18\ud55c \uc2a4\ud0a8\ucf00\uc5b4, \uc2e4\uc81c \ud6a8\uacfc<\/strong><\/h2>\n\n\n\n<p class=\"has-small-font-size\"><strong>\uc131\ubd84<\/strong> \ub294 \ud55c\uad6d \ub354\ub9c8 \ucf54\uc2a4\uba54\ud2f1 \ube0c\ub79c\ub4dc\uc785\ub2c8\ub2e4. <strong>\ubd80\ub4dc\ub7ec\uc6b0\uba74\uc11c\ub3c4 \ud6a8\uacfc\uc801\uc778 \ucf00\uc5b4<\/strong>\ubbfc\uac10\ud558\uace0 \uc790\uadf9\uc744 \ubc1b\uac70\ub098 \uc5ec\ub4dc\ub984\uc774 \ub098\ub294 \ud53c\ubd80\ub97c \uc704\ud55c \uc81c\ud488\uc785\ub2c8\ub2e4. \uacfc\ud559\uc801 \uc6d0\ub9ac\uc5d0 \uae30\ubc18\ud558\uace0 <strong>\uc5c4\uaca9\ud55c \ud53c\ubd80\uacfc \ud14c\uc2a4\ud2b8<\/strong>\uc131\ubd84\uc740 \ubb34\ud5a5, \ubb34\uc790\uadf9, \uacf5\ud5c8\ud55c \uc57d\uc18d \uc5c6\uc774 \ud0c0\ud611\ud558\uc9c0 \uc54a\uace0 \uace0\ud488\uc9c8\uc758 \uc81c\ud488\uc744 \uc81c\uacf5\ud569\ub2c8\ub2e4.<\/p>\n\n\n\n<h2 class=\"wp-block-heading has-large-font-size\">\ud83e\uddec <strong>\uac04\ub2e8\ud569\ub2c8\ub2e4. \ud6a8\uc728\uc801\uc785\ub2c8\ub2e4. \uc548\uc804\ud569\ub2c8\ub2e4.<\/strong><\/h2>\n\n\n\n<p class=\"has-small-font-size\">\uc131\ubd84\uc758 \ucca0\ud559\uc740 \ubd84\uba85\ud569\ub2c8\ub2e4: \uc801\uc744\uc218\ub85d \uc88b\uc2b5\ub2c8\ub2e4. \uac01 \uacf5\uc2dd\uc740 \ub2e4\uc74c\uacfc \uac19\uc774 \ub9cc\ub4e4\uc5b4\uc9d1\ub2c8\ub2e4. <strong>\uc5c4\uc120\ub41c \ud65c\uc131 \uc131\ubd84<\/strong>\ub97c \ud568\uc720\ud558\uace0 \uc788\uc5b4 \ud53c\ubd80\uc758 \uc790\uc5f0\uc2a4\ub7ec\uc6b4 \uade0\ud615\uc744 \uc874\uc911\ud558\uace0 <strong>\uacf5\uaca9\uc801\uc774\uc9c0 \uc54a\uace0 \ub208\uc5d0 \ubcf4\uc774\ub294 \uacb0\uacfc<\/strong>.<\/p>\n\n\n\n<p class=\"has-small-font-size\">\u2714\ufe0f <strong>\ubbfc\uac10\ud55c \ud53c\ubd80\ub97c \uc704\ud55c \uc784\uc0c1 \ud14c\uc2a4\ud2b8 \uc644\ub8cc<\/strong><br>\u2714\ufe0f <strong>\uc5ec\ub4dc\ub984\uc131, \ubc18\uc751\uc131 \ub610\ub294 \ud68c\ubcf5\uae30 \ud53c\ubd80\uc5d0 \uc801\ud569<\/strong><br>\u2714\ufe0f <strong>\ubcc0\uc131 \uc54c\ucf54\uc62c, \ud5a5\ub8cc \ub610\ub294 \ud30c\ub77c\ubca4\uc774 \uc5c6\ub294 \uae68\ub057\ud55c \ud3ec\ubbac\ub7ec<\/strong><br>\u2714\ufe0f <strong>\uc794\uc778\ud558\uc9c0 \uc54a\uace0 \uce5c\ud658\uacbd\uc801\uc778 \uc81c\ud488<\/strong><\/p>\n\n\n\n<h2 class=\"wp-block-heading has-primary-color has-text-color has-link-color has-large-font-size wp-elements-83efb3802104265e2bd79930879c9c07\">\ud83c\udf3f <a href=\"https:\/\/sole.ro\/\" target=\"_blank\" rel=\"noopener\" title=\"\">\uc8fc\uc694 \uc81c\ud488 \uc131\ubd84<\/a><\/h2>\n\n\n\n<h3 class=\"wp-block-heading has-normal-font-size\"><strong>1. \uc131\ubd84 \uc5d0\ub514\ud130 AC \uc2a4\ud31f \uc138\ub7fc<\/strong><\/h3>\n\n\n\n<p class=\"has-small-font-size\">\ub2e4\uc74c\uc744 \ud568\uc720\ud55c \uad6d\uc18c \uc5ec\ub4dc\ub984 \uc138\ub7fc <strong>\uc0b4\ub9ac\uc2e4\uc0b0<\/strong>, <strong>\uc13c\ud154\ub77c\uc544\uc2dc\uc544\ud2f0\uce74<\/strong> \ubc0f <strong>\ub098\uc774\uc544\uc2e0\uc544\ub9c8\uc774\ub4dc<\/strong>. \uc5fc\uc99d\uc744 \uc9c4\uc815\uc2dc\ud0a4\uace0 \ubc1c\uc801\uc744 \uc904\uc774\uba70 \uce58\uc720 \uc18d\ub3c4\ub97c \ub192\uc785\ub2c8\ub2e4.<\/p>\n\n\n\n<h3 class=\"wp-block-heading has-normal-font-size\"><strong>2. \uc131\ubd84 \uc218\ub529 \ubca0\ub9ac\uc5b4 \ud06c\ub9bc<\/strong><\/h3>\n\n\n\n<p class=\"has-small-font-size\">\uc9d1\uc911 \ubcf4\uc2b5 \ud06c\ub9bc\uc73c\ub85c <strong>\uc138\ub77c\ub9c8\uc774\ub4dc<\/strong> \ubc0f <strong>\ubca0\ud0c0\uae00\ub8e8\uce78<\/strong>\ubbfc\uac10\ud558\uac70\ub098 \uc790\uadf9\ubc1b\uc740 \ud53c\ubd80\uc5d0 \uc774\uc0c1\uc801\uc785\ub2c8\ub2e4. \ud55c \ub2e8\uacc4\ub85c \ud53c\ubd80 \uc7a5\ubcbd\uc744 \ubcf4\ucda9\ud558\uc138\uc694.<\/p>\n\n\n\n<h3 class=\"wp-block-heading has-normal-font-size\"><strong>3. \uc131\ubd84 \ub9c8\uc77c\ub4dc \ud074\ub80c\uc800<\/strong><\/h3>\n\n\n\n<p class=\"has-small-font-size\">\uc0dd\ub9ac\uc801 pH\uc758 \ubb34\uc790\uadf9 \ud074\ub80c\uc9d5 \uc824\uc785\ub2c8\ub2e4. \uac74\uc870\ud568 \uc5c6\uc774 \ud6a8\uacfc\uc801\uc73c\ub85c \ud074\ub80c\uc9d5\ud558\uc5ec \ubbfc\uac10\ud558\uac70\ub098 \uc5ec\ub4dc\ub984\uc774 \ub098\ub294 \ud53c\ubd80\uc758 \ub370\uc77c\ub9ac \ub8e8\ud2f4\uc5d0 \uc801\ud569\ud569\ub2c8\ub2e4.<\/p>\n\n\n\n<h3 class=\"wp-block-heading has-normal-font-size\"><strong>4. \uc131\ubd84 \uce74\ubc0d \ud1a0\ub108<\/strong><\/h3>\n\n\n\n<p class=\"has-small-font-size\">\uc9c4\uc815 \ud1a0\ub108 <strong>\uc2dc\uce74 \ucd94\ucd9c\ubb3c<\/strong> \ubc0f <strong>\ud310\ud14c\ub180<\/strong>\ub97c \ud568\uc720\ud558\uace0 \uc788\uc5b4 \ud53c\ubd80 \ubcf4\uc2b5, \uade0\ud615, \ubbfc\uac10\uc131 \uc644\ud654\uc5d0 \ub3c4\uc6c0\uc744 \uc90d\ub2c8\ub2e4. \ubcf4\uc2b5 \ub8e8\ud2f4\uc758 \uccab \ub2e8\uacc4\ub85c \uc0ac\uc6a9\ud558\uae30\uc5d0 \uc774\uc0c1\uc801\uc785\ub2c8\ub2e4.<\/p>\n\n\n\n<h2 class=\"wp-block-heading has-large-font-size\">\ud83d\udca1 \uc131\ubd84\uc740 \ub204\uad6c\ub97c \uc704\ud55c \uc11c\ube44\uc2a4\uc778\uac00\uc694?<\/h2>\n\n\n\n<ul class=\"wp-block-list has-small-font-size\">\n<li>\ub2e4\uc74c\uacfc \uac19\uc740 \uc0ac\ub78c\ub4e4 <strong>\ubbfc\uac10\uc131, \uc5ec\ub4dc\ub984\uc131 \ub610\ub294 \ud0c8\uc218\uc131 \ud53c\ubd80<\/strong><\/li>\n\n\n\n<li>\uac80\uc0c9\uc790 <strong>\ubbf8\ub2c8\uba40\ub9ac\uc2a4\ud2b8 \ub354\ub9c8 \ucf54\uc2a4\uba54\ud2f1 \ud3ec\ubbac\ub7ec<\/strong><\/li>\n\n\n\n<li>\ub2e4\uc74c\uacfc \uac19\uc740 \ub9e4\ub2c8\uc544\ub97c \uc704\ud55c <strong>K-\ubdf0\ud2f0 \ud074\ub9ac\ub2c9, \uacb0\uacfc\uc5d0 \uae30\ubc18\ud55c K-\ubdf0\ud2f0 \ud074\ub9ac\ub2c9<\/strong><\/li>\n\n\n\n<li>\uc6d0\ud558\ub294 \uc0ac\uc6a9\uc790 <strong>\uc548\uc804\ud558\uace0 \uc790\uadf9 \uc5c6\ub294 \ub8e8\ud2f4<\/strong><\/li>\n<\/ul>\n\n\n\n<div style=\"height:73px\" aria-hidden=\"true\" class=\"wp-block-spacer\"><\/div>\n\n\n\n<p class=\"has-text-align-center\"><strong>\uacf5\uc2dd \ud30c\ud2b8\ub108 SOLE\uc5d0\uc11c \uc628\ub77c\uc778\uc73c\ub85c \uc8fc\ubb38\ud558\uae30<\/strong><\/p>\n\n\n\n<div class=\"wp-block-buttons is-horizontal is-content-justification-center is-layout-flex wp-container-core-buttons-is-layout-499968f5 wp-block-buttons-is-layout-flex\">\n<div class=\"wp-block-button is-style-outline is-style-outline--1\"><a class=\"wp-block-button__link has-background-color has-text-color has-background wp-element-button\" href=\"https:\/\/sole.ro\/\" style=\"border-radius:17px;background-color:#1474b8\">\uc8fc\ubb38<\/a><\/div>\n<\/div>","protected":false},"excerpt":{"rendered":"<p>Sungboon \u2013 Skincare cu baz\u0103 \u0219tiin\u021bific\u0103, rezultate reale Sungboon este un brand coreean dermato-cosmetic care pune accentul pe \u00eengrijirea bl\u00e2nd\u0103, dar eficient\u0103, a pielii sensibile, iritate sau acneice. Fondat pe principii \u0219tiin\u021bifice \u0219i sus\u021binut de test\u0103ri dermatologice riguroase, Sungboon livreaz\u0103 produse de \u00eenalt\u0103 calitate, f\u0103r\u0103 compromisuri \u2013 f\u0103r\u0103 parfum, f\u0103r\u0103 iritan\u021bi, f\u0103r\u0103 promisiuni goale. \ud83e\uddec [&hellip;]<\/p>","protected":false},"author":1,"featured_media":0,"parent":0,"menu_order":0,"comment_status":"closed","ping_status":"closed","template":"","meta":{"footnotes":""},"class_list":["post-1314","page","type-page","status-publish","hentry"],"aioseo_notices":[],"_links":{"self":[{"href":"https:\/\/onemd.ro\/ko\/wp-json\/wp\/v2\/pages\/1314","targetHints":{"allow":["GET"]}}],"collection":[{"href":"https:\/\/onemd.ro\/ko\/wp-json\/wp\/v2\/pages"}],"about":[{"href":"https:\/\/onemd.ro\/ko\/wp-json\/wp\/v2\/types\/page"}],"author":[{"embeddable":true,"href":"https:\/\/onemd.ro\/ko\/wp-json\/wp\/v2\/users\/1"}],"replies":[{"embeddable":true,"href":"https:\/\/onemd.ro\/ko\/wp-json\/wp\/v2\/comments?post=1314"}],"version-history":[{"count":4,"href":"https:\/\/onemd.ro\/ko\/wp-json\/wp\/v2\/pages\/1314\/revisions"}],"predecessor-version":[{"id":1351,"href":"https:\/\/onemd.ro\/ko\/wp-json\/wp\/v2\/pages\/1314\/revisions\/1351"}],"wp:attachment":[{"href":"https:\/\/onemd.ro\/ko\/wp-json\/wp\/v2\/media?parent=1314"}],"curies":[{"name":"wp","href":"https:\/\/api.w.org\/{rel}","templated":true}]}}