{"id":1320,"date":"2025-04-11T09:29:47","date_gmt":"2025-04-11T09:29:47","guid":{"rendered":"https:\/\/onemd.ro\/?page_id=1320"},"modified":"2025-09-01T11:55:29","modified_gmt":"2025-09-01T11:55:29","slug":"nuse","status":"publish","type":"page","link":"https:\/\/onemd.ro\/ko\/nuse\/","title":{"rendered":"nuse"},"content":{"rendered":"<div class=\"wp-block-image\">\n<figure class=\"aligncenter size-medium\"><img decoding=\"async\" width=\"300\" height=\"150\" src=\"https:\/\/onemd.ro\/wp-content\/uploads\/2025\/04\/nuse-300x150.jpg\" alt=\"nuse\" class=\"wp-image-1322\" srcset=\"https:\/\/onemd.ro\/wp-content\/uploads\/2025\/04\/nuse-300x150.jpg 300w, https:\/\/onemd.ro\/wp-content\/uploads\/2025\/04\/nuse-1024x512.jpg 1024w, https:\/\/onemd.ro\/wp-content\/uploads\/2025\/04\/nuse-768x384.jpg 768w, https:\/\/onemd.ro\/wp-content\/uploads\/2025\/04\/nuse.jpg 1058w\" sizes=\"(max-width: 300px) 100vw, 300px\" \/><\/figure><\/div>\n\n\n<h2 class=\"wp-block-heading has-large-font-size\"><strong>Nuse - \ub2f9\uc2e0\uc744 \uc704\ud55c \uc815\uc9c1\ud558\uace0 \uae68\ub057\ud558\uba70 \ud5cc\uc2e0\uc801\uc778 \uce5c\ubc00\ud55c \ucf00\uc5b4<\/strong><\/h2>\n\n\n\n<p class=\"has-small-font-size\"><strong>Nuse<\/strong> \ub294 \ub2e4\uc74c\uacfc \uac19\uc740 \uc81c\ud488\uc744 \ud1b5\ud574 \ud53c\ubd80\uc5d0 \uc790\uc2e0\uac10\uacfc \ud3b8\uc548\ud568\uc744 \ub418\ucc3e\uc544\uc8fc\ub294 \ub8e8\ub9c8\ub2c8\uc544 \ube0c\ub79c\ub4dc\uc785\ub2c8\ub2e4. <strong>\uc138\uc2ec\ud568, \ucc45\uc784\uac10, \ubd80\ub4dc\ub7ec\uc6c0\uc73c\ub85c \ub9cc\ub4dc\ub294 \uce5c\ubc00\ud55c \ucf00\uc5b4<\/strong>. \ubd80\ub044\ub7ec\uc6c0, \uae08\uae30, \ud0c0\ud611 \uc5c6\uc774 \uc624\uc9c1 \ub2e4\uc74c\uacfc \uac19\uc740 \uc6d0\uce59\uc744 \uc874\uc911\ud558\ub294 \uc138\uc2ec\ud558\uac8c \uac1c\ubc1c\ub41c \uacf5\uc2dd\uc785\ub2c8\ub2e4. <strong>\uce5c\ubc00\ud55c \ubd80\uc704\uc758 \uc790\uc5f0\uc2a4\ub7ec\uc6b4 \uade0\ud615<\/strong> \ub9e4\uc77c \uc5ec\uc131\uc758 \uac74\uac15\uc744 \uc9c0\uc6d0\ud569\ub2c8\ub2e4.<\/p>\n\n\n\n<h2 class=\"wp-block-heading has-large-font-size\">\ud83c\udf38 <strong>\uc790\uc2e0\uac10\uc73c\ub85c \uc2dc\uc791\ud558\ub294 \uce5c\ubc00\ud55c \uc77c\uc0c1<\/strong><\/h2>\n\n\n\n<p class=\"has-small-font-size\">\ubaa8\ub4e0 Nuse \uc81c\ud488\uc740 \uadf8\ub807\uc2b5\ub2c8\ub2e4:<\/p>\n\n\n\n<ul class=\"wp-block-list has-small-font-size\">\n<li>\ud83e\uddea <strong>\ud53c\ubd80\uacfc \ubc0f \uc0b0\ubd80\uc778\uacfc \uac80\uc0ac \uc644\ub8cc<\/strong><\/li>\n\n\n\n<li>\ud83c\udf31 <strong>\ud5a5\ub8cc, SLS, \ud30c\ub77c\ubca4, \uc790\uadf9\uc81c \ubb34\ucca8\uac00<\/strong><\/li>\n\n\n\n<li>\ud83e\uddfc <strong>pH \ubc38\ub7f0\uc2a4 \ud3ec\ubbac\ub7ec<\/strong><\/li>\n\n\n\n<li>\ud83d\udc30 <strong>\ube44\uac74 &amp; \ud06c\ub8e8\uc5bc\ud2f0 \ud504\ub9ac<\/strong><\/li>\n<\/ul>\n\n\n\n<h2 class=\"wp-block-heading has-primary-color has-text-color has-link-color has-large-font-size wp-elements-eb38daa6f4f56d3ce0c30fcc0dad121a\">\ud83d\udca7 Nuse \uc81c\ud488<\/h2>\n\n\n\n<h3 class=\"wp-block-heading has-normal-font-size\"><strong>1. \ub204\uc138 \uc820\ud2c0 \uc778\ud150\uc2dc\ube0c \uc6cc\uc2dc<\/strong><\/h3>\n\n\n\n<p class=\"has-small-font-size\">\uc0dd\ub9ac\uc801 pH(3.8-4.5)\uc758 \uce5c\ubc00\ud55c \ud074\ub80c\uc9d5 \uc824\ub85c \ub9e4\uc77c \uc0ac\uc6a9\ud558\uae30\uc5d0 \uc774\uc0c1\uc801\uc785\ub2c8\ub2e4. \ud568\uc720 \uc131\ubd84 <strong>\uc816\uc0b0<\/strong> \ubc0f <strong>\uc9c4\uc815 \uce74\ubaa8\ub9c8\uc77c \ucd94\ucd9c\ubb3c<\/strong>\ubd80\ub4dc\ub7ec\uc6b4 \uc704\uc0dd\uacfc \uc790\uc5f0 \ubcf4\ud638\ub97c \uc704\ud574<\/p>\n\n\n\n<h3 class=\"wp-block-heading has-normal-font-size\"><strong>2. \ub204\uc138 \uce74\ubc0d \uc2a4\ud504\ub808\uc774<\/strong><\/h3>\n\n\n\n<p class=\"has-small-font-size\">\uc81c\ubaa8 \ud6c4, \uc0dd\ub9ac \uc911 \ub610\ub294 \ubd88\ud3b8\ud568\uc744 \ub290\ub084 \ub54c\ub9c8\ub2e4 \uc0ac\uc6a9\ud558\uae30\uc5d0 \uc644\ubcbd\ud55c \uc9c4\uc815 \ubc0f \ucfe8\ub9c1 \uce5c\ubc00\ud55c \uc2a4\ud504\ub808\uc774\uc785\ub2c8\ub2e4. \ud568\uc720 \uc131\ubd84 <strong>\uc54c\ub780\ud1a0\uc778<\/strong> \ubc0f <strong>\uc704\uce58 \ud558\uc824<\/strong>\ub97c \uc0ac\uc6a9\ud558\uba74 \ube60\ub974\uac8c \uc9c4\uc815\ub429\ub2c8\ub2e4.<\/p>\n\n\n\n<h3 class=\"wp-block-heading has-normal-font-size\"><strong>3. \ub204\uc138 \ubaa8\uc774\uc2a4\ucc98\ub77c\uc774\uc9d5 \uc778\ud2f0\uba54\uc774\ud2b8 \uc824<\/strong><\/h3>\n\n\n\n<p class=\"has-small-font-size\">\uce5c\ubc00\ud55c \ubd80\uc704\ub97c \uc704\ud55c \ubcf4\uc2b5 \uc824\ub85c \uc2a4\ud2b8\ub808\uc2a4, \ud638\ub974\ubaac \ubcc0\ud654 \ub610\ub294 \ud3d0\uacbd\uc73c\ub85c \uc778\ud55c \uc9c8 \uac74\uc870\uc5d0 \uc774\uc0c1\uc801\uc785\ub2c8\ub2e4. \ud638\ub974\ubaac, \ud5a5\ub8cc \uc5c6\uc774 \uc548\uc804\ud55c \ubcf4\uc2b5\ub9cc \uc81c\uacf5\ud569\ub2c8\ub2e4.<\/p>\n\n\n\n<h3 class=\"wp-block-heading has-normal-font-size\"><strong>4. Nuse \ubb3c\ud2f0\uc288 - \uc0dd\ubd84\ud574\uc131 \uce5c\ubc00\ud55c \ubb3c\ud2f0\uc288<\/strong><\/h3>\n\n\n\n<p class=\"has-small-font-size\">\uc2e4\uc6a9\uc801\uc774\uace0 \uc21c\ud558\uba70 \uc548\uc804\ud558\uc5ec \uc774\ub3d9 \uc911 \uc704\uc0dd\uc5d0 \uc774\uc0c1\uc801\uc785\ub2c8\ub2e4. \uc54c\ucf54\uc62c\uc774\ub098 \uc790\uadf9 \uc131\ubd84\uc774 \uc5c6\uc2b5\ub2c8\ub2e4. \ud578\ub4dc\ubc31\uc5d0 \uc3d9 \ub4e4\uc5b4\uac00\ub294 \ucef4\ud329\ud2b8\ud55c \uc0ac\uc774\uc988.<\/p>\n\n\n\n<h2 class=\"wp-block-heading has-large-font-size\">\ud83e\uddd8\u200d\u2640\ufe0f \uc65c Nuse\ub97c \uc120\ud0dd\ud574\uc57c \ud560\uae4c\uc694?<\/h2>\n\n\n\n<ul class=\"wp-block-list has-small-font-size\">\n<li>\ud83c\udf3f <strong>\uc740\ubc00\ud55c \ubd80\uc704\ub97c \uc704\ud55c \uae68\ub057\ud55c \uc544\ub984\ub2e4\uc6c0<\/strong><\/li>\n\n\n\n<li>\ud83d\udd2c <strong>\uc804\ubb38\uac00\uac00 \uac1c\ubc1c\ud55c \uacf5\uc2dd<\/strong><\/li>\n\n\n\n<li>\ud83e\udde1 <strong>\uc0ac\ucd98\uae30\ubd80\ud130 \ud3d0\uacbd\uae30\uae4c\uc9c0 \ubaa8\ub4e0 \uc0dd\uc560 \ub2e8\uacc4\uc5d0 \uc801\ud569<\/strong><\/li>\n\n\n\n<li>\u267b\ufe0f <strong>\uc9c0\uc18d \uac00\ub2a5\ud55c \uc0dd\ubd84\ud574\uc131 \ud3ec\uc7a5<\/strong><\/li>\n\n\n\n<li>\ud83d\udcac <strong>\uc218\uce58\uc2ec\uc774\ub098 \uae08\uae30 \uc5c6\uc774 \uc5f4\ub9b0 \ucee4\ubba4\ub2c8\ucf00\uc774\uc158<\/strong><\/li>\n<\/ul>\n\n\n\n<h2 class=\"wp-block-heading has-large-font-size\">\ud83c\udfaf Nuse\ub294 \ub204\uad6c\ub97c \uc704\ud55c \uc11c\ube44\uc2a4\uc778\uac00\uc694?<\/h2>\n\n\n\n<p class=\"has-small-font-size\">\uc6d0\ud558\ub294 \uc5ec\uc131\uc6a9 <strong>\uc720\ud574 \uc131\ubd84\uc774 \uc5c6\ub294 \uce5c\ubc00\ud55c \ucf00\uc5b4 \uc81c\ud488<\/strong>\ud6a8\uacfc\uac00 \uc785\uc99d\ub41c \uc81c\ud488\uc785\ub2c8\ub2e4. \uc758\uc2dd\uc801\uc73c\ub85c, \uc790\uc5f0\uc2a4\ub7fd\uac8c, \ud3b8\uacac \uc5c6\uc774 \ubab8\uc744 \uad00\ub9ac\ud558\uace0 \uc2f6\uc740 \ubd84\ub4e4\uc744 \uc704\ud55c \uc81c\ud488\uc785\ub2c8\ub2e4.<\/p>\n\n\n\n<hr class=\"wp-block-separator aligncenter has-alpha-channel-opacity\"\/>\n\n\n\n<p class=\"has-text-align-center\"><strong>Nuse \uacf5\uc2dd \ud30c\ud2b8\ub108 \uc0c1\uc810\uc5d0\uc11c \uc628\ub77c\uc778\uc73c\ub85c Nuse \uc81c\ud488\uc744 \uc8fc\ubb38\ud558\uc138\uc694:<\/strong><\/p>\n\n\n\n<div class=\"wp-block-group has-large-font-size is-layout-grid wp-container-core-group-is-layout-6be84c55 wp-block-group-is-layout-grid\">\n<figure class=\"wp-block-image size-medium\"><a href=\"https:\/\/sole.ro\/brand\/nuse\" target=\"_blank\" rel=\" noreferrer noopener\"><img decoding=\"async\" width=\"300\" height=\"150\" src=\"https:\/\/onemd.ro\/wp-content\/uploads\/2021\/07\/f6-2-300x150.jpg\" alt=\"sole.ro\" class=\"wp-image-297\" srcset=\"https:\/\/onemd.ro\/wp-content\/uploads\/2021\/07\/f6-2-300x150.jpg 300w, https:\/\/onemd.ro\/wp-content\/uploads\/2021\/07\/f6-2-16x8.jpg 16w, https:\/\/onemd.ro\/wp-content\/uploads\/2021\/07\/f6-2.jpg 600w\" sizes=\"(max-width: 300px) 100vw, 300px\" \/><\/a><\/figure>\n<\/div>","protected":false},"excerpt":{"rendered":"<p>Nuse \u2013 \u00cengrijire intim\u0103 sincer\u0103, curat\u0103 \u0219i dedicat\u0103 \u021bie Nuse este un brand rom\u00e2nesc care red\u0103 \u00eencrederea \u0219i confortul \u00een propria piele prin produse de \u00eengrijire intim\u0103 create cu grij\u0103, responsabilitate \u0219i bl\u00e2nde\u021be. F\u0103r\u0103 ru\u0219ine, f\u0103r\u0103 tabuuri, f\u0103r\u0103 compromisuri \u2013 doar formule atent dezvoltate, care respect\u0103 echilibrul natural al zonei intime \u0219i sus\u021bin s\u0103n\u0103tatea feminin\u0103 [&hellip;]<\/p>","protected":false},"author":1,"featured_media":0,"parent":0,"menu_order":0,"comment_status":"closed","ping_status":"closed","template":"","meta":{"footnotes":""},"class_list":["post-1320","page","type-page","status-publish","hentry"],"aioseo_notices":[],"_links":{"self":[{"href":"https:\/\/onemd.ro\/ko\/wp-json\/wp\/v2\/pages\/1320","targetHints":{"allow":["GET"]}}],"collection":[{"href":"https:\/\/onemd.ro\/ko\/wp-json\/wp\/v2\/pages"}],"about":[{"href":"https:\/\/onemd.ro\/ko\/wp-json\/wp\/v2\/types\/page"}],"author":[{"embeddable":true,"href":"https:\/\/onemd.ro\/ko\/wp-json\/wp\/v2\/users\/1"}],"replies":[{"embeddable":true,"href":"https:\/\/onemd.ro\/ko\/wp-json\/wp\/v2\/comments?post=1320"}],"version-history":[{"count":6,"href":"https:\/\/onemd.ro\/ko\/wp-json\/wp\/v2\/pages\/1320\/revisions"}],"predecessor-version":[{"id":1707,"href":"https:\/\/onemd.ro\/ko\/wp-json\/wp\/v2\/pages\/1320\/revisions\/1707"}],"wp:attachment":[{"href":"https:\/\/onemd.ro\/ko\/wp-json\/wp\/v2\/media?parent=1320"}],"curies":[{"name":"wp","href":"https:\/\/api.w.org\/{rel}","templated":true}]}}