{"id":14,"date":"2021-07-07T10:31:54","date_gmt":"2021-07-07T10:31:54","guid":{"rendered":"http:\/\/onemd.ro\/?page_id=14"},"modified":"2025-08-19T12:39:54","modified_gmt":"2025-08-19T12:39:54","slug":"contact","status":"publish","type":"page","link":"https:\/\/onemd.ro\/ko\/contact\/","title":{"rendered":"\uc5f0\ub77d\ucc98"},"content":{"rendered":"<div class=\"wp-block-cover alignfull is-light\"><img fetchpriority=\"high\" decoding=\"async\" width=\"1919\" height=\"600\" class=\"wp-block-cover__image-background wp-image-347\" alt=\"\" src=\"https:\/\/onemd.ro\/wp-content\/uploads\/2021\/07\/contactbg.jpg\" data-object-fit=\"cover\" srcset=\"https:\/\/onemd.ro\/wp-content\/uploads\/2021\/07\/contactbg.jpg 1919w, https:\/\/onemd.ro\/wp-content\/uploads\/2021\/07\/contactbg-300x94.jpg 300w, https:\/\/onemd.ro\/wp-content\/uploads\/2021\/07\/contactbg-1024x320.jpg 1024w, https:\/\/onemd.ro\/wp-content\/uploads\/2021\/07\/contactbg-768x240.jpg 768w, https:\/\/onemd.ro\/wp-content\/uploads\/2021\/07\/contactbg-1536x480.jpg 1536w, https:\/\/onemd.ro\/wp-content\/uploads\/2021\/07\/contactbg-16x5.jpg 16w, https:\/\/onemd.ro\/wp-content\/uploads\/2021\/07\/contactbg-1200x375.jpg 1200w\" sizes=\"(max-width: 1919px) 100vw, 1919px\" \/><span aria-hidden=\"true\" class=\"wp-block-cover__background has-background-dim-20 has-background-dim\"><\/span><div class=\"wp-block-cover__inner-container is-layout-flow wp-block-cover-is-layout-flow\">\n<p class=\"has-text-align-center has-background-color has-text-color has-link-color wp-elements-bb0860a05aa67558759dedc093bd05e6\" style=\"font-size:62px\">\uc5f0\ub77d\ucc98<\/p>\n<\/div><\/div>\n\n\n\n<div class=\"wp-block-columns is-layout-flex wp-container-core-columns-is-layout-9d6595d7 wp-block-columns-is-layout-flex\">\n<div class=\"wp-block-column is-layout-flow wp-block-column-is-layout-flow\" style=\"flex-basis:100%\">\n<h2 class=\"wp-block-heading alignwide has-text-align-center has-normal-font-size\"><strong>1. \uc131\uacf5\uc801\uc778 \uae00\ub85c\ubc8c \ube0c\ub79c\ub4dc\ub97c \uc704\ud55c \ud83c\udf0d<\/strong><\/h2>\n\n\n\n<p class=\"has-small-font-size\">\ub8e8\ub9c8\ub2c8\uc544, \ud5dd\uac00\ub9ac, \ubd88\uac00\ub9ac\uc544 \ubc0f \uae30\ud0c0 \uc9c0\uc5ed\uc758 \uc2dc\uc7a5\uc5d0 \uc9c4\uc9c0\ud558\uace0 \uac74\uc804\ud55c \ubc29\uc2dd\uc73c\ub85c \uc9c4\ucd9c\ud558\uace0 \uc2f6\uc73c\uc2e0\uac00\uc694?<\/p>\n\n\n\n<div style=\"height:40px\" aria-hidden=\"true\" class=\"wp-block-spacer\"><\/div>\n\n\n\n<p class=\"has-text-align-left\">\ud83c\udfaf \ud558\ub098\uc758 \ub9c8\uc2a4\ud130 \ubc30\ud3ec\ub97c \uc120\ud0dd\ud558\ub294 \uc774\uc720\ub294 \ubb34\uc5c7\uc778\uac00\uc694?<\/p>\n\n\n\n<p class=\"has-small-font-size\">\u2705 13\ub144\uac04\uc758 \ud504\ub9ac\ubbf8\uc5c4 \ube0c\ub79c\ub4dc \ub860\uce6d \uacbd\ud5d8<\/p>\n\n\n\n<p class=\"has-small-font-size\">\u2705 \ub3d9\uc720\ub7fd 3\uac1c\uad6d \ub3c5\uc810 \ub124\ud2b8\uc6cc\ud06c \ubc0f \ub3d9\uc720\ub7fd \uc9c0\uc5ed \ud655\uc7a5 \uc911<\/p>\n\n\n\n<p class=\"has-small-font-size\">\u2705 \uc644\ubcbd\ud55c IP \ubcf4\ud638 \uc804\ubb38 \uc9c0\uc2dd \ubc0f \ubc95\uc801 \ub300\ub9ac\uc778<\/p>\n\n\n\n<p class=\"has-small-font-size\">\u2705 \uc8fc\uc694 \uc57d\uad6d \uccb4\uc778\uacfc \uc9c1\uc811 \ud30c\ud2b8\ub108\uc2ed \uccb4\uacb0<\/p>\n\n\n\n<p class=\"has-small-font-size\">\u2705 \uc758\ub8cc \ubcf4\uc7a5 - \ud53c\ubd80\uacfc \uc804\ubb38\uc758 \ubc0f \ud559\ud68c\uc640\uc758 \ud611\uc5c5<\/p>\n\n\n\n<p class=\"has-small-font-size\">\u2705 \ud488\uc9c8, \ud658\uacbd \ubc0f \uc548\uc804\uc5d0 \ub300\ud55c ISO \uc778\uc99d<\/p>\n\n\n\n<div style=\"height:40px\" aria-hidden=\"true\" class=\"wp-block-spacer\"><\/div>\n\n\n\n<p class=\"has-text-align-left\">\ud83d\udcca \uc785\uc99d\ub41c \uc2e4\uc801: <\/p>\n\n\n\n<p class=\"has-small-font-size\">- 50\uac1c \uc774\uc0c1\uc758 \uc131\uacf5\uc801\uc778 \ube0c\ub79c\ub4dc \ub7f0\uce6d<\/p>\n\n\n\n<p class=\"has-small-font-size\">- 500\uac1c \uc774\uc0c1\uc758 \uc57d\uad6d \ubc0f \uc18c\ub9e4\uc810\uc5d0 \uc785\uc810\ud574 \uc788\uc2b5\ub2c8\ub2e4.<\/p>\n\n\n\n<p class=\"has-small-font-size\">- \ub9e4\ub144 10\ud68c \uc774\uc0c1\uc758 \uc758\ud559 \ud559\uc220\ub300\ud68c \ucc38\uac00<\/p>\n\n\n\n<p class=\"has-small-font-size\">- \ube0c\ub79c\ub4dc \ubcf4\ud638\ub97c \uc704\ud55c \ubc95\uc801 \uc18c\uc1a1 \uc2b9\uc18c<\/p>\n\n\n\n<div style=\"height:40px\" aria-hidden=\"true\" class=\"wp-block-spacer\"><\/div>\n\n\n\n<p class=\"has-text-align-left\">\ud83d\udcbc \ube0c\ub79c\ub4dc\ub97c \uc704\ud55c \ud480 \uc11c\ube44\uc2a4:<\/p>\n\n\n\n<p class=\"has-small-font-size\">\ud83d\udd39 \uc2dc\uc7a5 \ubd84\uc11d \ubc0f \uc9c4\ucd9c \uc804\ub7b5<\/p>\n\n\n\n<p class=\"has-small-font-size\">\ud83d\udd39 \uc9c0\uc801 \uc7ac\uc0b0\uad8c\uc758 \ucde8\ub4dd \ubc0f \uad00\ub9ac<\/p>\n\n\n\n<p class=\"has-small-font-size\">\ud83d\udd39 EU \uaddc\uc815 \uc900\uc218<\/p>\n\n\n\n<p class=\"has-small-font-size\">\ud83d\udd39 \uc758\ub8cc \ubc0f \uad50\uc721 \ub9c8\ucf00\ud305<\/p>\n\n\n\n<p class=\"has-small-font-size\">\ud83d\udd39 \ub3c5\uc810 \uc720\ud1b5 \ubc0f \ubb3c\ub958<\/p>\n\n\n\n<p class=\"has-small-font-size\">\ud83d\udd39 \uc704\uc870\uc5d0 \ub300\ud55c \uc801\uadf9\uc801\uc778 \ubcf4\ud638<\/p>\n\n\n\n<div style=\"height:40px\" aria-hidden=\"true\" class=\"wp-block-spacer\"><\/div>\n\n\n\n<p class=\"has-text-align-center has-subtle-background-background-color has-background has-small-font-size\"><strong>\ud83d\udcde \ud655\uc7a5\ud560 \uc900\ube44\uac00 \ub418\uc168\ub098\uc694?<\/strong><\/p>\n\n\n\n<p class=\"has-text-align-center has-subtle-background-background-color has-background has-small-font-size\">\ube44\uc988\ub2c8\uc2a4 \uac1c\ubc1c\ud300\uc5d0 \ubb38\uc758\ud558\uc138\uc694:<\/p>\n\n\n\n<p class=\"has-text-align-center has-subtle-background-background-color has-text-color has-background has-link-color has-small-font-size wp-elements-54ebda1941706b820f38edb0402e3f01\" style=\"color:#0f00b5\"><a href=\"mailto:contact@onemd.ro\" title=\"\"><strong>contact@onemd.ro<\/strong><\/a><\/p>\n\n\n\n<hr class=\"wp-block-separator has-alpha-channel-opacity is-style-dots\"\/>\n\n\n\n<h2 class=\"wp-block-heading alignwide has-text-align-center has-normal-font-size\"><strong><strong>\uc18c\ub9e4\uc5c5\uccb4 \ubc0f \uc57d\uad6d \uccb4\uc778\uc758 \uacbd\uc6b0 \ud83c\udfea<\/strong><\/strong><\/h2>\n\n\n\n<p class=\"has-small-font-size\">\uc138\uacc4\uc5d0\uc11c \uac00\uc7a5 \ud2b8\ub80c\ub514\ud55c \ubdf0\ud2f0 \ube0c\ub79c\ub4dc\ub97c \ud3ec\ud2b8\ud3f4\ub9ac\uc624\uc5d0 \ub2f4\uace0 \uc2f6\uc73c\uc2e0\uac00\uc694?<\/p>\n\n\n\n<div style=\"height:30px\" aria-hidden=\"true\" class=\"wp-block-spacer\"><\/div>\n\n\n\n<p class=\"has-text-align-left\">\ud558\ub098\uc758 \ub9c8\uc2a4\ud130 \ubc30\ud3ec\ud310\uacfc\uc758 \ud30c\ud2b8\ub108\uc2ed\uc744 \uc81c\uacf5\ud569\ub2c8\ub2e4:<\/p>\n\n\n\n<p class=\"has-small-font-size\">\u2705 50\uac1c \uc774\uc0c1\uc758 \ud504\ub9ac\ubbf8\uc5c4 \ud574\uc678 \ube0c\ub79c\ub4dc\uc5d0 \ub3c5\uc810 \uc561\uc138\uc2a4<\/p>\n\n\n\n<p class=\"has-small-font-size\">\u2705 \uc0c1\uc2b9 \ucd94\uc138 \ubc0f \uc218\uc694\uac00 \ub192\uc740 \ube0c\ub79c\ub4dc<\/p>\n\n\n\n<p class=\"has-small-font-size\">\u2705 \uc804\uccb4 \ub9c8\ucf00\ud305 \uc9c0\uc6d0 \ubc0f POS \uc790\ub8cc<\/p>\n\n\n\n<p class=\"has-small-font-size\">\u2705 \uc601\uc5c5\ud300\uc744 \uc704\ud55c \uc804\ubb38 \uad50\uc721<\/p>\n\n\n\n<p class=\"has-small-font-size\">\u2705 \uacbd\uc7c1\ub825 \uc788\ub294 \uac00\uaca9 \ubc0f \uc6b0\ub300 \uc870\uac74<\/p>\n\n\n\n<p class=\"has-small-font-size\">\u2705 \ube60\ub978 \ubc30\uc1a1 \ubc0f \uc7ac\uace0 \ubcf4\uc7a5<\/p>\n\n\n\n<div style=\"height:35px\" aria-hidden=\"true\" class=\"wp-block-spacer\"><\/div>\n\n\n\n<p class=\"has-text-align-left\">\ube44\uc988\ub2c8\uc2a4\uc5d0 \uad6c\uccb4\uc801\uc778 \ud61c\ud0dd\uc744 \uc81c\uacf5\ud569\ub2c8\ub2e4:<\/p>\n\n\n\n<p class=\"has-small-font-size\">- \ud504\ub9ac\ubbf8\uc5c4 \uc138\uadf8\uba3c\ud2b8\uc758 \uc218\uc775\uc131 \ub9c8\uc9c4<\/p>\n\n\n\n<p class=\"has-small-font-size\">- \ucda9\uc131\ub3c4 \ub192\uc740 \uace0\uac1d\uacfc \ub192\uc740 \uc7ac\uad6c\ub9e4\uc728<\/p>\n\n\n\n<p class=\"has-small-font-size\">- \uacbd\uc7c1\uc0ac\uc640\uc758 \ucc28\ubcc4\ud654<\/p>\n\n\n\n<p class=\"has-small-font-size\">- \uc9c0\uc18d\uc801\uc778 \uc601\uc5c5 \uac1c\ubc1c \uc9c0\uc6d0<\/p>\n\n\n\n<div style=\"height:35px\" aria-hidden=\"true\" class=\"wp-block-spacer\"><\/div>\n\n\n\n<p class=\"has-text-align-left\">\ud83d\udcbc \ud30c\ud2b8\ub108\uc2ed \uc720\ud615:<\/p>\n\n\n\n<p class=\"has-small-font-size\">\ud83d\udd39 \ud45c\uc900 \uc18c\ub9e4 \uc720\ud1b5<\/p>\n\n\n\n<p class=\"has-small-font-size\">\ud83d\udd39 \ub3c5\uc810 \uc9c0\uc5ed \ud30c\ud2b8\ub108\uc2ed<\/p>\n\n\n\n<p class=\"has-small-font-size\">\ud83d\udd39 \ub3c5\ub9bd \uc57d\uad6d\uc6a9 \ud504\ub79c\ucc28\uc774\uc988<\/p>\n\n\n\n<p class=\"has-small-font-size\">\ud83d\udd39 \uac1c\uc778 \uc0c1\ud45c \ubc0f \uacf5\ub3d9 \ube0c\ub79c\ub529 \uc194\ub8e8\uc158<\/p>\n\n\n\n<div style=\"height:35px\" aria-hidden=\"true\" class=\"wp-block-spacer\"><\/div>\n\n\n\n<p class=\"has-text-align-center has-subtle-background-background-color has-background has-small-font-size\"><strong>\ud83d\udcde \ud568\uaed8 \uc131\uc7a5\ud560 \uc900\ube44\uac00 \ub418\uc168\ub098\uc694?<\/strong><\/p>\n\n\n\n<p class=\"has-text-align-center has-subtle-background-background-color has-background has-small-font-size\">\ub9ac\ud14c\uc77c \ud30c\ud2b8\ub108\uc2ed \ud300\uc5d0 \ubb38\uc758\ud558\uc138\uc694:<\/p>\n\n\n\n<p class=\"has-text-align-center has-subtle-background-background-color has-text-color has-background has-link-color has-small-font-size wp-elements-2e7072cc159967b2377bcc1f4d5d7643\" style=\"color:#0f00b5\"><a href=\"mailto:contact@onemd.ro\" title=\"\">contact@onemd.ro<\/a><\/p>\n\n\n\n<div style=\"height:58px\" aria-hidden=\"true\" class=\"wp-block-spacer\"><\/div>\n<\/div>\n<\/div>\n\n\n<div class=\"wpforms-container wpforms-container-full\" id=\"wpforms-244\"><form id=\"wpforms-form-244\" class=\"wpforms-validate wpforms-form\" data-formid=\"244\" method=\"post\" enctype=\"multipart\/form-data\" action=\"\/ko\/wp-json\/wp\/v2\/pages\/14\" data-token=\"a0debf077e8ce7e8ada37a3ffd8d25aa\" data-token-time=\"1775679935\" data-trp-original-action=\"\/ko\/wp-json\/wp\/v2\/pages\/14\"><noscript class=\"wpforms-error-noscript\">\uc774 \uc591\uc2dd\uc744 \uc791\uc131\ud558\ub824\uba74 \ube0c\ub77c\uc6b0\uc800\uc5d0\uc11c JavaScript\ub97c \ud65c\uc131\ud654\ud569\ub2c8\ub2e4.<\/noscript><div class=\"wpforms-field-container\"><div id=\"wpforms-244-field_0-container\" class=\"wpforms-field wpforms-field-name\" data-field-id=\"0\"><label class=\"wpforms-field-label\" for=\"wpforms-244-field_0\">\uc774\ub984 <span class=\"wpforms-required-label\">*<\/span><\/label><input type=\"text\" id=\"wpforms-244-field_0\" class=\"wpforms-field-medium wpforms-field-required\" name=\"wpforms[fields][0]\" required><\/div><div id=\"wpforms-244-field_1-container\" class=\"wpforms-field wpforms-field-email\" data-field-id=\"1\"><label class=\"wpforms-field-label\" for=\"wpforms-244-field_1\">\uc774\uba54\uc77c<\/label><input type=\"email\" id=\"wpforms-244-field_1\" class=\"wpforms-field-medium\" name=\"wpforms[fields][1]\" spellcheck=\"false\" ><\/div><div id=\"wpforms-244-field_2-container\" class=\"wpforms-field wpforms-field-textarea\" data-field-id=\"2\"><label class=\"wpforms-field-label\" for=\"wpforms-244-field_2\">\uadc0\ud558\uc758 \uba54\uc2dc\uc9c0 <span class=\"wpforms-required-label\">*<\/span><\/label><textarea id=\"wpforms-244-field_2\" class=\"wpforms-field-medium wpforms-field-required\" name=\"wpforms[fields][2]\" required><\/textarea><\/div><\/div><!-- .wpforms-field-container --><div class=\"wpforms-submit-container\" ><input type=\"hidden\" name=\"wpforms[id]\" value=\"244\"><input type=\"hidden\" name=\"page_title\" value=\"\"><input type=\"hidden\" name=\"page_url\" value=\"https:\/\/onemd.ro\/ko\/wp-json\/wp\/v2\/pages\/14\"><input type=\"hidden\" name=\"url_referer\" value=\"\"><button type=\"submit\" name=\"wpforms[submit]\" id=\"wpforms-submit-244\" class=\"wpforms-submit\" data-alt-text=\"Se trimite...\" data-submit-text=\"Trimite\" aria-live=\"assertive\" value=\"wpforms-submit\">\ubcf4\ub0b4\uae30<\/button><\/div><input type=\"hidden\" name=\"trp-form-language\" value=\"ko\"\/><\/form><\/div>  <!-- .wpforms-container -->","protected":false},"excerpt":{"rendered":"<p>1. \ud83c\udf0d PENTRU BRANDURI INTERNA\u021aIONALE DE SUCCESS Vrei s\u0103 intri serios \u0219i s\u0103n\u0103tos pe pia\u021ba din Rom\u00e2nia, Ungaria, Bulgaria \u0219i restul regiunii? \ud83c\udfaf DE CE S\u0102 ALEGI ONE MASTER DISTRIBUTION? \u2705 13 ani de experien\u021b\u0103 \u00een lansarea brandurilor premium \u2705 Re\u021bea exclusiv\u0103 \u00een 3 \u021b\u0103ri cu extindere \u00een Europa de Est \u2705 Expertiz\u0103 complet\u0103 \u00een [&hellip;]<\/p>","protected":false},"author":1,"featured_media":0,"parent":0,"menu_order":0,"comment_status":"closed","ping_status":"closed","template":"","meta":{"footnotes":""},"class_list":["post-14","page","type-page","status-publish","hentry"],"aioseo_notices":[],"_links":{"self":[{"href":"https:\/\/onemd.ro\/ko\/wp-json\/wp\/v2\/pages\/14","targetHints":{"allow":["GET"]}}],"collection":[{"href":"https:\/\/onemd.ro\/ko\/wp-json\/wp\/v2\/pages"}],"about":[{"href":"https:\/\/onemd.ro\/ko\/wp-json\/wp\/v2\/types\/page"}],"author":[{"embeddable":true,"href":"https:\/\/onemd.ro\/ko\/wp-json\/wp\/v2\/users\/1"}],"replies":[{"embeddable":true,"href":"https:\/\/onemd.ro\/ko\/wp-json\/wp\/v2\/comments?post=14"}],"version-history":[{"count":44,"href":"https:\/\/onemd.ro\/ko\/wp-json\/wp\/v2\/pages\/14\/revisions"}],"predecessor-version":[{"id":1524,"href":"https:\/\/onemd.ro\/ko\/wp-json\/wp\/v2\/pages\/14\/revisions\/1524"}],"wp:attachment":[{"href":"https:\/\/onemd.ro\/ko\/wp-json\/wp\/v2\/media?parent=14"}],"curies":[{"name":"wp","href":"https:\/\/api.w.org\/{rel}","templated":true}]}}