{"id":1740,"date":"2025-09-09T10:22:20","date_gmt":"2025-09-09T10:22:20","guid":{"rendered":"https:\/\/onemd.ro\/?page_id=1740"},"modified":"2025-09-09T10:23:14","modified_gmt":"2025-09-09T10:23:14","slug":"apothe","status":"publish","type":"page","link":"https:\/\/onemd.ro\/ko\/apothe\/","title":{"rendered":"Apothe"},"content":{"rendered":"<div class=\"wp-block-image\">\n<figure class=\"aligncenter size-medium\"><img decoding=\"async\" width=\"300\" height=\"150\" src=\"https:\/\/onemd.ro\/wp-content\/uploads\/2025\/08\/apothe-300x150.jpg\" alt=\"Apothe\" class=\"wp-image-1555\" srcset=\"https:\/\/onemd.ro\/wp-content\/uploads\/2025\/08\/apothe-300x150.jpg 300w, https:\/\/onemd.ro\/wp-content\/uploads\/2025\/08\/apothe-1024x512.jpg 1024w, https:\/\/onemd.ro\/wp-content\/uploads\/2025\/08\/apothe-768x384.jpg 768w, https:\/\/onemd.ro\/wp-content\/uploads\/2025\/08\/apothe-18x9.jpg 18w, https:\/\/onemd.ro\/wp-content\/uploads\/2025\/08\/apothe.jpg 1058w\" sizes=\"(max-width: 300px) 100vw, 300px\" \/><\/figure><\/div>\n\n\n<h2 class=\"wp-block-heading has-large-font-size\">\uc544\ud3ec\ud14c - \uac74\uac15\ud558\uace0 \ube5b\ub098\ub294 \ud53c\ubd80\ub97c \uc704\ud55c \ud55c\uad6d\uc2dd \ubbf8\ub2c8\uba40\ub9ac\uc998 \uc2a4\ud0a8\ucf00\uc5b4<\/h2>\n\n\n\n<p><strong>APOTHE<\/strong> \uc758 \ud504\ub9ac\ubbf8\uc5c4 \ube0c\ub79c\ub4dc\uc785\ub2c8\ub2e4. <strong>\ud55c\uad6d \ud53c\ubd80 \uad00\ub9ac(K-\ubdf0\ud2f0)<\/strong>\uc81c\ud488\uc744 \ucc3e\ub294 \uc0ac\ub78c\ub4e4\uc744 \uc704\ud574 \uc124\uacc4\ub41c <strong>\uae68\ub057\ud558\uace0 \ud6a8\uacfc\uc801\uc774\uba70 \ud53c\ubd80 \uce5c\ud654\uc801\uc778<\/strong>. \uc774 \ube0c\ub79c\ub4dc\uc758 \ucca0\ud559\uc740 \ub2e8\uc21c\ud568\uacfc \uacfc\ud559\uc5d0 \uae30\ubc18\uc744 \ub450\uace0 \uc788\uc2b5\ub2c8\ub2e4: \uc5c4\uc120\ub41c \uc131\ubd84\uc744 \uc0ac\uc6a9\ud55c \ubbf8\ub2c8\uba40\ud55c \ud3ec\ubbac\ub7ec\ub85c \ud53c\ubd80\uc5d0 \uacfc\ubd80\ud558 \uc5c6\uc774 \ub208\uc5d0 \ub744\ub294 \ud6a8\uacfc\ub97c \uc120\uc0ac\ud569\ub2c8\ub2e4.<\/p>\n\n\n\n<p>\uc774 \ube0c\ub79c\ub4dc\ub294 \ub2e4\uc74c\uc744 \uac15\uc870\ud569\ub2c8\ub2e4. <strong>\ubcf4\uc2b5, \uc9c4\uc815 \ubc0f \ubc38\ub7f0\uc2f1<\/strong>\ub294 \ubbfc\uac10\ud55c \ud53c\ubd80\ub098 \uc548\uc804\ud558\uace0 \ud604\ub300\uc801\uc778 \uc2a4\ud0a8\ucf00\uc5b4 \ub8e8\ud2f4\uc744 \ucc3e\ub294 \ubd84\ub4e4\uc5d0\uac8c \uc644\ubcbd\ud55c \uc120\ud0dd\uc785\ub2c8\ub2e4.<\/p>\n\n\n\n<h2 class=\"wp-block-heading has-large-font-size\">\ud83d\udc8e \uc65c APOTHE\ub97c \uc120\ud0dd\ud574\uc57c \ud558\ub098\uc694?<\/h2>\n\n\n\n<ul class=\"wp-block-list\">\n<li>\ud83c\udf31 <strong>\uae68\ub057\ud55c \uacf5\uc2dd<\/strong> - \ud30c\ub77c\ubca4, \ud5a5\ub8cc \ub610\ub294 \uc720\ud574 \uc131\ubd84\uc774 \uc5c6\uc2b5\ub2c8\ub2e4.<\/li>\n\n\n\n<li>\ud83d\udca7 <strong>\ubcf4\uc2b5\uacfc \ubcf4\ud638\uc5d0 \uc9d1\uc911<\/strong> - \ub97c \ud568\uc720\ud558\uc5ec \uac74\uac15\ud558\uace0 \uc624\ub798 \uc9c0\uc18d\ub418\ub294 \uc548\uc0c9\uc744 \uc120\uc0ac\ud569\ub2c8\ub2e4.<\/li>\n\n\n\n<li>\ud83e\udeb7 <strong>\ubbfc\uac10\ud55c \ud53c\ubd80\uc5d0 \uc801\ud569<\/strong> - \ubd80\ub4dc\ub7fd\uace0 \ubd80\ub4dc\ub7ec\uc6b4 \ud14d\uc2a4\ucc98.<\/li>\n\n\n\n<li>\ud83d\udd2c <strong>\uc790\uc5f0 + \uacfc\ud559<\/strong> - \uc2dd\ubb3c \ucd94\ucd9c\ubb3c\uacfc \ud53c\ubd80\uacfc\uc801 \ud601\uc2e0\uc774 \uacb0\ud569\ub41c \uc81c\ud488\uc785\ub2c8\ub2e4.<\/li>\n\n\n\n<li>\ud83c\udfaf <strong>\ud6a8\uc728\uc801\uc778 \ubbf8\ub2c8\uba40\ub9ac\uc998<\/strong> - \uc2e4\uc81c \uacb0\uacfc\ub97c \uc704\ud55c \ud544\uc218 \uc131\ubd84\ub9cc \uc0ac\uc6a9\ud569\ub2c8\ub2e4.<\/li>\n<\/ul>\n\n\n\n<h2 class=\"wp-block-heading has-large-font-size\">\ud83d\udd11 \uc8fc\uc694 \uc81c\ud488 APOTHE<\/h2>\n\n\n\n<ul class=\"wp-block-list\">\n<li>\ud83d\udca6 <strong>\ubaa8\uc774\uc2a4\ucc98\ub77c\uc774\uc9d5 \uc570\ud50c<\/strong> - \ud788\uc54c\ub8e8\ub860\uc0b0\uc774 \ud568\uc720\ub41c \uc9d1\uc911 \uc138\ub7fc\uc73c\ub85c \uae4a\uc740 \ubcf4\uc2b5\uacfc \ud0c4\ub825\uc744 \uc120\uc0ac\ud569\ub2c8\ub2e4.<\/li>\n\n\n\n<li>\ud83c\udf3f <strong>\uce74\ubc0d \ud06c\ub9bc<\/strong> - \uc790\uadf9\ubc1b\uc740 \ud53c\ubd80\ub97c \uc9c4\uc815\uc2dc\ud0a4\ub294 \ub370 \uc774\uc0c1\uc801\uc778 \uc13c\ud154\ub77c\uc544\uc2dc\uc544\ud2f0\uce74 \ud06c\ub9bc.<\/li>\n\n\n\n<li>\ud83c\udf43 <strong>\ubc38\ub7f0\uc2f1 \ud1a0\ub108<\/strong> - \ub294 \ud53c\ubd80 pH \uade0\ud615\uc744 \ub9de\ucd94\uace0 \uc77c\uc0c1\uc744 \uc900\ube44\ud569\ub2c8\ub2e4.<\/li>\n\n\n\n<li>\u2728 <strong>\ube0c\ub77c\uc774\ud2b8\ub2dd \uc5d0\uc13c\uc2a4<\/strong> - \ub098\uc774\uc544\uc2e0\uc544\ub9c8\uc774\ub4dc\uac00 \ud568\uc720\ub418\uc5b4 \uace0\ub978 \ud1a4\uacfc \uc790\uc5f0\uc2a4\ub7ec\uc6b4 \uad11\ucc44\ub97c \uc120\uc0ac\ud569\ub2c8\ub2e4.<\/li>\n<\/ul>\n\n\n\n<p><strong>APOTHE<\/strong> \ub294 \uadf8\ub8e8\ubc0d \ub8e8\ud2f4\uc744 \uc704\ud55c \uc774\uc0c1\uc801\uc778 \uc120\ud0dd\uc785\ub2c8\ub2e4. <strong>\uac04\ub2e8\ud558\uace0 \uc548\uc804\ud558\uba70 \ud6a8\uacfc\uc801\uc778<\/strong>\ud53c\ubd80 \uac74\uac15\uacfc \ubbf8\uc6a9\uc5d0 \uc911\uc810\uc744 \ub450\uace0 \uc788\uc2b5\ub2c8\ub2e4. \ubbf8\ub2c8\uba40\ud55c \ud55c\uad6d\uc2dd \uc2a4\ud0a8\ucf00\uc5b4\uc5d0 \ub300\ud574 \uc54c\uc544\ubcf4\uc138\uc694. <strong>\uc790\uc5f0\uacfc \uacfc\ud559<\/strong> \ub97c \uc0ac\uc6a9\ud558\uc5ec \ub9e4\uc77c \ub354 \ucd09\ucd09\ud558\uace0 \uade0\ud615 \uc7a1\ud78c \uad11\ucc44 \ud53c\ubd80\ub97c \uc120\uc0ac\ud569\ub2c8\ub2e4. \ud83c\udf38<\/p>\n\n\n\n<hr class=\"wp-block-separator aligncenter has-alpha-channel-opacity\"\/>\n\n\n\n<p class=\"has-text-align-center\"><strong>\uacf5\uc2dd \ud30c\ud2b8\ub108 \uc0c1\uc810\uc5d0\uc11c \uc628\ub77c\uc778\uc73c\ub85c APOTHE \uc81c\ud488\uc744 \uc8fc\ubb38\ud558\uc138\uc694:<\/strong><\/p>\n\n\n\n<div class=\"wp-block-group has-large-font-size is-layout-grid wp-container-core-group-is-layout-6be84c55 wp-block-group-is-layout-grid\">\n<figure class=\"wp-block-image size-medium\"><a href=\"https:\/\/sole.ro\/\" target=\"_blank\" rel=\" noreferrer noopener\"><img decoding=\"async\" width=\"300\" height=\"150\" src=\"https:\/\/onemd.ro\/wp-content\/uploads\/2021\/07\/f6-2-300x150.jpg\" alt=\"sole.ro\" class=\"wp-image-297\" srcset=\"https:\/\/onemd.ro\/wp-content\/uploads\/2021\/07\/f6-2-300x150.jpg 300w, https:\/\/onemd.ro\/wp-content\/uploads\/2021\/07\/f6-2-16x8.jpg 16w, https:\/\/onemd.ro\/wp-content\/uploads\/2021\/07\/f6-2.jpg 600w\" sizes=\"(max-width: 300px) 100vw, 300px\" \/><\/a><\/figure>\n<\/div>","protected":false},"excerpt":{"rendered":"<p>\ud83c\udf38 APOTHE \u2013 Skincare minimalist coreean pentru o piele s\u0103n\u0103toas\u0103 \u0219i luminoas\u0103 APOTHE este un brand premium de \u00eengrijire coreean\u0103 a pielii (K-Beauty), creat pentru cei care caut\u0103 produse curate, eficiente \u0219i prietenoase cu pielea. Filosofia sa se bazeaz\u0103 pe simplitate \u0219i \u0219tiin\u021b\u0103: formule minimaliste, cu ingrediente atent selec\u021bionate, care ofer\u0103 rezultate vizibile f\u0103r\u0103 a [&hellip;]<\/p>","protected":false},"author":1,"featured_media":0,"parent":0,"menu_order":0,"comment_status":"closed","ping_status":"closed","template":"","meta":{"footnotes":""},"class_list":["post-1740","page","type-page","status-publish","hentry"],"aioseo_notices":[],"_links":{"self":[{"href":"https:\/\/onemd.ro\/ko\/wp-json\/wp\/v2\/pages\/1740","targetHints":{"allow":["GET"]}}],"collection":[{"href":"https:\/\/onemd.ro\/ko\/wp-json\/wp\/v2\/pages"}],"about":[{"href":"https:\/\/onemd.ro\/ko\/wp-json\/wp\/v2\/types\/page"}],"author":[{"embeddable":true,"href":"https:\/\/onemd.ro\/ko\/wp-json\/wp\/v2\/users\/1"}],"replies":[{"embeddable":true,"href":"https:\/\/onemd.ro\/ko\/wp-json\/wp\/v2\/comments?post=1740"}],"version-history":[{"count":2,"href":"https:\/\/onemd.ro\/ko\/wp-json\/wp\/v2\/pages\/1740\/revisions"}],"predecessor-version":[{"id":1744,"href":"https:\/\/onemd.ro\/ko\/wp-json\/wp\/v2\/pages\/1740\/revisions\/1744"}],"wp:attachment":[{"href":"https:\/\/onemd.ro\/ko\/wp-json\/wp\/v2\/media?parent=1740"}],"curies":[{"name":"wp","href":"https:\/\/api.w.org\/{rel}","templated":true}]}}