{"id":1745,"date":"2025-09-09T10:27:54","date_gmt":"2025-09-09T10:27:54","guid":{"rendered":"https:\/\/onemd.ro\/?page_id=1745"},"modified":"2025-09-09T10:27:56","modified_gmt":"2025-09-09T10:27:56","slug":"ayunche","status":"publish","type":"page","link":"https:\/\/onemd.ro\/ko\/ayunche\/","title":{"rendered":"\uc544\uc724\uccb4"},"content":{"rendered":"<div class=\"wp-block-image\">\n<figure class=\"aligncenter size-medium\"><img decoding=\"async\" width=\"300\" height=\"150\" src=\"https:\/\/onemd.ro\/wp-content\/uploads\/2025\/08\/ayunche-300x150.jpg\" alt=\"\uc544\uc724\uccb4\" class=\"wp-image-1557\" srcset=\"https:\/\/onemd.ro\/wp-content\/uploads\/2025\/08\/ayunche-300x150.jpg 300w, https:\/\/onemd.ro\/wp-content\/uploads\/2025\/08\/ayunche-1024x512.jpg 1024w, https:\/\/onemd.ro\/wp-content\/uploads\/2025\/08\/ayunche-768x384.jpg 768w, https:\/\/onemd.ro\/wp-content\/uploads\/2025\/08\/ayunche-18x9.jpg 18w, https:\/\/onemd.ro\/wp-content\/uploads\/2025\/08\/ayunche.jpg 1058w\" sizes=\"(max-width: 300px) 100vw, 300px\" \/><\/figure><\/div>\n\n\n<h1 class=\"wp-block-heading has-large-font-size\">\ud83c\udf3f \uc544\uc724\uccb4 - \uc790\uc5f0\uc5d0\uc11c \uc601\uac10\uc744 \ubc1b\uc740 \ub7ed\uc154\ub9ac \ud5e4\uc5b4 &amp; \ub450\ud53c \ucf00\uc5b4<\/h1>\n\n\n\n<p><strong>\uc810\uc2ec<\/strong> \ub294 \ud504\ub9ac\ubbf8\uc5c4 \ud55c\uad6d \uc804\ubb38 \ube0c\ub79c\ub4dc\uc785\ub2c8\ub2e4. <strong>\uc804\ubb38\uc801\uc778 \ub450\ud53c \ubc0f \ubaa8\ubc1c \uad00\ub9ac<\/strong>\ub294 \ucd1d\uccb4\uc801\uc778 \ubdf0\ud2f0 \uacbd\ud5d8\uc744 \uc81c\uacf5\ud558\uae30 \uc704\ud574 \ub9cc\ub4e4\uc5b4\uc84c\uc2b5\ub2c8\ub2e4. \uc544\uc724\uccb4\ub294 \uac74\uac15\ud55c \ubaa8\ubc1c\uc740 \uade0\ud615 \uc7a1\ud78c \ub450\ud53c\uc5d0\uc11c \uc2dc\uc791\ub41c\ub2e4\ub294 \ucca0\ud559\uc744 \ubc14\ud0d5\uc73c\ub85c \ub2e4\uc74c\uacfc \uac19\uc740 \uace0\uae09 \ud3ec\ubbac\ub7ec\ub97c \ubc14\ud0d5\uc73c\ub85c \uc81c\ud488\uc744 \uac1c\ubc1c\ud569\ub2c8\ub2e4. <strong>\uc2dd\ubb3c \uc131\ubd84\uacfc \ud601\uc2e0\uc801\uc778 \uae30\uc220<\/strong>.<\/p>\n\n\n\n<p>\uc774 \ube0c\ub79c\ub4dc\ub294 \ub3c5\ud2b9\ud55c \uc811\uadfc \ubc29\uc2dd\uc774 \ub3cb\ubcf4\uc785\ub2c8\ub2e4: <strong>\ub7ed\uc154\ub9ac\ud55c \uadf8\ub8e8\ubc0d \ub9ac\ucd94\uc5bc<\/strong>\uc2a4\ud30c\uc5d0\uc11c \uc601\uac10\uc744 \ubc1b\uc740 \ud2b8\ub9ac\ud2b8\uba3c\ud2b8\uac00 \uc77c\uc0c1\uc744 \uc644\uc804\ud788 \ub9cc\uc871\uc2a4\ub7ec\uc6b4 \uacbd\ud5d8\uc73c\ub85c \ubc14\uafd4\uc90d\ub2c8\ub2e4.<\/p>\n\n\n\n<h2 class=\"wp-block-heading has-large-font-size\">\ud83d\udc8e \uc65c \uc544\uc724\uccb4\ub97c \uc120\ud0dd\ud574\uc57c \ud558\ub098\uc694?<\/h2>\n\n\n\n<ul class=\"wp-block-list\">\n<li>\ud83c\udf31 <strong>\ucc9c\uc5f0\uc758 \uc548\uc804\ud55c \uc131\ubd84<\/strong> - \uc2dd\ubb3c\uc131 \ucd94\ucd9c\ubb3c, \uc5d0\uc13c\uc15c \uc624\uc77c, \ub450\ud53c \uce5c\ud654\uc801\uc778 \ud3ec\ubbac\ub7ec.<\/li>\n\n\n\n<li>\ud83d\udc69\u200d\ud83d\udd2c <strong>\uc804\ubb38\uc801\uc778 \uc804\ubb38\uc131<\/strong> - \ud5e4\uc5b4 \ucf00\uc5b4 \uc804\ubb38\uac00\uc640 \ud611\uc5c5\ud558\uc5ec \uac1c\ubc1c\ud55c \uc81c\ud488\uc785\ub2c8\ub2e4.<\/li>\n\n\n\n<li>\ud83d\udc86 <strong>\uc804\uccb4\ub860\uc801 \uad00\ub9ac<\/strong> - \ub450\ud53c \uac74\uac15\uacfc \ubaa8\ubc1c \ubbf8\uc6a9 \ubaa8\ub450\uc5d0 \uc9d1\uc911\ud558\uc138\uc694.<\/li>\n\n\n\n<li>\ud83c\udf0d <strong>\ud504\ub9ac\ubbf8\uc5c4 \uacbd\ud5d8<\/strong> - \uc2a4\ud30c\uc5d0\uc11c \uc601\uac10\uc744 \ubc1b\uc740 \ub9ac\ucd94\uc5bc\ub85c \ud734\uc2dd\uacfc \ud65c\ub825\uc744 \ub418\ucc3e\uc73c\uc138\uc694.<\/li>\n\n\n\n<li>\ud83c\udfaf <strong>\uac00\uc2dc\uc801\uc778 \uacb0\uacfc<\/strong> - \ub354 \ud2bc\ud2bc\ud558\uace0 \uac74\uac15\ud558\uba70 \uc724\uae30 \ub098\ub294 \ubaa8\ubc1c.<\/li>\n<\/ul>\n\n\n\n<h2 class=\"wp-block-heading has-large-font-size\">\ud83d\udd11 \uc8fc\uc694 \uc81c\ud488 \uc544\uc724\uccb4<\/h2>\n\n\n\n<ul class=\"wp-block-list\">\n<li>\ud83d\udca7 <strong>\ub9ac\ubc38\ub7f0\uc2f1 \uc0f4\ud478<\/strong> - \ubbfc\uac10\ud558\uac70\ub098 \uc9c0\uc131 \ub450\ud53c\ub97c \uc704\ud55c \ubd80\ub4dc\ub7ec\uc6b4 \ud074\ub80c\uc9d5\uacfc \ubc38\ub7f0\uc2f1.<\/li>\n\n\n\n<li>\ud83c\udf38 <strong>\uc601\uc591 \uce58\ub8cc<\/strong> - \ubaa8\ubc1c\uc744 \ubcf5\uad6c\ud558\uace0 \uc601\uc591\uc744 \uacf5\uae09\ud558\ub294 \uac15\ub825\ud55c \uc601\uc591 \ub9c8\uc2a4\ud06c\uc785\ub2c8\ub2e4.<\/li>\n\n\n\n<li>\ud83c\udf43 <strong>\ub450\ud53c \uc5d0\uc13c\uc2a4<\/strong> - \uac74\uac15\ud55c \ub450\ud53c\uc640 \ubaa8\uadfc \uac15\ud654\ub97c \uc704\ud55c \ub9ac\ubc14\uc774\ud0c8\ub77c\uc774\uc9d5 \uc5d0\uc13c\uc2a4\uc785\ub2c8\ub2e4.<\/li>\n\n\n\n<li>\u2728 <strong>\ubaa8\uc774\uc2a4\ucc98\ub77c\uc774\uc9d5 \ucee8\ub514\uc154\ub108<\/strong> - \ubd80\ub4dc\ub7fd\uace0 \uad00\ub9ac\ud558\uae30 \uc26c\uc6b4 \ubaa8\ubc1c\uc744 \uc704\ud55c \ubcf4\uc2b5 \ucee8\ub514\uc154\ub108\uc785\ub2c8\ub2e4.<\/li>\n<\/ul>\n\n\n\n<p><strong>\uc810\uc2ec<\/strong> \uc758 \uc870\ud569\uc744 \ud1b5\ud574 \ubaa8\ubc1c \uad00\ub9ac\ub97c \uc7ac\uc815\uc758\ud569\ub2c8\ub2e4. <strong>\uc790\uc5f0, \uacfc\ud559, \ub7ed\uc154\ub9ac<\/strong>. \uc544\uc724\ucc44 \uc81c\ud488\uc744 \uc120\ud0dd\ud558\uba74 \uac74\uac15\ud55c \ub450\ud53c\ub85c \uc2dc\uc791\ud558\uc5ec \uc724\uae30 \uc788\uace0 \ud0c4\ub825 \uc788\ub294 \ubaa8\ubc1c\ub85c \ub9c8\ubb34\ub9ac\ub418\ub294 \uc644\ubcbd\ud55c \ubdf0\ud2f0 \ub9ac\ucd94\uc5bc\uc744 \uacbd\ud5d8\ud560 \uc218 \uc788\uc2b5\ub2c8\ub2e4. \ud83c\udf3f\ud83d\udc86<\/p>\n\n\n\n<p class=\"has-text-align-center\"><strong>\uc628\ub77c\uc778 \uc81c\ud488 \uc8fc\ubb38 <strong>\uc810\uc2ec<\/strong> \uacf5\uc2dd \ud30c\ud2b8\ub108 \uc0c1\uc810\uc5d0\uc11c \uad6c\uc785\ud558\uc138\uc694:<\/strong><\/p>\n\n\n\n<div class=\"wp-block-group has-large-font-size is-layout-grid wp-container-core-group-is-layout-6be84c55 wp-block-group-is-layout-grid\">\n<figure class=\"wp-block-image size-medium\"><a href=\"https:\/\/sole.ro\" target=\"_blank\" rel=\" noreferrer noopener\"><img decoding=\"async\" width=\"300\" height=\"150\" src=\"https:\/\/onemd.ro\/wp-content\/uploads\/2021\/07\/f6-2-300x150.jpg\" alt=\"sole.ro\" class=\"wp-image-297\" srcset=\"https:\/\/onemd.ro\/wp-content\/uploads\/2021\/07\/f6-2-300x150.jpg 300w, https:\/\/onemd.ro\/wp-content\/uploads\/2021\/07\/f6-2-16x8.jpg 16w, https:\/\/onemd.ro\/wp-content\/uploads\/2021\/07\/f6-2.jpg 600w\" sizes=\"(max-width: 300px) 100vw, 300px\" \/><\/a><\/figure>\n<\/div>","protected":false},"excerpt":{"rendered":"<p>\ud83c\udf3f AYUNCHE \u2013 Hair &amp; Scalp Care de lux inspirat din natur\u0103 AYUNCHE este un brand coreean premium specializat \u00een \u00eengrijirea profesional\u0103 a scalpului \u0219i p\u0103rului, creat pentru a oferi o experien\u021b\u0103 holistic\u0103 de frumuse\u021be. Filosofia AYUNCHE porne\u0219te de la ideea c\u0103 un p\u0103r s\u0103n\u0103tos \u00eencepe cu un scalp echilibrat \u2013 de aceea, produsele sale [&hellip;]<\/p>","protected":false},"author":1,"featured_media":0,"parent":0,"menu_order":0,"comment_status":"closed","ping_status":"closed","template":"","meta":{"footnotes":""},"class_list":["post-1745","page","type-page","status-publish","hentry"],"aioseo_notices":[],"_links":{"self":[{"href":"https:\/\/onemd.ro\/ko\/wp-json\/wp\/v2\/pages\/1745","targetHints":{"allow":["GET"]}}],"collection":[{"href":"https:\/\/onemd.ro\/ko\/wp-json\/wp\/v2\/pages"}],"about":[{"href":"https:\/\/onemd.ro\/ko\/wp-json\/wp\/v2\/types\/page"}],"author":[{"embeddable":true,"href":"https:\/\/onemd.ro\/ko\/wp-json\/wp\/v2\/users\/1"}],"replies":[{"embeddable":true,"href":"https:\/\/onemd.ro\/ko\/wp-json\/wp\/v2\/comments?post=1745"}],"version-history":[{"count":1,"href":"https:\/\/onemd.ro\/ko\/wp-json\/wp\/v2\/pages\/1745\/revisions"}],"predecessor-version":[{"id":1746,"href":"https:\/\/onemd.ro\/ko\/wp-json\/wp\/v2\/pages\/1745\/revisions\/1746"}],"wp:attachment":[{"href":"https:\/\/onemd.ro\/ko\/wp-json\/wp\/v2\/media?parent=1745"}],"curies":[{"name":"wp","href":"https:\/\/api.w.org\/{rel}","templated":true}]}}