{"id":1757,"date":"2025-09-09T10:56:52","date_gmt":"2025-09-09T10:56:52","guid":{"rendered":"https:\/\/onemd.ro\/?page_id=1757"},"modified":"2025-09-09T11:07:37","modified_gmt":"2025-09-09T11:07:37","slug":"dr-forhair","status":"publish","type":"page","link":"https:\/\/onemd.ro\/ko\/dr-forhair\/","title":{"rendered":"\ub2e5\ud130\ud3ec\ud5e4\uc5b4"},"content":{"rendered":"<div class=\"wp-block-image\">\n<figure class=\"aligncenter size-medium\"><img decoding=\"async\" width=\"300\" height=\"150\" src=\"https:\/\/onemd.ro\/wp-content\/uploads\/2025\/08\/drforhair-300x150.jpg\" alt=\"\ub2e5\ud130\ud3ec\ud5e4\uc5b4\" class=\"wp-image-1560\" srcset=\"https:\/\/onemd.ro\/wp-content\/uploads\/2025\/08\/drforhair-300x150.jpg 300w, https:\/\/onemd.ro\/wp-content\/uploads\/2025\/08\/drforhair-1024x512.jpg 1024w, https:\/\/onemd.ro\/wp-content\/uploads\/2025\/08\/drforhair-768x384.jpg 768w, https:\/\/onemd.ro\/wp-content\/uploads\/2025\/08\/drforhair-18x9.jpg 18w, https:\/\/onemd.ro\/wp-content\/uploads\/2025\/08\/drforhair.jpg 1058w\" sizes=\"(max-width: 300px) 100vw, 300px\" \/><\/figure><\/div>\n\n\n<h1 class=\"wp-block-heading has-large-font-size\">\ud83c\udf3f \ub2e5\ud130\ud3ec\ud5e4\uc5b4 - \uac74\uac15\ud55c \ub450\ud53c\uc640 \ubaa8\ubc1c\uc744 \uc704\ud55c \uc804\ubb38 \ucf00\uc5b4<\/h1>\n\n\n\n<p><strong>\ub2e5\ud130\ud3ec\ud5e4\uc5b4<\/strong> \ub294 \ud55c\uad6d\uc758 \ub354\ub9c8\ucf54\uc2a4\uba54\ud2f1 \uc804\ubb38 \ube0c\ub79c\ub4dc\uc785\ub2c8\ub2e4. <strong>\ub450\ud53c \ubc0f \ubaa8\ubc1c \uad00\ub9ac<\/strong>\uc784\uc0c1 \uc804\ubb38 \uc9c0\uc2dd\uacfc \uc0bc\uc911 \uc5f0\uad6c\ub97c \uae30\ubc18\uc73c\ub85c \uac1c\ubc1c\ub41c \ud3ec\ubbac\ub7ec\ub85c \ub9cc\ub4e4\uc5b4\uc84c\uc2b5\ub2c8\ub2e4. \ub2e5\ud130\ud3ec\ud5e4\uc5b4 \uc81c\ud488\uc740 \ub2e4\uc74c\uacfc \uac19\uc740 \ubb38\uc81c\ub97c \ud574\uacb0\ud558\ub3c4\ub85d \uc124\uacc4\ub418\uc5c8\uc2b5\ub2c8\ub2e4. <strong>\ud0c8\ubaa8, \ubbfc\uac10\ud55c \ub450\ud53c, \ube44\ub4ec \ub610\ub294 \ubcfc\ub968 \ubd80\uc871<\/strong>\uc804\ubb38\uc758\uac00 \ucd94\ucc9c\ud558\uace0 \uad6d\ub0b4 \ud53c\ubd80\uacfc\uc5d0\uc11c \uc0ac\uc6a9\ud558\ub294 \uc81c\ud488\uc785\ub2c8\ub2e4.<\/p>\n\n\n\n<p>\ub2e4\uc74c\uc744 \uae30\ubc18\uc73c\ub85c \ud55c \uc811\uadfc \ubc29\uc2dd\uc73c\ub85c <strong>\uacfc\ud559\uacfc \uc2e4\uc81c \uacb0\uacfc<\/strong>\ub2e5\ud130\ud3ec\ud5e4\uc5b4\ub294 \uade0\ud615 \uc7a1\ud78c \ub450\ud53c\uc640 \ubaa8\ubc1c\uc758 \ubfcc\ub9ac\ubd80\ud130 \ub05d\uae4c\uc9c0 \ud2bc\ud2bc\ud55c \ubaa8\ubc1c\uc744 \uc704\ud55c \ud504\ub9ac\ubbf8\uc5c4 \uc194\ub8e8\uc158\uc744 \uc81c\uacf5\ud569\ub2c8\ub2e4.<\/p>\n\n\n\n<h2 class=\"wp-block-heading has-large-font-size\">\uc65c \ub2e5\ud130\ud3ec\ud5e4\uc5b4\ub97c \uc120\ud0dd\ud574\uc57c \ud558\ub098\uc694?<\/h2>\n\n\n\n<ul class=\"wp-block-list\">\n<li>\ud83d\udc69\u200d\u2695\ufe0f <strong>\ud53c\ubd80\uacfc \uc804\ubb38 \uc9c0\uc2dd<\/strong> - \ud2b8\ub77c\uc774\ud640\ub85c\uc9c0\uc2a4\ud2b8\uc640 \ud611\ub825\ud558\uc5ec \uac1c\ubc1c\ud558\uace0 \uc784\uc0c1 \ud14c\uc2a4\ud2b8\ub97c \uac70\uce5c \uc81c\ud488\uc785\ub2c8\ub2e4.<\/li>\n\n\n\n<li>\ud83c\udf31 <strong>\uc548\uc804\ud558\uace0 \ud6a8\uacfc\uc801\uc778 \uc131\ubd84<\/strong> - \ud30c\ub77c\ubca4\uc774\ub098 \uc720\ud574\ud55c \ud669\uc0b0\uc5fc\uc744 \ud568\uc720\ud558\uc9c0 \uc54a\uc740 \uc21c\ud55c \ud3ec\ubbac\ub7ec\uc785\ub2c8\ub2e4.<\/li>\n\n\n\n<li>\ud83d\udc86 <strong>\ub9de\ucda4\ud615 \uad00\ub9ac<\/strong> - \ud0c8\ubaa8, \uc9c0\uc131, \ubbfc\uac10\uc131 \ub610\ub294 \uc790\uadf9\uc131 \ub450\ud53c\ub97c \uc704\ud55c \uc194\ub8e8\uc158\uc785\ub2c8\ub2e4.<\/li>\n\n\n\n<li>\ud83d\udd2c <strong>\uac00\uc2dc\uc801\uc778 \uacb0\uacfc<\/strong> - \ub450\ud53c \uac74\uac15\uc744 \uac1c\uc120\ud558\uace0 \ubaa8\ubc1c \uc131\uc7a5\uc744 \ucd09\uc9c4\ud569\ub2c8\ub2e4.<\/li>\n\n\n\n<li>\ud83c\udf0d <strong>\uae00\ub85c\ubc8c \ud3c9\ud310<\/strong> - \uc2e0\ub8b0\ud560 \uc218 \uc788\uace0 \uad6d\uc81c\uc801\uc73c\ub85c \uc778\uc815\ubc1b\ub294 \ube0c\ub79c\ub4dc\uc785\ub2c8\ub2e4.<\/li>\n<\/ul>\n\n\n\n<h2 class=\"wp-block-heading has-large-font-size\">\ud83d\udd11 \uc8fc\uc694 \uc81c\ud488 \ub2e5\ud130\ud3ec\ud5e4\uc5b4<\/h2>\n\n\n\n<ul class=\"wp-block-list\">\n<li>\ud83d\udca7 <strong>\ud3f4\ub9ac\uac90 \uc0f4\ud478<\/strong> - \ud0c8\ubaa8\ub97c \uc608\ubc29\ud558\uace0 \ubaa8\uadfc\uc744 \uac15\ud654\ud558\ub294 \uc544\uc774\ucf54\ub2c9 \uc0f4\ud478\uc785\ub2c8\ub2e4.<\/li>\n\n\n\n<li>\ud83c\udf3f <strong>\ud3f4\ub9ac\uac90 \uc2a4\ucf00\uc77c\ub7ec<\/strong> - \ub178\ud3d0\ubb3c\uacfc \ud53c\uc9c0\ub97c \uc81c\uac70\ud558\ub294 \ubd80\ub4dc\ub7ec\uc6b4 \ub450\ud53c \uc2a4\ud06c\ub7fd.<\/li>\n\n\n\n<li>\ud83d\udcaa <strong>\ud3f4\ub9ac\uac90 \ud1a0\ub2c9<\/strong> - \ubaa8\ubc1c \uc131\uc7a5\uc744 \ucd09\uc9c4\ud558\ub294 \uc9d1\uc911 \ud2b8\ub9ac\ud2b8\uba3c\ud2b8\uc785\ub2c8\ub2e4.<\/li>\n\n\n\n<li>\ud83c\udf43 <strong>\uc138\ubc94 \ucee8\ud2b8\ub864 \uc0f4\ud478<\/strong> - \uc9c0\uc131 \ub450\ud53c\uc6a9 \ubc38\ub7f0\uc2f1 \uc0f4\ud478.<\/li>\n<\/ul>\n\n\n\n<p><strong>\ub2e5\ud130\ud3ec\ud5e4\uc5b4<\/strong> \ub294 \ub450\ud53c\uc640 \ubaa8\ubc1c \ubb38\uc81c\uc5d0 \ub300\ud55c \uc804\ubb38\uc801\uc774\uace0 \uc548\uc804\ud55c \uc194\ub8e8\uc158\uc744 \uc6d0\ud558\ub294 \ubd84\ub4e4\uc5d0\uac8c \uc774\uc0c1\uc801\uc778 \uc120\ud0dd\uc785\ub2c8\ub2e4. \ud601\uc2e0\uc801\uc778 \ud3ec\ubbac\ub7ec\uc640 \uc785\uc99d\ub41c \uacb0\uacfc\ub97c \uac16\ucd98 \uc774 \ube0c\ub79c\ub4dc\ub294 \ub2e4\uc74c\uc744 \uacb0\ud569\ud569\ub2c8\ub2e4. <strong>\ud53c\ubd80\uacfc\ud559\uacfc \ud504\ub9ac\ubbf8\uc5c4 \ucf00\uc5b4<\/strong>\ub9e4\uc77c \uc790\uc2e0\uac10\uacfc \uc790\uc5f0\uc2a4\ub7ec\uc6b4 \uc544\ub984\ub2e4\uc6c0\uc744 \uc120\uc0ac\ud569\ub2c8\ub2e4. \ud83c\udf3f\u2728<\/p>\n\n\n\n<hr class=\"wp-block-separator aligncenter has-alpha-channel-opacity\"\/>\n\n\n\n<p class=\"has-text-align-center\"><strong>\uacf5\uc2dd \ud30c\ud2b8\ub108 \uc2a4\ud1a0\uc5b4\uc5d0\uc11c \uc628\ub77c\uc778\uc73c\ub85c \ub2e5\ud130\ud3ec\ud5e4\uc5b4 \uc81c\ud488\uc744 \uc8fc\ubb38\ud558\uc138\uc694:<\/strong><\/p>\n\n\n\n<div class=\"wp-block-group has-large-font-size is-layout-grid wp-container-core-group-is-layout-6be84c55 wp-block-group-is-layout-grid\">\n<figure class=\"wp-block-image size-medium\"><a href=\"https:\/\/sole.ro\" target=\"_blank\" rel=\" noreferrer noopener\"><img decoding=\"async\" width=\"300\" height=\"150\" src=\"https:\/\/onemd.ro\/wp-content\/uploads\/2021\/07\/f6-2-300x150.jpg\" alt=\"sole.ro\" class=\"wp-image-297\" srcset=\"https:\/\/onemd.ro\/wp-content\/uploads\/2021\/07\/f6-2-300x150.jpg 300w, https:\/\/onemd.ro\/wp-content\/uploads\/2021\/07\/f6-2-16x8.jpg 16w, https:\/\/onemd.ro\/wp-content\/uploads\/2021\/07\/f6-2.jpg 600w\" sizes=\"(max-width: 300px) 100vw, 300px\" \/><\/a><\/figure>\n<\/div>","protected":false},"excerpt":{"rendered":"<p>\ud83c\udf3f Dr.FORHAIR \u2013 \u00cengrijire profesional\u0103 pentru scalp \u0219i p\u0103r s\u0103n\u0103tos Dr.FORHAIR este un brand coreean dermatocosmetic specializat \u00een \u00eengrijirea scalpului \u0219i a p\u0103rului, cu expertiz\u0103 clinic\u0103 \u0219i formule dezvoltate pe baza cercet\u0103rilor trihologice. Produsele Dr.FORHAIR sunt concepute pentru a combate probleme precum c\u0103derea p\u0103rului, scalpul sensibil, m\u0103trea\u021ba sau lipsa de volum, fiind recomandate de speciali\u0219ti [&hellip;]<\/p>","protected":false},"author":1,"featured_media":0,"parent":0,"menu_order":0,"comment_status":"closed","ping_status":"closed","template":"","meta":{"footnotes":""},"class_list":["post-1757","page","type-page","status-publish","hentry"],"aioseo_notices":[],"_links":{"self":[{"href":"https:\/\/onemd.ro\/ko\/wp-json\/wp\/v2\/pages\/1757","targetHints":{"allow":["GET"]}}],"collection":[{"href":"https:\/\/onemd.ro\/ko\/wp-json\/wp\/v2\/pages"}],"about":[{"href":"https:\/\/onemd.ro\/ko\/wp-json\/wp\/v2\/types\/page"}],"author":[{"embeddable":true,"href":"https:\/\/onemd.ro\/ko\/wp-json\/wp\/v2\/users\/1"}],"replies":[{"embeddable":true,"href":"https:\/\/onemd.ro\/ko\/wp-json\/wp\/v2\/comments?post=1757"}],"version-history":[{"count":2,"href":"https:\/\/onemd.ro\/ko\/wp-json\/wp\/v2\/pages\/1757\/revisions"}],"predecessor-version":[{"id":1767,"href":"https:\/\/onemd.ro\/ko\/wp-json\/wp\/v2\/pages\/1757\/revisions\/1767"}],"wp:attachment":[{"href":"https:\/\/onemd.ro\/ko\/wp-json\/wp\/v2\/media?parent=1757"}],"curies":[{"name":"wp","href":"https:\/\/api.w.org\/{rel}","templated":true}]}}