{"id":1760,"date":"2025-09-09T10:59:42","date_gmt":"2025-09-09T10:59:42","guid":{"rendered":"https:\/\/onemd.ro\/?page_id=1760"},"modified":"2025-09-09T11:04:33","modified_gmt":"2025-09-09T11:04:33","slug":"k-secret","status":"publish","type":"page","link":"https:\/\/onemd.ro\/ko\/k-secret\/","title":{"rendered":"K-SECRET"},"content":{"rendered":"<div class=\"wp-block-image\">\n<figure class=\"aligncenter size-medium is-resized\"><img decoding=\"async\" width=\"300\" height=\"150\" src=\"https:\/\/onemd.ro\/wp-content\/uploads\/2025\/08\/kSecret-300x150.jpg\" alt=\"K-SECRET\" class=\"wp-image-1561\" style=\"width:300px;height:auto\" srcset=\"https:\/\/onemd.ro\/wp-content\/uploads\/2025\/08\/kSecret-300x150.jpg 300w, https:\/\/onemd.ro\/wp-content\/uploads\/2025\/08\/kSecret-1024x512.jpg 1024w, https:\/\/onemd.ro\/wp-content\/uploads\/2025\/08\/kSecret-768x384.jpg 768w, https:\/\/onemd.ro\/wp-content\/uploads\/2025\/08\/kSecret-18x9.jpg 18w, https:\/\/onemd.ro\/wp-content\/uploads\/2025\/08\/kSecret.jpg 1058w\" sizes=\"(max-width: 300px) 100vw, 300px\" \/><\/figure><\/div>\n\n\n<h1 class=\"wp-block-heading has-large-font-size\">\ud83c\udf38 K-SECRET - \ud55c\uad6d \ubdf0\ud2f0\uc758 \ube44\ubc00\uc744 \ud558\ub098\uc758 \uc644\ubcbd\ud55c \ub8e8\ud2f4\uc73c\ub85c \ub9cc\ub098\ubcf4\uc138\uc694.<\/h1>\n\n\n\n<p><strong>K-SECRET<\/strong> \ub294 \ud55c\uad6d \uc2a4\ud0a8\ucf00\uc5b4 \ube0c\ub79c\ub4dc\uc785\ub2c8\ub2e4. <strong>\uc544\uc2dc\uc544 \uc804\ud1b5 \uc7ac\ub8cc<\/strong> \uc640 \ud568\uaed8 <strong>\ud604\ub300 \ud53c\ubd80\uacfc\ud559\uc758 \ud601\uc2e0<\/strong>\ub294 \ud6a8\uacfc\uc801\uc778 \ud53c\ubd80 \uad00\ub9ac \uc194\ub8e8\uc158\uc744 \uc81c\uacf5\ud569\ub2c8\ub2e4. \ube0c\ub79c\ub4dc\uc758 \ucca0\ud559\uc740 \uae68\ub057\ud558\uace0 \uade0\ud615 \uc7a1\ud78c \ud3ec\ubbac\ub7ec\ub97c \ud1b5\ud574 \ubbfc\uac10\uc131 \ud53c\ubd80\ub97c \ud3ec\ud568\ud55c \ubaa8\ub4e0 \ud53c\ubd80 \ud0c0\uc785\uc5d0 \uc801\ud569\ud55c '\uc644\ubcbd\ud55c \ud53c\ubd80\uc758 \ube44\ubc00'\uc744 \ubc1d\ud600\ub0b8\ub2e4\ub294 \uc0dd\uac01\uc5d0 \uae30\ubc18\uc744 \ub450\uace0 \uc788\uc2b5\ub2c8\ub2e4.<\/p>\n\n\n\n<p>\ud53c\ubd80 \ud68c\ubcf5\uc744 \uc704\ud574 \uac1c\ubc1c\ub41c \ucf00\uc774\uc2dc\ud06c\ub9bf \uc81c\ud488\ub4e4 <strong>\uc790\uc5f0\uc2a4\ub7ec\uc6b4 \uad11\ucc44, \uae4a\uc740 \ubcf4\uc2b5, \ub370\uc77c\ub9ac \ud504\ub85c\ud14d\uc158<\/strong>\ub97c \ud1b5\ud574 \uadf8\ub8e8\ubc0d \ub8e8\ud2f4\uc5d0\uc11c \uc2e0\ub8b0\ud560 \uc218 \uc788\ub294 \ub3d9\ubc18\uc790\uac00 \ub420 \uc218 \uc788\uc2b5\ub2c8\ub2e4.<\/p>\n\n\n\n<h2 class=\"wp-block-heading has-large-font-size\">\ud83d\udc8e K-SECRET\uc744 \uc120\ud0dd\ud574\uc57c \ud558\ub294 \uc774\uc720<\/h2>\n\n\n\n<ul class=\"wp-block-list\">\n<li>\ud83c\udf31 <strong>\uc790\uc5f0\uc5d0\uc11c \uc601\uac10\uc744 \uc5bb\uc740 \uc7ac\ub8cc<\/strong> - \ud53c\ubd80 \uac74\uac15\uc744 \uc704\ud55c \uc2dd\ubb3c \ucd94\ucd9c\ubb3c\uacfc \ud65c\uc131 \ud654\ud569\ubb3c.<\/li>\n\n\n\n<li>\ud83d\udca7 <strong>\ubcf4\uc2b5\uacfc \ube0c\ub77c\uc774\ud2b8\ub2dd\uc5d0 \uc9d1\uc911<\/strong> - \uc0b0\ub73b\ud558\uace0 \uc80a\uc740 \uc548\uc0c9\uc5d0 \ud544\uc218\uc801\uc778 \uc131\ubd84\uc785\ub2c8\ub2e4.<\/li>\n\n\n\n<li>\ud83d\udc69\u200d\u2695\ufe0f <strong>\ud53c\ubd80\uacfc\uc801 \uc548\uc804\uc131<\/strong> - \ubbfc\uac10\ud55c \ud53c\ubd80\uc5d0 \uc801\ud569\ud55c \ud14c\uc2a4\ud2b8\ub97c \uac70\uce5c \ud3ec\ubbac\ub7ec\uc785\ub2c8\ub2e4.<\/li>\n\n\n\n<li>\u2728 <strong>\uc804\uccb4 \ub8e8\ud2f4<\/strong> - \uc77c\uc0c1\uc801\uc778 \uc2a4\ud0a8\ucf00\uc5b4 \ub8e8\ud2f4\uc5d0 \uc27d\uac8c \ud1b5\ud569\ud560 \uc218 \uc788\ub294 \uc81c\ud488\uc785\ub2c8\ub2e4.<\/li>\n\n\n\n<li>\ud83c\udf0d <strong>\uc9c4\uc815\ud55c K-\ubdf0\ud2f0<\/strong> - \uad6d\uc81c\uc801\uc73c\ub85c \uc778\uc815\ubc1b\uc740 \ub3c5\ucc3d\uc801\uc778 \ud55c\uad6d\uc2dd \uacbd\ud5d8\uc744 \uc81c\uacf5\ud569\ub2c8\ub2e4.<\/li>\n<\/ul>\n\n\n\n<h2 class=\"wp-block-heading has-large-font-size\">\ud83d\udd11 \uc8fc\uc694 \uc81c\ud488 K-SECRET<\/h2>\n\n\n\n<ul class=\"wp-block-list\">\n<li>\ud83d\udca6 <strong>\ud558\uc774\ub4dc\ub77c \ubc38\ub7f0\uc2a4 \ud1a0\ub108<\/strong> - \ubc38\ub7f0\uc2f1 \ud1a0\ub108\ub85c \ud53c\ubd80\uc5d0 \uc218\ubd84\uc744 \uacf5\uae09\ud558\uace0 \ud53c\ubd80\ub97c \uc815\ub3c8\ud558\uc138\uc694.<\/li>\n\n\n\n<li>\ud83c\udf3f <strong>\uce74\ubc0d \uc570\ud50c<\/strong> - \ub18d\ucd95 \uc138\ub7fc\uc73c\ub85c \uc790\uadf9\ubc1b\uc740 \ud53c\ubd80\ub97c \uc9c4\uc815\uc2dc\ud0a4\uace0 \ud65c\ub825\uc744 \ub418\ucc3e\uc544\uc90d\ub2c8\ub2e4.<\/li>\n\n\n\n<li>\ud83c\udf43 <strong>\ubaa8\uc774\uc2a4\ucc98 \ub9ac\ud398\uc5b4 \ud06c\ub9bc<\/strong> - \uac74\uac15\ud55c \ud53c\ubd80 \uc7a5\ubcbd\uc744 \uc704\ud55c \ubcf4\uc2b5 \ubc0f \ub9ac\ud398\uc5b4 \ud06c\ub9bc\uc785\ub2c8\ub2e4.<\/li>\n\n\n\n<li>\u2728 <strong>\ube0c\ub77c\uc774\ud2b8\ub2dd \ub9c8\uc2a4\ud06c \ud329<\/strong> - \ube0c\ub77c\uc774\ud2b8\ub2dd \ub9c8\uc2a4\ud06c\ub85c \uade0\uc77c\ud558\uace0 \ud654\uc0ac\ud55c \ud53c\ubd80\ub85c \uac00\uafb8\uc138\uc694.<\/li>\n<\/ul>\n\n\n\n<p><strong>K-SECRET<\/strong> \uc77c\uc0c1\uc73c\ub85c \uac00\uc838\uc624\uae30 <strong>K-\ubdf0\ud2f0 \uc5d0\uc13c\uc2a4<\/strong>\uae68\ub057\ud558\uace0 \ud6a8\uacfc\uc801\uc774\uba70 \uc548\uc804\ud55c \uc81c\ud488\uc73c\ub85c \ud53c\ubd80\ub97c \uac74\uac15\ud558\uace0 \ucd09\ucd09\ud558\uba70 \ub208\uc5d0 \ub744\uac8c \ubc1d\uac8c \uc720\uc9c0\ud558\ub3c4\ub85d \uc124\uacc4\ub418\uc5c8\uc2b5\ub2c8\ub2e4. K-SECRET\uc744 \uc120\ud0dd\ud558\uba74 \ub2e4\uc74c\uacfc \uac19\uc740 \ud61c\ud0dd\uc744 \ub204\ub9b4 \uc218 \uc788\uc2b5\ub2c8\ub2e4. <strong>\uc544\ub984\ub2f5\uace0 \uc790\uc5f0\uc2a4\ub7ec\uc6b4 \ud53c\ubd80\uc758 \ube44\uacb0<\/strong> \ud83c\udf38.<\/p>\n\n\n\n<hr class=\"wp-block-separator aligncenter has-alpha-channel-opacity\"\/>\n\n\n\n<p class=\"has-text-align-center\"><strong>\uacf5\uc2dd \ud30c\ud2b8\ub108 \uc0f5\uc5d0\uc11c \uc628\ub77c\uc778\uc73c\ub85c K-SECRET \uc81c\ud488\uc744 \uc8fc\ubb38\ud558\uc138\uc694:<\/strong><\/p>\n\n\n\n<div class=\"wp-block-group has-large-font-size is-layout-grid wp-container-core-group-is-layout-6be84c55 wp-block-group-is-layout-grid\">\n<figure class=\"wp-block-image size-medium\"><a href=\"https:\/\/sole.ro\/brand\/ksecret\" target=\"_blank\" rel=\" noreferrer noopener\"><img decoding=\"async\" width=\"300\" height=\"150\" src=\"https:\/\/onemd.ro\/wp-content\/uploads\/2021\/07\/f6-2-300x150.jpg\" alt=\"sole.ro\" class=\"wp-image-297\" srcset=\"https:\/\/onemd.ro\/wp-content\/uploads\/2021\/07\/f6-2-300x150.jpg 300w, https:\/\/onemd.ro\/wp-content\/uploads\/2021\/07\/f6-2-16x8.jpg 16w, https:\/\/onemd.ro\/wp-content\/uploads\/2021\/07\/f6-2.jpg 600w\" sizes=\"(max-width: 300px) 100vw, 300px\" \/><\/a><\/figure>\n<\/div>","protected":false},"excerpt":{"rendered":"<p>\ud83c\udf38 K-SECRET \u2013 Secretele frumuse\u021bii coreene, \u00eentr-o rutin\u0103 complet\u0103 K-SECRET este un brand coreean de skincare care \u00eembin\u0103 ingredientele tradi\u021bionale asiatice cu inova\u021biile moderne dermatologice, pentru a oferi solu\u021bii eficiente de \u00eengrijire a pielii. Filosofia brandului se bazeaz\u0103 pe ideea de a dezv\u0103lui \u201esecretul pielii perfecte\u201d prin formule curate, echilibrate \u0219i potrivite pentru toate tipurile [&hellip;]<\/p>","protected":false},"author":1,"featured_media":0,"parent":0,"menu_order":0,"comment_status":"closed","ping_status":"closed","template":"","meta":{"footnotes":""},"class_list":["post-1760","page","type-page","status-publish","hentry"],"aioseo_notices":[],"_links":{"self":[{"href":"https:\/\/onemd.ro\/ko\/wp-json\/wp\/v2\/pages\/1760","targetHints":{"allow":["GET"]}}],"collection":[{"href":"https:\/\/onemd.ro\/ko\/wp-json\/wp\/v2\/pages"}],"about":[{"href":"https:\/\/onemd.ro\/ko\/wp-json\/wp\/v2\/types\/page"}],"author":[{"embeddable":true,"href":"https:\/\/onemd.ro\/ko\/wp-json\/wp\/v2\/users\/1"}],"replies":[{"embeddable":true,"href":"https:\/\/onemd.ro\/ko\/wp-json\/wp\/v2\/comments?post=1760"}],"version-history":[{"count":2,"href":"https:\/\/onemd.ro\/ko\/wp-json\/wp\/v2\/pages\/1760\/revisions"}],"predecessor-version":[{"id":1766,"href":"https:\/\/onemd.ro\/ko\/wp-json\/wp\/v2\/pages\/1760\/revisions\/1766"}],"wp:attachment":[{"href":"https:\/\/onemd.ro\/ko\/wp-json\/wp\/v2\/media?parent=1760"}],"curies":[{"name":"wp","href":"https:\/\/api.w.org\/{rel}","templated":true}]}}