{"id":1763,"date":"2025-09-09T11:03:12","date_gmt":"2025-09-09T11:03:12","guid":{"rendered":"https:\/\/onemd.ro\/?page_id=1763"},"modified":"2025-09-09T11:11:41","modified_gmt":"2025-09-09T11:11:41","slug":"kundal","status":"publish","type":"page","link":"https:\/\/onemd.ro\/ko\/kundal\/","title":{"rendered":"KUNDAL"},"content":{"rendered":"<div class=\"wp-block-image\">\n<figure class=\"aligncenter size-medium\"><img decoding=\"async\" width=\"300\" height=\"150\" src=\"https:\/\/onemd.ro\/wp-content\/uploads\/2025\/08\/kundal-300x150.jpg\" alt=\"\ucfe4\ub2ec\" class=\"wp-image-1562\" srcset=\"https:\/\/onemd.ro\/wp-content\/uploads\/2025\/08\/kundal-300x150.jpg 300w, https:\/\/onemd.ro\/wp-content\/uploads\/2025\/08\/kundal-1024x512.jpg 1024w, https:\/\/onemd.ro\/wp-content\/uploads\/2025\/08\/kundal-768x384.jpg 768w, https:\/\/onemd.ro\/wp-content\/uploads\/2025\/08\/kundal-18x9.jpg 18w, https:\/\/onemd.ro\/wp-content\/uploads\/2025\/08\/kundal.jpg 1058w\" sizes=\"(max-width: 300px) 100vw, 300px\" \/><\/figure><\/div>\n\n\n<h1 class=\"wp-block-heading has-large-font-size\">\ud83c\udf3f \ucfe4\ub2ec - \ubaa8\ubc1c, \ud53c\ubd80, \ubc14\ub514\ub97c \uc704\ud55c \uc790\uc5f0\uacfc \uc544\ub85c\ub9c8\ud14c\ub77c\ud53c<\/h1>\n\n\n\n<p><strong>KUNDAL<\/strong> \ub294 \ud55c\uad6d \uc804\uc6a9 \ube0c\ub79c\ub4dc\uc785\ub2c8\ub2e4. <strong>\ud504\ub9ac\ubbf8\uc5c4 \ud5e4\uc5b4, \ud53c\ubd80 \ubc0f \ubc14\ub514 \ucf00\uc5b4<\/strong>\ub97c \uae30\ubc18\uc73c\ub85c \ud55c \uacf5\uc2dd\uc73c\ub85c \uc54c\ub824\uc9c4 <strong>\ucc9c\uc5f0 \uc7ac\ub8cc\uc640 \uc815\uc81c\ub41c \ud48d\ubbf8<\/strong>. \ub3c5\ud2b9\ud55c \uac10\uac01\uc801 \uacbd\ud5d8\uc744 \uc81c\uacf5\ud558\uae30 \uc704\ud574 \ud0c4\uc0dd\ud55c \ucfe4\ub2ec\uc740 \ub2e4\uc74c\uacfc \uac19\uc740 \uae30\ub2a5\uc744 \uc81c\uacf5\ud569\ub2c8\ub2e4. <strong>\uc790\uc5f0\uc758 \ud798<\/strong> \ubc0f <strong>\ubb34\uc131\ud55c \uc544\ub85c\ub9c8 \ud14c\ub77c\ud53c<\/strong>\ub97c \ud1b5\ud574 \uc77c\uc0c1\uc744 \uc790\uc2e0\uc744 \uac00\uafb8\ub294 \uc758\uc2dd\uc73c\ub85c \ubc14\uafb8\uc138\uc694.<\/p>\n\n\n\n<p>\uc544\uc2dc\uc544\ub97c \ube44\ub86f\ud55c \uc804 \uc138\uacc4\uc5d0\uc11c \uc218\ubc31\ub9cc \uba85 \uc774\uc0c1\uc758 \ucda9\uc131\ub3c4 \ub192\uc740 \uc0ac\uc6a9\uc790\ub97c \ubcf4\uc720\ud55c \uc774 \ube0c\ub79c\ub4dc\ub294 \uc81c\ud488\uc758 \ud6a8\uacfc\ubfd0\ub9cc \uc544\ub2c8\ub77c \ubdf0\ud2f0 \ub8e8\ud2f4\uc744 \ub9de\ucda4\ud654\ud560 \uc218 \uc788\ub294 \ub2e4\uc591\ud55c \ud5a5\uc73c\ub85c \uc778\uc815\ubc1b\uace0 \uc788\uc2b5\ub2c8\ub2e4.<\/p>\n\n\n\n<h2 class=\"wp-block-heading has-large-font-size\">\ud83d\udc8e \uc65c \ucfe4\ub2ec\uc744 \uc120\ud0dd\ud574\uc57c \ud558\ub098\uc694?<\/h2>\n\n\n\n<ul class=\"wp-block-list\">\n<li>\ud83c\udf31 <strong>\ucc9c\uc5f0 \uc131\ubd84<\/strong> - \uafc0, \uc2dd\ubb3c\uc131 \uc624\uc77c, \uc2dd\ubb3c\uc131 \ub2e8\ubc31\uc9c8.<\/li>\n\n\n\n<li>\ud83d\udc90 <strong>\ud504\ub9ac\ubbf8\uc5c4 \uc544\ub85c\ub9c8\ud14c\ub77c\ud53c<\/strong> - \ubaa8\ub4e0 \uc785\ub9db\uc5d0 \ub9de\ub294 \uc218\uc2ed \uac00\uc9c0\uc758 \uc815\uad50\ud55c \ub9db\uc744 \uc81c\uacf5\ud569\ub2c8\ub2e4.<\/li>\n\n\n\n<li>\ud83d\udca7 <strong>\uc644\ubcbd\ud55c \uad00\ub9ac<\/strong> - \ud5e4\uc5b4, \ubc14\ub514, \ud53c\ubd80\uc6a9 \uc81c\ud488\uc785\ub2c8\ub2e4.<\/li>\n\n\n\n<li>\ud83d\udc69\u200d\ud83d\udd2c <strong>\uc548\uc804\ud55c \ud3ec\ubbac\ub7ec<\/strong> - \ud30c\ub77c\ubca4, \ud669\uc0b0\uc5fc \ub610\ub294 \uc720\ud574 \uc131\ubd84\uc744 \ud568\uc720\ud558\uc9c0 \uc54a\uc2b5\ub2c8\ub2e4.<\/li>\n\n\n\n<li>\ud83c\udf0d <strong>\uad6d\uc81c\uc801 \ud3c9\ud310<\/strong> - \uc804 \uc138\uacc4\uc801\uc73c\ub85c \uc778\uae30 \uc788\uace0 \uc778\uc815\ubc1b\ub294 K-\ubdf0\ud2f0 \ube0c\ub79c\ub4dc.<\/li>\n<\/ul>\n\n\n\n<h2 class=\"wp-block-heading has-large-font-size\">\ud83d\udd11 \uc8fc\uc694 \uc81c\ud488 KUNDAL<\/h2>\n\n\n\n<ul class=\"wp-block-list\">\n<li>\ud83c\udf6f <strong>\ud5c8\ub2c8 &amp; \ub9c8\uce74\ub2e4\ubbf8\uc544 \uc0f4\ud478<\/strong> - \ubcf4\uc2b5\uacfc \uc724\uae30\ub97c \uc120\uc0ac\ud558\ub294 \uc601\uc591 \uc0f4\ud478.<\/li>\n\n\n\n<li>\ud83d\udc86 <strong>\ud5c8\ub2c8 &amp; \ub9c8\uce74\ub2e4\ubbf8\uc544 \ud2b8\ub9ac\ud2b8\uba3c\ud2b8<\/strong> - \ubd80\ub4dc\ub7fd\uace0 \uac74\uac15\ud55c \ubaa8\ubc1c\uc744 \uc704\ud55c \uac15\ub825\ud55c \ubcf4\uc2b5 \ub9c8\uc2a4\ud06c\uc785\ub2c8\ub2e4.<\/li>\n\n\n\n<li>\ud83c\udf38 <strong>\ubc14\ub514 \uc6cc\uc2dc<\/strong> - \uc5ec\ub7ec \uac00\uc9c0 \uc6b0\uc544\ud55c \ud5a5\uc73c\ub85c \uc81c\uacf5\ub418\ub294 \ubd80\ub4dc\ub7ec\uc6b4 \uc0e4\uc6cc \uc824\uc785\ub2c8\ub2e4.<\/li>\n\n\n\n<li>\ud83c\udf3f <strong>\ud578\ub4dc \ud06c\ub9bc<\/strong> - \uc740\uc740\ud55c \ud5a5\uacfc \uac00\ubcbc\uc6b4 \ud14d\uc2a4\ucc98\uc758 \ubcf4\uc2b5 \ud578\ub4dc\ud06c\ub9bc\uc785\ub2c8\ub2e4.<\/li>\n\n\n\n<li>\ud83d\udd6f\ufe0f <strong>\ud5e4\uc5b4 &amp; \ubc14\ub514 \ubbf8\uc2a4\ud2b8<\/strong> - \ud5a5\uae30\ub85c\uc6b4 \uc2a4\ud504\ub808\uc774\ub85c \uc2e0\uc120\ud568\uacfc \ud48d\ubbf8\uac00 \uc624\ub798 \uc9c0\uc18d\ub429\ub2c8\ub2e4.<\/li>\n<\/ul>\n\n\n\n<p><strong>KUNDAL<\/strong> \ub294 \ub2e8\uc21c\ud55c \uadf8\ub8e8\ubc0d \uc81c\ud488 \uc774\uc0c1\uc758 \uac83\uc744 \uc6d0\ud558\ub294 \uc0ac\ub78c\ub4e4\uc5d0\uac8c \uc774\uc0c1\uc801\uc778 \uc120\ud0dd\uc785\ub2c8\ub2e4. <strong>\ub7ed\uc154\ub9ac\ud55c \uc77c\uc0c1 \uacbd\ud5d8<\/strong>\ub3c5\ud2b9\ud55c \ud48d\ubbf8\uc640 \ucc9c\uc5f0 \uc131\ubd84\uc744 \ud568\uc720\ud558\uace0 \uc788\uc2b5\ub2c8\ub2e4. \ucfe4\ub2ec\uacfc \ud568\uaed8\ub77c\uba74 \ubdf0\ud2f0 \ub8e8\ud2f4\uc774 \ub2e4\uc74c\uacfc \uac19\uc740 \uc758\uc2dd\uc774 \ub420 \uac83\uc785\ub2c8\ub2e4. <strong>\ubcf4\uc2b5, \ubcf4\ud638 \ubc0f \uc78a\uc744 \uc218 \uc5c6\ub294 \ud5a5\uae30<\/strong>. \ud83c\udf3f\ud83d\udc90<\/p>\n\n\n\n<hr class=\"wp-block-separator aligncenter has-alpha-channel-opacity\"\/>\n\n\n\n<p class=\"has-text-align-center\"><strong>\uc628\ub77c\uc778 \uc81c\ud488 \uc8fc\ubb38 <strong>KUNDAL<\/strong> \uacf5\uc2dd \ud30c\ud2b8\ub108 \uc0c1\uc810\uc5d0\uc11c \uad6c\uc785\ud558\uc138\uc694:<\/strong><\/p>\n\n\n\n<div class=\"wp-block-group has-large-font-size is-layout-grid wp-container-core-group-is-layout-6be84c55 wp-block-group-is-layout-grid\">\n<figure class=\"wp-block-image size-medium\"><a href=\"https:\/\/sole.ro\" target=\"_blank\" rel=\" noreferrer noopener\"><img decoding=\"async\" width=\"300\" height=\"150\" src=\"https:\/\/onemd.ro\/wp-content\/uploads\/2021\/07\/f6-2-300x150.jpg\" alt=\"sole.ro\" class=\"wp-image-297\" srcset=\"https:\/\/onemd.ro\/wp-content\/uploads\/2021\/07\/f6-2-300x150.jpg 300w, https:\/\/onemd.ro\/wp-content\/uploads\/2021\/07\/f6-2-16x8.jpg 16w, https:\/\/onemd.ro\/wp-content\/uploads\/2021\/07\/f6-2.jpg 600w\" sizes=\"(max-width: 300px) 100vw, 300px\" \/><\/a><\/figure>\n<\/div>","protected":false},"excerpt":{"rendered":"<p>\ud83c\udf3f KUNDAL \u2013 Natur\u0103 \u0219i aromaterapie pentru p\u0103r, piele \u0219i corp KUNDAL este un brand coreean dedicat \u00eengrijirii premium a p\u0103rului, pielii \u0219i corpului, cunoscut pentru formulele sale pe baz\u0103 de ingrediente naturale \u0219i arome rafinate. Creat pentru a oferi o experien\u021b\u0103 senzorial\u0103 unic\u0103, KUNDAL aduce \u00eempreun\u0103 puterea naturii \u0219i aromaterapia luxuriant\u0103, transform\u00e2nd rutina zilnic\u0103 [&hellip;]<\/p>","protected":false},"author":1,"featured_media":0,"parent":0,"menu_order":0,"comment_status":"closed","ping_status":"closed","template":"","meta":{"footnotes":""},"class_list":["post-1763","page","type-page","status-publish","hentry"],"aioseo_notices":[],"_links":{"self":[{"href":"https:\/\/onemd.ro\/ko\/wp-json\/wp\/v2\/pages\/1763","targetHints":{"allow":["GET"]}}],"collection":[{"href":"https:\/\/onemd.ro\/ko\/wp-json\/wp\/v2\/pages"}],"about":[{"href":"https:\/\/onemd.ro\/ko\/wp-json\/wp\/v2\/types\/page"}],"author":[{"embeddable":true,"href":"https:\/\/onemd.ro\/ko\/wp-json\/wp\/v2\/users\/1"}],"replies":[{"embeddable":true,"href":"https:\/\/onemd.ro\/ko\/wp-json\/wp\/v2\/comments?post=1763"}],"version-history":[{"count":2,"href":"https:\/\/onemd.ro\/ko\/wp-json\/wp\/v2\/pages\/1763\/revisions"}],"predecessor-version":[{"id":1768,"href":"https:\/\/onemd.ro\/ko\/wp-json\/wp\/v2\/pages\/1763\/revisions\/1768"}],"wp:attachment":[{"href":"https:\/\/onemd.ro\/ko\/wp-json\/wp\/v2\/media?parent=1763"}],"curies":[{"name":"wp","href":"https:\/\/api.w.org\/{rel}","templated":true}]}}