{"id":1769,"date":"2025-09-09T11:14:09","date_gmt":"2025-09-09T11:14:09","guid":{"rendered":"https:\/\/onemd.ro\/?page_id=1769"},"modified":"2025-09-09T11:14:11","modified_gmt":"2025-09-09T11:14:11","slug":"madeca21","status":"publish","type":"page","link":"https:\/\/onemd.ro\/ko\/madeca21\/","title":{"rendered":"Madeca21"},"content":{"rendered":"<div class=\"wp-block-image\">\n<figure class=\"aligncenter size-medium\"><img decoding=\"async\" width=\"300\" height=\"150\" src=\"https:\/\/onemd.ro\/wp-content\/uploads\/2025\/08\/madeca21-300x150.jpg\" alt=\"Madeca21\" class=\"wp-image-1563\" srcset=\"https:\/\/onemd.ro\/wp-content\/uploads\/2025\/08\/madeca21-300x150.jpg 300w, https:\/\/onemd.ro\/wp-content\/uploads\/2025\/08\/madeca21-1024x512.jpg 1024w, https:\/\/onemd.ro\/wp-content\/uploads\/2025\/08\/madeca21-768x384.jpg 768w, https:\/\/onemd.ro\/wp-content\/uploads\/2025\/08\/madeca21-18x9.jpg 18w, https:\/\/onemd.ro\/wp-content\/uploads\/2025\/08\/madeca21.jpg 1058w\" sizes=\"(max-width: 300px) 100vw, 300px\" \/><\/figure><\/div>\n\n\n<h1 class=\"wp-block-heading has-large-font-size\">\ud83c\udf3f \ub9c8\ub370\uce7421 - \uac74\uac15\ud55c \ud53c\ubd80\ub97c \uc704\ud55c \uc13c\ud154\ub77c\uc544\uc2dc\uc544\ud2f0\uce74\uc758 \uc7ac\uc0dd\ub825<\/h1>\n\n\n\n<p><strong>Madeca21<\/strong> \uac00 \uac1c\ubc1c\ud55c \ud55c\uad6d \ub354\ub9c8\ucf54\uc2a4\uba54\ud2f1 \ube0c\ub79c\ub4dc\uc785\ub2c8\ub2e4. <strong>\ub3d9\uad6d\uc81c\uc57d<\/strong>\uc758 \uc5f0\uad6c \ubc0f \uc0ac\uc6a9 \ubd84\uc57c\uc5d0\uc11c \uc804\ud1b5\uc744 \uac00\uc9c4 \ud68c\uc0ac\uc785\ub2c8\ub2e4. <strong>\uc13c\ud154\ub77c\uc544\uc2dc\uc544\ud2f0\uce74<\/strong> \ud53c\ubd80\uacfc \uc81c\ud488\uc5d0\uc11c. \ub9c8\ub370\uce7421\uc758 \ucca0\ud559\uc740 \ub2e4\uc74c\uc744 \uae30\ubc18\uc73c\ub85c \ud569\ub2c8\ub2e4. <strong>\uc7ac\uc0dd, \uc218\ub9ac \ubc0f \ubcf4\ud638<\/strong>\ub294 \ubbfc\uac10\ud558\uace0 \uac74\uc870\ud558\uac70\ub098 \uc190\uc0c1\ub41c \ud53c\ubd80\uc5d0 \ud6a8\uacfc\uc801\uc778 \uc194\ub8e8\uc158\uc744 \uc81c\uacf5\ud569\ub2c8\ub2e4.<\/p>\n\n\n\n<p>\uc774 \ube0c\ub79c\ub4dc\ub294 \ud2b9\ud5c8 \uc131\ubd84\uc744 \uc0ac\uc6a9\ud55c \uac83\uc774 \ud2b9\uc9d5\uc785\ub2c8\ub2e4. <strong>TECA(\ubcd1\ud480 \uc801\uc815 \ucd94\ucd9c\ubb3c)<\/strong>\ub294 \uce58\uc720 \ubc0f \ud53c\ubd80 \uc7a5\ubcbd \uac15\ud654 \ud6a8\ub2a5\uc73c\ub85c \uc778\uc815\ubc1b\uace0 \uc788\uc2b5\ub2c8\ub2e4.<\/p>\n\n\n\n<h2 class=\"wp-block-heading has-large-font-size\">\ud83d\udc8e \ub9c8\ub370\uce7421\uc774 \ud2b9\ubcc4\ud55c \uc774\uc720<\/h2>\n\n\n\n<ul class=\"wp-block-list\">\n<li>\ud83c\udf31 <strong>\uc785\uc99d\ub41c \ub354\ub9c8\ucf54\uc2a4\uba54\ud2f1 \uc131\ubd84<\/strong> - \uc7ac\uc0dd\uacfc \uc9c4\uc815\uc744 \uc704\ud55c \uc13c\ud154\ub77c\uc544\uc2dc\uc544\ud2f0\uce74.<\/li>\n\n\n\n<li>\ud83d\udc69\u200d\u2695\ufe0f <strong>\uc758\ub8cc \uc804\ubb38\uc131<\/strong> - \uc218\uc2ed \ub144\uac04\uc758 \uc81c\uc57d \uc5f0\uad6c\ub97c \ubc14\ud0d5\uc73c\ub85c \uac1c\ubc1c\ub41c \uc81c\ud488\uc785\ub2c8\ub2e4.<\/li>\n\n\n\n<li>\ud83d\udca7 <strong>\ubcf4\uc2b5 \ubc0f \ubcf5\uad6c<\/strong> - \ubbfc\uac10\ud558\uace0 \uac74\uc870\ud55c \ud53c\ubd80\uc5d0 \uc774\uc0c1\uc801\uc785\ub2c8\ub2e4.<\/li>\n\n\n\n<li>\u2728 <strong>\ub178\ud654 \ubc29\uc9c0 \ubc0f \ubcf4\ud638<\/strong> - \uc740 \uc8fc\ub984\uc744 \uc904\uc774\uace0 \uc2a4\ud2b8\ub808\uc2a4 \uc694\uc778\uc73c\ub85c\ubd80\ud130 \ud53c\ubd80\ub97c \ubcf4\ud638\ud558\ub294 \ub370 \ub3c4\uc6c0\uc774 \ub429\ub2c8\ub2e4.<\/li>\n\n\n\n<li>\ud83c\udf0d <strong>\uad6d\uc81c\uc801 \uc2e0\ub8b0<\/strong> - \ub354\ub9c8\ucf54\uc2a4\uba54\ud2f1 \ubd84\uc57c\uc5d0\uc11c \ud0c4\ud0c4\ud55c \uba85\uc131\uc744 \uc313\uc544\uc628 \ud55c\uad6d \ube0c\ub79c\ub4dc\uc785\ub2c8\ub2e4.<\/li>\n<\/ul>\n\n\n\n<h2 class=\"wp-block-heading has-large-font-size\">\ud83d\udd11 \uc8fc\uc694 \uc81c\ud488 Madeca21<\/h2>\n\n\n\n<ul class=\"wp-block-list\">\n<li>\ud83c\udf3f <strong>\ub9c8\ub370\uce7421 \ud06c\ub9bc<\/strong> - \uc13c\ud154\ub77c\uc544\uc2dc\uc544\ud2f0\uce74\uac00 \ud568\uc720\ub41c \uac15\ub82c\ud55c \uc7ac\uc0dd \ud06c\ub9bc\uc785\ub2c8\ub2e4.<\/li>\n\n\n\n<li>\ud83d\udca6 <strong>\ub9c8\ub370\uce7421 \uc804\uad6c<\/strong> - \ub18d\ucd95 \uc548\ud2f0\uc5d0\uc774\uc9d5 \ubc0f \ud65c\ub825 \uc138\ub7fc.<\/li>\n\n\n\n<li>\ud83c\udf43 <strong>\ub9c8\ub370\uce7421 \uc218\ub529 \uc824<\/strong> - \uc790\uadf9\ubc1b\uac70\ub098 \uac74\uc870\ud574\uc9c4 \ud53c\ubd80\ub97c \uc704\ud55c \uc9c4\uc815 \uc824\uc785\ub2c8\ub2e4.<\/li>\n\n\n\n<li>\u2728 <strong>\ub9c8\ub370\uce7421 \uc5d0\uc13c\uc2a4 \ub85c\uc158<\/strong> - \ub370\uc77c\ub9ac \ucf00\uc5b4\uc6a9 \ubcf4\uc2b5 \ubc0f \ub9ac\ud398\uc5b4 \ub85c\uc158\uc785\ub2c8\ub2e4.<\/li>\n<\/ul>\n\n\n\n<p><strong>Madeca21<\/strong> \ub294 \ub208\uc5d0 \ub744\ub294 \ud6a8\uacfc\uac00 \uc788\ub294 \uc2a4\ud0a8\ucf00\uc5b4 \ub8e8\ud2f4\uc744 \ucc3e\ub294 \ubd84\ub4e4\uc5d0\uac8c \uc774\uc0c1\uc801\uc778 \uc120\ud0dd\uc785\ub2c8\ub2e4. <strong>\uc758\ud559 \uc5f0\uad6c \ubc0f \ud65c\uc131 \uc131\ubd84<\/strong>. \uc774 \ube0c\ub79c\ub4dc\uc758 \uc81c\ud488\uc740 \ub2e4\uc74c\uacfc \uac19\uc740 \uc774\uc810\uc744 \uc81c\uacf5\ud569\ub2c8\ub2e4. <strong>\ud53c\ubd80 \uc9c4\uc815, \uc7ac\uc0dd \ubc0f \ubcf4\ud638<\/strong>\ub97c \uc0ac\uc6a9\ud558\uc5ec \ub354 \uac74\uac15\ud558\uace0 \ub9e4\ub044\ub7fd\uace0 \ubc1d\uc740 \uc678\uad00\uc744 \uc81c\uacf5\ud569\ub2c8\ub2e4. \ud83c\udf38<\/p>\n\n\n\n<hr class=\"wp-block-separator aligncenter has-alpha-channel-opacity\"\/>\n\n\n\n<p class=\"has-text-align-center\"><strong>\uc628\ub77c\uc778 \uc81c\ud488 \uc8fc\ubb38 <strong>Madeca21<\/strong> \uacf5\uc2dd \ud30c\ud2b8\ub108 \uc0c1\uc810\uc5d0\uc11c \uad6c\uc785\ud558\uc138\uc694:<\/strong><\/p>\n\n\n\n<div class=\"wp-block-group has-large-font-size is-layout-grid wp-container-core-group-is-layout-6be84c55 wp-block-group-is-layout-grid\">\n<figure class=\"wp-block-image size-medium\"><a href=\"https:\/\/sole.ro\" target=\"_blank\" rel=\" noreferrer noopener\"><img decoding=\"async\" width=\"300\" height=\"150\" src=\"https:\/\/onemd.ro\/wp-content\/uploads\/2021\/07\/f6-2-300x150.jpg\" alt=\"sole.ro\" class=\"wp-image-297\" srcset=\"https:\/\/onemd.ro\/wp-content\/uploads\/2021\/07\/f6-2-300x150.jpg 300w, https:\/\/onemd.ro\/wp-content\/uploads\/2021\/07\/f6-2-16x8.jpg 16w, https:\/\/onemd.ro\/wp-content\/uploads\/2021\/07\/f6-2.jpg 600w\" sizes=\"(max-width: 300px) 100vw, 300px\" \/><\/a><\/figure>\n<\/div>","protected":false},"excerpt":{"rendered":"<p>\ud83c\udf3f Madeca21 \u2013 Puterea regenerant\u0103 a Centella Asiatica pentru piele s\u0103n\u0103toas\u0103 Madeca21 este un brand coreean dermatocosmetic dezvoltat de Dongkook Pharmaceutical, companie cu tradi\u021bie \u00een cercetarea \u0219i utilizarea extractului de Centella Asiatica \u00een produse dermatologice. Filosofia Madeca21 se bazeaz\u0103 pe regenerare, reparare \u0219i protec\u021bie, oferind solu\u021bii eficiente pentru pielea sensibil\u0103, deshidratat\u0103 sau afectat\u0103 de factori [&hellip;]<\/p>","protected":false},"author":1,"featured_media":0,"parent":0,"menu_order":0,"comment_status":"closed","ping_status":"closed","template":"","meta":{"footnotes":""},"class_list":["post-1769","page","type-page","status-publish","hentry"],"aioseo_notices":[],"_links":{"self":[{"href":"https:\/\/onemd.ro\/ko\/wp-json\/wp\/v2\/pages\/1769","targetHints":{"allow":["GET"]}}],"collection":[{"href":"https:\/\/onemd.ro\/ko\/wp-json\/wp\/v2\/pages"}],"about":[{"href":"https:\/\/onemd.ro\/ko\/wp-json\/wp\/v2\/types\/page"}],"author":[{"embeddable":true,"href":"https:\/\/onemd.ro\/ko\/wp-json\/wp\/v2\/users\/1"}],"replies":[{"embeddable":true,"href":"https:\/\/onemd.ro\/ko\/wp-json\/wp\/v2\/comments?post=1769"}],"version-history":[{"count":1,"href":"https:\/\/onemd.ro\/ko\/wp-json\/wp\/v2\/pages\/1769\/revisions"}],"predecessor-version":[{"id":1770,"href":"https:\/\/onemd.ro\/ko\/wp-json\/wp\/v2\/pages\/1769\/revisions\/1770"}],"wp:attachment":[{"href":"https:\/\/onemd.ro\/ko\/wp-json\/wp\/v2\/media?parent=1769"}],"curies":[{"name":"wp","href":"https:\/\/api.w.org\/{rel}","templated":true}]}}