{"id":1775,"date":"2025-09-09T11:20:11","date_gmt":"2025-09-09T11:20:11","guid":{"rendered":"https:\/\/onemd.ro\/?page_id=1775"},"modified":"2025-09-09T11:20:12","modified_gmt":"2025-09-09T11:20:12","slug":"ttvv","status":"publish","type":"page","link":"https:\/\/onemd.ro\/ko\/ttvv\/","title":{"rendered":"TTVV"},"content":{"rendered":"<div class=\"wp-block-image\">\n<figure class=\"aligncenter size-medium\"><img decoding=\"async\" width=\"300\" height=\"150\" src=\"https:\/\/onemd.ro\/wp-content\/uploads\/2025\/08\/TTVV-300x150.jpg\" alt=\"TTVV\" class=\"wp-image-1565\" srcset=\"https:\/\/onemd.ro\/wp-content\/uploads\/2025\/08\/TTVV-300x150.jpg 300w, https:\/\/onemd.ro\/wp-content\/uploads\/2025\/08\/TTVV-1024x512.jpg 1024w, https:\/\/onemd.ro\/wp-content\/uploads\/2025\/08\/TTVV-768x384.jpg 768w, https:\/\/onemd.ro\/wp-content\/uploads\/2025\/08\/TTVV-18x9.jpg 18w, https:\/\/onemd.ro\/wp-content\/uploads\/2025\/08\/TTVV.jpg 1058w\" sizes=\"(max-width: 300px) 100vw, 300px\" \/><\/figure><\/div>\n\n\n<h1 class=\"wp-block-heading has-large-font-size\">\ud83c\udf3f TTVV - \uc790\uc5f0\uc2a4\ub7ec\uc6b4 \uc544\ub984\ub2e4\uc6c0\uc744 \uc704\ud55c \ud504\ub9ac\ubbf8\uc5c4 \ucf54\ub9ac\uc548 \ucf00\uc5b4<\/h1>\n\n\n\n<p><strong>TTVV<\/strong> \ub294 \ub2e4\uc74c\uacfc \uac19\uc740 \ucca0\ud559\uc744 \ubc14\ud0d5\uc73c\ub85c \ud55c \ud55c\uad6d \uc2a4\ud0a8\ucf00\uc5b4 \ubc0f \ud37c\uc2a4\ub110 \ucf00\uc5b4 \ube0c\ub79c\ub4dc\uc785\ub2c8\ub2e4. <strong>\"\ub9e4\uc6b0 \ud65c\uae30\ucc2c \uc9c4\uc2e4\"<\/strong> - \uc9c4\uc815\ud55c \uc544\ub984\ub2e4\uc6c0\uc740 \uac74\uac15\ud558\uace0 \uade0\ud615 \uc7a1\ud78c \ud53c\ubd80\uc5d0\uc11c \uc2dc\uc791\ub429\ub2c8\ub2e4. \uc81c\ud488\uc740 \ub2e4\uc74c\uacfc \uac19\uc774 \uc81c\uc870\ub429\ub2c8\ub2e4. <strong>\uc548\uc804\ud558\uace0 \ud6a8\uacfc\uc801\uc778 \uc131\ubd84<\/strong>\ub294 \uc790\uc5f0\uc5d0\uc11c \uc601\uac10\uc744 \ubc1b\uace0 \ud604\ub300 \uacfc\ud559\uc774 \ub4b7\ubc1b\uce68\ud558\ub294 \uc81c\ud488\uc73c\ub85c \ud53c\ubd80\uc758 \uc77c\uc0c1\uc801\uc778 \uc694\uad6c\ub97c \ucda9\uc871\ud569\ub2c8\ub2e4.<\/p>\n\n\n\n<p>TTVV \uacb0\ud569 <strong>\ud55c\uad6d\uc2dd \ubbf8\ub2c8\uba40\ub9ac\uc998<\/strong> \uc640 \ud568\uaed8 <strong>\ucca8\ub2e8 \ud53c\ubd80\uacfc \uae30\uc220<\/strong>\ub97c \ud1b5\ud574 \ubc1d\uace0 \ucd09\ucd09\ud558\uba70 \ubcf4\ud638\ub41c \ud53c\ubd80\ub97c \uc704\ud55c \uc2e4\uc6a9\uc801\uc774\uace0 \uae68\ub057\ud55c \uc194\ub8e8\uc158\uc744 \uc81c\uacf5\ud569\ub2c8\ub2e4.<\/p>\n\n\n\n<h2 class=\"wp-block-heading has-large-font-size\">\ud83d\udc8e TTVV\ub97c \uc120\ud0dd\ud574\uc57c \ud558\ub294 \uc774\uc720<\/h2>\n\n\n\n<ul class=\"wp-block-list\">\n<li>\ud83c\udf31 <strong>\ucc9c\uc5f0\uc758 \uc548\uc804\ud55c \uc131\ubd84<\/strong> - \ud30c\ub77c\ubca4, \ud669\uc0b0\uc5fc, \uc778\uacf5 \ud5a5\ub8cc \ubb34\ud568\uc720.<\/li>\n\n\n\n<li>\ud83d\udca7 <strong>\ubcf4\uc2b5\uacfc \ubcf4\ud638\uc5d0 \uc9d1\uc911<\/strong> - \uac74\uac15\ud558\uace0 \ud65c\ub825 \ub118\uce58\ub294 \ud53c\ubd80\ub97c \uc704\ud574.<\/li>\n\n\n\n<li>\ud83e\udeb7 <strong>\ubd80\ub4dc\ub7ec\uc6b4 \ud3ec\ubbac\ub7ec<\/strong> - \ubbfc\uac10\ud558\uac70\ub098 \uc790\uadf9\uc744 \ubc1b\uae30 \uc26c\uc6b4 \ud53c\ubd80\uc5d0 \uc774\uc0c1\uc801\uc785\ub2c8\ub2e4.<\/li>\n\n\n\n<li>\ud83d\udd2c <strong>\uc790\uc5f0\uacfc \uacfc\ud559\uc758 \uade0\ud615<\/strong> - \uc2dd\ubb3c \uc131\ubd84 + \ud53c\ubd80\uacfc \uc5f0\uad6c.<\/li>\n\n\n\n<li>\ud83c\udf0d <strong>\uc9c4\uc815\ud55c K-\ubdf0\ud2f0\uc758 \uc77c\ubd80<\/strong> - \ub2e8\uc21c\uc131\uacfc \ud6a8\uc728\uc131\uc744 \uc778\uc815\ubc1b\uc558\uc2b5\ub2c8\ub2e4.<\/li>\n<\/ul>\n\n\n\n<h2 class=\"wp-block-heading has-large-font-size\">\ud83d\udd11 \uc8fc\uc694 \uc81c\ud488 TTVV<\/h2>\n\n\n\n<ul class=\"wp-block-list\">\n<li>\ud83d\udca6 <strong>\ubaa8\uc774\uc2a4\ucc98\ub77c\uc774\uc9d5 \uc5d0\uc13c\uc2a4<\/strong> - \uc720\uc5f0\ud558\uace0 \ubca8\ubcb3 \uac19\uc740 \ud53c\ubd80\ub97c \uc704\ud55c \ubcf4\uc2b5 \uc5d0\uc13c\uc2a4.<\/li>\n\n\n\n<li>\ud83c\udf3f <strong>\uc218\ub529 \ud06c\ub9bc<\/strong> - \ud53c\ubd80 \ubc1c\uc801\uacfc \uc790\uadf9\uc744 \uc644\ud654\ud558\ub294 \uc9c4\uc815 \ud06c\ub9bc.<\/li>\n\n\n\n<li>\ud83c\udf43 <strong>\ubc38\ub7f0\uc2f1 \ud1a0\ub108<\/strong> - \ud53c\ubd80\uc758 pH \uade0\ud615\uc744 \ub9de\ucdb0\uc8fc\ub294 \uac00\ubcbc\uc6b4 \ud1a0\ub108.<\/li>\n\n\n\n<li>\u2728 <strong>\ube0c\ub77c\uc774\ud2b8\ub2dd \uc804\uad6c<\/strong> - \ub18d\ucd95 \uc138\ub7fc\uc73c\ub85c \uc548\uc0c9\uc744 \ubc1d\uace0 \uade0\uc77c\ud558\uac8c \uac00\uafd4\uc90d\ub2c8\ub2e4.<\/li>\n<\/ul>\n\n\n\n<p><strong>TTVV<\/strong> \ub294 \uc2a4\ud0a8\ucf00\uc5b4 \ub8e8\ud2f4\uc744 \ucc3e\ub294 \ubd84\ub4e4\uc5d0\uac8c \uc801\ud569\ud55c \uc81c\ud488\uc785\ub2c8\ub2e4. <strong>\uac04\ub2e8\ud558\uace0 \uc548\uc804\ud558\uba70 \ud6a8\uacfc\uc801\uc778<\/strong>\ud55c\uad6d\uc758 \uc790\uc5f0\uc5d0\uc11c \uc601\uac10\uc744 \ubc1b\uc740 \uc774 \ube0c\ub79c\ub4dc\ub294 \ud53c\ubd80\uc5d0 \ud65c\ub825\uacfc \uc0dd\uae30\ub97c \ubd88\uc5b4\ub123\uc5b4 \uc77c\uc0c1\uc801\uc778 \uc2a4\ud0a8\ucf00\uc5b4\ub97c \uc9c4\uc815\ud55c \ubdf0\ud2f0 \ub9ac\ucd94\uc5bc\ub85c \ubcc0\ud654\uc2dc\ud0b5\ub2c8\ub2e4. \ud83c\udf3f\u2728<\/p>\n\n\n\n<hr class=\"wp-block-separator aligncenter has-alpha-channel-opacity\"\/>\n\n\n\n<p class=\"has-text-align-center\"><strong>\uc628\ub77c\uc778 \uc81c\ud488 \uc8fc\ubb38 <strong>TTVV<\/strong> \uacf5\uc2dd \ud30c\ud2b8\ub108 \uc0c1\uc810\uc5d0\uc11c \uad6c\uc785\ud558\uc138\uc694:<\/strong><\/p>\n\n\n\n<div class=\"wp-block-group has-large-font-size is-layout-grid wp-container-core-group-is-layout-6be84c55 wp-block-group-is-layout-grid\">\n<figure class=\"wp-block-image size-medium\"><a href=\"https:\/\/sole.ro\" target=\"_blank\" rel=\" noreferrer noopener\"><img decoding=\"async\" width=\"300\" height=\"150\" src=\"https:\/\/onemd.ro\/wp-content\/uploads\/2021\/07\/f6-2-300x150.jpg\" alt=\"sole.ro\" class=\"wp-image-297\" srcset=\"https:\/\/onemd.ro\/wp-content\/uploads\/2021\/07\/f6-2-300x150.jpg 300w, https:\/\/onemd.ro\/wp-content\/uploads\/2021\/07\/f6-2-16x8.jpg 16w, https:\/\/onemd.ro\/wp-content\/uploads\/2021\/07\/f6-2.jpg 600w\" sizes=\"(max-width: 300px) 100vw, 300px\" \/><\/a><\/figure>\n<\/div>\n\n\n\n<p><\/p>","protected":false},"excerpt":{"rendered":"<p>\ud83c\udf3f TTVV \u2013 \u00cengrijire coreean\u0103 premium pentru o frumuse\u021be natural\u0103 TTVV este un brand coreean de skincare \u0219i \u00eengrijire personal\u0103 care se bazeaz\u0103 pe filosofia \u201eTrue To Very Vitality\u201d \u2013 frumuse\u021bea autentic\u0103 porne\u0219te de la o piele s\u0103n\u0103toas\u0103 \u0219i echilibrat\u0103. Produsele sunt formulate cu ingrediente sigure \u0219i eficiente, inspirate din natur\u0103 \u0219i sus\u021binute de \u0219tiin\u021ba [&hellip;]<\/p>","protected":false},"author":1,"featured_media":0,"parent":0,"menu_order":0,"comment_status":"closed","ping_status":"closed","template":"","meta":{"footnotes":""},"class_list":["post-1775","page","type-page","status-publish","hentry"],"aioseo_notices":[],"_links":{"self":[{"href":"https:\/\/onemd.ro\/ko\/wp-json\/wp\/v2\/pages\/1775","targetHints":{"allow":["GET"]}}],"collection":[{"href":"https:\/\/onemd.ro\/ko\/wp-json\/wp\/v2\/pages"}],"about":[{"href":"https:\/\/onemd.ro\/ko\/wp-json\/wp\/v2\/types\/page"}],"author":[{"embeddable":true,"href":"https:\/\/onemd.ro\/ko\/wp-json\/wp\/v2\/users\/1"}],"replies":[{"embeddable":true,"href":"https:\/\/onemd.ro\/ko\/wp-json\/wp\/v2\/comments?post=1775"}],"version-history":[{"count":1,"href":"https:\/\/onemd.ro\/ko\/wp-json\/wp\/v2\/pages\/1775\/revisions"}],"predecessor-version":[{"id":1776,"href":"https:\/\/onemd.ro\/ko\/wp-json\/wp\/v2\/pages\/1775\/revisions\/1776"}],"wp:attachment":[{"href":"https:\/\/onemd.ro\/ko\/wp-json\/wp\/v2\/media?parent=1775"}],"curies":[{"name":"wp","href":"https:\/\/api.w.org\/{rel}","templated":true}]}}