{"id":1781,"date":"2025-09-09T11:26:12","date_gmt":"2025-09-09T11:26:12","guid":{"rendered":"https:\/\/onemd.ro\/?page_id=1781"},"modified":"2025-09-09T11:26:14","modified_gmt":"2025-09-09T11:26:14","slug":"snature","status":"publish","type":"page","link":"https:\/\/onemd.ro\/ko\/snature\/","title":{"rendered":"\uc790\uc5f0"},"content":{"rendered":"<div class=\"wp-block-image\">\n<figure class=\"aligncenter size-medium\"><img decoding=\"async\" width=\"300\" height=\"150\" src=\"https:\/\/onemd.ro\/wp-content\/uploads\/2025\/08\/snature-300x150.jpg\" alt=\"S.NATURE\" class=\"wp-image-1567\" srcset=\"https:\/\/onemd.ro\/wp-content\/uploads\/2025\/08\/snature-300x150.jpg 300w, https:\/\/onemd.ro\/wp-content\/uploads\/2025\/08\/snature-1024x512.jpg 1024w, https:\/\/onemd.ro\/wp-content\/uploads\/2025\/08\/snature-768x384.jpg 768w, https:\/\/onemd.ro\/wp-content\/uploads\/2025\/08\/snature-18x9.jpg 18w, https:\/\/onemd.ro\/wp-content\/uploads\/2025\/08\/snature.jpg 1058w\" sizes=\"(max-width: 300px) 100vw, 300px\" \/><\/figure><\/div>\n\n\n<h1 class=\"wp-block-heading has-large-font-size\">\ud83c\udf3f S.NATURE - \ubaa8\ub4e0 \ud53c\ubd80 \ud0c0\uc785\uc744 \uc704\ud55c \uc790\uc5f0\uc2a4\ub7fd\uace0 \uc548\uc804\ud55c \ud55c\uad6d \uc2a4\ud0a8\ucf00\uc5b4<\/h1>\n\n\n\n<p><strong>S.NATURE<\/strong> \uc758 \ud55c\uad6d \ube0c\ub79c\ub4dc\uc785\ub2c8\ub2e4. <strong>\ud504\ub9ac\ubbf8\uc5c4 \uc2a4\ud0a8\ucf00\uc5b4<\/strong> \ub97c \uacb0\ud569\ud55c <strong>\ucc9c\uc5f0 \uc131\ubd84<\/strong> \uc640 \ud568\uaed8 <strong>\ucd5c\uc2e0 \ud53c\ubd80\uacfc \uae30\uc220<\/strong> \uc548\uc804\ud558\uace0 \ud6a8\uacfc\uc801\uc778 \uc81c\ud488\uc744 \ub9cc\ub4e4\uae30 \uc704\ud574 \ub178\ub825\ud558\uace0 \uc788\uc2b5\ub2c8\ub2e4. \uc774 \ud68c\uc0ac\uc758 \ucca0\ud559\uc740 \ub2e4\uc74c\uacfc \uac19\uc2b5\ub2c8\ub2e4. <strong>\ub2e8\uc21c\uc131, \uc21c\uc218\uc131, \uade0\ud615<\/strong>\ub97c \ud1b5\ud574 \ubbfc\uac10\ud55c \ud53c\ubd80\uc5d0\ub3c4 \uc801\ud569\ud55c \ucf00\uc5b4 \uc194\ub8e8\uc158\uc744 \uc81c\uacf5\ud569\ub2c8\ub2e4.<\/p>\n\n\n\n<p>\uc5d0\uc2a4\ub124\uc774\ucc98\ub294 \uc21c\ud558\uace0 \ud6a8\uacfc\uc801\uc778 \ud3ec\ubbac\ub7ec\ub85c \uac74\uac15\ud558\uace0 \ub208\uc5d0 \ub744\uac8c \ud658\ud55c \ud53c\ubd80\ub97c \uc704\ud574 \ud55c\uad6d\uc801\uc778 \uc544\ub984\ub2e4\uc6c0\uc5d0 \ub300\ud55c \uae68\ub057\ud55c \uc811\uadfc\uc744 \uc120\ub3c4\ud569\ub2c8\ub2e4.<\/p>\n\n\n\n<h2 class=\"wp-block-heading has-large-font-size\">\ud83d\udc8e S.NATURE\ub97c \uc120\ud0dd\ud558\ub294 \uc774\uc720<\/h2>\n\n\n\n<ul class=\"wp-block-list\">\n<li>\ud83c\udf31 <strong>\ucc9c\uc5f0 \uc131\ubd84<\/strong> - \uc2dd\ubb3c \ucd94\ucd9c\ubb3c \ubc0f \ud65c\uc131 \uc2dd\ubb3c \ud654\ud569\ubb3c\uc744 \ud568\uc720\ud558\uace0 \uc788\uc2b5\ub2c8\ub2e4.<\/li>\n\n\n\n<li>\ud83d\udca7 <strong>\ubbfc\uac10\ud55c \ud53c\ubd80\uc5d0\ub3c4 \uc548\uc804<\/strong> - \ud30c\ub77c\ubca4, \ud5a5\ub8cc, \uc778\uacf5 \uc0c9\uc18c \ubb34\ud568\uc720.<\/li>\n\n\n\n<li>\ud83e\udeb7 <strong>\ubcf4\uc2b5\uacfc \uc9c4\uc815\uc5d0 \uc9d1\uc911<\/strong> - \uade0\ud615 \uc7a1\ud78c \ud53c\ubd80\ub97c \uc704\ud55c \ud544\uc218 \uc694\uc18c\uc785\ub2c8\ub2e4.<\/li>\n\n\n\n<li>\ud83d\udc69\u200d\u2695\ufe0f <strong>\ud53c\ubd80\uacfc \ud14c\uc2a4\ud2b8 \uc644\ub8cc<\/strong> - \ud53c\ubd80 \uac74\uac15\uc744 \uc5fc\ub450\uc5d0 \ub450\uace0 \uac1c\ubc1c\ub41c \uc81c\ud488\uc785\ub2c8\ub2e4.<\/li>\n\n\n\n<li>\ud83c\udf0d <strong>\uce5c\ud658\uacbd \ucca0\ud559<\/strong> - \ud53c\ubd80\uc640 \ud658\uacbd\uc744 \uc874\uc911\ud569\ub2c8\ub2e4.<\/li>\n<\/ul>\n\n\n\n<h2 class=\"wp-block-heading has-large-font-size\">\ud83d\udd11 \uc8fc\uc694 \uc81c\ud488 S.NATURE<\/h2>\n\n\n\n<ul class=\"wp-block-list\">\n<li>\ud83d\udca6 <strong>\uc544\ucfe0\uc544 \uc2a4\ucfe0\uc54c\ub780 \ubaa8\uc774\uc2a4\ucc98\ub77c\uc774\uc800<\/strong> - \uac00\ubcbc\uc6b4 \uc9c8\uac10\uc758 \uac15\ub82c\ud55c \ubcf4\uc2b5\uc81c\uc785\ub2c8\ub2e4.<\/li>\n\n\n\n<li>\ud83c\udf3f <strong>\uc13c\ud154\ub77c \uc2a4\ud0a8 \uce74\ubc0d \ud1a0\ub108<\/strong> - \uc13c\ud154\ub77c\uc544\uc2dc\uc544\ud2f0\uce74\uac00 \ud568\uc720\ub41c \uc9c4\uc815 \ud1a0\ub108\ub85c \ubbfc\uac10\ud55c \ud53c\ubd80\uc5d0 \uc774\uc0c1\uc801\uc785\ub2c8\ub2e4.<\/li>\n\n\n\n<li>\ud83c\udf43 <strong>\uc300 \ud6a8\uc18c \ud074\ub80c\uc800<\/strong> - \ucc9c\uc5f0 \uc300 \ud6a8\uc18c\uac00 \ud568\uc720\ub41c \ubd80\ub4dc\ub7ec\uc6b4 \ud074\ub80c\uc9d5 \ud30c\uc6b0\ub354\uc785\ub2c8\ub2e4.<\/li>\n\n\n\n<li>\u2728 <strong>\ud2b8\ub9ac\ud50c \ud788\uc54c\ub8e8\ub85c\ub2c9 \uc570\ud50c<\/strong> - \ud788\uc54c\ub8e8\ub860\uc0b0 \uc138\ub7fc\uc73c\ub85c \uacb9\uacb9\uc774 \ubcf4\uc2b5\uc744 \uc120\uc0ac\ud569\ub2c8\ub2e4.<\/li>\n<\/ul>\n\n\n\n<p><strong>S.NATURE<\/strong> \ub294 \uadf8\ub8e8\ubc0d \ub8e8\ud2f4\uc744 \ucc3e\ub294 \ubd84\ub4e4\uc5d0\uac8c \uc644\ubcbd\ud55c \uc120\ud0dd\uc785\ub2c8\ub2e4. <strong>\uae68\ub057\ud558\uace0 \uc548\uc804\ud558\uba70 \ud6a8\uc728\uc801\uc778<\/strong>\ud53c\ubd80 \uade0\ud615\uacfc \ubcf4\uc2b5\uc744 \uc704\ud55c \uc81c\ud488\uc744 \uc120\ubcf4\uc785\ub2c8\ub2e4. \uc790\uc5f0\uc5d0\uc11c \uc601\uac10\uc744 \ubc1b\uace0 \uacfc\ud559\uc774 \ub4b7\ubc1b\uce68\ud558\ub294 \uc774 \ube0c\ub79c\ub4dc\ub294 \ub208\uc5d0 \ub744\ub294 \ud6a8\uacfc\ub97c \ub0b4\ub294 \uac04\ub2e8\ud55c \uc194\ub8e8\uc158\uc744 \uc81c\uacf5\ud569\ub2c8\ub2e4. \ud83c\udf3f\ud83d\udca7<\/p>\n\n\n\n<hr class=\"wp-block-separator aligncenter has-alpha-channel-opacity\"\/>\n\n\n\n<p class=\"has-text-align-center\"><strong>\uc628\ub77c\uc778 \uc81c\ud488 \uc8fc\ubb38 <strong>S.NATURE<\/strong> \uacf5\uc2dd \ud30c\ud2b8\ub108 \uc0c1\uc810\uc5d0\uc11c \uad6c\uc785\ud558\uc138\uc694:<\/strong><\/p>\n\n\n\n<div class=\"wp-block-group has-large-font-size is-layout-grid wp-container-core-group-is-layout-6be84c55 wp-block-group-is-layout-grid\">\n<figure class=\"wp-block-image size-medium\"><a href=\"https:\/\/sole.ro\" target=\"_blank\" rel=\" noreferrer noopener\"><img decoding=\"async\" width=\"300\" height=\"150\" src=\"https:\/\/onemd.ro\/wp-content\/uploads\/2021\/07\/f6-2-300x150.jpg\" alt=\"sole.ro\" class=\"wp-image-297\" srcset=\"https:\/\/onemd.ro\/wp-content\/uploads\/2021\/07\/f6-2-300x150.jpg 300w, https:\/\/onemd.ro\/wp-content\/uploads\/2021\/07\/f6-2-16x8.jpg 16w, https:\/\/onemd.ro\/wp-content\/uploads\/2021\/07\/f6-2.jpg 600w\" sizes=\"(max-width: 300px) 100vw, 300px\" \/><\/a><\/figure>\n<\/div>","protected":false},"excerpt":{"rendered":"<p>\ud83c\udf3f S.NATURE \u2013 Skincare coreean natural \u0219i sigur pentru toate tipurile de piele S.NATURE este un brand coreean de skincare premium care \u00eembin\u0103 ingredientele naturale cu tehnologia dermatologic\u0103 modern\u0103 pentru a crea produse sigure \u0219i eficiente. Filosofia sa este centrat\u0103 pe simplitate, puritate \u0219i echilibru, oferind solu\u021bii de \u00eengrijire potrivite chiar \u0219i pentru pielea sensibil\u0103. [&hellip;]<\/p>","protected":false},"author":1,"featured_media":0,"parent":0,"menu_order":0,"comment_status":"closed","ping_status":"closed","template":"","meta":{"footnotes":""},"class_list":["post-1781","page","type-page","status-publish","hentry"],"aioseo_notices":[],"_links":{"self":[{"href":"https:\/\/onemd.ro\/ko\/wp-json\/wp\/v2\/pages\/1781","targetHints":{"allow":["GET"]}}],"collection":[{"href":"https:\/\/onemd.ro\/ko\/wp-json\/wp\/v2\/pages"}],"about":[{"href":"https:\/\/onemd.ro\/ko\/wp-json\/wp\/v2\/types\/page"}],"author":[{"embeddable":true,"href":"https:\/\/onemd.ro\/ko\/wp-json\/wp\/v2\/users\/1"}],"replies":[{"embeddable":true,"href":"https:\/\/onemd.ro\/ko\/wp-json\/wp\/v2\/comments?post=1781"}],"version-history":[{"count":1,"href":"https:\/\/onemd.ro\/ko\/wp-json\/wp\/v2\/pages\/1781\/revisions"}],"predecessor-version":[{"id":1782,"href":"https:\/\/onemd.ro\/ko\/wp-json\/wp\/v2\/pages\/1781\/revisions\/1782"}],"wp:attachment":[{"href":"https:\/\/onemd.ro\/ko\/wp-json\/wp\/v2\/media?parent=1781"}],"curies":[{"name":"wp","href":"https:\/\/api.w.org\/{rel}","templated":true}]}}