{"id":1787,"date":"2025-09-09T11:31:32","date_gmt":"2025-09-09T11:31:32","guid":{"rendered":"https:\/\/onemd.ro\/?page_id=1787"},"modified":"2025-09-09T11:31:34","modified_gmt":"2025-09-09T11:31:34","slug":"unove","status":"publish","type":"page","link":"https:\/\/onemd.ro\/ko\/unove\/","title":{"rendered":"Unove"},"content":{"rendered":"<div class=\"wp-block-image\">\n<figure class=\"aligncenter size-medium\"><img decoding=\"async\" width=\"300\" height=\"150\" src=\"https:\/\/onemd.ro\/wp-content\/uploads\/2025\/08\/unove-300x150.jpg\" alt=\"Unove\" class=\"wp-image-1569\" srcset=\"https:\/\/onemd.ro\/wp-content\/uploads\/2025\/08\/unove-300x150.jpg 300w, https:\/\/onemd.ro\/wp-content\/uploads\/2025\/08\/unove-1024x512.jpg 1024w, https:\/\/onemd.ro\/wp-content\/uploads\/2025\/08\/unove-768x384.jpg 768w, https:\/\/onemd.ro\/wp-content\/uploads\/2025\/08\/unove-18x9.jpg 18w, https:\/\/onemd.ro\/wp-content\/uploads\/2025\/08\/unove.jpg 1058w\" sizes=\"(max-width: 300px) 100vw, 300px\" \/><\/figure><\/div>\n\n\n<h1 class=\"wp-block-heading has-large-font-size\">\ud83c\udf3f Unove - \ud55c\uad6d \ud504\ub9ac\ubbf8\uc5c4 \uae30\uc220\ub85c \uc9d1\uc911 \ud5e4\uc5b4 \ucf00\uc5b4<\/h1>\n\n\n\n<p><strong>Unove<\/strong> \uc758 \ud55c\uad6d \ube0c\ub79c\ub4dc\uc785\ub2c8\ub2e4. <strong>\uc804\ubb38 \ud5e4\uc5b4 \ucf00\uc5b4<\/strong>\ub294 \uac00\uc7a5 \uc190\uc0c1\ub41c \ubaa8\ubc1c\uae4c\uc9c0 \ubcf5\uad6c\ud558\ub3c4\ub85d \uc124\uacc4\ub41c \uace0\uae09 \ud3ec\ubbac\ub7ec\ub85c \uc778\uc815\ubc1b\uace0 \uc788\uc2b5\ub2c8\ub2e4. \uc774 \uc81c\ud488\uc740 \ub2e4\uc74c\uc744 \uacb0\ud569\ud569\ub2c8\ub2e4. <strong>\uace0\ud488\uc9c8 \uc601\uc591 \uc131\ubd84<\/strong> \uc640 \ud568\uaed8 <strong>\ud601\uc2e0\uc801\uc778 \uae30\uc220<\/strong>\ub97c \uc0ac\uc6a9\ud558\uc5ec \ucc98\uc74c \uba87 \ubc88 \uc0ac\uc6a9\ud558\uba74 \ub208\uc5d0 \ub744\ub294 \uacb0\uacfc\ub97c \uc5bb\uc744 \uc218 \uc788\uc2b5\ub2c8\ub2e4.<\/p>\n\n\n\n<p>Unove\uc758 \ucca0\ud559\uc740 \uac04\ub2e8\ud569\ub2c8\ub2e4: <strong>\uac74\uac15\ud558\uace0 \ucd09\ucd09\ud558\uba70 \ud2bc\ud2bc\ud55c \ubaa8\ubc1c<\/strong>\uc804\ubb38 \uc0b4\ub871 \ud2b8\ub9ac\ud2b8\uba3c\ud2b8\uc5d0\uc11c \uc601\uac10\uc744 \ubc1b\uc740 \ud504\ub9ac\ubbf8\uc5c4 \uadf8\ub8e8\ubc0d \ub8e8\ud2f4\uc744 \uc81c\uacf5\ud569\ub2c8\ub2e4.<\/p>\n\n\n\n<h2 class=\"wp-block-heading has-large-font-size\">\ud83d\udc8e Unove\ub97c \uc120\ud0dd\ud574\uc57c \ud558\ub294 \uc774\uc720<\/h2>\n\n\n\n<ul class=\"wp-block-list\">\n<li>\ud83c\udf31 <strong>\ud65c\uc131 \uc601\uc591 \uc131\ubd84<\/strong> - \ub2e8\ubc31\uc9c8, \uc544\ubbf8\ub178\uc0b0 \ubc0f \uc2dd\ubb3c\uc131 \uc624\uc77c\uc744 \ud568\uc720\ud558\uace0 \uc788\uc2b5\ub2c8\ub2e4.<\/li>\n\n\n\n<li>\ud83d\udca7 <strong>\uc9d1\uc911 \ubcf4\uc2b5 \ubc0f \ud68c\ubcf5<\/strong> - \uc190\uc0c1\ub418\uac70\ub098 \uac74\uc870\ud558\uac70\ub098 \ubd80\uc11c\uc9c0\uae30 \uc26c\uc6b4 \ubaa8\ubc1c\uc5d0 \uc801\ud569\ud569\ub2c8\ub2e4.<\/li>\n\n\n\n<li>\ud83d\udc69\u200d\ud83d\udd2c <strong>\uc804\ubb38 \uacf5\uc2dd<\/strong> - \uc9d1\uc5d0\uc11c\ub3c4 \uc0b4\ub871 \uc218\uc900\uc758 \uacb0\uacfc\ub97c \uc5bb\uc744 \uc218 \uc788\uc2b5\ub2c8\ub2e4.<\/li>\n\n\n\n<li>\u2728 <strong>\uace0\uae09\uc2a4\ub7ec\uc6b4 \ud14d\uc2a4\ucc98\uc640 \uc138\ub828\ub41c \ud5a5<\/strong> - \ub9e4\ubc88 \uc990\uac70\uc6b4 \uacbd\ud5d8\uc744 \uc120\uc0ac\ud569\ub2c8\ub2e4.<\/li>\n\n\n\n<li>\ud83c\udf0d <strong>K-\ubdf0\ud2f0\uc758 \ud3c9\ud310<\/strong> - \uad6d\ub0b4\ub294 \ubb3c\ub860 \uc804 \uc138\uacc4\uc801\uc73c\ub85c \uc0ac\ub791\ubc1b\ub294 \ube0c\ub79c\ub4dc\uc785\ub2c8\ub2e4.<\/li>\n<\/ul>\n\n\n\n<h2 class=\"wp-block-heading has-large-font-size\">\ud83d\udd11 Unove \uc8fc\uc694 \uc81c\ud488<\/h2>\n\n\n\n<ul class=\"wp-block-list\">\n<li>\ud83d\udc86 <strong>\uc2ec\ubd80 \uc190\uc0c1 \uce58\ub8cc EX<\/strong> - \uae4a\uc740 \ud68c\ubcf5\uc744 \uc704\ud55c \uc9d1\uc911 \ud5e4\uc5b4 \ub9c8\uc2a4\ud06c.<\/li>\n\n\n\n<li>\ud83d\udca7 <strong>\uc2e4\ud0a4 \uc624\uc77c \uc138\ub7fc<\/strong> - \uc2e4\ud06c\ucc98\ub7fc \ubd80\ub4dc\ub7ec\uc6b4 \ubaa8\ubc1c\uc744 \uc704\ud55c \uac00\ubcbc\uc6b4 \uc9c8\uac10\uc758 \uc601\uc591 \uc138\ub7fc.<\/li>\n\n\n\n<li>\ud83c\udf38 <strong>\ubcfc\ub968 \uc5c5 \uc0f4\ud478<\/strong> - \ubcfc\ub968\uacfc \ud65c\ub825\uc744 \uc8fc\ub294 \uac00\ub294 \ubaa8\ubc1c\uc6a9 \uc0f4\ud478\uc785\ub2c8\ub2e4.<\/li>\n\n\n\n<li>\ud83c\udf43 <strong>\uc601\uc591 \ucee8\ub514\uc154\ub108<\/strong> - \ubd80\ub4dc\ub7ec\uc6c0\uacfc \uc724\uae30\ub97c \uc704\ud55c \ubcf4\uc2b5 \ucee8\ub514\uc154\ub108.<\/li>\n<\/ul>\n\n\n\n<p><strong>Unove<\/strong> \ud504\ub9ac\ubbf8\uc5c4\uc744 \uc6d0\ud558\ub294 \ubd84\ub4e4\uc5d0\uac8c \uc774\uc0c1\uc801\uc778 \uc120\ud0dd\uc785\ub2c8\ub2e4. <strong>\ubaa8\ubc1c \ud68c\ubcf5 \ubc0f \uc601\uc591 \uacf5\uae09<\/strong>K-\ubdf0\ud2f0\uc5d0\uc11c \uc601\uac10\uc744 \ubc1b\uc740 \uc804\ubb38\uac00\uc6a9 \uc81c\ud488\uc744 \ub9cc\ub098\ubcf4\uc138\uc694. \uc720\ub178\ube0c\ub97c \uc0ac\uc6a9\ud558\uba74 \ubaa8\ubc1c\uc774 \ub208\uc5d0 \ub744\uac8c \ub354 \uac74\uac15\ud558\uace0 \ud2bc\ud2bc\ud558\uba70 \uc724\uae30\uac00 \ub098\uac8c \ub429\ub2c8\ub2e4. \ud83c\udf3f\u2728<\/p>\n\n\n\n<hr class=\"wp-block-separator aligncenter has-alpha-channel-opacity\"\/>\n\n\n\n<p class=\"has-text-align-center\"><strong>\uc628\ub77c\uc778 \uc81c\ud488 \uc8fc\ubb38 <strong>Unove<\/strong> \uacf5\uc2dd \ud30c\ud2b8\ub108 \uc0c1\uc810\uc5d0\uc11c \uad6c\uc785\ud558\uc138\uc694:<\/strong><\/p>\n\n\n\n<div class=\"wp-block-group has-large-font-size is-layout-grid wp-container-core-group-is-layout-6be84c55 wp-block-group-is-layout-grid\">\n<figure class=\"wp-block-image size-medium\"><a href=\"https:\/\/sole.ro\/brand\/unove\" target=\"_blank\" rel=\" noreferrer noopener\"><img decoding=\"async\" width=\"300\" height=\"150\" src=\"https:\/\/onemd.ro\/wp-content\/uploads\/2021\/07\/f6-2-300x150.jpg\" alt=\"sole.ro\" class=\"wp-image-297\" srcset=\"https:\/\/onemd.ro\/wp-content\/uploads\/2021\/07\/f6-2-300x150.jpg 300w, https:\/\/onemd.ro\/wp-content\/uploads\/2021\/07\/f6-2-16x8.jpg 16w, https:\/\/onemd.ro\/wp-content\/uploads\/2021\/07\/f6-2.jpg 600w\" sizes=\"(max-width: 300px) 100vw, 300px\" \/><\/a><\/figure>\n<\/div>\n\n\n\n<p><\/p>","protected":false},"excerpt":{"rendered":"<p>\ud83c\udf3f Unove \u2013 \u00cengrijire intensiv\u0103 pentru p\u0103r cu tehnologie premium coreean\u0103 Unove este un brand coreean de \u00eengrijire profesional\u0103 a p\u0103rului, recunoscut pentru formulele sale avansate, concepute s\u0103 repare chiar \u0219i cele mai deteriorate fire de p\u0103r. Produsele combin\u0103 ingrediente nutritive de \u00eenalt\u0103 calitate cu tehnologie inovatoare, oferind rezultate vizibile dup\u0103 primele utiliz\u0103ri. Filosofia Unove [&hellip;]<\/p>","protected":false},"author":1,"featured_media":0,"parent":0,"menu_order":0,"comment_status":"closed","ping_status":"closed","template":"","meta":{"footnotes":""},"class_list":["post-1787","page","type-page","status-publish","hentry"],"aioseo_notices":[],"_links":{"self":[{"href":"https:\/\/onemd.ro\/ko\/wp-json\/wp\/v2\/pages\/1787","targetHints":{"allow":["GET"]}}],"collection":[{"href":"https:\/\/onemd.ro\/ko\/wp-json\/wp\/v2\/pages"}],"about":[{"href":"https:\/\/onemd.ro\/ko\/wp-json\/wp\/v2\/types\/page"}],"author":[{"embeddable":true,"href":"https:\/\/onemd.ro\/ko\/wp-json\/wp\/v2\/users\/1"}],"replies":[{"embeddable":true,"href":"https:\/\/onemd.ro\/ko\/wp-json\/wp\/v2\/comments?post=1787"}],"version-history":[{"count":1,"href":"https:\/\/onemd.ro\/ko\/wp-json\/wp\/v2\/pages\/1787\/revisions"}],"predecessor-version":[{"id":1788,"href":"https:\/\/onemd.ro\/ko\/wp-json\/wp\/v2\/pages\/1787\/revisions\/1788"}],"wp:attachment":[{"href":"https:\/\/onemd.ro\/ko\/wp-json\/wp\/v2\/media?parent=1787"}],"curies":[{"name":"wp","href":"https:\/\/api.w.org\/{rel}","templated":true}]}}