{"id":1793,"date":"2025-09-09T11:40:09","date_gmt":"2025-09-09T11:40:09","guid":{"rendered":"https:\/\/onemd.ro\/?page_id=1793"},"modified":"2025-09-09T11:40:11","modified_gmt":"2025-09-09T11:40:11","slug":"watiforskin","status":"publish","type":"page","link":"https:\/\/onemd.ro\/ko\/watiforskin\/","title":{"rendered":"\uc640\ud2f0\ud3ec\uc2a4\ud0a8"},"content":{"rendered":"<div class=\"wp-block-image\">\n<figure class=\"aligncenter size-medium\"><img decoding=\"async\" width=\"300\" height=\"150\" src=\"https:\/\/onemd.ro\/wp-content\/uploads\/2025\/08\/wati-for-skin-300x150.jpg\" alt=\"\uc640\ud2f0\ud3ec\uc2a4\ud0a8\" class=\"wp-image-1571\" srcset=\"https:\/\/onemd.ro\/wp-content\/uploads\/2025\/08\/wati-for-skin-300x150.jpg 300w, https:\/\/onemd.ro\/wp-content\/uploads\/2025\/08\/wati-for-skin-1024x512.jpg 1024w, https:\/\/onemd.ro\/wp-content\/uploads\/2025\/08\/wati-for-skin-768x384.jpg 768w, https:\/\/onemd.ro\/wp-content\/uploads\/2025\/08\/wati-for-skin-18x9.jpg 18w, https:\/\/onemd.ro\/wp-content\/uploads\/2025\/08\/wati-for-skin.jpg 1058w\" sizes=\"(max-width: 300px) 100vw, 300px\" \/><\/figure><\/div>\n\n\n<h1 class=\"wp-block-heading has-large-font-size\">\ud83c\udf3f \uc640\ud2f0\ud3ec\uc2a4\ud0a8 - \uac74\uac15\ud558\uace0 \ube5b\ub098\ub294 \ud53c\ubd80\ub97c \uc704\ud55c \ud601\uc2e0\uc801\uc778 \ud55c\uad6d \uc2a4\ud0a8\ucf00\uc5b4<\/h1>\n\n\n\n<p><strong>\uc640\ud2f0\ud3ec\uc2a4\ud0a8<\/strong> \ub294 \ud55c\uad6d \uc804\uc6a9 \ube0c\ub79c\ub4dc\uc785\ub2c8\ub2e4. <strong>\ud53c\ubd80 \uad00\ub9ac<\/strong> \ub97c \uacb0\ud569\ud55c <strong>\ucc9c\uc5f0 \uc131\ubd84<\/strong> \uc640 \ud568\uaed8 <strong>\ucca8\ub2e8 \uacfc\ud559 \uc5f0\uad6c<\/strong> \ud6a8\uacfc\uc801\uc774\uace0 \uc548\uc804\ud55c \uc194\ub8e8\uc158\uc744 \uc81c\uacf5\ud558\uae30 \uc704\ud574 \ub178\ub825\ud558\uace0 \uc788\uc2b5\ub2c8\ub2e4. \ube0c\ub79c\ub4dc \ucca0\ud559\uc740 \uc9c4\uc815\ud55c \uc544\ub984\ub2e4\uc6c0\uc740 \ub2e4\uc74c\uc5d0\uc11c \uc2dc\uc791\ub41c\ub2e4\ub294 \uc6d0\uce59\uc5d0 \uae30\ubc18\ud569\ub2c8\ub2e4. <strong>\uade0\ud615 \uc7a1\ud788\uace0 \uae54\ub054\ud55c \ud53c\ubd80<\/strong>.<\/p>\n\n\n\n<p>\uc640\ud2f0\ud3ec\uc2a4\ud0a8 \uc81c\ud488\uc740 \uac00\ubccd\uace0 \ube60\ub974\uac8c \ud761\uc218\ub418\ub294 \ud14d\uc2a4\ucc98\uc640 \ub18d\ucd95\ub41c \ud65c\uc131 \uc131\ubd84\uc73c\ub85c \ub9cc\ub4e4\uc5b4\uc838 \ud53c\ubd80\uc5d0 \ubd80\ub2f4\uc744 \uc8fc\uc9c0 \uc54a\uc73c\uba74\uc11c\ub3c4 \ub208\uc5d0 \ub744\ub294 \ud6a8\uacfc\ub97c \uc120\uc0ac\ud569\ub2c8\ub2e4.<\/p>\n\n\n\n<h2 class=\"wp-block-heading has-large-font-size\">\ud83d\udc8e \uc640\ud2f0\ud3ec\uc2a4\ud0a8\uc744 \uc120\ud0dd\ud574\uc57c \ud558\ub294 \uc774\uc720<\/h2>\n\n\n\n<ul class=\"wp-block-list\">\n<li>\ud83c\udf31 <strong>\uae68\ub057\ud558\uace0 \ud53c\ubd80 \uce5c\ud654\uc801\uc778 \uc131\ubd84<\/strong> - \ud30c\ub77c\ubca4, \ud569\uc131 \ud5a5\ub8cc, \uc778\uacf5 \uc0c9\uc18c \ubb34\ud568\uc720.<\/li>\n\n\n\n<li>\ud83d\udca7 <strong>\ubcf4\uc2b5 \ubc0f \ubcf4\ud638<\/strong> - \uac74\uac15\ud55c \ud53c\ubd80 \uc7a5\ubcbd\uc744 \uc720\uc9c0\ud558\ub294 \ub370 \uc9d1\uc911\ud558\uc138\uc694.<\/li>\n\n\n\n<li>\ud83e\udeb7 <strong>\ubaa8\ub4e0 \ud53c\ubd80 \ud0c0\uc785\uc5d0 \uc548\uc804<\/strong> - \ubbfc\uac10\ud55c \ud53c\ubd80\ub3c4 \ub9c8\ucc2c\uac00\uc9c0\uc785\ub2c8\ub2e4.<\/li>\n\n\n\n<li>\ud83d\udd2c <strong>\ud601\uc2e0\uacfc \uc5f0\uad6c<\/strong> - \uacfc\ud559\uc5d0 \uae30\ubc18\ud55c \uacf5\uc2dd\uc73c\ub85c \uc2e4\uc81c \ud6a8\uc728\uc131\uc744 \ub192\uc785\ub2c8\ub2e4.<\/li>\n\n\n\n<li>\ud83c\udf0d <strong>\uc9c4\uc815\ud55c K-\ubdf0\ud2f0\uc758 \uc77c\ubd80<\/strong> - \ud604\ub300\uc801\uc774\uace0 \uad6d\uc81c\uc801\uc73c\ub85c \uc778\uc815\ubc1b\ub294 \ube0c\ub79c\ub4dc\uc785\ub2c8\ub2e4.<\/li>\n<\/ul>\n\n\n\n<h2 class=\"wp-block-heading has-large-font-size\">\ud83d\udd11 \uc8fc\uc694 \uc81c\ud488 \uc640\ud2f0\ud3ec\uc2a4\ud0a8<\/h2>\n\n\n\n<ul class=\"wp-block-list\">\n<li>\ud83d\udca6 <strong>\ud558\uc774\ub4dc\ub77c \uc5d0\uc13c\uc2a4<\/strong> - \uc720\uc5f0\ud558\uace0 \ube5b\ub098\ub294 \ud53c\ubd80\ub97c \uc704\ud55c \uac15\ub82c\ud55c \ubcf4\uc2b5 \uc5d0\uc13c\uc2a4.<\/li>\n\n\n\n<li>\ud83c\udf3f <strong>\uc2dc\uce74 \uce74\ubc0d \ud06c\ub9bc<\/strong> - \ubcd1\ud480 \uc131\ubd84\uc774 \ud568\uc720\ub41c \uc9c4\uc815 \ud06c\ub9bc\uc73c\ub85c \uc790\uadf9\uc744 \uc904\uc5ec\uc90d\ub2c8\ub2e4.<\/li>\n\n\n\n<li>\ud83c\udf43 <strong>\ubc38\ub7f0\uc2a4 \ud1a0\ub108<\/strong> - pH \ubc38\ub7f0\uc2f1\uacfc \ud53c\ubd80 \uc900\ube44\ub97c \uc704\ud55c \uac00\ubcbc\uc6b4 \ud1a0\ub108.<\/li>\n\n\n\n<li>\u2728 <strong>\ube0c\ub77c\uc774\ud2b8\ub2dd \uc138\ub7fc<\/strong> - \ube0c\ub77c\uc774\ud2b8\ub2dd \ubc0f \uc774\ube0c\ub2dd \ud6a8\uacfc\uac00 \uc788\ub294 \ub18d\ucd95 \uc138\ub7fc\uc785\ub2c8\ub2e4.<\/li>\n<\/ul>\n\n\n\n<p><strong>\uc640\ud2f0\ud3ec\uc2a4\ud0a8<\/strong> \uc2a4\ud0a8\ucf00\uc5b4 \ub8e8\ud2f4\uc744 \uc6d0\ud558\ub294 \ubd84\ub4e4\uc5d0\uac8c \uc774\uc0c1\uc801\uc778 \uc81c\ud488\uc785\ub2c8\ub2e4. <strong>\uae68\ub057\ud558\uace0 \uc548\uc804\ud558\uba70 \ud6a8\uc728\uc801\uc778<\/strong>K-\ubdf0\ud2f0 \ud601\uc2e0\uc5d0\uc11c \uc601\uac10\uc744 \ubc1b\uc740 \uc81c\ud488\uc785\ub2c8\ub2e4. \uc774 \uc81c\ud488\uc740 \ud53c\ubd80\uac00 \ub2e4\uc74c\uacfc \uac19\uc774 \ub418\ub3c4\ub85d \ub3c4\uc640\uc90d\ub2c8\ub2e4. <strong>\ub354 \ucd09\ucd09\ud558\uace0, \ub354 \ucc28\ubd84\ud558\uace0, \ub354 \ubc1d\uac8c<\/strong>\ub9e4\uc77c\ub9e4\uc77c. \ud83c\udf3f\ud83d\udca7<\/p>\n\n\n\n<hr class=\"wp-block-separator aligncenter has-alpha-channel-opacity\"\/>\n\n\n\n<p class=\"has-text-align-center\"><strong>\uc628\ub77c\uc778 \uc81c\ud488 \uc8fc\ubb38 <strong>\uc640\ud2f0\ud3ec\uc2a4\ud0a8<\/strong> \uacf5\uc2dd \ud30c\ud2b8\ub108 \uc0c1\uc810\uc5d0\uc11c \uad6c\uc785\ud558\uc138\uc694:<\/strong><\/p>\n\n\n\n<div class=\"wp-block-group has-large-font-size is-layout-grid wp-container-core-group-is-layout-6be84c55 wp-block-group-is-layout-grid\">\n<figure class=\"wp-block-image size-medium\"><a href=\"https:\/\/sole.ro\" target=\"_blank\" rel=\" noreferrer noopener\"><img decoding=\"async\" width=\"300\" height=\"150\" src=\"https:\/\/onemd.ro\/wp-content\/uploads\/2021\/07\/f6-2-300x150.jpg\" alt=\"sole.ro\" class=\"wp-image-297\" srcset=\"https:\/\/onemd.ro\/wp-content\/uploads\/2021\/07\/f6-2-300x150.jpg 300w, https:\/\/onemd.ro\/wp-content\/uploads\/2021\/07\/f6-2-16x8.jpg 16w, https:\/\/onemd.ro\/wp-content\/uploads\/2021\/07\/f6-2.jpg 600w\" sizes=\"(max-width: 300px) 100vw, 300px\" \/><\/a><\/figure>\n<\/div>","protected":false},"excerpt":{"rendered":"<p>\ud83c\udf3f WatiForSkin \u2013 Skincare coreean inovator pentru piele s\u0103n\u0103toas\u0103 \u0219i radiant\u0103 WatiForSkin este un brand coreean dedicat \u00eengrijirii pielii care \u00eembin\u0103 ingredientele naturale cu cercetarea \u0219tiin\u021bific\u0103 avansat\u0103 pentru a oferi solu\u021bii eficiente \u0219i sigure. Filosofia brandului se bazeaz\u0103 pe principiul c\u0103 frumuse\u021bea autentic\u0103 \u00eencepe cu o piele echilibrat\u0103 \u0219i bine \u00eengrijit\u0103. Produsele WatiForSkin sunt formulate [&hellip;]<\/p>\n","protected":false},"author":1,"featured_media":0,"parent":0,"menu_order":0,"comment_status":"closed","ping_status":"closed","template":"","meta":{"footnotes":""},"class_list":["post-1793","page","type-page","status-publish","hentry"],"aioseo_notices":[],"_links":{"self":[{"href":"https:\/\/onemd.ro\/ko\/wp-json\/wp\/v2\/pages\/1793","targetHints":{"allow":["GET"]}}],"collection":[{"href":"https:\/\/onemd.ro\/ko\/wp-json\/wp\/v2\/pages"}],"about":[{"href":"https:\/\/onemd.ro\/ko\/wp-json\/wp\/v2\/types\/page"}],"author":[{"embeddable":true,"href":"https:\/\/onemd.ro\/ko\/wp-json\/wp\/v2\/users\/1"}],"replies":[{"embeddable":true,"href":"https:\/\/onemd.ro\/ko\/wp-json\/wp\/v2\/comments?post=1793"}],"version-history":[{"count":1,"href":"https:\/\/onemd.ro\/ko\/wp-json\/wp\/v2\/pages\/1793\/revisions"}],"predecessor-version":[{"id":1794,"href":"https:\/\/onemd.ro\/ko\/wp-json\/wp\/v2\/pages\/1793\/revisions\/1794"}],"wp:attachment":[{"href":"https:\/\/onemd.ro\/ko\/wp-json\/wp\/v2\/media?parent=1793"}],"curies":[{"name":"wp","href":"https:\/\/api.w.org\/{rel}","templated":true}]}}