{"id":699,"date":"2024-05-27T06:17:27","date_gmt":"2024-05-27T06:17:27","guid":{"rendered":"https:\/\/onemd.ro\/?page_id=699"},"modified":"2025-04-29T11:01:37","modified_gmt":"2025-04-29T11:01:37","slug":"brand-skintegra","status":"publish","type":"page","link":"https:\/\/onemd.ro\/ko\/brand-skintegra\/","title":{"rendered":"\uc2a4\ud0a8\ud14c\uadf8\ub77c"},"content":{"rendered":"<div class=\"wp-block-image\"><figure class=\"aligncenter size-medium\"><img decoding=\"async\" width=\"300\" height=\"150\" src=\"https:\/\/onemd.ro\/wp-content\/uploads\/2021\/07\/skintegra-300x150.jpg\" alt=\"\uc2a4\ud0a8\ud14c\uadf8\ub77c\" class=\"wp-image-318\" title=\"\uc2a4\ud0a8\ud14c\uadf8\ub77c\" srcset=\"https:\/\/onemd.ro\/wp-content\/uploads\/2021\/07\/skintegra-300x150.jpg 300w, https:\/\/onemd.ro\/wp-content\/uploads\/2021\/07\/skintegra-1024x512.jpg 1024w, https:\/\/onemd.ro\/wp-content\/uploads\/2021\/07\/skintegra-768x384.jpg 768w, https:\/\/onemd.ro\/wp-content\/uploads\/2021\/07\/skintegra-16x8.jpg 16w, https:\/\/onemd.ro\/wp-content\/uploads\/2021\/07\/skintegra.jpg 1058w\" sizes=\"(max-width: 300px) 100vw, 300px\" \/><\/figure><\/div>\n\n\n\n<p><strong>\uc2a4\ud0a8\ud14c\uadf8\ub77c\ub294 \ud6a8\uacfc\uc801\uc774\uace0 \uc548\uc804\ud55c \ub354\ub9c8\ucf54\uc2a4\uba54\ud2f1 \uc81c\ud488 \uac1c\ubc1c\uc5d0 \uc804\ub150\ud558\ub294 \ud601\uc2e0\uc801\uc778 \uc2a4\ud0a8\ucf00\uc5b4 \ube0c\ub79c\ub4dc\uc785\ub2c8\ub2e4. \uc2a4\ud0a8\ud14c\uadf8\ub77c\ub294 \ucca8\ub2e8 \uacfc\ud559 \uc5f0\uad6c\ub97c \ubc14\ud0d5\uc73c\ub85c \uace0\ud488\uc9c8 \ud65c\uc131 \uc131\ubd84\uacfc \ubd80\ub4dc\ub7ec\uc6b4 \ud3ec\ubbac\ub7ec \uc0ac\uc6a9\uc5d0 \uc911\uc810\uc744 \ub450\uace0 \ub2e4\uc591\ud55c \ud53c\ubd80 \ubb38\uc81c\uc5d0 \ub300\ud55c \uac1c\uc778 \ub9de\ucda4\ud615 \uc194\ub8e8\uc158\uc744 \uc81c\uacf5\ud569\ub2c8\ub2e4.<\/strong><\/p>\n\n\n\n<p class=\"has-primary-color has-text-color\"><strong><a href=\"https:\/\/www.sole.ro\/brand\/skintegra\" target=\"_blank\" rel=\"noopener\" title=\"\uc2a4\ud0a8\ud14c\uadf8\ub77c \uc8fc\uc694 \uc81c\ud488\">\uc2a4\ud0a8\ud14c\uadf8\ub77c \uc8fc\uc694 \uc81c\ud488<\/a><\/strong><\/p>\n\n\n\n<p>&#8211; <strong>\ud074\ub77c\ub9ac\uc628<\/strong>\uc0b4\ub9ac\uc2e4\uc0b0\uacfc \uae00\ub8e8\ucf54\ub180\ub77d\ud1a4\uc774 \ud568\uc720\ub41c \ubd80\ub4dc\ub7ec\uc6b4 \ud654\ud559 \uac01\uc9c8 \uc81c\uac70\uc81c\ub85c \uc5ec\ub4dc\ub984\uacfc \uc7a1\ud2f0\uac00 \uc0dd\uae30\uae30 \uc26c\uc6b4 \ud53c\ubd80\uc5d0 \uc774\uc0c1\uc801\uc785\ub2c8\ub2e4.<\/p>\n\n\n\n<p>&#8211; <strong>Superb C<\/strong>\ud2b9\uc9d5 : \uc548\uc815\ud654\ub41c \ube44\ud0c0\ubbfc C\uac00 \ud568\uc720\ub41c \ud56d\uc0b0\ud654 \uc138\ub7fc\uc73c\ub85c, \ud65c\uc131\uc0b0\uc18c\ub85c\ubd80\ud130 \ud53c\ubd80\ub97c \ubcf4\ud638\ud558\uba74\uc11c \uc548\uc0c9\uc744 \ubc1d\uace0 \uace0\ub974\uac8c \uac00\uafd4\uc90d\ub2c8\ub2e4.<\/p>\n\n\n\n<p>&#8211; <strong>\uc2a4\ud399\ud2b8\ub7fc<\/strong>\ubaa8\ub4e0 \ud53c\ubd80 \ud0c0\uc785\uc5d0 \uc801\ud569\ud55c \ub2e4\uae30\ub2a5 \ubaa8\uc774\uc2a4\ucc98\ub77c\uc774\uc800\ub85c \uac15\ub825\ud55c \ubcf4\uc2b5\uacfc \ud53c\ubd80 \uc7a5\ubcbd \ud68c\ubcf5\uc744 \uc120\uc0ac\ud569\ub2c8\ub2e4.<\/p>\n\n\n\n<p>&#8211; <strong>Lunar<\/strong>\uc9c4\uc815 \ubc0f \ud56d\uc5fc \uc131\ubd84\uc774 \ud568\uc720\ub41c \ubbfc\uac10\ud558\uace0 \ubd89\uc5b4\uc9c0\uae30 \uc26c\uc6b4 \ud53c\ubd80\ub97c \uc704\ud55c \ub18d\ucd95 \uc138\ub7fc\uc785\ub2c8\ub2e4.<\/p>\n\n\n\n<p>&#8211; <strong>Solar I<\/strong>\ud2b9\uc9d5 : UVA\uc640 UVB \uad11\uc120\uc73c\ub85c\ubd80\ud130 \ud53c\ubd80\ub97c \ud6a8\uacfc\uc801\uc73c\ub85c \ubcf4\ud638\ud558\ub294 \uad11\ubc94\uc704 SPF30 \uc790\uc678\uc120 \ucc28\ub2e8\uc81c\uc785\ub2c8\ub2e4.<strong>\uc2a4\ud0a8\ud14c\uadf8\ub77c \uc81c\ud488\uc740 \uc790\uadf9\uc801\uc778 \uc131\ubd84 \uc5c6\uc774 \uc81c\uc870\ub418\uc5b4 \uac00\uc7a5 \ubbfc\uac10\ud55c \ud53c\ubd80 \ud0c0\uc785\uc5d0\ub3c4 \uc801\ud569\ud569\ub2c8\ub2e4.<\/strong>. \uc774 \ube0c\ub79c\ub4dc\ub294 \uc81c\ud488\uc758 \ud6a8\ub2a5\uacfc \uc548\uc804\uc131\uc5d0 \ub300\ud55c \ud22c\uba85\ud55c \uc811\uadfc \ubc29\uc2dd\uacfc \ud5cc\uc2e0\uc73c\ub85c \ub192\uc774 \ud3c9\uac00\ubc1b\uace0 \uc788\uc73c\uba70, \ub9e4\uc77c \ud53c\ubd80 \uad00\ub9ac\ub97c \uc704\ud55c \uc2e0\ub8b0\ud560 \uc218 \uc788\ub294 \ub354\ub9c8 \ucf54\uc2a4\uba54\ud2f1 \uc194\ub8e8\uc158\uc744 \uc81c\uacf5\ud569\ub2c8\ub2e4.<\/p>\n\n\n\n<p class=\"has-text-align-center\"><strong>\uacf5\uc2dd \ud30c\ud2b8\ub108 SOLE\uc5d0\uc11c \uc628\ub77c\uc778\uc73c\ub85c \uc8fc\ubb38\ud558\uae30<\/strong><\/p>\n\n\n\n<div class=\"wp-block-buttons is-content-justification-center is-layout-flex wp-block-buttons-is-layout-flex\">\n<div class=\"wp-block-button is-style-outline is-style-outline--1\"><a class=\"wp-block-button__link has-background-color has-text-color has-background\" href=\"https:\/\/www.sole.ro\/brand\/skintegra\" style=\"border-radius:17px;background-color:#1474b8\" target=\"_blank\" rel=\"noreferrer noopener\">\uc8fc\ubb38<\/a><\/div>\n<\/div>","protected":false},"excerpt":{"rendered":"<p>Skintegra este un brand inovator de \u00eengrijire a pielii, dedicat dezvolt\u0103rii de produse dermatocosmetice eficiente \u0219i sigure. Bazat pe cercet\u0103ri \u0219tiin\u021bifice avansate, Skintegra ofer\u0103 solu\u021bii personalizate pentru diverse probleme ale pielii, pun\u00e2nd accent pe utilizarea ingredientelor active de \u00eenalt\u0103 calitate \u0219i formule bl\u00e2nde. Produsele cheie Skintegra &#8211; Clarion: Un exfoliant chimic bl\u00e2nd, formulat cu acid [&hellip;]<\/p>","protected":false},"author":1,"featured_media":0,"parent":0,"menu_order":0,"comment_status":"closed","ping_status":"closed","template":"","meta":{"footnotes":""},"class_list":["post-699","page","type-page","status-publish","hentry"],"aioseo_notices":[],"_links":{"self":[{"href":"https:\/\/onemd.ro\/ko\/wp-json\/wp\/v2\/pages\/699","targetHints":{"allow":["GET"]}}],"collection":[{"href":"https:\/\/onemd.ro\/ko\/wp-json\/wp\/v2\/pages"}],"about":[{"href":"https:\/\/onemd.ro\/ko\/wp-json\/wp\/v2\/types\/page"}],"author":[{"embeddable":true,"href":"https:\/\/onemd.ro\/ko\/wp-json\/wp\/v2\/users\/1"}],"replies":[{"embeddable":true,"href":"https:\/\/onemd.ro\/ko\/wp-json\/wp\/v2\/comments?post=699"}],"version-history":[{"count":2,"href":"https:\/\/onemd.ro\/ko\/wp-json\/wp\/v2\/pages\/699\/revisions"}],"predecessor-version":[{"id":896,"href":"https:\/\/onemd.ro\/ko\/wp-json\/wp\/v2\/pages\/699\/revisions\/896"}],"wp:attachment":[{"href":"https:\/\/onemd.ro\/ko\/wp-json\/wp\/v2\/media?parent=699"}],"curies":[{"name":"wp","href":"https:\/\/api.w.org\/{rel}","templated":true}]}}