{"id":703,"date":"2024-05-27T06:21:39","date_gmt":"2024-05-27T06:21:39","guid":{"rendered":"https:\/\/onemd.ro\/?page_id=703"},"modified":"2025-08-29T09:20:49","modified_gmt":"2025-08-29T09:20:49","slug":"allies-of-skin","status":"publish","type":"page","link":"https:\/\/onemd.ro\/ko\/allies-of-skin\/","title":{"rendered":"\ud53c\ubd80\uc758 \ub3d9\ub9f9"},"content":{"rendered":"<div class=\"wp-block-image\">\n<figure class=\"aligncenter size-medium\"><img decoding=\"async\" width=\"300\" height=\"150\" src=\"https:\/\/onemd.ro\/wp-content\/uploads\/2023\/06\/Allies-Of-Skin-1-300x150.jpg\" alt=\"\" class=\"wp-image-588\" srcset=\"https:\/\/onemd.ro\/wp-content\/uploads\/2023\/06\/Allies-Of-Skin-1-300x150.jpg 300w, https:\/\/onemd.ro\/wp-content\/uploads\/2023\/06\/Allies-Of-Skin-1-1024x512.jpg 1024w, https:\/\/onemd.ro\/wp-content\/uploads\/2023\/06\/Allies-Of-Skin-1-768x384.jpg 768w, https:\/\/onemd.ro\/wp-content\/uploads\/2023\/06\/Allies-Of-Skin-1-18x9.jpg 18w, https:\/\/onemd.ro\/wp-content\/uploads\/2023\/06\/Allies-Of-Skin-1.jpg 1058w\" sizes=\"(max-width: 300px) 100vw, 300px\" \/><\/figure><\/div>\n\n\n<p><strong>\uc5bc\ub77c\uc774\uc988 \uc624\ube0c \uc2a4\ud0a8\uc740 \ud604\ub300 \uacfc\ud559\uacfc \uace0\ud488\uc9c8 \ud65c\uc131 \uc131\ubd84\uc744 \uacb0\ud569\ud55c \uc9c4\ubcf4\ub418\uace0 \ud6a8\uacfc\uc801\uc778 \ud3ec\ubbac\ub7ec\ub85c \uc778\uc815\ubc1b\ub294 \uc2a4\ud0a8\ucf00\uc5b4 \ube0c\ub79c\ub4dc\uc785\ub2c8\ub2e4.<\/strong>. \uc5bc\ub77c\uc774\uc988 \uc624\ube0c \uc2a4\ud0a8\uc740 \ud53c\ubd80 \uac74\uac15\uacfc \ud65c\ub825\uc744 \uc720\uc9c0\ud558\uba74\uc11c \ub2e4\uc591\ud55c \ud53c\ubd80 \ubb38\uc81c\ub97c \uce58\ub8cc\ud558\uace0 \uc608\ubc29\ud560 \uc218 \uc788\ub3c4\ub85d \uc124\uacc4\ub41c \uc2a4\ud0a8 \ucf00\uc5b4 \uc194\ub8e8\uc158\uc744 \uc81c\uacf5\ud569\ub2c8\ub2e4.<\/p>\n\n\n\n<p class=\"has-primary-color has-text-color\"><strong>\uc5bc\ub77c\uc774\uc5b8\uc2a4 \uc624\ube0c \uc2a4\ud0a8 \uc8fc\uc694 \uc81c\ud488<\/strong><\/p>\n\n\n\n<p>&#8211; <strong>1A \ub9dd\ub9c9 &amp; \ud3a9\ud0c0\uc774\ub4dc \uc624\ubc84\ub098\uc774\ud2b8 \ub9c8\uc2a4\ud06c<\/strong>\ub808\ud2f0\ub0a0\uacfc \ud3a9\ud0c0\uc774\ub4dc \uc131\ubd84\uc774 \ud53c\ubd80\ub97c \uc7ac\uc0dd\ud558\uace0 \uc794\uc8fc\ub984\uc744 \uc644\ud654\ud558\uba70 \ud53c\ubd80 \uacb0\uc744 \uac1c\uc120\ud558\ub294 \uac15\ub825\ud55c \ub098\uc774\ud2b8 \ub9c8\uc2a4\ud06c\uc785\ub2c8\ub2e4.<\/p>\n\n\n\n<p>&#8211; <strong>\ubd84\uc790 \uad6c\uc138\uc8fc \ud504\ub85c\ubc14\uc774\uc624\ud2f1\uc2a4 \ub9ac\ud398\uc5b4 \ubbf8\uc2a4\ud2b8<\/strong>\ud53c\ubd80\uc5d0 \uc218\ubd84\uc744 \uacf5\uae09\ud558\uace0 \uade0\ud615\uc744 \ub418\ucc3e\uc544 \ud56d\uc0b0\ud654 \ubcf4\ud638\uc640 \uc790\uadf9\uc744 \uc9c4\uc815\uc2dc\ud0a4\ub294 \ud504\ub85c\ubc14\uc774\uc624\ud2f1 \ud398\uc774\uc15c \uc2a4\ud504\ub808\uc774\uc785\ub2c8\ub2e4.<\/p>\n\n\n\n<p>&#8211; <strong>\ud504\ub85c\ubbf8\uc2a4 \ud0a4\ud37c \ube14\ub808\ubbf8\uc26c \uc2ac\ub9ac\ud551 \ud398\uc774\uc15c<\/strong>\uc5ec\ub4dc\ub984\uc131 \ud53c\ubd80\ub97c \uc704\ud55c \ub098\uc774\ud2b8 \ud2b8\ub9ac\ud2b8\uba3c\ud2b8\ub85c, \uc7a1\ud2f0\ub97c \ucd5c\uc18c\ud654\ud558\uace0 \uc5ec\ub4dc\ub984\uc744 \uc608\ubc29\ud558\uc5ec \ud53c\ubd80\ub97c \ub9d1\uace0 \ub9e4\ub044\ub7fd\uac8c \uac00\uafb8\uc5b4 \uc90d\ub2c8\ub2e4.<\/p>\n\n\n\n<p>&#8211; <strong>\ud3a9\ud0c0\uc774\ub4dc &amp; \ud56d\uc0b0\ud654\uc81c \ud37c\ubc0d \ub370\uc77c\ub9ac \ud2b8\ub9ac\ud2b8\uba3c\ud2b8<\/strong>\ud3a9\ud0c0\uc774\ub4dc\uc640 \ud56d\uc0b0\ud654 \uc131\ubd84\uc774 \ud48d\ubd80\ud55c \ub370\uc77c\ub9ac \uc548\ud2f0\uc5d0\uc774\uc9d5 \ud2b8\ub9ac\ud2b8\uba3c\ud2b8\ub85c \ucf5c\ub77c\uac90 \uc0dd\uc131\uacfc \ud53c\ubd80 \ud0c4\ub825\uc744 \ucd09\uc9c4\ud569\ub2c8\ub2e4.<\/p>\n\n\n\n<p>&#8211; <strong>\ub9cc\ub378\ub9ad \ud53c\uadf8\uba3c\ud2b8 \ucf54\ub809\ud130 \ub098\uc774\ud2b8 \uc138\ub7fc<\/strong>\ub9cc\ub378\uc0b0 \uc131\ubd84\uc774 \uc0c9\uc18c \uce68\ucc29\uc744 \uad50\uc815\ud558\uace0 \ud53c\ubd80 \ud1a4\uc744 \uace0\ub974\uac8c \ud574\uc8fc\ub294 \ub098\uc774\ud2b8 \uc138\ub7fc\uc785\ub2c8\ub2e4.<strong>\uc5bc\ub77c\uc774\uc5b8\uc2a4 \uc624\ube0c \uc2a4\ud0a8 \uc81c\ud488\uc740 \ub208\uc5d0 \ub744\uace0 \uc624\ub798 \uc9c0\uc18d\ub418\ub294 \ud6a8\uacfc\ub97c \uc81c\uacf5\ud558\uae30 \uc704\ud574 \uac1c\ubc1c\ub41c \uac15\ub825\ud558\uace0 \ud6a8\uacfc\uc801\uc778 \ud3ec\ubbac\ub7ec\ub85c \uc778\uc815\ubc1b\uace0 \uc788\uc2b5\ub2c8\ub2e4.<\/strong> \uc774 \ube0c\ub79c\ub4dc\ub294 \ud601\uc2e0\uacfc \uc6b0\uc218\uc131\uc744 \ud5a5\ud55c \ub178\ub825\uc73c\ub85c \uc778\uc815\ubc1b\uace0 \uc788\uc73c\uba70, \uc624\ub298\ub0a0\uc758 \ubcf5\uc7a1\ud55c \uc2a4\ud0a8\ucf00\uc5b4 \uc0ac\uc6a9\uc790\uc758 \ubcf5\uc7a1\ud55c \uc694\uad6c \uc0ac\ud56d\uc744 \ucda9\uc871\ud558\ub294 \uc2a4\ud0a8\ucf00\uc5b4 \uc194\ub8e8\uc158\uc744 \uc81c\uacf5\ud569\ub2c8\ub2e4.<\/p>\n\n\n\n<hr class=\"wp-block-separator aligncenter has-alpha-channel-opacity\"\/>\n\n\n\n<p class=\"has-text-align-center\"><strong>\uacf5\uc2dd \ud30c\ud2b8\ub108 \uc2a4\ud1a0\uc5b4\uc5d0\uc11c \uc628\ub77c\uc778\uc73c\ub85c \uc5bc\ub77c\uc774\uc5b8\uc2a4 \uc624\ube0c \uc2a4\ud0a8 \uc81c\ud488\uc744 \uc8fc\ubb38\ud558\uc138\uc694:<\/strong><\/p>\n\n\n\n<div class=\"wp-block-group has-large-font-size is-layout-grid wp-container-core-group-is-layout-4d858cb8 wp-block-group-is-layout-grid\">\n<figure class=\"wp-block-image size-medium\"><a href=\"https:\/\/sole.ro\/brand\/allies-of-skin\" target=\"_blank\" rel=\" noreferrer noopener\"><img decoding=\"async\" width=\"300\" height=\"150\" src=\"https:\/\/onemd.ro\/wp-content\/uploads\/2021\/07\/f6-2-300x150.jpg\" alt=\"sole.ro\" class=\"wp-image-297\" srcset=\"https:\/\/onemd.ro\/wp-content\/uploads\/2021\/07\/f6-2-300x150.jpg 300w, https:\/\/onemd.ro\/wp-content\/uploads\/2021\/07\/f6-2-16x8.jpg 16w, https:\/\/onemd.ro\/wp-content\/uploads\/2021\/07\/f6-2.jpg 600w\" sizes=\"(max-width: 300px) 100vw, 300px\" \/><\/a><\/figure>\n\n\n\n<figure class=\"wp-block-image size-medium\"><a href=\"https:\/\/comenzi.farmaciatei.ro\/brand\/allies-of-skin\" target=\"_blank\" rel=\" noreferrer noopener\"><img decoding=\"async\" width=\"300\" height=\"150\" src=\"https:\/\/onemd.ro\/wp-content\/uploads\/2021\/07\/f1-1-300x150.jpg\" alt=\"\ud14c\uc774 \uc57d\uad6d \uacf5\uc2dd \ud30c\ud2b8\ub108 \uc0f5\" class=\"wp-image-301\" srcset=\"https:\/\/onemd.ro\/wp-content\/uploads\/2021\/07\/f1-1-300x150.jpg 300w, https:\/\/onemd.ro\/wp-content\/uploads\/2021\/07\/f1-1-16x8.jpg 16w, https:\/\/onemd.ro\/wp-content\/uploads\/2021\/07\/f1-1.jpg 600w\" sizes=\"(max-width: 300px) 100vw, 300px\" \/><\/a><\/figure>\n\n\n\n<figure class=\"wp-block-image size-medium\"><a href=\"https:\/\/comenzi.bebetei.ro\/brand\/allies-of-skin\" target=\"_blank\" rel=\" noreferrer noopener\"><img loading=\"lazy\" decoding=\"async\" width=\"300\" height=\"150\" src=\"https:\/\/onemd.ro\/wp-content\/uploads\/2021\/07\/f4-300x150.jpg\" alt=\"\ubca0\ubca0\ud14c\uc774 \uacf5\uc2dd \ud30c\ud2b8\ub108 \uc0f5\" class=\"wp-image-292\" srcset=\"https:\/\/onemd.ro\/wp-content\/uploads\/2021\/07\/f4-300x150.jpg 300w, https:\/\/onemd.ro\/wp-content\/uploads\/2021\/07\/f4-16x8.jpg 16w, https:\/\/onemd.ro\/wp-content\/uploads\/2021\/07\/f4.jpg 600w\" sizes=\"(max-width: 300px) 100vw, 300px\" \/><\/a><\/figure>\n\n\n\n<figure class=\"wp-block-image size-medium\"><a href=\"https:\/\/www.drmax.ro\/allies-of-skin\" target=\"_blank\" rel=\" noreferrer noopener\"><img loading=\"lazy\" decoding=\"async\" width=\"300\" height=\"129\" src=\"https:\/\/onemd.ro\/wp-content\/uploads\/2024\/05\/dr-max-300x129.jpg\" alt=\"\ub2e5\ud130\ub9e5\uc2a4 \uacf5\uc2dd \ud30c\ud2b8\ub108 \uc0f5\" class=\"wp-image-673\" srcset=\"https:\/\/onemd.ro\/wp-content\/uploads\/2024\/05\/dr-max-300x129.jpg 300w, https:\/\/onemd.ro\/wp-content\/uploads\/2024\/05\/dr-max-18x8.jpg 18w, https:\/\/onemd.ro\/wp-content\/uploads\/2024\/05\/dr-max.jpg 473w\" sizes=\"(max-width: 300px) 100vw, 300px\" \/><\/a><\/figure>\n<\/div>\n\n\n\n<p><\/p>","protected":false},"excerpt":{"rendered":"<p>Allies of Skin este un brand de \u00eengrijire a pielii recunoscut pentru formul\u0103rile sale avansate \u0219i eficiente, care combin\u0103 \u0219tiin\u021ba modern\u0103 cu ingrediente active de \u00eenalt\u0103 calitate. Allies of Skin ofer\u0103 solu\u021bii de \u00eengrijire a pielii concepute pentru a trata \u0219i preveni diverse probleme cutanate, men\u021bin\u00e2nd \u00een acela\u0219i timp s\u0103n\u0103tatea \u0219i vitalitatea pielii. Produsele cheie [&hellip;]<\/p>","protected":false},"author":1,"featured_media":0,"parent":0,"menu_order":0,"comment_status":"closed","ping_status":"closed","template":"","meta":{"footnotes":""},"class_list":["post-703","page","type-page","status-publish","hentry"],"aioseo_notices":[],"_links":{"self":[{"href":"https:\/\/onemd.ro\/ko\/wp-json\/wp\/v2\/pages\/703","targetHints":{"allow":["GET"]}}],"collection":[{"href":"https:\/\/onemd.ro\/ko\/wp-json\/wp\/v2\/pages"}],"about":[{"href":"https:\/\/onemd.ro\/ko\/wp-json\/wp\/v2\/types\/page"}],"author":[{"embeddable":true,"href":"https:\/\/onemd.ro\/ko\/wp-json\/wp\/v2\/users\/1"}],"replies":[{"embeddable":true,"href":"https:\/\/onemd.ro\/ko\/wp-json\/wp\/v2\/comments?post=703"}],"version-history":[{"count":2,"href":"https:\/\/onemd.ro\/ko\/wp-json\/wp\/v2\/pages\/703\/revisions"}],"predecessor-version":[{"id":1634,"href":"https:\/\/onemd.ro\/ko\/wp-json\/wp\/v2\/pages\/703\/revisions\/1634"}],"wp:attachment":[{"href":"https:\/\/onemd.ro\/ko\/wp-json\/wp\/v2\/media?parent=703"}],"curies":[{"name":"wp","href":"https:\/\/api.w.org\/{rel}","templated":true}]}}