{"id":707,"date":"2024-05-27T06:28:02","date_gmt":"2024-05-27T06:28:02","guid":{"rendered":"https:\/\/onemd.ro\/?page_id=707"},"modified":"2025-08-29T09:54:07","modified_gmt":"2025-08-29T09:54:07","slug":"its-skin","status":"publish","type":"page","link":"https:\/\/onemd.ro\/ko\/its-skin\/","title":{"rendered":"\uc787\uce20\uc2a4\ud0a8"},"content":{"rendered":"<div class=\"wp-block-image\">\n<figure class=\"aligncenter size-medium\"><img decoding=\"async\" width=\"300\" height=\"150\" src=\"https:\/\/onemd.ro\/wp-content\/uploads\/2021\/07\/itsskin-300x150.jpg\" alt=\"\uc787\uce20\uc2a4\ud0a8\" class=\"wp-image-310\" title=\"\uc787\uce20\uc2a4\ud0a8\" srcset=\"https:\/\/onemd.ro\/wp-content\/uploads\/2021\/07\/itsskin-300x150.jpg 300w, https:\/\/onemd.ro\/wp-content\/uploads\/2021\/07\/itsskin-1024x512.jpg 1024w, https:\/\/onemd.ro\/wp-content\/uploads\/2021\/07\/itsskin-768x384.jpg 768w, https:\/\/onemd.ro\/wp-content\/uploads\/2021\/07\/itsskin-16x8.jpg 16w, https:\/\/onemd.ro\/wp-content\/uploads\/2021\/07\/itsskin.jpg 1058w\" sizes=\"(max-width: 300px) 100vw, 300px\" \/><\/figure><\/div>\n\n\n<p>\uc787\uce20\uc2a4\ud0a8\uc740 \ucc9c\uc5f0 \uc131\ubd84\uacfc \ucca8\ub2e8 \uae30\uc220\uc744 \uc0ac\uc6a9\ud574 \ud6a8\uacfc\uc801\uc774\uace0 \ud569\ub9ac\uc801\uc778 \uac00\uaca9\uc758 \uc81c\ud488\uc744 \ub9cc\ub4dc\ub294 \uac83\uc73c\ub85c \uc720\uba85\ud55c \ud55c\uad6d \uc2a4\ud0a8\ucf00\uc5b4 \ube0c\ub79c\ub4dc\uc785\ub2c8\ub2e4. \ubaa8\ub4e0 \ud53c\ubd80 \ud0c0\uc785\uc744 \uc704\ud55c \ub2e4\uc591\ud55c \uc194\ub8e8\uc158\uc744 \uac16\ucd98 \uc787\uce20\uc2a4\ud0a8\uc740 \ud53c\ubd80\uc758 \uac74\uac15\uacfc \uc678\ubaa8\ub97c \uac1c\uc120\ud558\ub294 \uc81c\ud488\uc744 \uc81c\uacf5\ud558\ub294 \ub370 \uc911\uc810\uc744 \ub450\uace0 \uc788\uc2b5\ub2c8\ub2e4.<\/p>\n\n\n\n<p class=\"has-primary-color has-text-color\"><strong>\uc787\uce20\uc2a4\ud0a8 \uc8fc\uc694 \uc81c\ud488<\/strong><\/p>\n\n\n\n<p>&#8211; <strong>\ud30c\uc6cc 10 \ud3ec\ubbac\ub7ec \uc774\ud399\ud130<\/strong>\ubcf4\uc2b5, \ube0c\ub77c\uc774\ud2b8\ub2dd, \uc548\ud2f0\uc5d0\uc774\uc9d5, \uc9c4\uc815 \ub4f1 \ud2b9\uc815 \ud53c\ubd80 \uace0\ubbfc\uc744 \ud574\uacb0\ud558\uae30 \uc704\ud574 \uac01\uac01 \uc81c\uc870\ub41c \uc77c\ub828\uc758 \ub18d\ucd95 \uc138\ub7fc\uc785\ub2c8\ub2e4.<\/p>\n\n\n\n<p>&#8211; <strong>\ud504\ub808\uc2a4\ud2f0\uc9c0 \ud06c\ub818 \ub370\uc2a4\uae4c\ub974\uace0<\/strong>\ud2b9\uc9d5 : \ub2ec\ud33d\uc774 \ucd94\ucd9c\ubb3c\uc774 \ud53c\ubd80 \uae4a\uc219\uc774 \uc7ac\uc0dd\ud558\uace0 \uc218\ubd84\uc744 \uacf5\uae09\ud574 \uc8fc\ub984\uc744 \uc644\ud654\ud558\uace0 \ud53c\ubd80 \ud0c4\ub825\uc744 \uac1c\uc120\ud558\ub294 \ub370 \ub3c4\uc6c0\uc744 \uc8fc\ub294 \uace0\uae09\uc2a4\ub7ec\uc6b4 \ud06c\ub9bc\uc785\ub2c8\ub2e4.<\/p>\n\n\n\n<p>&#8211; <strong>\uc54c\ub85c\uc5d0 \uc218\ub529 \uc824<\/strong>\uc54c\ub85c\uc5d0 \ubca0\ub77c \ucd94\ucd9c\ubb3c\uc774 \ud568\uc720\ub41c \uc9c4\uc815 \ubc0f \ubcf4\uc2b5 \uc824\ub85c, \uc790\uadf9\ubc1b\uac70\ub098 \uac74\uc870\ud574\uc9c4 \ud53c\ubd80\uc5d0 \uc774\uc0c1\uc801\uc774\uba70 \uc0b0\ub73b\ud558\uace0 \ud3b8\uc548\ud55c \ub290\ub08c\uc744 \uc90d\ub2c8\ub2e4.<\/p>\n\n\n\n<p>&#8211; <strong>\ucf5c\ub77c\uac90 \ub274\ud2b8\ub9ac\uc158 \ud06c\ub9bc<\/strong>\ub0b4\uc6a9\ubb3c : \uc8fc\ub984\uc744 \uac1c\uc120\ud558\uace0 \ud53c\ubd80 \ud0c4\ub825\uc744 \uac15\ud654\ud558\ub294 \uc601\uc591 \ucf5c\ub77c\uac90 \ud06c\ub9bc\uc785\ub2c8\ub2e4.<\/p>\n\n\n\n<p>&#8211; <strong>\ud788\uc54c\ub8e8\ub860\uc0b0 \uc218\ubd84 \ud06c\ub9bc<\/strong>\ud2b9\uc9d5 : \ud788\uc54c\ub8e8\ub860\uc0b0\uc774 \ud48d\ubd80\ud55c \ubcf4\uc2b5\uc81c\ub85c \ud558\ub8e8 \uc885\uc77c \ud53c\ubd80\ub97c \ucd09\ucd09\ud558\uace0 \uc720\uc5f0\ud558\uac8c \uc720\uc9c0\ud574\uc90d\ub2c8\ub2e4.<\/p>\n\n\n\n<p><strong>\uc787\uce20\uc2a4\ud0a8 \uc81c\ud488\uc740 \ud6a8\ub2a5\uacfc \uc548\uc804\uc131\uc744 \uac15\uc870\ud55c \ud488\uc9c8\uacfc \uc81c\ud615\uc73c\ub85c \ub192\uc740 \ud3c9\uac00\ub97c \ubc1b\uace0 \uc788\uc2b5\ub2c8\ub2e4.<\/strong> \uc774 \ube0c\ub79c\ub4dc\ub294 \uc18c\ube44\uc790\uc758 \ub2e4\uc591\ud55c \uc694\uad6c\ub97c \ucda9\uc871\ud558\ub294 \uc2a4\ud0a8\ucf00\uc5b4 \uc81c\ud488\uc744 \uc81c\uacf5\ud558\uc5ec \uac74\uac15\ud558\uace0 \ube5b\ub098\ub294 \ud53c\ubd80\ub97c \ubcf4\uc7a5\ud558\uae30 \uc704\ud574 \ucd5c\uc120\uc744 \ub2e4\ud558\uace0 \uc788\uc2b5\ub2c8\ub2e4.<\/p>\n\n\n\n<hr class=\"wp-block-separator aligncenter has-alpha-channel-opacity\"\/>\n\n\n\n<p class=\"has-text-align-center\"><strong>\uacf5\uc2dd \ud30c\ud2b8\ub108 \uc2a4\ud1a0\uc5b4\uc5d0\uc11c \uc628\ub77c\uc778\uc73c\ub85c \uc787\uce20\uc2a4\ud0a8 \uc81c\ud488\uc744 \uc8fc\ubb38\ud558\uc138\uc694:<\/strong><\/p>\n\n\n\n<div class=\"wp-block-group has-large-font-size is-layout-grid wp-container-core-group-is-layout-4d858cb8 wp-block-group-is-layout-grid\">\n<figure class=\"wp-block-image size-medium\"><a href=\"https:\/\/sole.ro\/brand\/it-s-skin\" target=\"_blank\" rel=\" noreferrer noopener\"><img decoding=\"async\" width=\"300\" height=\"150\" src=\"https:\/\/onemd.ro\/wp-content\/uploads\/2021\/07\/f6-2-300x150.jpg\" alt=\"sole.ro\" class=\"wp-image-297\" srcset=\"https:\/\/onemd.ro\/wp-content\/uploads\/2021\/07\/f6-2-300x150.jpg 300w, https:\/\/onemd.ro\/wp-content\/uploads\/2021\/07\/f6-2-16x8.jpg 16w, https:\/\/onemd.ro\/wp-content\/uploads\/2021\/07\/f6-2.jpg 600w\" sizes=\"(max-width: 300px) 100vw, 300px\" \/><\/a><\/figure>\n\n\n\n<figure class=\"wp-block-image size-medium\"><a href=\"https:\/\/comenzi.farmaciatei.ro\/brand\/its-skin\" target=\"_blank\" rel=\" noreferrer noopener\"><img decoding=\"async\" width=\"300\" height=\"150\" src=\"https:\/\/onemd.ro\/wp-content\/uploads\/2021\/07\/f1-1-300x150.jpg\" alt=\"\ud14c\uc774 \uc57d\uad6d \uacf5\uc2dd \ud30c\ud2b8\ub108 \uc0f5\" class=\"wp-image-301\" srcset=\"https:\/\/onemd.ro\/wp-content\/uploads\/2021\/07\/f1-1-300x150.jpg 300w, https:\/\/onemd.ro\/wp-content\/uploads\/2021\/07\/f1-1-16x8.jpg 16w, https:\/\/onemd.ro\/wp-content\/uploads\/2021\/07\/f1-1.jpg 600w\" sizes=\"(max-width: 300px) 100vw, 300px\" \/><\/a><\/figure>\n\n\n\n<figure class=\"wp-block-image size-medium\"><a href=\"https:\/\/comenzi.bebetei.ro\/brand\/its-skin\" target=\"_blank\" rel=\" noreferrer noopener\"><img loading=\"lazy\" decoding=\"async\" width=\"300\" height=\"150\" src=\"https:\/\/onemd.ro\/wp-content\/uploads\/2021\/07\/f4-300x150.jpg\" alt=\"\ubca0\ubca0\ud14c\uc774 \uacf5\uc2dd \ud30c\ud2b8\ub108 \uc0f5\" class=\"wp-image-292\" srcset=\"https:\/\/onemd.ro\/wp-content\/uploads\/2021\/07\/f4-300x150.jpg 300w, https:\/\/onemd.ro\/wp-content\/uploads\/2021\/07\/f4-16x8.jpg 16w, https:\/\/onemd.ro\/wp-content\/uploads\/2021\/07\/f4.jpg 600w\" sizes=\"(max-width: 300px) 100vw, 300px\" \/><\/a><\/figure>\n\n\n\n<figure class=\"wp-block-image size-medium\"><a href=\"https:\/\/www.drmax.ro\/it-s-skin\" target=\"_blank\" rel=\" noreferrer noopener\"><img loading=\"lazy\" decoding=\"async\" width=\"300\" height=\"129\" src=\"https:\/\/onemd.ro\/wp-content\/uploads\/2024\/05\/dr-max-300x129.jpg\" alt=\"\ub2e5\ud130\ub9e5\uc2a4 \uacf5\uc2dd \ud30c\ud2b8\ub108 \uc0f5\" class=\"wp-image-673\" srcset=\"https:\/\/onemd.ro\/wp-content\/uploads\/2024\/05\/dr-max-300x129.jpg 300w, https:\/\/onemd.ro\/wp-content\/uploads\/2024\/05\/dr-max-18x8.jpg 18w, https:\/\/onemd.ro\/wp-content\/uploads\/2024\/05\/dr-max.jpg 473w\" sizes=\"(max-width: 300px) 100vw, 300px\" \/><\/a><\/figure>\n\n\n\n<figure class=\"wp-block-image size-full\"><a href=\"https:\/\/www.dm.ro\/\" target=\"_blank\" rel=\" noreferrer noopener\"><img loading=\"lazy\" decoding=\"async\" width=\"600\" height=\"300\" src=\"https:\/\/onemd.ro\/wp-content\/uploads\/2021\/07\/f3-1.jpg\" alt=\"DM \uc2dd\ub8cc\ud488\" class=\"wp-image-291\" srcset=\"https:\/\/onemd.ro\/wp-content\/uploads\/2021\/07\/f3-1.jpg 600w, https:\/\/onemd.ro\/wp-content\/uploads\/2021\/07\/f3-1-300x150.jpg 300w, https:\/\/onemd.ro\/wp-content\/uploads\/2021\/07\/f3-1-16x8.jpg 16w\" sizes=\"(max-width: 600px) 100vw, 600px\" \/><\/a><\/figure>\n\n\n\n<figure class=\"wp-block-image size-full\"><a href=\"https:\/\/www.catena.ro\/cauta\/it%27s+Skin\" target=\"_blank\" rel=\" noreferrer noopener\"><img loading=\"lazy\" decoding=\"async\" width=\"600\" height=\"300\" src=\"https:\/\/onemd.ro\/wp-content\/uploads\/2021\/07\/Farmaci-5.jpg\" alt=\"\uccb4\uc778\" class=\"wp-image-111\" srcset=\"https:\/\/onemd.ro\/wp-content\/uploads\/2021\/07\/Farmaci-5.jpg 600w, https:\/\/onemd.ro\/wp-content\/uploads\/2021\/07\/Farmaci-5-300x150.jpg 300w, https:\/\/onemd.ro\/wp-content\/uploads\/2021\/07\/Farmaci-5-16x8.jpg 16w\" sizes=\"(max-width: 600px) 100vw, 600px\" \/><\/a><\/figure>\n\n\n\n<figure class=\"wp-block-image size-full\"><a href=\"https:\/\/www.remediumfarm.ro\/\" target=\"_blank\" rel=\" noreferrer noopener\"><img loading=\"lazy\" decoding=\"async\" width=\"600\" height=\"300\" src=\"https:\/\/onemd.ro\/wp-content\/uploads\/2021\/07\/f5-1.jpg\" alt=\"\ub808\ubbf8\ub514\uc5c4 \ub18d\uc7a5\" class=\"wp-image-299\" srcset=\"https:\/\/onemd.ro\/wp-content\/uploads\/2021\/07\/f5-1.jpg 600w, https:\/\/onemd.ro\/wp-content\/uploads\/2021\/07\/f5-1-300x150.jpg 300w, https:\/\/onemd.ro\/wp-content\/uploads\/2021\/07\/f5-1-16x8.jpg 16w\" sizes=\"(max-width: 600px) 100vw, 600px\" \/><\/a><\/figure>\n\n\n\n<figure class=\"wp-block-image size-full\"><a href=\"https:\/\/www.springfarma.com\/it-s-skin.html\" target=\"_blank\" rel=\" noreferrer noopener\"><img loading=\"lazy\" decoding=\"async\" width=\"600\" height=\"300\" src=\"https:\/\/onemd.ro\/wp-content\/uploads\/2025\/08\/Spring-Farma.jpg\" alt=\"\" class=\"wp-image-1611\" srcset=\"https:\/\/onemd.ro\/wp-content\/uploads\/2025\/08\/Spring-Farma.jpg 600w, https:\/\/onemd.ro\/wp-content\/uploads\/2025\/08\/Spring-Farma-300x150.jpg 300w, https:\/\/onemd.ro\/wp-content\/uploads\/2025\/08\/Spring-Farma-18x9.jpg 18w\" sizes=\"(max-width: 600px) 100vw, 600px\" \/><\/a><\/figure>\n<\/div>\n\n\n\n<p><\/p>","protected":false},"excerpt":{"rendered":"<p>It&#8217;s Skin este un brand coreean de \u00eengrijire a pielii, renumit pentru utilizarea ingredientelor naturale \u0219i a tehnologiei avansate pentru a crea produse eficiente \u0219i accesibile. Cu o gam\u0103 larg\u0103 de solu\u021bii pentru toate tipurile de piele, It&#8217;s Skin se concentreaz\u0103 pe oferirea unor produse care \u00eembun\u0103t\u0103\u021besc s\u0103n\u0103tatea \u0219i aspectul pielii. Produsele cheie It&#8217;s Skin [&hellip;]<\/p>","protected":false},"author":1,"featured_media":0,"parent":0,"menu_order":0,"comment_status":"closed","ping_status":"closed","template":"","meta":{"footnotes":""},"class_list":["post-707","page","type-page","status-publish","hentry"],"aioseo_notices":[],"_links":{"self":[{"href":"https:\/\/onemd.ro\/ko\/wp-json\/wp\/v2\/pages\/707","targetHints":{"allow":["GET"]}}],"collection":[{"href":"https:\/\/onemd.ro\/ko\/wp-json\/wp\/v2\/pages"}],"about":[{"href":"https:\/\/onemd.ro\/ko\/wp-json\/wp\/v2\/types\/page"}],"author":[{"embeddable":true,"href":"https:\/\/onemd.ro\/ko\/wp-json\/wp\/v2\/users\/1"}],"replies":[{"embeddable":true,"href":"https:\/\/onemd.ro\/ko\/wp-json\/wp\/v2\/comments?post=707"}],"version-history":[{"count":3,"href":"https:\/\/onemd.ro\/ko\/wp-json\/wp\/v2\/pages\/707\/revisions"}],"predecessor-version":[{"id":1643,"href":"https:\/\/onemd.ro\/ko\/wp-json\/wp\/v2\/pages\/707\/revisions\/1643"}],"wp:attachment":[{"href":"https:\/\/onemd.ro\/ko\/wp-json\/wp\/v2\/media?parent=707"}],"curies":[{"name":"wp","href":"https:\/\/api.w.org\/{rel}","templated":true}]}}