{"id":709,"date":"2024-05-27T06:29:50","date_gmt":"2024-05-27T06:29:50","guid":{"rendered":"https:\/\/onemd.ro\/?page_id=709"},"modified":"2025-08-29T09:17:49","modified_gmt":"2025-08-29T09:17:49","slug":"axis-y","status":"publish","type":"page","link":"https:\/\/onemd.ro\/ko\/axis-y\/","title":{"rendered":"AXIS-Y"},"content":{"rendered":"<div class=\"wp-block-image\">\n<figure class=\"aligncenter size-medium\"><a href=\"https:\/\/www.sole.ro\/brand\/axis-y\" target=\"_blank\" rel=\"noopener\"><img decoding=\"async\" width=\"300\" height=\"150\" src=\"https:\/\/onemd.ro\/wp-content\/uploads\/2023\/06\/Axis-y-1-300x150.jpg\" alt=\"AXIS-Y\" class=\"wp-image-590\" title=\"AXIS-Y\" srcset=\"https:\/\/onemd.ro\/wp-content\/uploads\/2023\/06\/Axis-y-1-300x150.jpg 300w, https:\/\/onemd.ro\/wp-content\/uploads\/2023\/06\/Axis-y-1-1024x512.jpg 1024w, https:\/\/onemd.ro\/wp-content\/uploads\/2023\/06\/Axis-y-1-768x384.jpg 768w, https:\/\/onemd.ro\/wp-content\/uploads\/2023\/06\/Axis-y-1-18x9.jpg 18w, https:\/\/onemd.ro\/wp-content\/uploads\/2023\/06\/Axis-y-1.jpg 1058w\" sizes=\"(max-width: 300px) 100vw, 300px\" \/><\/a><\/figure><\/div>\n\n\n<p>AXIS-Y\ub294 \ud601\uc2e0\uc801\uc778 \uc2a4\ud0a8\ucf00\uc5b4 \ube0c\ub79c\ub4dc\ub85c, \ub2e4\uc591\ud55c \ud53c\ubd80 \ubb38\uc81c\ub97c \uc704\ud55c \ub9de\ucda4\ud615 \uc194\ub8e8\uc158\uacfc \uae30\ud6c4 \uc870\uc808 \uc81c\ud488 \uac1c\ubc1c\uc744 \uc804\ubb38\uc73c\ub85c \ud569\ub2c8\ub2e4. AXIS-Y\ub294 \ucc9c\uc5f0 \uc131\ubd84\uacfc \ucca8\ub2e8 \uae30\uc220\uc744 \uc0ac\uc6a9\ud558\uc5ec \ub2e4\uc591\ud55c \uae30\ud6c4 \uc870\uac74\uc5d0 \uc801\uc751\ud558\uba74\uc11c \ud53c\ubd80\uc758 \uac74\uac15\uacfc \uc678\ubaa8\ub97c \uac1c\uc120\ud558\ub294 \uc81c\ud488\uc744 \ub9cc\ub4dc\ub294 \ub370 \uc911\uc810\uc744 \ub450\uace0 \uc788\uc2b5\ub2c8\ub2e4.<\/p>\n\n\n\n<p class=\"has-primary-color has-text-color\"><strong>\uc8fc\uc694 \uc81c\ud488 AXIS-Y<\/strong><\/p>\n\n\n\n<p>&#8211; <strong>\uc644\ubcbd\ud55c \ubb34\uae30\uc790\ucc28 \ubb3c\ub9ac\uc801 \uc790\uc678\uc120 \ucc28\ub2e8\uc81c<\/strong>SPF50+ PA++++, \ubcd1\ud480 \ucd94\ucd9c\ubb3c \ub4f1 \uc9c4\uc815 \uc131\ubd84\uc774 \ud568\uc720\ub418\uc5b4 \ud53c\ubd80\uc5d0 \uc790\uadf9 \uc5c6\uc774 \uc790\uc678\uc120\uc744 \ud6a8\uacfc\uc801\uc73c\ub85c \ucc28\ub2e8\ud558\ub294 \ubb3c\ub9ac\uc801 \uc790\uc678\uc120 \ucc28\ub2e8\uc81c\uc785\ub2c8\ub2e4.<\/p>\n\n\n\n<p>&#8211; <strong>\ub2e4\ud06c \uc2a4\ud31f \ucf54\ub809\ud305 \uae00\ub85c\uc6b0 \uc138\ub7fc<\/strong>\ub098\uc774\uc544\uc2e0\uc544\ub9c8\uc774\ub4dc\uc640 \ud30c\ud30c\uc57c \ucd94\ucd9c\ubb3c\uc774 \ud568\uc720\ub418\uc5b4 \uc0c9\uc18c \uce68\ucc29 \ubc18\uc810\uc744 \uc904\uc774\uace0 \ud53c\ubd80 \ud1a4\uc744 \uac1c\uc120\ud558\ub294 \uad50\uc815 \ubc0f \ube0c\ub77c\uc774\ud2b8\ub2dd \uc138\ub7fc\uc785\ub2c8\ub2e4.<\/p>\n\n\n\n<p>&#8211; <strong>\uc544\ud2f0\ucd08\ud06c \uc778\ud150\uc2dc\ube0c \uc2a4\ud0a8 \ubc30\ub9ac\uc5b4 \uc570\ud50c<\/strong>\uc544\ud2f0\ucd08\ud06c \ucd94\ucd9c\ubb3c\uc774 \ud568\uc720\ub41c \uc9d1\uc911 \uc570\ud50c\ub85c \ud53c\ubd80 \uc7a5\ubcbd\uc744 \uac15\ud654\ud558\uace0 \ubcf4\uc2b5\uc744 \uc720\uc9c0\ud558\uc5ec \ud53c\ubd80\ub97c \ub354\uc6b1 \ud0c4\ub825 \uc788\uace0 \uac74\uac15\ud558\uac8c \uac00\uafb8\uc5b4 \uc90d\ub2c8\ub2e4.<\/p>\n\n\n\n<p>&#8211; <strong>\ud034\ub178\uc544 \uc6d0\uc2a4\ud15d \ubc38\ub7f0\uc2a4\ub4dc \uc824 \ud074\ub80c\uc800<\/strong>\ud2b9\uc9d5 : \ud034\ub178\uc544 \ucd94\ucd9c\ubb3c\uc774 \ud568\uc720\ub418\uc5b4 \ud53c\ubd80 \uac74\uc870 \uc5c6\uc774 \ub178\ud3d0\ubb3c\uacfc \uacfc\uc789 \ud53c\uc9c0\ub97c \uc81c\uac70\ud574\uc8fc\ub294 \ubc38\ub7f0\uc2f1 \ud074\ub80c\uc9d5 \uc824\ub85c \ub9e4\uc77c \uc0ac\uc6a9\ud558\uae30\uc5d0 \uc774\uc0c1\uc801\uc785\ub2c8\ub2e4.<\/p>\n\n\n\n<p>&#8211; <strong>\uc0c8\ub85c\uc6b4 \uc2a4\ud0a8 \ub808\uc878\ub8e8\uc158 \uc824 \ub9c8\uc2a4\ud06c<\/strong>: \ud53c\ubd80\ub97c \uc9c4\uc815\uc2dc\ud0a4\uace0 \uc218\ubd84\uc744 \ubcf4\ucda9\ud558\uc5ec \ubd89\uc5b4\uc9d0\uacfc \uc5fc\uc99d\uc744 \uc644\ud654\ud558\uace0 \uc0b0\ub73b\ud558\uace0 \uc0dd\uae30 \uc788\ub294 \ud53c\ubd80\ub85c \uac00\uafb8\uc5b4\uc8fc\ub294 \uc0c1\ucf8c\ud55c \uc824 \ub9c8\uc2a4\ud06c\uc785\ub2c8\ub2e4.<\/p>\n\n\n\n<p><strong>AXIS-Y \uc81c\ud488\uc740 \ud53c\ubd80 \uad00\ub9ac\uc5d0 \ub300\ud55c \ud6a8\uacfc\uc640 \uac1c\uc778\ud654\ub41c \uc811\uadfc \ubc29\uc2dd\uc73c\ub85c \ub192\uc774 \ud3c9\uac00\ubc1b\uace0 \uc788\uc2b5\ub2c8\ub2e4. <\/strong>\uc774 \ube0c\ub79c\ub4dc\ub294 \uace0\ud488\uc9c8 \uc6d0\ub8cc\uc640 \ud601\uc2e0\uc801\uc778 \ud3ec\ubbac\ub7ec\ub97c \uc0ac\uc6a9\ud558\uc5ec \uac1c\uc778\uc758 \ud544\uc694\uc640 \uae30\ud6c4 \uc870\uac74\uc5d0 \ub9de\ub294 \uc194\ub8e8\uc158\uc744 \uc81c\uacf5\ud558\uae30 \uc704\ud574 \ucd5c\uc120\uc744 \ub2e4\ud558\uace0 \uc788\uc2b5\ub2c8\ub2e4.<\/p>\n\n\n\n<hr class=\"wp-block-separator aligncenter has-alpha-channel-opacity\"\/>\n\n\n\n<p class=\"has-text-align-center\"><strong>\uacf5\uc2dd \ud30c\ud2b8\ub108 \uc0c1\uc810\uc5d0\uc11c \uc628\ub77c\uc778\uc73c\ub85c AXIS-Y \uc81c\ud488\uc744 \uc8fc\ubb38\ud558\uc138\uc694:<\/strong><\/p>\n\n\n\n<div class=\"wp-block-group has-large-font-size is-layout-grid wp-container-core-group-is-layout-4d858cb8 wp-block-group-is-layout-grid\">\n<figure class=\"wp-block-image size-medium\"><a href=\"https:\/\/sole.ro\/brand\/axis-y\" target=\"_blank\" rel=\" noreferrer noopener\"><img decoding=\"async\" width=\"300\" height=\"150\" src=\"https:\/\/onemd.ro\/wp-content\/uploads\/2021\/07\/f6-2-300x150.jpg\" alt=\"sole.ro\" class=\"wp-image-297\" srcset=\"https:\/\/onemd.ro\/wp-content\/uploads\/2021\/07\/f6-2-300x150.jpg 300w, https:\/\/onemd.ro\/wp-content\/uploads\/2021\/07\/f6-2-16x8.jpg 16w, https:\/\/onemd.ro\/wp-content\/uploads\/2021\/07\/f6-2.jpg 600w\" sizes=\"(max-width: 300px) 100vw, 300px\" \/><\/a><\/figure>\n\n\n\n<figure class=\"wp-block-image size-medium\"><a href=\"https:\/\/comenzi.farmaciatei.ro\/brand\/axis-y\" target=\"_blank\" rel=\" noreferrer noopener\"><img decoding=\"async\" width=\"300\" height=\"150\" src=\"https:\/\/onemd.ro\/wp-content\/uploads\/2021\/07\/f1-1-300x150.jpg\" alt=\"\ud14c\uc774 \uc57d\uad6d \uacf5\uc2dd \ud30c\ud2b8\ub108 \uc0f5\" class=\"wp-image-301\" srcset=\"https:\/\/onemd.ro\/wp-content\/uploads\/2021\/07\/f1-1-300x150.jpg 300w, https:\/\/onemd.ro\/wp-content\/uploads\/2021\/07\/f1-1-16x8.jpg 16w, https:\/\/onemd.ro\/wp-content\/uploads\/2021\/07\/f1-1.jpg 600w\" sizes=\"(max-width: 300px) 100vw, 300px\" \/><\/a><\/figure>\n\n\n\n<figure class=\"wp-block-image size-medium\"><a href=\"https:\/\/comenzi.bebetei.ro\/brand\/axis-y\" target=\"_blank\" rel=\" noreferrer noopener\"><img loading=\"lazy\" decoding=\"async\" width=\"300\" height=\"150\" src=\"https:\/\/onemd.ro\/wp-content\/uploads\/2021\/07\/f4-300x150.jpg\" alt=\"\ubca0\ubca0\ud14c\uc774 \uacf5\uc2dd \ud30c\ud2b8\ub108 \uc0f5\" class=\"wp-image-292\" srcset=\"https:\/\/onemd.ro\/wp-content\/uploads\/2021\/07\/f4-300x150.jpg 300w, https:\/\/onemd.ro\/wp-content\/uploads\/2021\/07\/f4-16x8.jpg 16w, https:\/\/onemd.ro\/wp-content\/uploads\/2021\/07\/f4.jpg 600w\" sizes=\"(max-width: 300px) 100vw, 300px\" \/><\/a><\/figure>\n\n\n\n<figure class=\"wp-block-image size-medium\"><a href=\"https:\/\/www.drmax.ro\/axis-y\" target=\"_blank\" rel=\" noreferrer noopener\"><img loading=\"lazy\" decoding=\"async\" width=\"300\" height=\"129\" src=\"https:\/\/onemd.ro\/wp-content\/uploads\/2024\/05\/dr-max-300x129.jpg\" alt=\"\ub2e5\ud130\ub9e5\uc2a4 \uacf5\uc2dd \ud30c\ud2b8\ub108 \uc0f5\" class=\"wp-image-673\" srcset=\"https:\/\/onemd.ro\/wp-content\/uploads\/2024\/05\/dr-max-300x129.jpg 300w, https:\/\/onemd.ro\/wp-content\/uploads\/2024\/05\/dr-max-18x8.jpg 18w, https:\/\/onemd.ro\/wp-content\/uploads\/2024\/05\/dr-max.jpg 473w\" sizes=\"(max-width: 300px) 100vw, 300px\" \/><\/a><\/figure>\n<\/div>\n\n\n\n<p><\/p>","protected":false},"excerpt":{"rendered":"<p>AXIS-Y este un brand inovator de \u00eengrijire a pielii, specializat \u00een dezvoltarea de produse climatice \u0219i solu\u021bii personalizate pentru diverse probleme ale pielii. AXIS-Y se concentreaz\u0103 pe utilizarea ingredientelor naturale \u0219i a tehnologiei avansate pentru a crea produse care \u00eembun\u0103t\u0103\u021besc s\u0103n\u0103tatea \u0219i aspectul pielii, adapt\u00e2ndu-se la condi\u021biile climatice variate. Produsele cheie AXIS-Y &#8211; Complete No-Stress [&hellip;]<\/p>","protected":false},"author":1,"featured_media":0,"parent":0,"menu_order":0,"comment_status":"closed","ping_status":"closed","template":"","meta":{"footnotes":""},"class_list":["post-709","page","type-page","status-publish","hentry"],"aioseo_notices":[],"_links":{"self":[{"href":"https:\/\/onemd.ro\/ko\/wp-json\/wp\/v2\/pages\/709","targetHints":{"allow":["GET"]}}],"collection":[{"href":"https:\/\/onemd.ro\/ko\/wp-json\/wp\/v2\/pages"}],"about":[{"href":"https:\/\/onemd.ro\/ko\/wp-json\/wp\/v2\/types\/page"}],"author":[{"embeddable":true,"href":"https:\/\/onemd.ro\/ko\/wp-json\/wp\/v2\/users\/1"}],"replies":[{"embeddable":true,"href":"https:\/\/onemd.ro\/ko\/wp-json\/wp\/v2\/comments?post=709"}],"version-history":[{"count":4,"href":"https:\/\/onemd.ro\/ko\/wp-json\/wp\/v2\/pages\/709\/revisions"}],"predecessor-version":[{"id":1632,"href":"https:\/\/onemd.ro\/ko\/wp-json\/wp\/v2\/pages\/709\/revisions\/1632"}],"wp:attachment":[{"href":"https:\/\/onemd.ro\/ko\/wp-json\/wp\/v2\/media?parent=709"}],"curies":[{"name":"wp","href":"https:\/\/api.w.org\/{rel}","templated":true}]}}