{"id":715,"date":"2024-05-27T06:35:25","date_gmt":"2024-05-27T06:35:25","guid":{"rendered":"https:\/\/onemd.ro\/?page_id=715"},"modified":"2025-04-29T11:21:12","modified_gmt":"2025-04-29T11:21:12","slug":"brand-vegreen","status":"publish","type":"page","link":"https:\/\/onemd.ro\/ko\/brand-vegreen\/","title":{"rendered":"Vegreen"},"content":{"rendered":"<div class=\"wp-block-image\"><figure class=\"aligncenter size-medium\"><img decoding=\"async\" width=\"300\" height=\"150\" src=\"https:\/\/onemd.ro\/wp-content\/uploads\/2021\/07\/vegreen-300x150.jpg\" alt=\"Vegreen\" class=\"wp-image-320\" title=\"Vegreen\" srcset=\"https:\/\/onemd.ro\/wp-content\/uploads\/2021\/07\/vegreen-300x150.jpg 300w, https:\/\/onemd.ro\/wp-content\/uploads\/2021\/07\/vegreen-1024x512.jpg 1024w, https:\/\/onemd.ro\/wp-content\/uploads\/2021\/07\/vegreen-768x384.jpg 768w, https:\/\/onemd.ro\/wp-content\/uploads\/2021\/07\/vegreen-16x8.jpg 16w, https:\/\/onemd.ro\/wp-content\/uploads\/2021\/07\/vegreen.jpg 1058w\" sizes=\"(max-width: 300px) 100vw, 300px\" \/><\/figure><\/div>\n\n\n\n<p><strong>\ubca0\uadf8\ub9b0\uc740 \ube44\uac74 \ubc0f \uc9c0\uc18d \uac00\ub2a5\ud55c \uc131\ubd84\uc744 \uc0ac\uc6a9\ud558\ub294 \ud55c\uad6d \uc2a4\ud0a8\ucf00\uc5b4 \ube0c\ub79c\ub4dc\uc785\ub2c8\ub2e4. <\/strong>\uac01 Vegreen \uc81c\ud488\uc740 \ud6a8\uacfc\uc801\uc774\uace0 \ud658\uacbd \uce5c\ud654\uc801\uc778 \uc194\ub8e8\uc158\uc744 \uc81c\uacf5\ud558\uae30 \uc704\ud574 \uc138\uc2ec\ud558\uac8c \uc81c\uc870\ub418\uc5b4 \ud488\uc9c8\uc774\ub098 \ud6a8\ub2a5\uc5d0 \ud0c0\ud611\ud558\uc9c0 \uc54a\uace0 \ub2e4\uc591\ud55c \ud53c\ubd80 \ubb38\uc81c\ub97c \ud574\uacb0\ud569\ub2c8\ub2e4.<\/p>\n\n\n\n<p class=\"has-primary-color has-text-color\"><strong><a href=\"https:\/\/www.sole.ro\/brand\/vegreen\" target=\"_blank\" rel=\"noopener\" title=\"\uc8fc\uc694 Vegreen \uc81c\ud488\">\uc8fc\uc694 Vegreen \uc81c\ud488<\/a><\/strong><\/p>\n\n\n\n<p>&#8211; <strong>\ub124\uc774\ucc98 \ubba4\uc2e0 \uc138\ub7fc<\/strong>\uc8fc\uc694 \ud2b9\uc9d5 : \uc57c\uc0dd \ucc38\ub9c8 \ucd94\ucd9c\ubb3c\uc758 \uc2dd\ubb3c\uc131 \ubba4\uc2e0 \uc131\ubd84\uc774 \ud53c\ubd80 \uc7ac\uc0dd\uc744 \ub3c4\uc640 \uae4a\uc740 \ubcf4\uc2b5\uac10\uc744 \uc120\uc0ac\ud558\uace0 \ud53c\ubd80 \uacb0\uc744 \uac1c\uc120\ud558\ub294 \ubcf4\uc2b5 \ubc0f \ub9ac\ud398\uc5b4 \uc138\ub7fc\uc785\ub2c8\ub2e4.<\/p>\n\n\n\n<p>&#8211; <strong>\ubb34\ud5a5 \uc2dc\uce74 \uc138\ub7fc<\/strong>\ubcd1\ud480 \ucd94\ucd9c\ubb3c\uacfc \ubb34\ud5a5\uc758 \uc9c4\uc815 \ubc0f \ud68c\ubcf5 \uc138\ub7fc\uc73c\ub85c, \ubbfc\uac10\ud558\uace0 \uc790\uadf9\ubc1b\uc740 \ud53c\ubd80\uc5d0 \uc801\ud569\ud558\uba70 \ubd89\uc5b4\uc9d0\uacfc \uc5fc\uc99d\uc744 \uc644\ud654\ud569\ub2c8\ub2e4.<\/p>\n\n\n\n<p>&#8211; <strong>\ubb34\uc54c\ucf5c \ud1a0\ub108<\/strong>\ub179\ucc28 \ucd94\ucd9c\ubb3c\uacfc \uac19\uc740 \ucc9c\uc5f0 \uc131\ubd84\uc774 \ud568\uc720\ub41c \uc21c\ud558\uace0 \ucd09\ucd09\ud55c \ubb34\uc54c\ucf54\uc62c \ud1a0\ub108\ub85c \ud53c\ubd80\uc758 pH \uade0\ud615\uc744 \ub9de\ucd94\uace0 \uc560\ud504\ud130 \ucf00\uc5b4\ub97c \uc704\ud55c \uc548\uc0c9\uc744 \uc815\ub3c8\ud574 \uc90d\ub2c8\ub2e4.<\/p>\n\n\n\n<p>&#8211; <strong>\ub370\uc77c\ub9ac \ubaa8\uc774\uc2a4\ucc98 \ud06c\ub9bc<\/strong>\ud2b9\uc9d5 : \uc2dd\ubb3c \ucd94\ucd9c\ubb3c\uacfc \ucc9c\uc5f0 \uc624\uc77c\uc774 \ud48d\ubd80\ud55c \ub370\uc77c\ub9ac \ubcf4\uc2b5 \ud06c\ub9bc\uc73c\ub85c, \uc624\ub798 \uc9c0\uc18d\ub418\ub294 \uc218\ubd84\uacfc \uc601\uc591\uc744 \uacf5\uae09\ud558\uc5ec \ud53c\ubd80\ub97c \ubd80\ub4dc\ub7fd\uace0 \uc720\uc5f0\ud558\uac8c \uc720\uc9c0\ud574 \uc90d\ub2c8\ub2e4.<\/p>\n\n\n\n<p>&#8211; <strong>\uc21c\ud55c \uc0b0\uc131 \uc824 \ud074\ub80c\uc800<\/strong>\ud2b9\uc9d5 : \ud53c\ubd80\ub97c \uac74\uc870\ud558\uac8c \ud558\uc9c0 \uc54a\uace0 \ud6a8\uacfc\uc801\uc73c\ub85c \ud074\ub80c\uc9d5\ud560 \uc218 \uc788\ub294 \uc21c\ud558\uace0 \ub0ae\uc740 pH\uc758 \ud074\ub80c\uc9d5 \uc824\ub85c, \ub9e4\uc77c \uc0ac\uc6a9\ud558\uae30\uc5d0 \uc801\ud569\ud569\ub2c8\ub2e4.<\/p>\n\n\n\n<p><strong>\ubca0\uadf8\ub9b0 \uc81c\ud488\uc740 \ubaa8\ub4e0 \ud53c\ubd80 \ud0c0\uc785\uc5d0 \ubd80\ub4dc\ub7fd\uace0 \ud6a8\uacfc\uc801\uc778 \ucf00\uc5b4\ub97c \uc81c\uacf5\ud558\uae30 \uc704\ud574 \uac1c\ubc1c\ub41c \ube44\uac74 \ubc0f \ud658\uacbd \uce5c\ud654\uc801\uc778 \ud3ec\ubbac\ub7ec\ub85c \uc778\uc815\ubc1b\uace0 \uc788\uc2b5\ub2c8\ub2e4.<\/strong>. \uc774 \ube0c\ub79c\ub4dc\ub294 \ud658\uacbd\uacfc \uc18c\ube44\uc790\uc758 \uac74\uac15\uc744 \uc874\uc911\ud558\ub294 \uc2a4\ud0a8\ucf00\uc5b4 \uc194\ub8e8\uc158\uc744 \uc81c\uacf5\ud558\uba74\uc11c \uc9c0\uc18d \uac00\ub2a5\uc131\uacfc \ud488\uc9c8\uc5d0 \ub300\ud55c \ud5cc\uc2e0\uc73c\ub85c \uc778\uc815\ubc1b\uace0 \uc788\uc2b5\ub2c8\ub2e4.<\/p>\n\n\n\n<p class=\"has-text-align-center\"><strong>\uacf5\uc2dd \ud30c\ud2b8\ub108 SOLE\uc5d0\uc11c \uc628\ub77c\uc778\uc73c\ub85c \uc8fc\ubb38\ud558\uae30<\/strong><\/p>\n\n\n\n<div class=\"wp-block-buttons is-content-justification-center is-layout-flex wp-block-buttons-is-layout-flex\">\n<div class=\"wp-block-button is-style-outline is-style-outline--1\"><a class=\"wp-block-button__link has-background-color has-text-color has-background\" href=\"https:\/\/www.sole.ro\/brand\/vegreen\" style=\"border-radius:17px;background-color:#1474b8\" target=\"_blank\" rel=\"noreferrer noopener\">\uc8fc\ubb38<\/a><\/div>\n<\/div>","protected":false},"excerpt":{"rendered":"<p>Vegreen este un brand coreean de \u00eengrijire a pielii dedicat utiliz\u0103rii ingredientelor vegane \u0219i sustenabile. Fiecare produs Vegreen este formulat cu grij\u0103 pentru a oferi solu\u021bii eficiente \u0219i prietenoase cu mediul, adres\u00e2nd diverse probleme ale pielii f\u0103r\u0103 a compromite calitatea sau eficien\u021ba. Produsele cheie Vegreen &#8211; Nature Mucin Serum: Un ser hidratant \u0219i reparativ, formulat [&hellip;]<\/p>","protected":false},"author":1,"featured_media":0,"parent":0,"menu_order":0,"comment_status":"closed","ping_status":"closed","template":"","meta":{"footnotes":""},"class_list":["post-715","page","type-page","status-publish","hentry"],"aioseo_notices":[],"_links":{"self":[{"href":"https:\/\/onemd.ro\/ko\/wp-json\/wp\/v2\/pages\/715","targetHints":{"allow":["GET"]}}],"collection":[{"href":"https:\/\/onemd.ro\/ko\/wp-json\/wp\/v2\/pages"}],"about":[{"href":"https:\/\/onemd.ro\/ko\/wp-json\/wp\/v2\/types\/page"}],"author":[{"embeddable":true,"href":"https:\/\/onemd.ro\/ko\/wp-json\/wp\/v2\/users\/1"}],"replies":[{"embeddable":true,"href":"https:\/\/onemd.ro\/ko\/wp-json\/wp\/v2\/comments?post=715"}],"version-history":[{"count":3,"href":"https:\/\/onemd.ro\/ko\/wp-json\/wp\/v2\/pages\/715\/revisions"}],"predecessor-version":[{"id":900,"href":"https:\/\/onemd.ro\/ko\/wp-json\/wp\/v2\/pages\/715\/revisions\/900"}],"wp:attachment":[{"href":"https:\/\/onemd.ro\/ko\/wp-json\/wp\/v2\/media?parent=715"}],"curies":[{"name":"wp","href":"https:\/\/api.w.org\/{rel}","templated":true}]}}