{"id":717,"date":"2024-05-27T06:37:13","date_gmt":"2024-05-27T06:37:13","guid":{"rendered":"https:\/\/onemd.ro\/?page_id=717"},"modified":"2025-08-29T10:09:47","modified_gmt":"2025-08-29T10:09:47","slug":"real-barrier","status":"publish","type":"page","link":"https:\/\/onemd.ro\/ko\/real-barrier\/","title":{"rendered":"\uc2e4\uc81c \uc7a5\ubcbd"},"content":{"rendered":"<div class=\"wp-block-image\">\n<figure class=\"aligncenter size-medium\"><img decoding=\"async\" width=\"300\" height=\"150\" src=\"https:\/\/onemd.ro\/wp-content\/uploads\/2021\/07\/realbarrier-300x150.jpg\" alt=\"\uc2e4\uc81c \uc7a5\ubcbd\" class=\"wp-image-317\" title=\"\uc2e4\uc81c \uc7a5\ubcbd\" srcset=\"https:\/\/onemd.ro\/wp-content\/uploads\/2021\/07\/realbarrier-300x150.jpg 300w, https:\/\/onemd.ro\/wp-content\/uploads\/2021\/07\/realbarrier-1024x512.jpg 1024w, https:\/\/onemd.ro\/wp-content\/uploads\/2021\/07\/realbarrier-768x384.jpg 768w, https:\/\/onemd.ro\/wp-content\/uploads\/2021\/07\/realbarrier-16x8.jpg 16w, https:\/\/onemd.ro\/wp-content\/uploads\/2021\/07\/realbarrier.jpg 1058w\" sizes=\"(max-width: 300px) 100vw, 300px\" \/><\/figure><\/div>\n\n\n<p><strong>\ub9ac\uc5bc \ubca0\ub9ac\uc5b4\ub294 \ucca8\ub2e8 \uc7a5\ubcbd \ubcf5\uad6c \uae30\uc220\ub85c \uc720\uba85\ud55c \uc2a4\ud0a8\ucf00\uc5b4 \ube0c\ub79c\ub4dc\uc785\ub2c8\ub2e4.<\/strong>. \ub9ac\uc5bc \ubca0\ub9ac\uc5b4 \uc81c\ud488\uc740 \ud53c\ubd80\uc758 \uc790\uc5f0 \uc7a5\ubcbd\uc744 \ud68c\ubcf5\ud558\uace0 \ubcf4\ud638\ud558\ub3c4\ub85d \ub9cc\ub4e4\uc5b4\uc838 \uac74\uc870\ud558\uace0 \ubbfc\uac10\ud558\uba70 \uc190\uc0c1\ub41c \ud53c\ubd80\uc5d0 \ud6a8\uacfc\uc801\uc778 \uc194\ub8e8\uc158\uc744 \uc81c\uacf5\ud569\ub2c8\ub2e4.<\/p>\n\n\n\n<p class=\"has-primary-color has-text-color\"><strong>Real Barrier \uc8fc\uc694 \uc81c\ud488<\/strong><\/p>\n\n\n\n<p>&#8211; <strong>\uc775\uc2a4\ud2b8\ub9bc \ud06c\ub9bc<\/strong>\ud2b9\uc9d5 : \ub9e4\uc6b0 \uac74\uc870\ud558\uace0 \ubbfc\uac10\ud55c \ud53c\ubd80\ub97c \uc704\ud55c \uc9d1\uc911 \ud06c\ub9bc\uc73c\ub85c \uae4a\uc740 \ubcf4\uc2b5\uacfc \uc624\ub798 \uc9c0\uc18d\ub418\ub294 \ud68c\ubcf5\ub825\uc744 \uc81c\uacf5\ud569\ub2c8\ub2e4.<\/p>\n\n\n\n<p>&#8211; <strong>\uc778\ud150\uc2a4 \ubaa8\uc774\uc2a4\ucc98 \ud06c\ub9bc<\/strong>\ud2b9\uc9d5 : \ud53c\ubd80\uc5d0 \uc218\ubd84\uc744 \uacf5\uae09\ud558\uace0 \uc678\ubd80 \uc694\uc778\uc73c\ub85c\ubd80\ud130 \ud53c\ubd80\ub97c \ubcf4\ud638\ud558\ub294 \ub9e4\uc77c \uc0ac\uc6a9\ud558\uae30\uc5d0 \uc774\uc0c1\uc801\uc778 \ub9ac\uce58\ud55c \ubaa8\uc774\uc2a4\ucc98\ub77c\uc774\uc800\uc785\ub2c8\ub2e4.<\/p>\n\n\n\n<p>&#8211; <strong>\uc544\ucfe0\uc544 \uc218\ub529 \uc570\ud50c<\/strong>\ud2b9\uc9d5 : \uc790\uadf9\ubc1b\uace0 \uac74\uc870\ud574\uc9c4 \ud53c\ubd80\ub97c \uc989\uac01\uc801\uc73c\ub85c \uc9c4\uc815\uc2dc\ud0a4\uace0 \uc218\ubd84\uc744 \ubcf4\ucda9\ud574\uc8fc\ub294 \uac00\ubcbc\uc6b4 \ud14d\uc2a4\ucc98\uc758 \ubcf4\uc2b5 \uc138\ub7fc\uc785\ub2c8\ub2e4.<\/p>\n\n\n\n<p>&#8211; <strong>\ub9ac\uc5bc \ubca0\ub9ac\uc5b4 \ud074\ub80c\uc9d5 \ud3fc<\/strong>\ud53c\ubd80 \ubcf4\ud638\ub9c9\uc744 \uc190\uc0c1\uc2dc\ud0a4\uc9c0 \uc54a\uace0 \ub178\ud3d0\ubb3c\uc744 \uc81c\uac70\ud558\uc5ec \ud53c\ubd80\ub97c \uae68\ub057\ud558\uace0 \uade0\ud615 \uc7a1\ud78c \ud53c\ubd80\ub85c \uac00\uafb8\uc5b4\uc8fc\ub294 \uc21c\ud55c \ud074\ub80c\uc800\uc785\ub2c8\ub2e4.<\/p>\n\n\n\n<p>&#8211; <strong>\uc544\uc774 \ucee8\ud22c\uc5b4 \ud06c\ub9bc<\/strong>\ud2b9\uc9d5 : \ubbfc\uac10\ud55c \ub208\uac00\uc5d0 \uc218\ubd84\uc744 \uacf5\uae09\ud558\uace0 \ud53c\ub85c\uc640 \ub178\ud654\uc758 \uc9d5\ud6c4\ub97c \uc644\ud654\ud558\uae30 \uc704\ud574 \ud2b9\ubcc4\ud788 \uace0\uc548\ub41c \ud06c\ub9bc\uc785\ub2c8\ub2e4.<\/p>\n\n\n\n<p><strong>\ub9ac\uc5bc \ubca0\ub9ac\uc5b4 \uc81c\ud488\uc740 \ud53c\ubd80 \uac74\uac15\uc744 \ud68c\ubcf5\ud558\uace0 \ucd5c\uc801\uc758 \ubcf4\uc2b5\uc744 \uc720\uc9c0\ud558\ub294 \ub370 \ud6a8\uacfc\uc801\uc774\ub77c\ub294 \ud3c9\uac00\ub97c \ubc1b\uace0 \uc788\uc2b5\ub2c8\ub2e4.<\/strong>. MLE(\uba40\ud2f0 \ub77c\uba5c\ub77c \uc5d0\uba40\uc83c) \uae30\uc220\uc744 \ud65c\uc6a9\ud55c \ub9ac\uc5bc \ubca0\ub9ac\uc5b4\ub294 \ud53c\ubd80\uc758 \uc790\uc5f0 \uad6c\uc870\uc640 \uc644\ubcbd\ud55c \ud638\ud658\uc131\uc744 \ubcf4\uc7a5\ud558\uc5ec \ubbfc\uac10\ud558\uace0 \uac74\uc870\ud55c \ud53c\ubd80 \uad00\ub9ac\ub97c \uc704\ud55c \ud601\uc2e0\uc801\uc778 \uc194\ub8e8\uc158\uc744 \uc81c\uacf5\ud569\ub2c8\ub2e4.<\/p>\n\n\n\n<hr class=\"wp-block-separator aligncenter has-alpha-channel-opacity\"\/>\n\n\n\n<p class=\"has-text-align-center\"><strong>\uc628\ub77c\uc778 \uc81c\ud488 \uc8fc\ubb38 <strong>\uc2e4\uc81c \uc7a5\ubcbd<\/strong> \uacf5\uc2dd \ud30c\ud2b8\ub108 \uc0c1\uc810\uc5d0\uc11c \uad6c\uc785\ud558\uc138\uc694:<\/strong><\/p>\n\n\n\n<div class=\"wp-block-group has-large-font-size is-layout-grid wp-container-core-group-is-layout-6be84c55 wp-block-group-is-layout-grid\">\n<figure class=\"wp-block-image size-medium\"><a href=\"https:\/\/sole.ro\/brand\/real-barrier\" target=\"_blank\" rel=\" noreferrer noopener\"><img decoding=\"async\" width=\"300\" height=\"150\" src=\"https:\/\/onemd.ro\/wp-content\/uploads\/2021\/07\/f6-2-300x150.jpg\" alt=\"sole.ro\" class=\"wp-image-297\" srcset=\"https:\/\/onemd.ro\/wp-content\/uploads\/2021\/07\/f6-2-300x150.jpg 300w, https:\/\/onemd.ro\/wp-content\/uploads\/2021\/07\/f6-2-16x8.jpg 16w, https:\/\/onemd.ro\/wp-content\/uploads\/2021\/07\/f6-2.jpg 600w\" sizes=\"(max-width: 300px) 100vw, 300px\" \/><\/a><\/figure>\n<\/div>","protected":false},"excerpt":{"rendered":"<p>Real Barrier este un brand de renume specializat \u00een \u00eengrijirea pielii, cunoscut pentru tehnologia sa avansat\u0103 de reparare a barierei cutanate. Produsele Real Barrier sunt formulate pentru a restabili \u0219i proteja bariera natural\u0103 a pielii, oferind solu\u021bii eficiente pentru pielea uscat\u0103, sensibil\u0103 \u0219i deteriorat\u0103. Produsele cheie Real Barrier &#8211; Extreme Cream: O crem\u0103 intensiv\u0103, destinat\u0103 [&hellip;]<\/p>","protected":false},"author":1,"featured_media":0,"parent":0,"menu_order":0,"comment_status":"closed","ping_status":"closed","template":"","meta":{"footnotes":""},"class_list":["post-717","page","type-page","status-publish","hentry"],"aioseo_notices":[],"_links":{"self":[{"href":"https:\/\/onemd.ro\/ko\/wp-json\/wp\/v2\/pages\/717","targetHints":{"allow":["GET"]}}],"collection":[{"href":"https:\/\/onemd.ro\/ko\/wp-json\/wp\/v2\/pages"}],"about":[{"href":"https:\/\/onemd.ro\/ko\/wp-json\/wp\/v2\/types\/page"}],"author":[{"embeddable":true,"href":"https:\/\/onemd.ro\/ko\/wp-json\/wp\/v2\/users\/1"}],"replies":[{"embeddable":true,"href":"https:\/\/onemd.ro\/ko\/wp-json\/wp\/v2\/comments?post=717"}],"version-history":[{"count":4,"href":"https:\/\/onemd.ro\/ko\/wp-json\/wp\/v2\/pages\/717\/revisions"}],"predecessor-version":[{"id":1655,"href":"https:\/\/onemd.ro\/ko\/wp-json\/wp\/v2\/pages\/717\/revisions\/1655"}],"wp:attachment":[{"href":"https:\/\/onemd.ro\/ko\/wp-json\/wp\/v2\/media?parent=717"}],"curies":[{"name":"wp","href":"https:\/\/api.w.org\/{rel}","templated":true}]}}