{"id":723,"date":"2024-05-27T06:42:25","date_gmt":"2024-05-27T06:42:25","guid":{"rendered":"https:\/\/onemd.ro\/?page_id=723"},"modified":"2025-08-29T09:59:04","modified_gmt":"2025-08-29T09:59:04","slug":"bodyography","status":"publish","type":"page","link":"https:\/\/onemd.ro\/ko\/bodyography\/","title":{"rendered":"\ubc14\ub514\uadf8\ub798\ud53c"},"content":{"rendered":"<div class=\"wp-block-image\">\n<figure class=\"aligncenter size-medium\"><img decoding=\"async\" width=\"300\" height=\"150\" src=\"https:\/\/onemd.ro\/wp-content\/uploads\/2023\/06\/Bodyography-1-300x150.jpg\" alt=\"\ubc14\ub514\uadf8\ub798\ud53c\" class=\"wp-image-592\" title=\"\ubc14\ub514\uadf8\ub798\ud53c\" srcset=\"https:\/\/onemd.ro\/wp-content\/uploads\/2023\/06\/Bodyography-1-300x150.jpg 300w, https:\/\/onemd.ro\/wp-content\/uploads\/2023\/06\/Bodyography-1-1024x512.jpg 1024w, https:\/\/onemd.ro\/wp-content\/uploads\/2023\/06\/Bodyography-1-768x384.jpg 768w, https:\/\/onemd.ro\/wp-content\/uploads\/2023\/06\/Bodyography-1-18x9.jpg 18w, https:\/\/onemd.ro\/wp-content\/uploads\/2023\/06\/Bodyography-1.jpg 1058w\" sizes=\"(max-width: 300px) 100vw, 300px\" \/><\/figure><\/div>\n\n\n<p><strong>\ubc14\ub514\ub85c\uadf8\ub798\ud53c\ub294 \uace0\ud488\uc9c8 \uc6d0\ub8cc \uc0ac\uc6a9\uacfc \ud601\uc2e0 \ubc0f \uc9c0\uc18d \uac00\ub2a5\uc131\uc5d0 \ub300\ud55c \ub178\ub825\uc73c\ub85c \uc720\uba85\ud55c \ubbf8\uad6d \uc804\ubb38 \ud654\uc7a5\ud488 \ube0c\ub79c\ub4dc\uc785\ub2c8\ub2e4.<\/strong> \ubc14\ub514\uadf8\ub798\ud53c\ub294 \ubdf0\ud2f0 \uc804\ubb38\uac00\uc640 \uba54\uc774\ud06c\uc5c5 \uc560\ud638\uac00\ub4e4\uc758 \uc694\uad6c\ub97c \ucda9\uc871\ud558\uae30 \uc704\ud574 \uac1c\ubc1c\ub41c \ub2e4\uc591\ud55c \uba54\uc774\ud06c\uc5c5 \ubc0f \uc2a4\ud0a8\ucf00\uc5b4 \uc81c\ud488\uc744 \uc81c\uacf5\ud569\ub2c8\ub2e4.<\/p>\n\n\n\n<p class=\"has-primary-color has-text-color\"><strong>\ubc14\ub514\uadf8\ub798\ud53c \uc8fc\uc694 \uc81c\ud488<\/strong><\/p>\n\n\n\n<p>&#8211; <strong>\uc2a4\ud0a8 \ud37c\ud399\ud305 \ud504\ub77c\uc774\uba38<\/strong>\ud2b9\uc9d5 : \ud53c\ubd80\ub97c \ub9e4\ub044\ub7fd\uac8c \uc815\ub3c8\ud558\uace0 \uba54\uc774\ud06c\uc5c5\uc774 \uc798 \ubc1b\uc744 \uc218 \uc788\ub3c4\ub85d \uc548\uc0c9\uc744 \uc815\ub3c8\ud558\ub294 \ub2e4\uae30\ub2a5 \ud504\ub77c\uc774\uba38\ub85c, \uc9c0\uc18d\ub825\uc774 \uc624\ub798 \uc9c0\uc18d\ub418\uace0 \uacb0\uc810 \uc5c6\ub294 \ud53c\ubd80 \ud45c\ud604\uc744 \ubcf4\uc7a5\ud569\ub2c8\ub2e4.<\/p>\n\n\n\n<p>&#8211; <strong>\uc2e4\ud06c \ud06c\ub9bc \ucef4\ud329\ud2b8 \ud30c\uc6b4\ub370\uc774\uc158<\/strong>\ubaa8\ub4e0 \ud53c\ubd80 \ud0c0\uc785\uc5d0 \uc801\ud569\ud55c \uc644\ubcbd\ud55c \ucee4\ubc84\ub825\uacfc \uc790\uc5f0\uc2a4\ub7fd\uace0 \ub9e4\ud2b8\ud55c \ub9c8\ubb34\ub9ac\ub97c \uc120\uc0ac\ud558\ub294 \ucef4\ud329\ud2b8 \ud30c\uc6b4\ub370\uc774\uc158\uc785\ub2c8\ub2e4.<\/p>\n\n\n\n<p>&#8211;<strong> \ubaa8\ub4e0 \ud53c\ub2c8\uc2dc \ud30c\uc6b0\ub354<\/strong>\uac74\uc2dd \ubc0f \uc2b5\uc2dd \ubaa8\ub450 \uc0ac\uc6a9 \uac00\ub2a5\ud55c \ub2e4\uc6a9\ub3c4 \ud30c\uc6b0\ub354\ub85c \uba54\uc774\ud06c\uc5c5\uc744 \uc138\ud305\ud558\uace0 \ubc88\ub4e4\uac70\ub9bc\uc744 \uc870\uc808\ud558\uc5ec \ub9e4\ub048\ud55c \ub9e4\ud2b8\ud55c \ub9c8\ubb34\ub9ac\uac10\uc744 \uc120\uc0ac\ud569\ub2c8\ub2e4.<\/p>\n\n\n\n<p>&#8211; <strong>\uc804\ub3d9 \ub9bd \uc2ac\ub77c\uc774\ub4dc<\/strong>: \ubc24\uc758 \ucd09\ucd09\ud568, \uae00\ub85c\uc2a4\uc758 \uad11\ud0dd, \ub9bd\uc2a4\ud2f1\uc758 \uac15\ub82c\ud55c \uceec\ub7ec\ub97c \uacb0\ud569\ud55c \ud601\uc2e0\uc801\uc778 \ub9bd \uc81c\ud488\uc73c\ub85c, \uc120\uba85\ud55c \uceec\ub7ec\ub85c \uc81c\uacf5\ub429\ub2c8\ub2e4.<\/p>\n\n\n\n<p>&#8211; <strong>\uc544\uc774 \uafb8\ub6f0\ub974 \ud314\ub808\ud2b8<\/strong>\ub0b4\ucd94\ub7f4\ud55c \ub8e9\ubd80\ud130 \ub4dc\ub77c\ub9c8\ud2f1\ud55c \ub8e9\uae4c\uc9c0 \uc5b4\ub5a4 \ub8e9\uc774\ub4e0 \uc5f0\ucd9c\ud560 \uc218 \uc788\ub294 \ub2e4\uc591\ud55c \uc0c9\uc0c1\uc758 \uc544\uc774\uc100\ub3c4 \ud314\ub808\ud2b8\uc785\ub2c8\ub2e4.<\/p>\n\n\n\n<p>&#8211; <strong>\ubaa8\uc774\uc2a4\ucc98\ub77c\uc774\uc9d5 \ub9c8\uc2a4\ud06c<\/strong>\ub0b4\uc6a9\ubb3c : \uc601\uc591 \ubc0f \ud56d\uc0b0\ud654 \uc131\ubd84\uc774 \ud568\uc720\ub418\uc5b4 \ud53c\ubd80\uc758 \uc218\ubd84\uc744 \ubcf4\ucda9\ud558\uace0 \ud53c\ubd80\uc758 \ud0c4\ub825\uacfc \uad11\ucc44\ub97c \uac1c\uc120\ud558\ub294 \ubcf4\uc2b5 \ub9c8\uc2a4\ud06c\uc785\ub2c8\ub2e4.<\/p>\n\n\n\n<p><strong>\ubc14\ub514\uadf8\ub798\ud53c \uc81c\ud488\uc740 \uc624\ub798 \uc9c0\uc18d\ub418\ub294 \uc131\ub2a5\uacfc \ub6f0\uc5b4\ub09c \uacb0\uacfc\ub97c \uc81c\uacf5\ud558\uae30 \uc704\ud574 \uac1c\ubc1c\ub41c \uc804\ubb38\uc801\uc774\uace0 \ud6a8\uacfc\uc801\uc778 \ud3ec\ubbac\ub7ec\ub85c \uc778\uc815\ubc1b\uace0 \uc788\uc2b5\ub2c8\ub2e4.<\/strong>. \uc774 \ube0c\ub79c\ub4dc\ub294 \ud658\uacbd\uacfc \uc0ac\uc6a9\uc790\uc758 \uac74\uac15\uc744 \uc874\uc911\ud558\ub294 \uba54\uc774\ud06c\uc5c5 \ubc0f \uc2a4\ud0a8\ucf00\uc5b4 \uc194\ub8e8\uc158\uc744 \uc81c\uacf5\ud558\ub294 \uc9c0\uc18d \uac00\ub2a5\uc131\uacfc \ud488\uc9c8\uc5d0 \ub300\ud55c \ud5cc\uc2e0\uc73c\ub85c \ub3cb\ubcf4\uc785\ub2c8\ub2e4.<\/p>\n\n\n\n<hr class=\"wp-block-separator aligncenter has-alpha-channel-opacity\"\/>\n\n\n\n<p class=\"has-text-align-center\"><strong>\uacf5\uc2dd \ud30c\ud2b8\ub108 \uc0c1\uc810\uc5d0\uc11c \uc628\ub77c\uc778\uc73c\ub85c \ubc14\ub514\uadf8\ub798\ud53c \uc81c\ud488\uc744 \uc8fc\ubb38\ud558\uc138\uc694:<\/strong><\/p>\n\n\n\n<div class=\"wp-block-group has-large-font-size is-layout-grid wp-container-core-group-is-layout-6be84c55 wp-block-group-is-layout-grid\">\n<figure class=\"wp-block-image size-medium\"><a href=\"https:\/\/sole.ro\/brand\/bodyography\" target=\"_blank\" rel=\" noreferrer noopener\"><img decoding=\"async\" width=\"300\" height=\"150\" src=\"https:\/\/onemd.ro\/wp-content\/uploads\/2021\/07\/f6-2-300x150.jpg\" alt=\"sole.ro\" class=\"wp-image-297\" srcset=\"https:\/\/onemd.ro\/wp-content\/uploads\/2021\/07\/f6-2-300x150.jpg 300w, https:\/\/onemd.ro\/wp-content\/uploads\/2021\/07\/f6-2-16x8.jpg 16w, https:\/\/onemd.ro\/wp-content\/uploads\/2021\/07\/f6-2.jpg 600w\" sizes=\"(max-width: 300px) 100vw, 300px\" \/><\/a><\/figure>\n<\/div>\n\n\n\n<p><\/p>","protected":false},"excerpt":{"rendered":"<p>Bodyography este un brand american de cosmetice profesionale, cunoscut pentru utilizarea ingredientelor de \u00eenalt\u0103 calitate \u0219i pentru angajamentul s\u0103u fa\u021b\u0103 de inova\u021bie \u0219i sustenabilitate. Bodyography ofer\u0103 o gam\u0103 larg\u0103 de produse de machiaj \u0219i \u00eengrijire a pielii, dezvoltate pentru a satisface nevoile profesioni\u0219tilor din domeniul frumuse\u021bii \u0219i pasiona\u021bilor de machiaj. Produsele cheie Bodyography &#8211; Skin [&hellip;]<\/p>","protected":false},"author":1,"featured_media":0,"parent":0,"menu_order":0,"comment_status":"closed","ping_status":"closed","template":"","meta":{"footnotes":""},"class_list":["post-723","page","type-page","status-publish","hentry"],"aioseo_notices":[],"_links":{"self":[{"href":"https:\/\/onemd.ro\/ko\/wp-json\/wp\/v2\/pages\/723","targetHints":{"allow":["GET"]}}],"collection":[{"href":"https:\/\/onemd.ro\/ko\/wp-json\/wp\/v2\/pages"}],"about":[{"href":"https:\/\/onemd.ro\/ko\/wp-json\/wp\/v2\/types\/page"}],"author":[{"embeddable":true,"href":"https:\/\/onemd.ro\/ko\/wp-json\/wp\/v2\/users\/1"}],"replies":[{"embeddable":true,"href":"https:\/\/onemd.ro\/ko\/wp-json\/wp\/v2\/comments?post=723"}],"version-history":[{"count":3,"href":"https:\/\/onemd.ro\/ko\/wp-json\/wp\/v2\/pages\/723\/revisions"}],"predecessor-version":[{"id":1646,"href":"https:\/\/onemd.ro\/ko\/wp-json\/wp\/v2\/pages\/723\/revisions\/1646"}],"wp:attachment":[{"href":"https:\/\/onemd.ro\/ko\/wp-json\/wp\/v2\/media?parent=723"}],"curies":[{"name":"wp","href":"https:\/\/api.w.org\/{rel}","templated":true}]}}