{"id":725,"date":"2024-05-27T06:44:43","date_gmt":"2024-05-27T06:44:43","guid":{"rendered":"https:\/\/onemd.ro\/?page_id=725"},"modified":"2025-08-29T10:01:26","modified_gmt":"2025-08-29T10:01:26","slug":"by-wishtrend","status":"publish","type":"page","link":"https:\/\/onemd.ro\/ko\/by-wishtrend\/","title":{"rendered":"By Wishtrend"},"content":{"rendered":"<div class=\"wp-block-image\">\n<figure class=\"aligncenter size-medium\"><img decoding=\"async\" width=\"300\" height=\"150\" src=\"https:\/\/onemd.ro\/wp-content\/uploads\/2023\/06\/By-Wishtrend-300x150.jpg\" alt=\"By Wishtrend\" class=\"wp-image-578\" title=\"By Wishtrend\" srcset=\"https:\/\/onemd.ro\/wp-content\/uploads\/2023\/06\/By-Wishtrend-300x150.jpg 300w, https:\/\/onemd.ro\/wp-content\/uploads\/2023\/06\/By-Wishtrend-1024x512.jpg 1024w, https:\/\/onemd.ro\/wp-content\/uploads\/2023\/06\/By-Wishtrend-768x384.jpg 768w, https:\/\/onemd.ro\/wp-content\/uploads\/2023\/06\/By-Wishtrend-18x9.jpg 18w, https:\/\/onemd.ro\/wp-content\/uploads\/2023\/06\/By-Wishtrend.jpg 1058w\" sizes=\"(max-width: 300px) 100vw, 300px\" \/><\/figure><\/div>\n\n\n<p><strong>\ubc14\uc774 \uc704\uc2dc\ud2b8\ub80c\ub4dc\ub294 \ub2e4\uc591\ud55c \ud53c\ubd80 \uace0\ubbfc\uc744 \ud574\uacb0\ud558\uae30 \uc704\ud574 \ud65c\uc131 \uc131\ubd84\uacfc \ud601\uc2e0\uc801\uc778 \uc81c\ud615\uc744 \uc0ac\uc6a9\ud558\ub294 \uac83\uc73c\ub85c \uc778\uc815\ubc1b\uc740 \ud55c\uad6d \uc2a4\ud0a8\ucf00\uc5b4 \ube0c\ub79c\ub4dc\uc785\ub2c8\ub2e4.<\/strong>. \ubaa8\ub4e0 \ubc14\uc774 \uc704\uc2dc\ud2b8\ub80c\ub4dc \uc81c\ud488\uc740 \uc18c\ube44\uc790\uc758 \ud53c\ub4dc\ubc31\uacfc \uc694\uad6c \uc0ac\ud56d\uc744 \uae30\ubc18\uc73c\ub85c \uac1c\ubc1c\ub418\uc5b4 \uac74\uac15\ud558\uace0 \ube5b\ub098\ub294 \ud53c\ubd80\ub97c \uc704\ud55c \ud6a8\uacfc\uc801\uc774\uace0 \uc548\uc804\ud55c \uc194\ub8e8\uc158\uc744 \ubcf4\uc7a5\ud569\ub2c8\ub2e4.<\/p>\n\n\n\n<p class=\"has-primary-color has-text-color\"><strong>\uc704\uc2dc\ud2b8\ub80c\ub4dc\ubcc4 \uc8fc\uc694 \uc81c\ud488<\/strong><\/p>\n\n\n\n<p>&#8211; <strong>\ube44\ud0c0\ubbfc C 21.5% \uc5b4\ub4dc\ubc34\uc2a4\ub4dc \uc138\ub7fc<\/strong>: \uc548\uc0c9\uc744 \ubc1d\uac8c \ud558\uace0 \ud53c\ubd80 \ud1a4\uc744 \uace0\ub974\uac8c \ud558\uba70 \uc0c9\uc18c \uce68\ucc29 \ubc18\uc810\uacfc \ud749\ud130\ub97c \uc904\uc5ec\uc8fc\ub294 \ub18d\ucd95 \ube44\ud0c0\ubbfc C \uc138\ub7fc\uc785\ub2c8\ub2e4.<\/p>\n\n\n\n<p>&#8211; <strong>\ub9cc\ub378\ub9ad \uc560\uc528\ub4dc 5% \uc2a4\ud0a8 \ud504\ub819 \uc6cc\ud130<\/strong>\ub9cc\ub378\uc0b0 \uc131\ubd84\uc774 \ud568\uc720\ub41c \ubd80\ub4dc\ub7ec\uc6b4 \ud654\ud559 \uac01\uc9c8 \uc81c\uac70\uc81c\ub85c \ud53c\ubd80 \uac01\uc9c8\uc744 \ubd80\ub4dc\ub7fd\uac8c \uc81c\uac70\ud558\uc5ec \uc790\uadf9 \uc5c6\uc774 \ud53c\ubd80 \uacb0\uc744 \uac1c\uc120\ud558\uace0 \ud22c\uba85\ub3c4\ub97c \ub192\uc5ec\uc90d\ub2c8\ub2e4.<\/p>\n\n\n\n<p><strong>- \ud398\ub8f0\uc0b0\uc774 \ud568\uc720\ub41c \uc21c\uc218 \ube44\ud0c0\ubbfc C 15%<\/strong>\ud2b9\uc9d5 : \ube44\ud0c0\ubbfc C\uc640 \ud398\ub8f0\uc0b0\uc744 \uacb0\ud569\ud558\uc5ec \ud65c\uc131\uc0b0\uc18c\ub85c\ubd80\ud130 \ud53c\ubd80\ub97c \ubcf4\ud638\ud558\uace0 \ud53c\ubd80 \uad11\ucc44\uc640 \ud0c4\ub825\uc744 \uac1c\uc120\ud558\ub294 \uac15\ub825\ud55c \ud56d\uc0b0\ud654 \uc138\ub7fc\uc785\ub2c8\ub2e4.<\/p>\n\n\n\n<p>&#8211; <strong>\uc560\uc2dc\ub4dc \ub4c0\uc624 2% \ub9c8\uc77c\ub4dc \uc824 \ud074\ub80c\uc800<\/strong>\uae00\ub8e8\ucf54\ub180\ub77d\ud1a4\uacfc \uc0b4\ub9ac\uc2e4\uc0b0\uc774 \ud568\uc720\ub41c \uc57d\uc0b0\uc131 \ud074\ub80c\uc9d5 \uc824\ub85c \ubaa8\uacf5\uc744 \ub525 \ud074\ub80c\uc9d5\ud558\uace0 \uc7a1\ud2f0\ub97c \uc608\ubc29\ud558\uc5ec \ud53c\ubd80 \uade0\ud615\uc744 \uc720\uc9c0\ud558\uace0 \uac74\uac15\ud558\uac8c \uac00\uafd4\uc90d\ub2c8\ub2e4.<\/p>\n\n\n\n<p>&#8211; <strong>\ud504\ub85c\ud3f4\ub9ac\uc2a4 15% \uc570\ud50c\uc5d0 \ud568\uc720\ub41c \ud3f4\ub9ac\ud398\ub180<\/strong>\ud2b9\uc9d5 : \ud3f4\ub9ac\ud398\ub180\uacfc \ud504\ub85c\ud3f4\ub9ac\uc2a4\uac00 \ud48d\ubd80\ud55c \uc138\ub7fc\uc73c\ub85c \uac15\ub825\ud55c \ubcf4\uc2b5, \uc9c4\uc815 \ubc0f \ud56d\uc0b0\ud654 \ubcf4\ud638 \uae30\ub2a5\uc744 \uc81c\uacf5\ud558\uc5ec \ubbfc\uac10\ud558\uace0 \ubc18\uc751\uc774 \ube60\ub978 \ud53c\ubd80\uc5d0 \uc774\uc0c1\uc801\uc785\ub2c8\ub2e4.<\/p>\n\n\n\n<p><strong>\ubc14\uc774 \uc704\uc2dc\ud2b8\ub80c\ub4dc \uc81c\ud488\uc740 \ud6a8\uacfc\uc640 \uc548\uc804\uc131\uc744 \uc778\uc815\ubc1b\uc740 \uc81c\ud488\uc73c\ub85c, \uc790\uadf9\uc801\uc778 \uc131\ubd84\uc744 \ubc30\uc81c\ud558\uace0 \ucd5c\uc801\uc758 \uacb0\uacfc\ub97c \ubcf4\uc7a5\ud558\uae30 \uc704\ud574 \uc5c4\uaca9\ud55c \ud14c\uc2a4\ud2b8\ub97c \uac70\ucce4\uc2b5\ub2c8\ub2e4.<\/strong>. \uc774 \ube0c\ub79c\ub4dc\ub294 \uc18c\ube44\uc790\uc758 \ub2e4\uc591\ud55c \uc694\uad6c\ub97c \ucda9\uc871\ud558\ub294 \uc2a4\ud0a8\ucf00\uc5b4 \uc194\ub8e8\uc158\uc744 \uc81c\uacf5\ud558\uc5ec \uac74\uac15\ud558\uace0 \ube5b\ub098\ub294 \ud53c\ubd80\ub97c \ub9cc\ub4e4\uae30 \uc704\ud574 \ucd5c\uc120\uc744 \ub2e4\ud558\uace0 \uc788\uc2b5\ub2c8\ub2e4.<\/p>\n\n\n\n<hr class=\"wp-block-separator aligncenter has-alpha-channel-opacity\"\/>\n\n\n\n<p class=\"has-text-align-center\"><strong>\uc628\ub77c\uc778 \uc81c\ud488 \uc8fc\ubb38 <strong>By Wishtrend<\/strong> \uacf5\uc2dd \ud30c\ud2b8\ub108 \uc0c1\uc810\uc5d0\uc11c \uad6c\uc785\ud558\uc138\uc694:<\/strong><\/p>\n\n\n\n<div class=\"wp-block-group has-large-font-size is-layout-grid wp-container-core-group-is-layout-6be84c55 wp-block-group-is-layout-grid\">\n<figure class=\"wp-block-image size-medium\"><a href=\"https:\/\/sole.ro\/brand\/by-wishtrend\" target=\"_blank\" rel=\" noreferrer noopener\"><img decoding=\"async\" width=\"300\" height=\"150\" src=\"https:\/\/onemd.ro\/wp-content\/uploads\/2021\/07\/f6-2-300x150.jpg\" alt=\"sole.ro\" class=\"wp-image-297\" srcset=\"https:\/\/onemd.ro\/wp-content\/uploads\/2021\/07\/f6-2-300x150.jpg 300w, https:\/\/onemd.ro\/wp-content\/uploads\/2021\/07\/f6-2-16x8.jpg 16w, https:\/\/onemd.ro\/wp-content\/uploads\/2021\/07\/f6-2.jpg 600w\" sizes=\"(max-width: 300px) 100vw, 300px\" \/><\/a><\/figure>\n\n\n\n<figure class=\"wp-block-image size-medium\"><a href=\"https:\/\/comenzi.farmaciatei.ro\/brand\/bywishtrend\" target=\"_blank\" rel=\" noreferrer noopener\"><img decoding=\"async\" width=\"300\" height=\"150\" src=\"https:\/\/onemd.ro\/wp-content\/uploads\/2021\/07\/f1-1-300x150.jpg\" alt=\"\ud14c\uc774 \uc57d\uad6d \uacf5\uc2dd \ud30c\ud2b8\ub108 \uc0f5\" class=\"wp-image-301\" srcset=\"https:\/\/onemd.ro\/wp-content\/uploads\/2021\/07\/f1-1-300x150.jpg 300w, https:\/\/onemd.ro\/wp-content\/uploads\/2021\/07\/f1-1-16x8.jpg 16w, https:\/\/onemd.ro\/wp-content\/uploads\/2021\/07\/f1-1.jpg 600w\" sizes=\"(max-width: 300px) 100vw, 300px\" \/><\/a><\/figure>\n<\/div>","protected":false},"excerpt":{"rendered":"<p>By Wishtrend este un brand coreean de \u00eengrijire a pielii, recunoscut pentru utilizarea ingredientelor active \u0219i a formul\u0103rilor inovatoare pentru a aborda diverse probleme ale pielii. Fiecare produs By Wishtrend este dezvoltat pe baza feedback-ului \u0219i cerin\u021belor consumatorilor, asigur\u00e2nd solu\u021bii eficiente \u0219i sigure pentru o piele s\u0103n\u0103toas\u0103 \u0219i radiant\u0103. Produsele cheie By Wishtrend &#8211; Vitamin [&hellip;]<\/p>","protected":false},"author":1,"featured_media":0,"parent":0,"menu_order":0,"comment_status":"closed","ping_status":"closed","template":"","meta":{"footnotes":""},"class_list":["post-725","page","type-page","status-publish","hentry"],"aioseo_notices":[],"_links":{"self":[{"href":"https:\/\/onemd.ro\/ko\/wp-json\/wp\/v2\/pages\/725","targetHints":{"allow":["GET"]}}],"collection":[{"href":"https:\/\/onemd.ro\/ko\/wp-json\/wp\/v2\/pages"}],"about":[{"href":"https:\/\/onemd.ro\/ko\/wp-json\/wp\/v2\/types\/page"}],"author":[{"embeddable":true,"href":"https:\/\/onemd.ro\/ko\/wp-json\/wp\/v2\/users\/1"}],"replies":[{"embeddable":true,"href":"https:\/\/onemd.ro\/ko\/wp-json\/wp\/v2\/comments?post=725"}],"version-history":[{"count":4,"href":"https:\/\/onemd.ro\/ko\/wp-json\/wp\/v2\/pages\/725\/revisions"}],"predecessor-version":[{"id":1648,"href":"https:\/\/onemd.ro\/ko\/wp-json\/wp\/v2\/pages\/725\/revisions\/1648"}],"wp:attachment":[{"href":"https:\/\/onemd.ro\/ko\/wp-json\/wp\/v2\/media?parent=725"}],"curies":[{"name":"wp","href":"https:\/\/api.w.org\/{rel}","templated":true}]}}