{"id":729,"date":"2024-05-27T07:12:16","date_gmt":"2024-05-27T07:12:16","guid":{"rendered":"https:\/\/onemd.ro\/?page_id=729"},"modified":"2025-08-29T10:05:23","modified_gmt":"2025-08-29T10:05:23","slug":"curly-shyll","status":"publish","type":"page","link":"https:\/\/onemd.ro\/ko\/curly-shyll\/","title":{"rendered":"\uceec\ub9ac \uc0e4\uc77c"},"content":{"rendered":"<div class=\"wp-block-image\">\n<figure class=\"aligncenter size-medium\"><img decoding=\"async\" width=\"300\" height=\"150\" src=\"https:\/\/onemd.ro\/wp-content\/uploads\/2023\/06\/Curly-Shyll-1-300x150.jpg\" alt=\"\uceec\ub9ac \uc0e4\uc77c\" class=\"wp-image-595\" title=\"\uceec\ub9ac \uc0e4\uc77c\" srcset=\"https:\/\/onemd.ro\/wp-content\/uploads\/2023\/06\/Curly-Shyll-1-300x150.jpg 300w, https:\/\/onemd.ro\/wp-content\/uploads\/2023\/06\/Curly-Shyll-1-1024x512.jpg 1024w, https:\/\/onemd.ro\/wp-content\/uploads\/2023\/06\/Curly-Shyll-1-768x384.jpg 768w, https:\/\/onemd.ro\/wp-content\/uploads\/2023\/06\/Curly-Shyll-1-18x9.jpg 18w, https:\/\/onemd.ro\/wp-content\/uploads\/2023\/06\/Curly-Shyll-1.jpg 1058w\" sizes=\"(max-width: 300px) 100vw, 300px\" \/><\/figure><\/div>\n\n\n<p><strong>\uceec\ub9ac \uc0e4\uc77c\uc740 \ud601\uc2e0\uc801\uc778 \ud3ec\ubbac\ub7ec\uc640 \ucc9c\uc5f0 \uc131\ubd84\uc744 \uc0ac\uc6a9\ud558\uc5ec \ubaa8\ub4e0 \ubaa8\ubc1c \uc720\ud615\uc5d0 \ud6a8\uacfc\uc801\uc778 \uc194\ub8e8\uc158\uc744 \uc81c\uacf5\ud558\ub294 \ud5e4\uc5b4 \ucf00\uc5b4 \ube0c\ub79c\ub4dc\uc785\ub2c8\ub2e4. \uacf1\uc2ac\uba38\ub9ac \ubc0f \uc6e8\uc774\ube0c \ubaa8\ubc1c\uc6a9 \uc81c\ud488\uc744 \uc804\ubb38\uc73c\ub85c \ud558\ub294 Curly Shyll\uc740 \ubaa8\ubc1c\uc758 \uac74\uac15\uacfc \uc678\uad00\uc744 \uac1c\uc120\ud558\uace0 \uc218\ubd84, \uc724\uae30, \uc120\uba85\ud568\uc744 \uc81c\uacf5\ud558\ub294 \ub2e4\uc591\ud55c \uc81c\ud488\uc744 \uc81c\uacf5\ud569\ub2c8\ub2e4.<\/strong><\/p>\n\n\n\n<p class=\"has-primary-color has-text-color\"><strong>\uceec\ub9ac \uc0e4\uc77c \uc8fc\uc694 \uc81c\ud488<\/strong><\/p>\n\n\n\n<p>&#8211; <strong>\ubaa8\uc774\uc2a4\ucc98 &amp; \uc0e4\uc778 \uc0f4\ud478<\/strong>\uc544\ub974\uac04 \uc624\uc77c\uacfc \uc2dd\ubb3c \ucd94\ucd9c\ubb3c\uacfc \uac19\uc740 \ucc9c\uc5f0 \uc131\ubd84\uc774 \ud568\uc720\ub418\uc5b4 \ubaa8\ubc1c\uacfc \ub450\ud53c\ub97c \ubd80\ub4dc\ub7fd\uac8c \ud074\ub80c\uc9d5\ud558\uace0 \ucd09\ucd09\ud558\uace0 \uc724\uae30 \uc788\uac8c \uac00\uafd4\uc8fc\ub294 \ubcf4\uc2b5 \ubc0f \ud65c\ub825 \uc0f4\ud478\uc785\ub2c8\ub2e4. \ubaa8\ub4e0 \ubaa8\ubc1c \uc720\ud615\uc5d0 \uc801\ud569\ud569\ub2c8\ub2e4.<\/p>\n\n\n\n<p>&#8211; <strong>\uceec \ub514\ud30c\uc774\ub2dd \ucee8\ub514\uc154\ub108<\/strong>\uc2e4\ud06c \ub2e8\ubc31\uc9c8\uacfc \ud638\ud638\ubc14 \uc624\uc77c\uc774 \ud48d\ubd80\ud558\uac8c \ud568\uc720\ub418\uc5b4 \uacf1\uc2ac\uba38\ub9ac\uc640 \uc6e8\uc774\ube0c \ubaa8\ubc1c\uc5d0 \uc601\uc591\uacfc \ucee8\ud2b8\ub864\uc744 \uc81c\uacf5\ud558\ub294 \uceec\uc744 \uc815\ub3c8\ud558\uace0 \ubcf4\uc2b5\uc744 \uc704\ud574 \ud2b9\ubcc4\ud788 \uac1c\ubc1c\ub41c \ucee8\ub514\uc154\ub108\uc785\ub2c8\ub2e4.<\/p>\n\n\n\n<p>&#8211; <strong>\ubcfc\ub968 \ubd80\uc2a4\ud2b8 \ucee8\ub514\uc154\ub108<\/strong>\uc2dd\ubb3c \ucd94\ucd9c\ubb3c\uacfc \uc2e4\ud06c \ub2e8\ubc31\uc9c8\uc774 \ud568\uc720\ub418\uc5b4 \uac00\ub298\uace0 \ud48d\uc131\ud55c \ubaa8\ubc1c\uc5d0 \uc774\uc0c1\uc801\uc778 \ubcfc\ub958\ub9c8\uc774\uc9d5 \ubc0f \ud50c\ub7fc\ud551 \ucee8\ub514\uc154\ub108\uc785\ub2c8\ub2e4.<\/p>\n\n\n\n<p>&#8211; <strong>\ub9ac\ube0c\uc778 \uceec \ud06c\ub9bc<\/strong>: \uc218\ubd84\uc744 \uacf5\uae09\ud558\uace0 \uceec\uc744 \uc815\ub3c8\ud558\uc5ec \uacf1\uc2ac\uac70\ub9bc\uc744 \ubc29\uc9c0\ud558\uace0 \ud558\ub8e8 \uc885\uc77c \ubd80\ub4dc\ub7fd\uace0 \uc720\uc5f0\ud55c \uba38\ub9bf\uacb0\uc744 \uc720\uc9c0\ud574\uc8fc\ub294 \ub9ac\ube0c\uc778 \ud06c\ub9bc\uc785\ub2c8\ub2e4.<\/p>\n\n\n\n<p>&#8211; <strong>\ub525 \ub9ac\ud398\uc5b4 \ud5e4\uc5b4 \ub9c8\uc2a4\ud06c<\/strong>: \ucf54\ucf54\ub11b \uc624\uc77c\uacfc \uc54c\ub85c\uc5d0 \ubca0\ub77c \ucd94\ucd9c\ubb3c\uc774 \ubaa8\uac04 \uae4a\uc219\uc774 \uce68\ud22c\ud558\uc5ec \uc190\uc0c1\ub41c \ubaa8\ubc1c\uc744 \ubcf5\uad6c\ud558\uace0 \uac15\ud654\ud558\ub294 \uac15\ub825\ud55c \ub9ac\ud398\uc5b4 \ud5e4\uc5b4 \ub9c8\uc2a4\ud06c\uc785\ub2c8\ub2e4. \ubaa8\ub4e0 \ubaa8\ubc1c \uc720\ud615\uc5d0 \uc801\ud569\ud569\ub2c8\ub2e4.<\/p>\n\n\n\n<p>&#8211; <strong>\uceec \uc778\ud578\uc2f1 \uc2a4\ud504\ub808\uc774<\/strong>\ubaa8\ubc1c\uc5d0 \ubb34\uac70\uc6c0\uc744 \uc8fc\uc9c0 \uc54a\uace0 \uc989\uac01\uc801\uc778 \uc218\ubd84\uacfc \uc724\uae30\ub97c \uacf5\uae09\ud558\uba70, \uc138\uc815 \uc0ac\uc774\uc5d0 \uceec\uc744 \uc0c1\ucf8c\ud558\uace0 \uc0c8\ub86d\uac8c \uc815\uc758\ud558\ub294 \ud65c\ub825 \uc2a4\ud504\ub808\uc774\uc785\ub2c8\ub2e4.<\/p>\n\n\n\n<p>&#8211; <strong>\uc2a4\ubb34\ub529 \uc138\ub7fc<\/strong>\uc544\ub974\uac04 \uc624\uc77c\uacfc \uc2dd\ubb3c \ucd94\ucd9c\ubb3c\uc774 \ud568\uc720\ub418\uc5b4 \uacf1\uc2ac\uac70\ub9bc\uc744 \uc81c\uc5b4\ud558\uace0 \uc724\uae30\ub97c \ubd80\uc5ec\ud558\ub294 \uc138\ub7fc\uc73c\ub85c, \uace7\uace0 \ub9e4\ub044\ub7ec\uc6b4 \ubaa8\ubc1c\uc5d0 \uc774\uc0c1\uc801\uc785\ub2c8\ub2e4.<\/p>\n\n\n\n<p><strong>\uceec\ub9ac \uc0e4\uc77c \uc81c\ud488\uc740 \ubaa8\ub4e0 \ubaa8\ubc1c \uc720\ud615\uc758 \ub2e4\uc591\ud55c \uc694\uad6c\ub97c \ucda9\uc871\ud558\uae30 \uc704\ud574 \uac1c\ubc1c\ub41c \uc790\uc5f0\uc2a4\ub7fd\uace0 \ud6a8\uacfc\uc801\uc778 \ud3ec\ubbac\ub7ec\ub85c \uc778\uc815\ubc1b\uace0 \uc788\uc2b5\ub2c8\ub2e4.<\/strong> \uc774 \ube0c\ub79c\ub4dc\ub294 \ubaa8\ubc1c\uc758 \uc790\uc5f0\uc2a4\ub7ec\uc6b4 \uad6c\uc870\ub97c \uc874\uc911\ud558\uace0 \uac74\uac15\uacfc \uc544\ub984\ub2e4\uc6c0\uc744 \ubcf4\uc7a5\ud558\ub294 \ucf00\uc5b4 \uc194\ub8e8\uc158\uc744 \uc81c\uacf5\ud558\uae30 \uc704\ud574 \ucd5c\uc120\uc744 \ub2e4\ud558\uace0 \uc788\uc2b5\ub2c8\ub2e4.<\/p>\n\n\n\n<hr class=\"wp-block-separator aligncenter has-alpha-channel-opacity\"\/>\n\n\n\n<p class=\"has-text-align-center\"><strong>\uc628\ub77c\uc778 \uc81c\ud488 \uc8fc\ubb38 <strong>\uceec\ub9ac \uc0e4\uc77c<\/strong> \uacf5\uc2dd \ud30c\ud2b8\ub108 \uc0c1\uc810\uc5d0\uc11c \uad6c\uc785\ud558\uc138\uc694:<\/strong><\/p>\n\n\n\n<div class=\"wp-block-group has-large-font-size is-layout-grid wp-container-core-group-is-layout-6be84c55 wp-block-group-is-layout-grid\">\n<figure class=\"wp-block-image size-medium\"><a href=\"https:\/\/sole.ro\/brand\/curly-shyll\" target=\"_blank\" rel=\" noreferrer noopener\"><img decoding=\"async\" width=\"300\" height=\"150\" src=\"https:\/\/onemd.ro\/wp-content\/uploads\/2021\/07\/f6-2-300x150.jpg\" alt=\"sole.ro\" class=\"wp-image-297\" srcset=\"https:\/\/onemd.ro\/wp-content\/uploads\/2021\/07\/f6-2-300x150.jpg 300w, https:\/\/onemd.ro\/wp-content\/uploads\/2021\/07\/f6-2-16x8.jpg 16w, https:\/\/onemd.ro\/wp-content\/uploads\/2021\/07\/f6-2.jpg 600w\" sizes=\"(max-width: 300px) 100vw, 300px\" \/><\/a><\/figure>\n\n\n\n<figure class=\"wp-block-image size-medium\"><a href=\"https:\/\/comenzi.farmaciatei.ro\/brand\/curly-shyll\" target=\"_blank\" rel=\" noreferrer noopener\"><img decoding=\"async\" width=\"300\" height=\"150\" src=\"https:\/\/onemd.ro\/wp-content\/uploads\/2021\/07\/f1-1-300x150.jpg\" alt=\"\ud14c\uc774 \uc57d\uad6d \uacf5\uc2dd \ud30c\ud2b8\ub108 \uc0f5\" class=\"wp-image-301\" srcset=\"https:\/\/onemd.ro\/wp-content\/uploads\/2021\/07\/f1-1-300x150.jpg 300w, https:\/\/onemd.ro\/wp-content\/uploads\/2021\/07\/f1-1-16x8.jpg 16w, https:\/\/onemd.ro\/wp-content\/uploads\/2021\/07\/f1-1.jpg 600w\" sizes=\"(max-width: 300px) 100vw, 300px\" \/><\/a><\/figure>\n<\/div>","protected":false},"excerpt":{"rendered":"<p>Curly Shyll este un brand de \u00eengrijire a p\u0103rului, cunoscut pentru utilizarea formul\u0103rilor inovatoare \u0219i ingredientelor naturale pentru a oferi solu\u021bii eficiente pentru toate tipurile de p\u0103r. De\u0219i este specializat \u00een produse pentru p\u0103rul cre\u021b \u0219i ondulat, Curly Shyll ofer\u0103 o gam\u0103 variat\u0103 de produse care \u00eembun\u0103t\u0103\u021besc s\u0103n\u0103tatea \u0219i aspectul p\u0103rului, asigur\u00e2nd hidratare, str\u0103lucire \u0219i [&hellip;]<\/p>","protected":false},"author":1,"featured_media":0,"parent":0,"menu_order":0,"comment_status":"closed","ping_status":"closed","template":"","meta":{"footnotes":""},"class_list":["post-729","page","type-page","status-publish","hentry"],"aioseo_notices":[],"_links":{"self":[{"href":"https:\/\/onemd.ro\/ko\/wp-json\/wp\/v2\/pages\/729","targetHints":{"allow":["GET"]}}],"collection":[{"href":"https:\/\/onemd.ro\/ko\/wp-json\/wp\/v2\/pages"}],"about":[{"href":"https:\/\/onemd.ro\/ko\/wp-json\/wp\/v2\/types\/page"}],"author":[{"embeddable":true,"href":"https:\/\/onemd.ro\/ko\/wp-json\/wp\/v2\/users\/1"}],"replies":[{"embeddable":true,"href":"https:\/\/onemd.ro\/ko\/wp-json\/wp\/v2\/comments?post=729"}],"version-history":[{"count":3,"href":"https:\/\/onemd.ro\/ko\/wp-json\/wp\/v2\/pages\/729\/revisions"}],"predecessor-version":[{"id":1652,"href":"https:\/\/onemd.ro\/ko\/wp-json\/wp\/v2\/pages\/729\/revisions\/1652"}],"wp:attachment":[{"href":"https:\/\/onemd.ro\/ko\/wp-json\/wp\/v2\/media?parent=729"}],"curies":[{"name":"wp","href":"https:\/\/api.w.org\/{rel}","templated":true}]}}