{"id":731,"date":"2024-05-27T07:13:51","date_gmt":"2024-05-27T07:13:51","guid":{"rendered":"https:\/\/onemd.ro\/?page_id=731"},"modified":"2025-09-01T10:26:39","modified_gmt":"2025-09-01T10:26:39","slug":"dear-klairs","status":"publish","type":"page","link":"https:\/\/onemd.ro\/ko\/dear-klairs\/","title":{"rendered":"\uce5c\uc560\ud558\ub294 \ud074\ub808\uc5b4\uc2a4"},"content":{"rendered":"<div class=\"wp-block-image\">\n<figure class=\"aligncenter size-medium\"><img decoding=\"async\" width=\"300\" height=\"150\" src=\"https:\/\/onemd.ro\/wp-content\/uploads\/2023\/06\/dear-Klairs-1-300x150.jpg\" alt=\"\uce5c\uc560\ud558\ub294 \ud074\ub808\uc5b4\uc2a4\" class=\"wp-image-596\" title=\"\uce5c\uc560\ud558\ub294 \ud074\ub808\uc5b4\uc2a4\" srcset=\"https:\/\/onemd.ro\/wp-content\/uploads\/2023\/06\/dear-Klairs-1-300x150.jpg 300w, https:\/\/onemd.ro\/wp-content\/uploads\/2023\/06\/dear-Klairs-1-1024x512.jpg 1024w, https:\/\/onemd.ro\/wp-content\/uploads\/2023\/06\/dear-Klairs-1-768x384.jpg 768w, https:\/\/onemd.ro\/wp-content\/uploads\/2023\/06\/dear-Klairs-1-18x9.jpg 18w, https:\/\/onemd.ro\/wp-content\/uploads\/2023\/06\/dear-Klairs-1.jpg 1058w\" sizes=\"(max-width: 300px) 100vw, 300px\" \/><\/figure><\/div>\n\n\n<p><strong>\ud074\ub808\uc5b4\uc2a4\ub294 \uac04\ud3b8\ud558\uace0 \ud6a8\uacfc\uc801\uc774\uba70 \ubbfc\uac10\ud55c \ud53c\ubd80\ub97c \uc704\ud55c \ud3ec\ubbac\ub7ec\ub85c \uc720\uba85\ud55c \ud55c\uad6d \uc2a4\ud0a8\ucf00\uc5b4 \ube0c\ub79c\ub4dc\uc785\ub2c8\ub2e4.<\/strong>. \ud074\ub808\uc5b4\uc2a4 \uc81c\ud488\uc740 \uc790\uadf9\uc801\uc778 \uc131\ubd84\uc744 \ud3ec\ud568\ud558\uc9c0 \uc54a\uace0 \uace0\ud488\uc9c8\uc758 \uc131\ubd84\uc744 \uc0ac\uc6a9\ud558\uc5ec \ubd80\ub4dc\ub7fd\uace0 \ud6a8\uacfc\uc801\uc778 \uc194\ub8e8\uc158\uc744 \uc81c\uacf5\ud558\uae30 \uc704\ud574 \uac1c\ubc1c\ub418\uc5c8\uc2b5\ub2c8\ub2e4. \uc774 \ube0c\ub79c\ub4dc\ub294 \ud53c\ubd80 \uac74\uac15\uc744 \uc720\uc9c0\ud558\uace0 \uc790\uadf9\uc744 \uc608\ubc29\ud558\ub294 \ub370 \uc911\uc810\uc744 \ub461\ub2c8\ub2e4.<\/p>\n\n\n\n<p class=\"has-primary-color has-text-color\"><strong>\uc8fc\uc694 \uc81c\ud488, \ud074\ub808\uc5b4\uc2a4<\/strong><\/p>\n\n\n\n<p>&#8211; <strong>\uc720\uc5f0\ud55c \uc900\ube44 \ubb34\ud5a5 \ud1a0\ub108<\/strong>\ubbfc\uac10\ud55c \ud53c\ubd80\uc5d0 \uc774\uc0c1\uc801\uc778 \ubb34\ud5a5 \ud1a0\ub108\ub85c, \ud53c\ubd80\uc5d0 \uc218\ubd84\uc744 \uacf5\uae09\ud558\uace0 \ud53c\ubd80\uc758 pH \uade0\ud615\uc744 \ub9de\ucdb0 \ub2e4\uc74c \ub2e8\uacc4\uc758 \uc2a4\ud0a8\ucf00\uc5b4 \ub8e8\ud2f4\uc744 \uc900\ube44\ud574 \uc90d\ub2c8\ub2e4.<\/p>\n\n\n\n<p>&#8211; <strong>\uac13 \ucc29\uc999\ud55c \ube44\ud0c0\ubbfc \ub4dc\ub86d<\/strong>: \ud53c\ubd80 \ud1a4\uc744 \ubc1d\uace0 \uace0\ub974\uac8c \ud574\uc8fc\uace0 \uacfc\uc0c9\uc18c \uce68\ucc29\uacfc \ud53c\ub85c \uc9d5\ud6c4\ub97c \uc644\ud654\ud558\ub294 \uc548\uc815\ud654\ub41c \ube44\ud0c0\ubbfc C \uc138\ub7fc\uc785\ub2c8\ub2e4.<\/p>\n\n\n\n<p>&#8211; <strong>\ubbf8\ub4dc\ub098\uc787 \ube14\ub8e8 \uce74\ubc0d \ud06c\ub9bc<\/strong>\uad6c\uc544\uc774\uc544\uc904\ub80c\uacfc \ubcd1\ud480 \ucd94\ucd9c\ubb3c\uc774 \ud568\uc720\ub418\uc5b4 \ubd89\uc5b4\uc9d0\uacfc \uc5fc\uc99d\uc744 \uc644\ud654\ud558\ub294 \uc9c4\uc815 \ud06c\ub9bc\uc73c\ub85c \uc790\uadf9\ubc1b\uace0 \ubbfc\uac10\ud55c \ud53c\ubd80\uc5d0 \uc774\uc0c1\uc801\uc785\ub2c8\ub2e4.<\/p>\n\n\n\n<p>&#8211; <strong>\ub9ac\uce58 \ubaa8\uc774\uc2a4\ud2b8 \uc218\ub529 \ud06c\ub9bc<\/strong>\ud2b9\uc9d5 : \uac74\uc870\ud558\uace0 \ubbfc\uac10\ud55c \ud53c\ubd80\uc5d0 \uc801\ud569\ud55c \ud48d\ubd80\ud55c \ubcf4\uc2b5 \ud06c\ub9bc\uc73c\ub85c, \uac15\ub825\ud55c \uc218\ubd84 \uacf5\uae09\uacfc \ud53c\ubd80 \uc7a5\ubcbd\uc744 \ubcf4\ucda9\ud574 \uc90d\ub2c8\ub2e4.<\/p>\n\n\n\n<p>&#8211; <strong>\uc18c\ud504\ud2b8 \uc5d0\uc5b4\ub9ac UV \uc5d0\uc13c\uc2a4 SPF50+ PA++++<\/strong>\ud2b9\uc9d5 : UVA\uc640 UVB\ub97c \uac15\ub825\ud558\uac8c \ucc28\ub2e8\ud558\uace0 \ub048\uc801\uc784 \uc5c6\uc774 \ub370\uc77c\ub9ac\ub85c \uc0ac\uc6a9\ud558\uae30 \uc801\ud569\ud55c \uac00\ubcbc\uc6b4 \uc790\uc678\uc120 \ucc28\ub2e8 \uc5d0\uc13c\uc2a4\uc785\ub2c8\ub2e4.<\/p>\n\n\n\n<p><strong>\ud074\ub808\uc5b4\uc2a4 \uc81c\ud488\uc740 \ubbfc\uac10\uc131 \ud53c\ubd80\uc758 \ub2c8\uc988\ub97c \ucda9\uc871\uc2dc\ud0a4\uae30 \uc704\ud574 \uac1c\ubc1c\ub41c \ubd80\ub4dc\ub7fd\uace0 \ud6a8\uacfc\uc801\uc778 \ud3ec\ubbac\ub7ec\ub85c \uc778\uc815\ubc1b\uace0 \uc788\uc2b5\ub2c8\ub2e4.<\/strong>. \uc774 \ube0c\ub79c\ub4dc\ub294 \ud22c\uba85\uc131\uacfc \ud488\uc9c8\uc5d0 \ub300\ud55c \ub178\ub825\uc73c\ub85c \uc778\uc815\ubc1b\uace0 \uc788\uc73c\uba70 \uc548\uc804\ud558\uace0 \ud6a8\uacfc\uc801\uc778 \uc2a4\ud0a8\ucf00\uc5b4 \uc194\ub8e8\uc158\uc744 \uc81c\uacf5\ud569\ub2c8\ub2e4.<\/p>\n\n\n\n<hr class=\"wp-block-separator aligncenter has-alpha-channel-opacity\"\/>\n\n\n\n<p class=\"has-text-align-center\"><strong>\uc628\ub77c\uc778 \uc81c\ud488 \uc8fc\ubb38 <strong>\uce5c\uc560\ud558\ub294 \ud074\ub808\uc5b4\uc2a4<\/strong> \uacf5\uc2dd \ud30c\ud2b8\ub108 \uc0c1\uc810\uc5d0\uc11c \uad6c\uc785\ud558\uc138\uc694:<\/strong><\/p>\n\n\n\n<div class=\"wp-block-group has-large-font-size is-layout-grid wp-container-core-group-is-layout-6be84c55 wp-block-group-is-layout-grid\">\n<figure class=\"wp-block-image size-medium\"><a href=\"https:\/\/sole.ro\/brand\/dear-klairs\" target=\"_blank\" rel=\" noreferrer noopener\"><img decoding=\"async\" width=\"300\" height=\"150\" src=\"https:\/\/onemd.ro\/wp-content\/uploads\/2021\/07\/f6-2-300x150.jpg\" alt=\"sole.ro\" class=\"wp-image-297\" srcset=\"https:\/\/onemd.ro\/wp-content\/uploads\/2021\/07\/f6-2-300x150.jpg 300w, https:\/\/onemd.ro\/wp-content\/uploads\/2021\/07\/f6-2-16x8.jpg 16w, https:\/\/onemd.ro\/wp-content\/uploads\/2021\/07\/f6-2.jpg 600w\" sizes=\"(max-width: 300px) 100vw, 300px\" \/><\/a><\/figure>\n\n\n\n<figure class=\"wp-block-image size-medium\"><a href=\"https:\/\/comenzi.farmaciatei.ro\/brand\/dear-klairs\" target=\"_blank\" rel=\" noreferrer noopener\"><img decoding=\"async\" width=\"300\" height=\"150\" src=\"https:\/\/onemd.ro\/wp-content\/uploads\/2021\/07\/f1-1-300x150.jpg\" alt=\"\ud14c\uc774 \uc57d\uad6d \uacf5\uc2dd \ud30c\ud2b8\ub108 \uc0f5\" class=\"wp-image-301\" srcset=\"https:\/\/onemd.ro\/wp-content\/uploads\/2021\/07\/f1-1-300x150.jpg 300w, https:\/\/onemd.ro\/wp-content\/uploads\/2021\/07\/f1-1-16x8.jpg 16w, https:\/\/onemd.ro\/wp-content\/uploads\/2021\/07\/f1-1.jpg 600w\" sizes=\"(max-width: 300px) 100vw, 300px\" \/><\/a><\/figure>\n<\/div>\n\n\n\n<p><\/p>","protected":false},"excerpt":{"rendered":"<p>dear, Klairs este un brand coreean de \u00eengrijire a pielii, cunoscut pentru angajamentul s\u0103u fa\u021b\u0103 de formul\u0103ri simple, eficiente \u0219i prietenoase cu pielea sensibil\u0103. Produsele dear, Klairs sunt dezvoltate pentru a oferi solu\u021bii bl\u00e2nde \u0219i eficiente, utiliz\u00e2nd ingrediente de \u00eenalt\u0103 calitate f\u0103r\u0103 a include substan\u021be iritante. Brandul se concentreaz\u0103 pe men\u021binerea s\u0103n\u0103t\u0103\u021bii pielii \u0219i prevenirea [&hellip;]<\/p>","protected":false},"author":1,"featured_media":0,"parent":0,"menu_order":0,"comment_status":"closed","ping_status":"closed","template":"","meta":{"footnotes":""},"class_list":["post-731","page","type-page","status-publish","hentry"],"aioseo_notices":[],"_links":{"self":[{"href":"https:\/\/onemd.ro\/ko\/wp-json\/wp\/v2\/pages\/731","targetHints":{"allow":["GET"]}}],"collection":[{"href":"https:\/\/onemd.ro\/ko\/wp-json\/wp\/v2\/pages"}],"about":[{"href":"https:\/\/onemd.ro\/ko\/wp-json\/wp\/v2\/types\/page"}],"author":[{"embeddable":true,"href":"https:\/\/onemd.ro\/ko\/wp-json\/wp\/v2\/users\/1"}],"replies":[{"embeddable":true,"href":"https:\/\/onemd.ro\/ko\/wp-json\/wp\/v2\/comments?post=731"}],"version-history":[{"count":3,"href":"https:\/\/onemd.ro\/ko\/wp-json\/wp\/v2\/pages\/731\/revisions"}],"predecessor-version":[{"id":1681,"href":"https:\/\/onemd.ro\/ko\/wp-json\/wp\/v2\/pages\/731\/revisions\/1681"}],"wp:attachment":[{"href":"https:\/\/onemd.ro\/ko\/wp-json\/wp\/v2\/media?parent=731"}],"curies":[{"name":"wp","href":"https:\/\/api.w.org\/{rel}","templated":true}]}}